{"id":13496,"date":"2023-07-17T08:16:53","date_gmt":"2023-07-17T08:16:53","guid":{"rendered":"https:\/\/www.delfi.com\/?page_id=13496"},"modified":"2026-03-20T14:08:13","modified_gmt":"2026-03-20T13:08:13","slug":"om-os","status":"publish","type":"page","link":"https:\/\/www.delfi.com\/da\/om-os","title":{"rendered":"Om os"},"content":{"rendered":"<div class=\"wpb-content-wrapper\"><p>[vc_row css=&#8221;.vc_custom_1747909243136{padding-top: 100px !important;padding-bottom: 100px !important;}&#8221; conditional_render=&#8221;%5B%7B%22value_role%22%3A%22administrator%22%7D%5D&#8221; css_params=&#8221;&#8221;][vc_column width=&#8221;1\/6&#8243;][\/vc_column][vc_column width=&#8221;2\/3&#8243;]<div class=\"porto-u-heading  wpb_custom_67ea62e6d55af9a74aae18e50bf7ba20 porto-u-55ca8359258f9a412be7e73af65d2aac \"><div class=\"porto-u-main-heading\"><h2  >Vi digitaliserer detail- og logistikl\u00f8sninger for virksomheder i alle st\u00f8rrelser \u2014 fra lokale butikker til globale k\u00e6der<\/h2><\/div><div class=\"porto-u-sub-heading\" style=\"color: #bcbcbc;\">Lad os se hvordan vi ogs\u00e5 kan hj\u00e6lpe dig med at v\u00e6kste yderligere. Men f\u00f8rst, lidt om hvem vi er.<\/div><style>.porto-u-55ca8359258f9a412be7e73af65d2aac.porto-u-heading{text-align:center}<\/style><\/div>[\/vc_column][vc_column width=&#8221;1\/6&#8243;][\/vc_column][\/vc_row][vc_row][vc_column width=&#8221;1\/2&#8243; css=&#8221;.vc_custom_1747910315503{padding-top: 50px !important;}&#8221; conditional_render=&#8221;%5B%7B%22value_role%22%3A%22administrator%22%7D%5D&#8221; css_params=&#8221;&#8221;]<div class=\"porto-u-heading  wpb_custom_cb0d04cbb636c536e8f228a499661e38 porto-u-ad87e2eaf3f9c495180fe0156ddf3eb0 \"><div class=\"porto-u-main-heading\"><h1   style=\"color:#000000;margin-bottom: 30px;\">Vi er Delfi Technologies \u2013 en europ\u00e6isk l\u00f8sningsleverand\u00f8r, etableret i 1988, som har specialiseret sig i softwarel\u00f8sninger.<\/h1><\/div><div class=\"porto-u-sub-heading\" style=\"color: #000000;\">Vores kunder repr\u00e6senterer en bred vifte af brancher s\u00e5som detailhandel, <a href=\"https:\/\/www.delfi.com\/da\/brancher\/loesninger-til-lager\/\">lager<\/a>, <a href=\"https:\/\/www.delfi.com\/da\/brancher\/loesninger-til-sundhedssektoren\/\">sundhedssektor<\/a>, <a href=\"https:\/\/www.delfi.com\/da\/brancher\/loesninger-til-field-service\/\">field service<\/a> og kontor. Vi tilf\u00f8rer vores viden og ekspertise til enhver l\u00f8sning ved at tilbyde d\u00e9n support, service og r\u00e5dgivning, du har brug for.<\/p>\n<p>Med l\u00f8sninger inden for <a href=\"https:\/\/www.delfi.com\/da\/losninger\/elektroniske-hyldeforkanter\/\" target=\"_blank\" rel=\"noopener\">elektroniske hyldeforkanter<\/a>, <a href=\"https:\/\/www.delfi.com\/da\/losninger\/stregkoder\/\" target=\"_blank\" rel=\"noopener\">h\u00e5ndterminaler<\/a>, <a href=\"https:\/\/www.delfi.com\/da\/losninger\/pos\/\" target=\"_blank\" rel=\"noopener\">kassel\u00f8sninger (POS)<\/a> og <a href=\"https:\/\/www.delfi.com\/da\/losninger\/print\/\" target=\"_blank\" rel=\"noopener\">printl\u00f8sninger<\/a> er vi med til at digitalisere og effektivisere arbejdsgange i hele v\u00e6rdik\u00e6den.<\/p>\n<p>Vores l\u00f8sninger bruges over hele verden og vi har kontorer i Danmark, Sverige, Norge, Tyskland, Italien og Vietnam. Det menneskelige aspekt er n\u00f8glen til vores succes. Mere end 150 specialister str\u00e6ber hver dag efter at forny vores l\u00f8sninger til vores kunders\u2019 behov.<\/div><style>.porto-u-ad87e2eaf3f9c495180fe0156ddf3eb0.porto-u-heading{text-align:left}<\/style><\/div>[\/vc_column][vc_column width=&#8221;1\/2&#8243;][vc_single_image image=&#8221;43297&#8243; img_size=&#8221;full&#8221; alignment=&#8221;right&#8221; css=&#8221;&#8221; css_params=&#8221;&#8221;][\/vc_column][\/vc_row][vc_row full_width_css=&#8221;stretch_row_css&#8221; css=&#8221;.vc_custom_1747917851847{margin-bottom: 50px !important;padding-top: 100px !important;padding-bottom: 50px !important;background-color: #31555c !important;}&#8221; conditional_render=&#8221;%5B%7B%22value_role%22%3A%22administrator%22%7D%5D&#8221; css_params=&#8221;&#8221;][vc_column width=&#8221;1\/2&#8243; css=&#8221;.vc_custom_1747911745395{padding-right: 40px !important;padding-left: 40px !important;}&#8221; conditional_render=&#8221;%5B%7B%22value_role%22%3A%22administrator%22%7D%5D&#8221; css_params=&#8221;&#8221;]<div class=\"porto-just-icon-wrapper porto-sicon-img porto-icon-pos-center porto-icon-739599a1f586473197e4d01c03c680cb  vc_custom_1747911516905\" style=\"font-size: 140px;\"><img loading=\"lazy\" decoding=\"async\" class=\"img-icon\" alt=\"\" src=\"https:\/\/www.delfi.com\/wp-content\/uploads\/2025\/05\/Mission.png\" width=\"161\" height=\"161\" title=\"\"><\/div><div class=\"porto-u-heading  wpb_custom_1e29f559387ef9d0b092e5216f24e060 porto-u-55ca8359258f9a412be7e73af65d2aac \"><div class=\"porto-u-main-heading\"><h2   style=\"color:#50bcd1;\">Vores<\/h2><\/div><div class=\"porto-u-sub-heading\" style=\"color: #ffffff;\">Mission<\/div><style>.porto-u-55ca8359258f9a412be7e73af65d2aac.porto-u-heading{text-align:center}<\/style><\/div>[vc_column_text css=&#8221;.vc_custom_1747911766283{padding-top: 10px !important;}&#8221; text_color=&#8221;#dbdbdb&#8221; text_typography=&#8221;{&#8220;family&#8220;:&#8220;Open Sans&#8220;,&#8220;variant&#8220;:&#8220;Default&#8220;,&#8220;font_size&#8220;:&#8220;&#8220;,&#8220;line_height&#8220;:&#8220;20px&#8220;,&#8220;letter_spacing&#8220;:&#8220;&#8220;,&#8220;text_transform&#8220;:&#8220;&#8220;}&#8221; css_params=&#8221;&#8221;]Vi skaber innovative l\u00f8sninger der fremmer vore kunders forretning og konkurrencedygtighed. Vi tilstr\u00e6ber, at v\u00e6re de bedste p\u00e5 vores omr\u00e5de, baseret p\u00e5 en \u00e5ben dialog med vores kunder, en h\u00f8j ekspertise, anvendelse af den seneste teknologi samt en fremragende service.[\/vc_column_text][\/vc_column][vc_column width=&#8221;1\/2&#8243; css=&#8221;.vc_custom_1747911890811{padding-right: 40px !important;padding-left: 40px !important;}&#8221; conditional_render=&#8221;%5B%7B%22value_role%22%3A%22administrator%22%7D%5D&#8221; css_params=&#8221;&#8221;]<div class=\"porto-just-icon-wrapper porto-sicon-img porto-icon-pos-center porto-icon-739599a1f586473197e4d01c03c680cb  vc_custom_1747912095561\" style=\"font-size: 140px;\"><img loading=\"lazy\" decoding=\"async\" class=\"img-icon\" alt=\"\" src=\"https:\/\/www.delfi.com\/wp-content\/uploads\/2025\/05\/Vision1.png\" width=\"161\" height=\"161\" title=\"\"><\/div><div class=\"porto-u-heading  wpb_custom_1e29f559387ef9d0b092e5216f24e060 porto-u-55ca8359258f9a412be7e73af65d2aac \"><div class=\"porto-u-main-heading\"><h2   style=\"color:#50bcd1;\">Vores<\/h2><\/div><div class=\"porto-u-sub-heading\" style=\"color: #ffffff;\">Vision<\/div><style>.porto-u-55ca8359258f9a412be7e73af65d2aac.porto-u-heading{text-align:center}<\/style><\/div>[vc_column_text css=&#8221;.vc_custom_1747911929166{padding-top: 10px !important;}&#8221; text_color=&#8221;#dbdbdb&#8221; text_typography=&#8221;{&#8220;family&#8220;:&#8220;Open Sans&#8220;,&#8220;variant&#8220;:&#8220;Default&#8220;,&#8220;font_size&#8220;:&#8220;&#8220;,&#8220;line_height&#8220;:&#8220;20px&#8220;,&#8220;letter_spacing&#8220;:&#8220;&#8220;,&#8220;text_transform&#8220;:&#8220;&#8220;}&#8221; css_params=&#8221;&#8221;]Vores vision er enkel \u2013 vi vil v\u00e6re en af de f\u00f8rende leverand\u00f8rer p\u00e5 markedet. Vi vil udvide vores globale tilstedev\u00e6relse, forblive uafh\u00e6ngig og forblive stolte over vores l\u00f8sninger. Vigtigst af alt, \u00f8nsker vi, at vores kunder er en del af denne sp\u00e6ndende rejse.[\/vc_column_text][\/vc_column][\/vc_row][vc_row][vc_column width=&#8221;1\/2&#8243;]<div class=\"porto-u-heading  wpb_custom_6ced11200e5c0e0f534b0fa34714fb45 porto-u-ad87e2eaf3f9c495180fe0156ddf3eb0 \"><div class=\"porto-u-main-heading\"><h2  >Vidste du, at vores l\u00f8sninger anvendes over hele jorden?<\/h2><\/div><style>.porto-u-ad87e2eaf3f9c495180fe0156ddf3eb0.porto-u-heading{text-align:left}<\/style><\/div>[vc_column_text css=&#8221;&#8221; css_params=&#8221;&#8221;]Fra det nordligste punkt i Norge til en jernbanestation i Vietnam og et lokalt supermarked i Italien \u2013 vores l\u00f8sninger kan anvendes hvor som helst, n\u00e5r som helst og hj\u00e6lper med at styrke din forretning gennem konkurrencem\u00e6ssige fordele.<\/p>\n<p>Vi har eksisteret siden 1988, hvor det f\u00f8rste spadestik til Delfi blev taget. Det hele begyndte i Danmark med fokus p\u00e5 datafangst- og stregkodel\u00f8sninger. Design og udvikling af softwarel\u00f8sninger har ogs\u00e5 altid v\u00e6ret et centralt element i Delfi DNA\u2019et.<\/p>\n<p>I dag, over 30 \u00e5r senere, har produktsortimentet udvidet sig og Delfi er en global l\u00f8sningsleverand\u00f8r, der har specialiseret sig i softwarel\u00f8sninger inden for elektroniske hyldeforkanter, h\u00e5ndterminaler, POS- og printl\u00f8sninger. Vores l\u00f8sninger er tilg\u00e6ngelige over hele verden og vi har kontorer i Danmark, Sverige, Norge, Tyskland, Italien og Vietnam.<\/p>\n<p>Som en privatejet koncern, arbejder vi effektivt og reagerer hurtigt, uden at g\u00e5 p\u00e5 kompromis med vores kunders\u2019 behov.<\/p>\n<p>What\u2019s next? Lad os styrke din forretning.[\/vc_column_text][\/vc_column][vc_column width=&#8221;1\/2&#8243;][vc_single_image image=&#8221;43298&#8243; img_size=&#8221;full&#8221; alignment=&#8221;center&#8221; onclick=&#8221;custom_link&#8221; css=&#8221;&#8221; css_params=&#8221;&#8221; link=&#8221;https:\/\/youtu.be\/LXVH1PM2904&#8243;][\/vc_column][\/vc_row]<\/p>\n<\/div>","protected":false},"excerpt":{"rendered":"<p>Vi er Delfi Technologies &#8211; en europ\u00e6isk l\u00f8sningsleverand\u00f8r, etableret i 1988, som har specialiseret sig i softwarel\u00f8sninger inden for elektroniske hyldeforkanter, h\u00e5ndterminaler, kassel\u00f8sninger (POS) og printl\u00f8sninger.<\/p>\n","protected":false},"author":1,"featured_media":18195,"parent":0,"menu_order":0,"comment_status":"closed","ping_status":"closed","template":"","meta":{"_acf_changed":false,"cybocfi_hide_featured_image":"yes","footnotes":""},"class_list":["post-13496","page","type-page","status-publish","has-post-thumbnail","hentry"],"acf":[],"_links":{"self":[{"href":"https:\/\/www.delfi.com\/da\/wp-json\/wp\/v2\/pages\/13496","targetHints":{"allow":["GET"]}}],"collection":[{"href":"https:\/\/www.delfi.com\/da\/wp-json\/wp\/v2\/pages"}],"about":[{"href":"https:\/\/www.delfi.com\/da\/wp-json\/wp\/v2\/types\/page"}],"author":[{"embeddable":true,"href":"https:\/\/www.delfi.com\/da\/wp-json\/wp\/v2\/users\/1"}],"replies":[{"embeddable":true,"href":"https:\/\/www.delfi.com\/da\/wp-json\/wp\/v2\/comments?post=13496"}],"version-history":[{"count":2,"href":"https:\/\/www.delfi.com\/da\/wp-json\/wp\/v2\/pages\/13496\/revisions"}],"predecessor-version":[{"id":79683,"href":"https:\/\/www.delfi.com\/da\/wp-json\/wp\/v2\/pages\/13496\/revisions\/79683"}],"wp:featuredmedia":[{"embeddable":true,"href":"https:\/\/www.delfi.com\/da\/wp-json\/wp\/v2\/media\/18195"}],"wp:attachment":[{"href":"https:\/\/www.delfi.com\/da\/wp-json\/wp\/v2\/media?parent=13496"}],"curies":[{"name":"wp","href":"https:\/\/api.w.org\/{rel}","templated":true}]}}