{"id":14062,"date":"2023-07-18T13:15:54","date_gmt":"2023-07-18T13:15:54","guid":{"rendered":"https:\/\/www.delfi.com\/?page_id=14062"},"modified":"2026-03-20T14:08:02","modified_gmt":"2026-03-20T13:08:02","slug":"betaling-fragt-retur","status":"publish","type":"page","link":"https:\/\/www.delfi.com\/da\/betaling-fragt-retur","title":{"rendered":"Betaling, Fragt &#038; Retur"},"content":{"rendered":"<div class=\"wpb-content-wrapper\"><p>[vc_row][vc_column][vc_column_text css=&#8221;&#8221; css_params=&#8221;&#8221;]<\/p>\n<h1>Betaling, Fragt &amp; Retur<\/h1>\n<h2>Betaling<\/h2>\n<p>Delfi Technologies A\/S har fuld ret til at vurdere, hvilken betalingsordning kunden eller forhandleren er p\u00e5, medmindre andet er aftalt.<\/p>\n<p>Alle eksisterende kunder som er registreret i Delfi Technologies A\/S kundekartotek, vil bibeholde de betalingsbetingelser som er blevet aftalt f\u00f8rhen.[\/vc_column_text][\/vc_column][\/vc_row][vc_row][vc_column width=&#8221;1\/2&#8243;][vc_column_text]<strong>Hos Delfi Technologies A\/S har du mulighed for at betale med f\u00f8lgende betalingsmetoder:<\/strong><\/p>\n<ul>\n<li>Fakturabetaling<\/li>\n<li>MobilePay<\/li>\n<li>EAN-betaling (Kun offentlige kunder)<\/li>\n<li>LS (Leverand\u00f8r Service)<\/li>\n<\/ul>\n<h4>Hvordan fungerer MobilePay?<\/h4>\n<p>Nu kan du bruge MobilePay til at betale din ordre fra Delfi Technologies. Du skal blot indtaste det 6-cifrede ordrenummer, som du finder \u00f8verst til h\u00f8jre p\u00e5 ordrebekr\u00e6ftelsen.<\/p>\n<p><strong>Hvordan virker det?<\/strong><\/p>\n<ol>\n<li>Du modtager en ordrebekr\u00e6ftelse fra Delfi Technologies<\/li>\n<li>Du betaler via MobilePay til vores nummer: 25530 &#8211;\u00a0<strong>husk at indtaste ordrenr.<\/strong><\/li>\n<\/ol>\n<p>[\/vc_column_text][\/vc_column][vc_column width=&#8221;1\/2&#8243;][vc_single_image image=&#8221;14067&#8243; img_size=&#8221;full&#8221; alignment=&#8221;center&#8221;][\/vc_column][\/vc_row][vc_row][vc_column][vc_column_text]<\/p>\n<h4>Hvordan fungerer EAN-betaling hos Delfi Technologies?<\/h4>\n<p>Er du offentlig kunde hos Delfi Technologies A\/S, s\u00e5 har du mulighed for at betale via elektronisk EAN-faktura.<br \/>\nN\u00e5r du skal til at l\u00e6gge en bestilling, s\u00e5 skal du blot tilf\u00f8je et EAN-nummer p\u00e5 din ordre. Herefter vil I modtage jeres faktura via vores Sproom system.<\/p>\n<h4>LS &#8211; Leverand\u00f8r Service<\/h4>\n<p>Hos Delfi tilbyder vi ogs\u00e5 LS til de kunder som \u00f8nsker at slippe for besv\u00e6ret med at skulle betale regninger. Med LS s\u00f8rger vi for, at pengene bliver trukket \u2013 efter aftale med kunden.<\/p>\n<p>Med LS tilbyder vi ogs\u00e5 en lidt l\u00e6ngere kredit, som regel netto 14 dage.<\/p>\n<p>\u00d8nsker man at l\u00e6se mere om LS og\/eller tilmelde sig, skal det ske via vores hjemmeside:<\/p>\n<p><a href=\"https:\/\/www.delfi.com\/da\/ls\">https:\/\/www.delfi.com\/da\/ls<\/a><\/p>\n<p><em>Vedr\u00f8rende andre henvendelser bedes du skrive til\u00a0<a href=\"mailto:accounting@delfi.dk\">accounting@delfi.dk<\/a><\/em>[\/vc_column_text][vc_separator][\/vc_column][\/vc_row][vc_row][vc_column][vc_column_text]<\/p>\n<h2>Fragt &amp; Levering<\/h2>\n<p>Delfi Technologies A\/S afsender st\u00f8rstedelen af pakker med GLS Danmark. Varer som bliver leveret med paller afsendes med Dachser.<br \/>\nN\u00e5r dine varer er afsendt, sender vi dig en bekr\u00e6ftelse med et sporbart nummer, som du kan bruge til at f\u00f8lge din pakkes rejse frem til dig.<\/p>\n<p>Ordrer som best\u00e5r af varer vi lagerf\u00f8rer, afsendes samme dag, ved bestilling inden klokken 14:00.<br \/>\nHvis ordren best\u00e5r af varer som vi ikke har p\u00e5 lager, s\u00e5 vil du f\u00e5 en bekr\u00e6ftelse kl. 20:00 samme dag, p\u00e5 hvorn\u00e5r du kan forvente den kommer p\u00e5 lager.<\/p>\n<h4>Fragtbetingelser (levering til Danmark &amp; Sverige)<\/h4>\n<p>Der er fri fragt p\u00e5 levering af ordrer over DKK 1.000,- \/ SEK 1.500,- modtaget via webshop*<\/p>\n<ul>\n<li>Ved ordrer under DKK 1.000,- eller ordrer, der ikke er modtaget via webshop, g\u00e6lder f\u00f8lgende:<\/li>\n<li>Der till\u00e6gges fragt p\u00e5 DKK 50,- i Danmark og SEK 138,- i Sverige pr. pakke op til 20 kg. ift. volume\/kolli**<\/li>\n<li>Der till\u00e6gges h\u00e5ndteringsgebyr p\u00e5 DKK 100,- \/ SEK 150 ved ordrer under DKK 500,- \/ SEK 750,-<\/li>\n<li>Der till\u00e6gges fragt for 1\/2 paller til hele Danmark \u00e1 DKK 380,- og Sverige \u00e1 SEK 950,-<\/li>\n<li>Der till\u00e6gges fragt for 1\/1 paller til hele Danmark \u00e1 DKK 530,- og Sverige \u00e1 SEK 1.160,-<\/li>\n<\/ul>\n<p><em>Alle ovenst\u00e5ende priser er ekskl. moms.<\/em><\/p>\n<p>*Delfi tilbyder fragtfri levering i det omfang, at produkter ikke er omfattet af special priser\/rabatter, kampagner og demo produkter etc.<\/p>\n<p>**For at fragth\u00e5ndtering skal v\u00e6re hensigtsm\u00e6ssig, kan det v\u00e6re n\u00f8dvendigt, afh\u00e6ngig af pakkens volume, at den opdeles i flere kolli p\u00e5 baggrund af Delfi\u2019s vurdering.<\/p>\n<p>Der till\u00e6gges fragt for levering til andre lande iflg. tilbud medmindre andet er aftalt.<\/p>\n<p>Delfi Technologies A\/S leverer og s\u00e6lger kun Business to Business (B2B) med forudg\u00e5ende kundeoprettelse og registreret CVR\/VAT nummer.[\/vc_column_text][\/vc_column][\/vc_row][vc_row][vc_column][vc_separator][\/vc_column][\/vc_row][vc_row][vc_column][vc_column_text]<\/p>\n<h2>Returnering<\/h2>\n<p>Returnering accepteres kun efter forudg\u00e5ende skriftligt samtykke fra s\u00e6lgeren.<\/p>\n<p>Annullering af ordrer accepteres kun efter forudg\u00e5ende skriftligt samtykke fra s\u00e6lgeren.<\/p>\n<p>Enhver annullering af en ordre p\u00e5l\u00e6gges et gebyr p\u00e5 15% af v\u00e6rdien af den \u00e5bne ordre.[\/vc_column_text][vc_btn title=&#8221;Se alle betingelser&#8221; shape=&#8221;rounded&#8221; color=&#8221;black&#8221; size=&#8221;lg&#8221; link=&#8221;url:https%3A%2F%2Fdelfi.com%2Fda%2Fsalgs-og-leveringsbetingelser%2F|title:Salgs-%20og%20leveringsbetingelser&#8221;][\/vc_column][\/vc_row]<\/p>\n<\/div>","protected":false},"excerpt":{"rendered":"<p>Delfi Technologies A\/S har fuld ret til at vurdere, hvilken betalingsordning kunden eller forhandleren er p\u00e5, medmindre andet er aftalt. Alle eksisterende kunder som er registreret i Delfi Technologies A\/S kundekartotek, vil bibeholde de betalingsbetingelser som er blevet aftalt f\u00f8rhen.<\/p>\n","protected":false},"author":3,"featured_media":14067,"parent":0,"menu_order":0,"comment_status":"closed","ping_status":"closed","template":"","meta":{"_acf_changed":false,"cybocfi_hide_featured_image":"yes","footnotes":""},"class_list":["post-14062","page","type-page","status-publish","has-post-thumbnail","hentry"],"acf":[],"_links":{"self":[{"href":"https:\/\/www.delfi.com\/da\/wp-json\/wp\/v2\/pages\/14062","targetHints":{"allow":["GET"]}}],"collection":[{"href":"https:\/\/www.delfi.com\/da\/wp-json\/wp\/v2\/pages"}],"about":[{"href":"https:\/\/www.delfi.com\/da\/wp-json\/wp\/v2\/types\/page"}],"author":[{"embeddable":true,"href":"https:\/\/www.delfi.com\/da\/wp-json\/wp\/v2\/users\/3"}],"replies":[{"embeddable":true,"href":"https:\/\/www.delfi.com\/da\/wp-json\/wp\/v2\/comments?post=14062"}],"version-history":[{"count":1,"href":"https:\/\/www.delfi.com\/da\/wp-json\/wp\/v2\/pages\/14062\/revisions"}],"predecessor-version":[{"id":79682,"href":"https:\/\/www.delfi.com\/da\/wp-json\/wp\/v2\/pages\/14062\/revisions\/79682"}],"wp:featuredmedia":[{"embeddable":true,"href":"https:\/\/www.delfi.com\/da\/wp-json\/wp\/v2\/media\/14067"}],"wp:attachment":[{"href":"https:\/\/www.delfi.com\/da\/wp-json\/wp\/v2\/media?parent=14062"}],"curies":[{"name":"wp","href":"https:\/\/api.w.org\/{rel}","templated":true}]}}