{"id":14188,"date":"2023-07-20T07:32:34","date_gmt":"2023-07-20T07:32:34","guid":{"rendered":"https:\/\/www.delfi.com\/?page_id=14188"},"modified":"2026-03-20T14:08:56","modified_gmt":"2026-03-20T13:08:56","slug":"fns-verdensmaal","status":"publish","type":"page","link":"https:\/\/www.delfi.com\/da\/fns-verdensmaal","title":{"rendered":"FN&#8217;s Verdensm\u00e5l"},"content":{"rendered":"<div class=\"wpb-content-wrapper\"><p>[vc_row][vc_column][vc_column_text css=&#8221;&#8221; css_params=&#8221;&#8221;]<\/p>\n<h1>S\u00e5dan arbejder vi med FN&#8217;s 17 verdensm\u00e5l<\/h1>\n<p>FN\u2019s 17 verdensm\u00e5l er den hidtil mest ambiti\u00f8se globale udviklingsdagsorden med fokus p\u00e5 b\u00e6redygtighed og transformation. Verdensm\u00e5lene blev vedtaget p\u00e5 FN-topm\u00f8det i New York den 25. september 2015. Her vedtog verdens stats- og regeringsledere 17 verdensm\u00e5l samt 169 delm\u00e5l for en b\u00e6redygtig udvikling, der skal hj\u00e6lpe med at l\u00f8se fremtidens klimaudfordringer.<\/p>\n<p>Verdensm\u00e5lene forpligter alle FN\u2019s 193 medlemslande til at skabe en mere b\u00e6redygtig verden ved at afskaffe fattigdom og sult, reducere ulighed, sikre god uddannelse og bedre sundhed til alle, anst\u00e6ndige jobs og mere b\u00e6redygtig \u00f8konomisk v\u00e6kst. Det er sandsynligvis vor tids vigtigste plan.[\/vc_column_text][\/vc_column][\/vc_row][vc_row][vc_column width=&#8221;1\/2&#8243;][vc_column_text]<\/p>\n<h2>Sammen kan vi g\u00f8re en forskel<\/h2>\n<p>Der er ingen tvivl om, at hvis der skal skabes udvikling og konkrete resultater, kr\u00e6ver det en indsats fra alle. Mange virksomheder, ildsj\u00e6le og organisationer i Danmark er allerede i fuld gang med at s\u00e6tte b\u00e6redygtige udviklingsspor med udgangspunkt i verdensm\u00e5lene &#8211;\u00a0det g\u00f8r sig ogs\u00e5 g\u00e6ldende hos Delfi Technologies, men vi kan dog langt fra l\u00f8fte verdensm\u00e5lene alene.<\/p>\n<p>Men n\u00e5r vi opstiller klare m\u00e5l og prioriterer vores ressourcer derefter, er det muligt at opn\u00e5 resultater. Det kr\u00e6ver indsats p\u00e5 det store plan fra regeringer, multinationale virksomheder og verdensomsp\u00e6ndende NGO\u2019er &#8211;\u00a0men ogs\u00e5 p\u00e5 mikroplan med byr\u00e5d, mindre virksomheder og frivillige ildsj\u00e6le.<\/p>\n<p>Hos Delfi Technologies har vi valgt at fokusere p\u00e5 et udvalg af de 17 verdensm\u00e5l, hvor vi mener, at vi kan g\u00f8re en s\u00e6rlig forskel. Vores indsats d\u00e6kker i \u00f8jeblikket f\u00f8lgende verdensm\u00e5l:[\/vc_column_text][\/vc_column][vc_column width=&#8221;1\/2&#8243;][vc_single_image image=&#8221;14189&#8243; img_size=&#8221;full&#8221;][\/vc_column][\/vc_row][vc_row][vc_column][vc_separator][\/vc_column][\/vc_row][vc_row][vc_column width=&#8221;1\/2&#8243;][vc_single_image image=&#8221;14198&#8243; img_size=&#8221;full&#8221;][\/vc_column][vc_column width=&#8221;1\/2&#8243;][vc_column_text]<\/p>\n<h2>M\u00e5l 2: Stop sult<\/h2>\n<p><strong>Case: F\u00f8devareBanken &#8211; fra madspild til m\u00e5ltid<\/strong><br \/>\nGennem vores samarbejde med F\u00f8devareBanken om udvikling af en stregkodel\u00f8sning til elektronisk produktregistrering, st\u00f8tter vi FN&#8217;s globale m\u00e5l, der sigter mod at udrydde fattigdom, stoppe sult, skabe mindre ulighed, sikre ansvarligt forbrug og produktion og g\u00f8re en indsats for klimaet. Det er en god l\u00f8sning, fordi den binder al logistik sammen og hj\u00e6lper med at sikre produktets sporbarhed. Projektet skiller sig ud ved at skabe et h\u00f8jt niveau af f\u00f8devaresikkerhed i forsyningsk\u00e6den, hvilket bidrager til mindre madspild i Danmark.[\/vc_column_text][\/vc_column][\/vc_row][vc_row][vc_column][vc_column_text]Alene i 2019 blev der indsamlet og udleveret mere end 1.350 tons mad til socialt udsatte i Danmark. Det blev til mere end 3.375.000 m\u00e5ltider og har skabt en reduktion i CO2-udledningen p\u00e5 1.806 tons. (Kilde:\u00a0<a href=\"https:\/\/foedevarebanken.dk\/\" target=\"_blank\" rel=\"noopener\">https:\/\/foedevarebanken.dk\/<\/a>).<\/p>\n<p>Et samarbejde med en r\u00e6kke f\u00f8devarevirksomheder sikrer donation af overskudsf\u00f8devarer, der bliver registreret elektronisk med en stregkodel\u00f8sning. Selve l\u00f8sningen kan nemt skaleres til samarbejde med flere virksomheder &#8211; b\u00e5de nationalt i Danmark, men ogs\u00e5 i udlandet. F\u00f8devarernes stregkoder er med til at sikre sporbarhed.<\/p>\n<p>Med stregkodel\u00f8sningen kan F\u00f8devareBanken altid finde tilbage til n\u00f8jagtig, hvor et specifikt parti f\u00f8devarer er blevet indsamlet, samt hvor det p\u00e5g\u00e6ldende parti er blevet udleveret. Det unikke ved l\u00f8sningen er, at det er muligt at sikre varesporbarhed i hele processen og reagere hurtigt hvis der skulle opst\u00e5 behov for at tilbagekalde et parti f\u00f8devarer. Samtidig arbejdes der efter et &#8220;First in First Out&#8221; princip, s\u00e5 de f\u00f8devarer med kortest holdbarhed bliver delt ud f\u00f8rst, s\u00e5 risikoen for spild konstant minimeres. L\u00f8sningen er udviklet af Delfi Technologies i samarbejde med F\u00f8devareBanken.[\/vc_column_text][vc_btn title=&#8221;L\u00e6s casen her&#8221; shape=&#8221;rounded&#8221; color=&#8221;black&#8221; size=&#8221;lg&#8221; link=&#8221;url:https%3A%2F%2Fwww.delfi.com%2Fda%2Freferencer%2Ffoedevarebanken%2F|title:Fra%20madspild%20til%20m%C3%A5ltid%20med%20elektronisk%20vareregistrering&#8221; css_params=&#8221;&#8221;][\/vc_column][\/vc_row][vc_row][vc_column][vc_separator][\/vc_column][\/vc_row][vc_row][vc_column width=&#8221;1\/2&#8243;][vc_single_image image=&#8221;14207&#8243; img_size=&#8221;full&#8221;][\/vc_column][vc_column width=&#8221;1\/2&#8243;][vc_column_text]<\/p>\n<h2>M\u00e5l 3: Sundhed og trivsel<\/h2>\n<p><strong>Case: Bedre patientsikkerhed i Danmark<\/strong><br \/>\nVi er innovative i vores arbejde med hardware- og softwarel\u00f8sninger til sundhedssektoren. Gennem et samarbejde med de danske regioner, skaber vi stregkodel\u00f8sninger, der er med til at styrke patientsikkerheden og lette arbejdet p\u00e5 regionernes sygehuse.<\/p>\n<p>Softwarel\u00f8sningen, Delfi EasyScan, er udviklet af Delfi Technologies og best\u00e5r af stregkode software, h\u00e5ndscannere og armb\u00e5ndsprintere. Det er en central stregkodel\u00f8sning, som giver nye teknologiske muligheder og samler forskellige arbejdsfunktioner i \u00e9n l\u00f8sning. Nye h\u00e5ndscannere skal blandt andet v\u00e6re med til at forkorte arbejdsprocesser og skabe bedre overblik.[\/vc_column_text][vc_btn title=&#8221;L\u00e6s casen her&#8221; shape=&#8221;rounded&#8221; color=&#8221;black&#8221; size=&#8221;lg&#8221; link=&#8221;url:https%3A%2F%2Fwww.delfi.com%2Fda%2Fnyheder%2Fregion-sjaelland-styrker-patientsikkerheden%2F|title:Region%20Sj%C3%A6lland%20styrker%20patientsikkerheden&#8221; css_params=&#8221;&#8221;][\/vc_column][\/vc_row][vc_row][vc_column][vc_column_text]I 2020 br\u00f8d Coronavirus for alvor igennem. I den forbindelse blev der etableret en r\u00e6kke testcentre rundt omkring i Danmark. Her bliver testpersonens sygesikringskort registreret ved hj\u00e6lp af\u00a0<a href=\"https:\/\/shop.delfi.com\/da\/kategori\/stregkodescannere\/\" target=\"_blank\" rel=\"noopener\">h\u00e5ndscannere<\/a>, som Delfi Technologies blandt andet leverer til Region Sj\u00e6lland og Region Hovedstaden.<\/p>\n<p>Scannerne er en speciel antibakteriel model, som egner sig s\u00e6rligt til sundhedsv\u00e6snet og kan modst\u00e5 s\u00e6rlige vilk\u00e5r som ekstra reng\u00f8ring og desinficering.[\/vc_column_text][vc_btn title=&#8221;L\u00e6s casen her&#8221; shape=&#8221;rounded&#8221; color=&#8221;black&#8221; size=&#8221;lg&#8221; link=&#8221;url:https%3A%2F%2Fdelfi.com%2Fda%2Fnyheder%2Fdelfi-leverer-udstyr-til-corona-testcentre%2F|title:Fra%20madspild%20til%20m%C3%A5ltid%20med%20elektronisk%20vareregistrering&#8221; css_params=&#8221;&#8221;][\/vc_column][\/vc_row][vc_row][vc_column][vc_separator][\/vc_column][\/vc_row][vc_row][vc_column][vc_column_text]<\/p>\n<h2>M\u00e5l 5: Ligestilling mellem k\u00f8nnene<\/h2>\n<p>&#8211;\u00a0<em>Selvom it- og tech-branchen historisk set har v\u00e6ret meget mandsdomineret, s\u00e5 oplever vi en trend i Delfi Technologies, hvor der kommer flere kvinder til i dag &#8211;\u00a0b\u00e5de internt i virksomheden og i netv\u00e6rket omkring os. I ethvert ans\u00e6ttelsesforhold sikrer vi naturligvis ogs\u00e5 ligestilling mellem k\u00f8nnene, s\u00e5 m\u00e6nd og kvinder har de samme rettigheder og muligheder<\/em>,\u00a0<strong>siger Caroline Hagen, der er CMO hos Delfi Technologies A\/S.<\/strong>[\/vc_column_text][\/vc_column][\/vc_row][vc_row][vc_column][vc_separator][\/vc_column][\/vc_row][vc_row][vc_column][vc_single_image image=&#8221;14236&#8243; img_size=&#8221;full&#8221; alignment=&#8221;center&#8221;][vc_column_text]<\/p>\n<h2>M\u00e5l 8: Anst\u00e6ndige jobs og \u00f8konomisk v\u00e6kst<\/h2>\n<p><em>&#8211; I vores arbejde med at sikre vores kunder den seneste teknologi, bidrager vi ogs\u00e5 med l\u00f8sninger, der skaber en h\u00f8jere produktivitet. Vi ser i h\u00f8jere grad et \u00f8nske fra vores kunder om at foretage en teknologisk opgradering som virkemiddel til at skabe \u00f8konomisk v\u00e6kst,<\/em>\u00a0<strong>fort\u00e6ller Palle Svendsen, der er CEO hos Delfi Technologies A\/S.<\/strong><\/p>\n<h2>M\u00e5l 9: Industri, innovation og infrastruktur<\/h2>\n<p><em>&#8211; Hos Delfi Technologies l\u00e6gger vi stor v\u00e6gt p\u00e5 innovation og betragter det som en afg\u00f8rende drivkraft for teknologisk udvikling. Vores vigtigste opgave er at v\u00e6re p\u00e5 forkant med udviklingen og skabe innovative l\u00f8sninger, der fremmer vores kunders forretning og konkurrenceevne,<\/em>\u00a0<strong>siger Palle Svendsen.<\/strong>[\/vc_column_text][\/vc_column][\/vc_row][vc_row][vc_column][vc_separator][\/vc_column][\/vc_row][vc_row][vc_column][vc_single_image image=&#8221;14244&#8243; img_size=&#8221;full&#8221; alignment=&#8221;center&#8221;][\/vc_column][\/vc_row][vc_row][vc_column width=&#8221;1\/2&#8243;][vc_column_text]<\/p>\n<h2>M\u00e5l 12: Ansvarligt forbrug og produktion<\/h2>\n<p><strong>Case: Digitalt v\u00e6rkt\u00f8j hj\u00e6lper MENY i kampen mod madspild<\/strong><br \/>\nEt centralt element i FN\u2019s 17 verdensm\u00e5l er bek\u00e6mpelsen af madspild. Delm\u00e5l 12.3 lyder p\u00e5, at inden 2030 skal det globale madspild p\u00e5 detailog forbrugerniveau pr. indbygger halveres og f\u00f8devaretab i produktionsog forsyningsk\u00e6der skal reduceres.<\/p>\n<p>I dag er madspild et prioriteret indsatsomr\u00e5de hos mange supermarkedsk\u00e6der. Sammen med Dagrofas flagskibsk\u00e6de, MENY, anvender vi et digitalt v\u00e6rkt\u00f8j til at fjerne risikoen for, at der overhovedet genereres madspild. Hos MENY handler det ikke blot om, at man f\u00e5r givet overskudsmad v\u00e6k til sociale form\u00e5l, men i h\u00f8jere grad ogs\u00e5 om, at man f\u00e5r \u00e6ndret rutinerne hos butikspersonalet.<\/p>\n<p>Whywaste hedder det nye v\u00e6rkt\u00f8j, der har fundet vej til landets MENY-butikker, som et seri\u00f8st initiativ i kampen mod madspild og datovarer. Som en del af Whywaste-projektet er Delfi Technologies valgt som it-leverand\u00f8r af\u00a0<a href=\"https:\/\/shop.delfi.com\/da\/kategori\/haandterminaler-pda\/\" target=\"_blank\" rel=\"noopener\">h\u00e5ndterminaler<\/a>\u00a0og mobile\u00a0<a href=\"https:\/\/shop.delfi.com\/da\/kategori\/labelprintere\/\" target=\"_blank\" rel=\"noopener\">labelprintere<\/a>\u00a0til Dagrofa.[\/vc_column_text][vc_btn title=&#8221;L\u00e6s casen her&#8221; shape=&#8221;rounded&#8221; color=&#8221;black&#8221; size=&#8221;lg&#8221; link=&#8221;url:https%3A%2F%2Fdelfi.com%2Fda%2Freferencer%2Fmeny-solroed%2F|title:Fra%20madspild%20til%20m%C3%A5ltid%20med%20elektronisk%20vareregistrering&#8221;][\/vc_column][vc_column width=&#8221;1\/2&#8243;][vc_column_text]<\/p>\n<h2>M\u00e5l 13: Klimaindsats<\/h2>\n<p><strong>Case: Jensen Seeds \u2013 \u00f8get sporbarhed i forsyningsk\u00e6den<\/strong><br \/>\nGennem vores samarbejde med Jensen Seeds, sikrer vi en positiv indflydelse p\u00e5 verdensm\u00e5l 12 og 13.<\/p>\n<p>Det danske fr\u00f8firma Jensen Seeds leverer \u00e5rligt mere end 10.000 tons fr\u00f8 til sine kunder. Derfor er det altafg\u00f8rende, at der ikke sker fejl i produktionen og sorteringen af fr\u00f8ene. Her opstod behovet for en RFID-l\u00f8sning til at spore, lokalisere og identificere processen fra avler til fuldautomatisk rensning, sortering og pakning.<\/p>\n<p>En vedvarende investering i innovation og infrastruktur er nemlig en afg\u00f8rende drivkr\u00e6ft for \u00f8konomisk v\u00e6kst og udvikling. Her er den teknologiske udvikling n\u00f8glen til at finde l\u00f8sninger p\u00e5 b\u00e5de \u00f8konomiske og milj\u00f8m\u00e6ssige udfordringer.<\/p>\n<p>I arbejdet med kvalitetssikring er Jensen Seeds den f\u00f8rste fr\u00f8leverand\u00f8r i verden, der i sin tid tog den tr\u00e5dl\u00f8se RFID-teknologi i brug. I dag er Jensen Seeds ejet af DLF, som er en global fr\u00f8virksomhed, der afs\u00e6tter fr\u00f8 til fodergr\u00e6s, samt privat og professionelt pl\u00e6negr\u00e6s, i mere end 80 lande verdenen over. Ogs\u00e5 her er Jensen Seeds first mover, og mange andre producenter kigger derfor denne vej n\u00e5r det kommer til inspiration til procesoptimering, bedre kontrol og \u00f8get sporbarhed.[\/vc_column_text][vc_btn title=&#8221;L\u00e6s casen her&#8221; shape=&#8221;rounded&#8221; color=&#8221;black&#8221; size=&#8221;lg&#8221; link=&#8221;url:https%3A%2F%2Fdelfi.com%2Fda%2Freferencer%2Fjensen-seeds%2F|title:Fra%20madspild%20til%20m%C3%A5ltid%20med%20elektronisk%20vareregistrering&#8221;][\/vc_column][\/vc_row][vc_row][vc_column][vc_separator][\/vc_column][\/vc_row][vc_row][vc_column][vc_masonry_grid post_type=&#8221;ids&#8221; element_width=&#8221;12&#8243; item=&#8221;13350&#8243; grid_id=&#8221;vc_gid:1774012077565-f2c95ab0-54da-0&#8243; include=&#8221;11352&#8243;][vc_masonry_grid post_type=&#8221;ids&#8221; element_width=&#8221;12&#8243; item=&#8221;13350&#8243; grid_id=&#8221;vc_gid:1774012077565-14785a80-0eae-2&#8243; include=&#8221;13656&#8243;][\/vc_column][\/vc_row]<\/p>\n<\/div>","protected":false},"excerpt":{"rendered":"<p>FN\u2019s 17 verdensm\u00e5l er den hidtil mest ambiti\u00f8se globale udviklingsdagsorden med fokus p\u00e5 b\u00e6redygtighed og transformation. Verdensm\u00e5lene blev vedtaget p\u00e5 FN-topm\u00f8det i New York den 25. september 2015. <\/p>\n","protected":false},"author":3,"featured_media":14254,"parent":0,"menu_order":0,"comment_status":"closed","ping_status":"closed","template":"","meta":{"_acf_changed":false,"cybocfi_hide_featured_image":"yes","footnotes":""},"class_list":["post-14188","page","type-page","status-publish","has-post-thumbnail","hentry"],"acf":[],"_links":{"self":[{"href":"https:\/\/www.delfi.com\/da\/wp-json\/wp\/v2\/pages\/14188","targetHints":{"allow":["GET"]}}],"collection":[{"href":"https:\/\/www.delfi.com\/da\/wp-json\/wp\/v2\/pages"}],"about":[{"href":"https:\/\/www.delfi.com\/da\/wp-json\/wp\/v2\/types\/page"}],"author":[{"embeddable":true,"href":"https:\/\/www.delfi.com\/da\/wp-json\/wp\/v2\/users\/3"}],"replies":[{"embeddable":true,"href":"https:\/\/www.delfi.com\/da\/wp-json\/wp\/v2\/comments?post=14188"}],"version-history":[{"count":3,"href":"https:\/\/www.delfi.com\/da\/wp-json\/wp\/v2\/pages\/14188\/revisions"}],"predecessor-version":[{"id":79687,"href":"https:\/\/www.delfi.com\/da\/wp-json\/wp\/v2\/pages\/14188\/revisions\/79687"}],"wp:featuredmedia":[{"embeddable":true,"href":"https:\/\/www.delfi.com\/da\/wp-json\/wp\/v2\/media\/14254"}],"wp:attachment":[{"href":"https:\/\/www.delfi.com\/da\/wp-json\/wp\/v2\/media?parent=14188"}],"curies":[{"name":"wp","href":"https:\/\/api.w.org\/{rel}","templated":true}]}}