{"id":15648,"date":"2023-07-28T17:17:44","date_gmt":"2023-07-28T17:17:44","guid":{"rendered":"https:\/\/www.delfi.com\/?page_id=15648"},"modified":"2026-03-20T14:10:31","modified_gmt":"2026-03-20T13:10:31","slug":"filosofi","status":"publish","type":"page","link":"https:\/\/www.delfi.com\/da\/filosofi","title":{"rendered":"Filosofi"},"content":{"rendered":"<div class=\"wpb-content-wrapper\"><p>[vc_row wrap_container=&#8221;yes&#8221; css=&#8221;.vc_custom_1544835925643{padding-top: 90px !important;padding-bottom: 50px !important;}&#8221;][vc_column offset=&#8221;vc_col-md-offset-1 vc_col-md-10&#8243;]<div class=\"porto-u-heading  wpb_custom_95aa9a11c17ad45cfabaf210d84ee7cc porto-u-55ca8359258f9a412be7e73af65d2aac \" data-appear-animation=\"fadeInUp\" data-appear-animation-delay=\"100\"><div class=\"porto-u-main-heading\"><h1   style=\"font-weight:700;margin-bottom: 30px;font-size:42px;line-height:42px;\">Vores filosofi - vi er Delfi<\/h1><\/div><div class=\"porto-u-sub-heading\" style=\"font-size:16.8px;line-height:32px;\">Vi styrker din forretning \u2013 gennem passion og engagement skaber vi l\u00f8sninger i verdensklasse.<\/div><style>.porto-u-55ca8359258f9a412be7e73af65d2aac.porto-u-heading{text-align:center}<\/style><\/div>[\/vc_column][\/vc_row][vc_row wrap_container=&#8221;yes&#8221; css=&#8221;.vc_custom_1544836035086{padding-bottom: 70px !important;}&#8221;][vc_column width=&#8221;1\/2&#8243; animation_delay=&#8221;400&#8243; el_class=&#8221;col-sm-6&#8243; offset=&#8221;vc_col-md-3&#8243; animation_type=&#8221;fadeInRight&#8221;]<div class=\"porto-sicon-box px-lg-1 px-xl-5  wpb_custom_6bd3ea43243bb56571d580d187f8d1d7 style_1 top-icon\"><div class=\"porto-sicon-top\"><div class=\"porto-just-icon-wrapper porto-icon none\" style=\"color:#00aace;font-size:42px;\"><i class=\"Simple-Line-Icons-people\"><\/i><\/div><\/div><div class=\"porto-sicon-header\"><h3 class=\"porto-sicon-title\" style=\"font-weight:700;font-size:21px;line-height:21px;\">Partnerskab<\/h3><\/div> <!-- header --><div class=\"porto-sicon-description\" style=\"\">Vi tror p\u00e5 langvarige partnerskaber. Et partnerskab best\u00e5r af et samarbejde \u2013 vi v\u00e6lger hinanden med en f\u00e6lles forst\u00e5else for opgaven \u2013 og opgaven kan vi l\u00f8se sammen. Vores m\u00e5l er, at skabe den bedste l\u00f8sning og service \u2013\u00a0<u>sammen.<\/u><\/div> <!-- description --><\/div><!-- porto-sicon-box -->[\/vc_column][vc_column width=&#8221;1\/2&#8243; animation_delay=&#8221;200&#8243; el_class=&#8221;col-sm-6&#8243; offset=&#8221;vc_col-md-3&#8243; animation_type=&#8221;fadeInRight&#8221;]<div class=\"porto-sicon-box px-lg-1 px-xl-5  wpb_custom_6bd3ea43243bb56571d580d187f8d1d7 style_1 top-icon\"><div class=\"porto-sicon-top\"><div class=\"porto-just-icon-wrapper porto-icon none\" style=\"color:#00aace;font-size:42px;\"><i class=\"Simple-Line-Icons-graph\"><\/i><\/div><\/div><div class=\"porto-sicon-header\"><h3 class=\"porto-sicon-title\" style=\"font-weight:700;font-size:21px;line-height:21px;\">V\u00e6rdiskabelse<\/h3><\/div> <!-- header --><div class=\"porto-sicon-description\" style=\"\">N\u00e5r du teamer op med Delfi f\u00e5r du vores fulde dedikation. Vi skaber gode l\u00f8sninger \u2013 sammen \u2013 og str\u00e6ber efter at skabe f\u00e6lles v\u00e6rdi for begge parter. Gennem en h\u00f8j faglig ekspertise st\u00e5r vi inde for at vores partnere f\u00e5r h\u00f8jest mulig v\u00e6rdi ud af vores l\u00f8sninger.<\/div> <!-- description --><\/div><!-- porto-sicon-box -->[\/vc_column][vc_column width=&#8221;1\/2&#8243; animation_delay=&#8221;200&#8243; el_class=&#8221;col-sm-6&#8243; offset=&#8221;vc_col-md-3&#8243; animation_type=&#8221;fadeInLeft&#8221;]<div class=\"porto-sicon-box px-lg-1 px-xl-5  wpb_custom_6bd3ea43243bb56571d580d187f8d1d7 style_1 top-icon\"><div class=\"porto-sicon-top\"><div class=\"porto-just-icon-wrapper porto-icon none\" style=\"color:#00aace;font-size:42px;\"><i class=\"Simple-Line-Icons-settings\"><\/i><\/div><\/div><div class=\"porto-sicon-header\"><h3 class=\"porto-sicon-title\" style=\"font-weight:700;font-size:21px;line-height:21px;\">Innovation<\/h3><\/div> <!-- header --><div class=\"porto-sicon-description\" style=\"\">Vi elsker det vi laver og arbejder hele tiden p\u00e5 at v\u00e6re de bedste p\u00e5 vores omr\u00e5de. Vi er vildt nysgerrige og holder derfor grundigt \u00f8je med nye trends, s\u00e5 vi kan fremtidssikre vores l\u00f8sninger.<\/div> <!-- description --><\/div><!-- porto-sicon-box -->[\/vc_column][vc_column width=&#8221;1\/2&#8243; animation_delay=&#8221;400&#8243; el_class=&#8221;col-sm-6&#8243; offset=&#8221;vc_col-md-3&#8243; animation_type=&#8221;fadeInLeft&#8221;]<div class=\"porto-sicon-box px-lg-1 px-xl-5  wpb_custom_6bd3ea43243bb56571d580d187f8d1d7 style_1 top-icon\"><div class=\"porto-sicon-top\"><div class=\"porto-just-icon-wrapper porto-icon none\" style=\"color:#00aace;font-size:42px;\"><i class=\"Simple-Line-Icons-book-open\"><\/i><\/div><\/div><div class=\"porto-sicon-header\"><h3 class=\"porto-sicon-title\" style=\"font-weight:700;font-size:21px;line-height:21px;\">Vidensdeling<\/h3><\/div> <!-- header --><div class=\"porto-sicon-description\" style=\"\">Vi deler gerne ud af vores v\u00e6rdifulde viden, da vi mener, at \u00e6rlighed og engagement f\u00f8rer os til vores f\u00e6lles m\u00e5l.<\/div> <!-- description --><\/div><!-- porto-sicon-box -->[\/vc_column][\/vc_row][vc_row wrap_container=&#8221;yes&#8221; css=&#8221;.vc_custom_1544836035086{padding-bottom: 70px !important;}&#8221;][vc_column width=&#8221;1\/2&#8243; animation_delay=&#8221;400&#8243; el_class=&#8221;col-sm-6&#8243; offset=&#8221;vc_col-md-3&#8243; animation_type=&#8221;fadeInRight&#8221;]<div class=\"porto-sicon-box px-lg-1 px-xl-5  wpb_custom_6bd3ea43243bb56571d580d187f8d1d7 style_1 top-icon\"><div class=\"porto-sicon-top\"><div class=\"porto-just-icon-wrapper porto-icon none\" style=\"color:#00aace;font-size:42px;\"><i class=\"Simple-Line-Icons-bubbles\"><\/i><\/div><\/div><div class=\"porto-sicon-header\"><h3 class=\"porto-sicon-title\" style=\"font-weight:700;font-size:21px;line-height:21px;\">Ikke farvel - men p\u00e5 gensyn<\/h3><\/div> <!-- header --><div class=\"porto-sicon-description\" style=\"\">Vi leverer ikke blot en pakke \u2013 vi leverer en l\u00f8sning, vi f\u00f8lger op og vi holder fast i vores gode samarbejde.<\/div> <!-- description --><\/div><!-- porto-sicon-box -->[\/vc_column][vc_column width=&#8221;1\/2&#8243; animation_delay=&#8221;200&#8243; el_class=&#8221;col-sm-6&#8243; offset=&#8221;vc_col-md-3&#8243; animation_type=&#8221;fadeInRight&#8221;][\/vc_column][vc_column width=&#8221;1\/2&#8243; animation_delay=&#8221;200&#8243; el_class=&#8221;col-sm-6&#8243; offset=&#8221;vc_col-md-3&#8243; animation_type=&#8221;fadeInLeft&#8221;][\/vc_column][vc_column width=&#8221;1\/2&#8243; animation_delay=&#8221;400&#8243; el_class=&#8221;col-sm-6&#8243; offset=&#8221;vc_col-md-3&#8243; animation_type=&#8221;fadeInLeft&#8221;][\/vc_column][\/vc_row]<\/p>\n<\/div>","protected":false},"excerpt":{"rendered":"<p>Vi styrker din forretning \u2013 gennem passion og engagement skaber vi l\u00f8sninger i verdensklasse. Partnerskab, v\u00e6rdiskabelse, innovation, vidensdeling, og gensyn er noget vi bestr\u00e6ber os p\u00e5 at efterleve.<\/p>\n","protected":false},"author":5,"featured_media":18175,"parent":0,"menu_order":0,"comment_status":"closed","ping_status":"closed","template":"","meta":{"_acf_changed":false,"cybocfi_hide_featured_image":"yes","footnotes":""},"class_list":["post-15648","page","type-page","status-publish","has-post-thumbnail","hentry"],"acf":[],"_links":{"self":[{"href":"https:\/\/www.delfi.com\/da\/wp-json\/wp\/v2\/pages\/15648","targetHints":{"allow":["GET"]}}],"collection":[{"href":"https:\/\/www.delfi.com\/da\/wp-json\/wp\/v2\/pages"}],"about":[{"href":"https:\/\/www.delfi.com\/da\/wp-json\/wp\/v2\/types\/page"}],"author":[{"embeddable":true,"href":"https:\/\/www.delfi.com\/da\/wp-json\/wp\/v2\/users\/5"}],"replies":[{"embeddable":true,"href":"https:\/\/www.delfi.com\/da\/wp-json\/wp\/v2\/comments?post=15648"}],"version-history":[{"count":1,"href":"https:\/\/www.delfi.com\/da\/wp-json\/wp\/v2\/pages\/15648\/revisions"}],"predecessor-version":[{"id":79690,"href":"https:\/\/www.delfi.com\/da\/wp-json\/wp\/v2\/pages\/15648\/revisions\/79690"}],"wp:featuredmedia":[{"embeddable":true,"href":"https:\/\/www.delfi.com\/da\/wp-json\/wp\/v2\/media\/18175"}],"wp:attachment":[{"href":"https:\/\/www.delfi.com\/da\/wp-json\/wp\/v2\/media?parent=15648"}],"curies":[{"name":"wp","href":"https:\/\/api.w.org\/{rel}","templated":true}]}}