{"id":16478,"date":"2023-08-01T15:41:52","date_gmt":"2023-08-01T15:41:52","guid":{"rendered":"https:\/\/www.delfi.com\/?page_id=16478"},"modified":"2026-03-20T14:08:38","modified_gmt":"2026-03-20T13:08:38","slug":"dynamic-communicator","status":"publish","type":"page","link":"https:\/\/www.delfi.com\/da\/dynamic-communicator","title":{"rendered":"Dynamic Communicator"},"content":{"rendered":"<div class=\"wpb-content-wrapper\"><p>[vc_row][vc_column width=&#8221;1\/2&#8243;][vc_column_text css=&#8221;&#8221; css_params=&#8221;&#8221;]<\/p>\n<h1>Infastrukturen med digitale prisskilte<\/h1>\n<p><strong>Dynamic Communicator med 2-vejs kommunikation<\/strong><\/p>\n<p>Dynamic Communicator er omdrejningspunktet for RF-infrastrukturen (radiofrekvens) i butikken og er ansvarlig for at styre distributionen af data til hele dit ESL netv\u00e6rk. <a href=\"https:\/\/www.delfi.com\/da\/losninger\/breece-cloud\/\">Breece Cloud<\/a>-l\u00f8sningen er enkel at implementere &#8211; du beh\u00f8ver kun en Communicator og de <a href=\"https:\/\/www.delfi.com\/da\/losninger\/elektroniske-hyldeforkanter\/\">digitale prisskilte<\/a> (ESL&#8217;er), hvilket fjerner behovet for en server i butikken og enhver butikssoftwareinstallation.<\/p>\n<p>Dynamic Communicator, som forbinder Cloud-l\u00f8sningen med de digitale prisskilte i dine butikker, k\u00f8rer over separate frekvenser til Wi-Fi, hvilket leverer en sikker, modstandsdygtig og interferensfri forbindelse.<\/p>\n<p>Med fuld tovejskommunikation er de tr\u00e5dl\u00f8se enheder nemme at installere i dine butikker med et simpelt beslag, powered over Ethernet (PoE). Hvert system kan forbinde op til 200.000 ESL&#8217;er p\u00e5 50.000 kvadratfod. Dette g\u00f8r vores l\u00f8sning til en billigere og mere effektiv m\u00e5de at f\u00e5 mest muligt ud af dine pris- og kampagnestrategier.[\/vc_column_text][\/vc_column][vc_column width=&#8221;1\/2&#8243;][vc_single_image image=&#8221;16479&#8243; img_size=&#8221;large&#8221; animation_type=&#8221;bounce&#8221;][\/vc_column][\/vc_row][vc_row][vc_column][vc_message style=&#8221;square&#8221; message_box_color=&#8221;black&#8221; icon_fontawesome=&#8221;fas fa-check-circle&#8221;]<strong>Dine fordele:<\/strong><\/p>\n<ul>\n<li>Omfattende d\u00e6kning &#8211; en Communicator har r\u00e6kkevidde p\u00e5 op til 4.500 m2.<\/li>\n<li>Fuld skalerbarhed &#8211; en Communicator underst\u00f8tter op til 200.000 hyldeforkanter<\/li>\n<li>H\u00f8j datahastighed giver en hurtig opdatering af hyldeforkanter<\/li>\n<li>\u00c6gte tovejskommunikation &#8211; kontrollerbar bekr\u00e6ftelse af displayopdateringer og system status<\/li>\n<li>Nem installation &#8211; kr\u00e6ver kun str\u00f8m fra en Ethernet forbindelse (PoE)<\/li>\n<\/ul>\n<p>[\/vc_message][\/vc_column][\/vc_row][vc_row][vc_column][vc_column_text]<div class=\"porto-block\" data-id=\"28799\"><div class=\"container-fluid\"><style>.vc_custom_1758012732532{margin-bottom: -120px !important;padding-top: 30px !important;padding-bottom: 70px !important;background-image: url(https:\/\/www.delfi.com\/wp-content\/uploads\/2023\/11\/Kontakt-os-Banner-vs-stoerre.jpg?id=61675) !important;background-position: center !important;background-repeat: no-repeat !important;background-size: cover !important;}div.wpforms-container-full .wpforms-field-label {\r\n    color:#ffffff!important;\r\n}\r\ndiv.wpforms-container-full .wpforms-field-label-inline, .wp-core-ui div.wpforms-container-full .wpforms-field-label-inline {\r\n    color: #fff!important;\r\n}\r\ndiv.wpforms-container-full .wpforms-field-description, div.wpforms-container-full .wpforms-field-limit-text, .wp-core-ui div.wpforms-container-full .wpforms-field-description, .wp-core-ui div.wpforms-container-full .wpforms-field-limit-text {\r\n    color: #fff!important;\r\n}<\/style>[vc_row full_width=\"stretch_row_content\" wrap_container=\"yes\" content_placement=\"middle\" css=\".vc_custom_1758012732532{margin-bottom: -120px !important;padding-top: 30px !important;padding-bottom: 70px !important;background-image: url(https:\/\/www.delfi.com\/wp-content\/uploads\/2023\/11\/Kontakt-os-Banner-vs-stoerre.jpg?id=61675) !important;background-position: center !important;background-repeat: no-repeat !important;background-size: cover !important;}\" conditional_render=\"%5B%7B%22value_role%22%3A%22administrator%22%7D%5D\" css_params=\"\"][vc_column width=\"1\/2\" offset=\"vc_col-lg-6 vc_col-md-6\" conditional_render=\"%5B%7B%22value_role%22%3A%22administrator%22%7D%5D\"]<div class=\"porto-u-heading  wpb_custom_95aa9a11c17ad45cfabaf210d84ee7cc porto-u-ad87e2eaf3f9c495180fe0156ddf3eb0 \" data-appear-animation=\"fadeInRight\" data-appear-animation-delay=\"200\"><div class=\"porto-u-main-heading\"><h2   style=\"font-weight:700;color:#ffffff;font-size:38px;line-height:50px;\">Styrk din forretning med Delfi Technologies<\/h2><\/div><div class=\"porto-u-sub-heading\" style=\"font-weight:300;color: #ffffff;font-size:38px;line-height:50px;\"><span style=\"letter-spacing: -0.05em;\">Nysgerrig p\u00e5 mere?<br \/>\r\nKontakt os i dag, s\u00e5 vender vi retur til dig.\u00a0<\/span><\/div><style>.porto-u-ad87e2eaf3f9c495180fe0156ddf3eb0.porto-u-heading{text-align:left}<\/style><\/div>[\/vc_column][vc_column width=\"1\/2\" animation_delay=\"400\" offset=\"vc_col-xl-6 vc_col-lg-6 vc_col-md-6\" animation_type=\"fadeInRight\" conditional_render=\"%5B%7B%22value_role%22%3A%22administrator%22%7D%5D\"]<style id=\"wpforms-css-vars-16559\">\n\t\t\t\t#wpforms-16559 {\n\t\t\t\t--wpforms-field-size-input-height: 43px;\n--wpforms-field-size-input-spacing: 15px;\n--wpforms-field-size-font-size: 16px;\n--wpforms-field-size-line-height: 19px;\n--wpforms-field-size-padding-h: 14px;\n--wpforms-field-size-checkbox-size: 16px;\n--wpforms-field-size-sublabel-spacing: 5px;\n--wpforms-field-size-icon-size: 1;\n--wpforms-label-size-font-size: 16px;\n--wpforms-label-size-line-height: 19px;\n--wpforms-label-size-sublabel-font-size: 14px;\n--wpforms-label-size-sublabel-line-height: 17px;\n--wpforms-button-size-font-size: 17px;\n--wpforms-button-size-height: 41px;\n--wpforms-button-size-padding-h: 15px;\n--wpforms-button-size-margin-top: 10px;\n--wpforms-container-shadow-size-box-shadow: none;\n\t\t\t}\n\t\t\t<\/style><div class=\"wpforms-container wpforms-container-full wpforms-render-modern\" id=\"wpforms-16559\"><form id=\"wpforms-form-16559\" class=\"wpforms-validate wpforms-form wpforms-ajax-form\" data-formid=\"16559\" method=\"post\" enctype=\"multipart\/form-data\" action=\"\/da\/wp-json\/wp\/v2\/pages\/16478\" data-token=\"6725762e98bcc138d605c919f64c6409\" data-token-time=\"1774881544\"><noscript class=\"wpforms-error-noscript\">Please enable JavaScript in your browser to complete this form.<\/noscript><div id=\"wpforms-error-noscript\" style=\"display: none;\">Please enable JavaScript in your browser to complete this form.<\/div><div class=\"wpforms-field-container\"><div id=\"wpforms-16559-field_0-container\" class=\"wpforms-field wpforms-field-name wpforms-one-half wpforms-first\" data-field-id=\"0\"><label class=\"wpforms-field-label\" for=\"wpforms-16559-field_0\">Fuldt navn <span class=\"wpforms-required-label\" aria-hidden=\"true\">*<\/span><\/label><input type=\"text\" id=\"wpforms-16559-field_0\" class=\"wpforms-field-large wpforms-field-required\" name=\"wpforms[fields][0]\" aria-errormessage=\"wpforms-16559-field_0-error\" required><\/div><div id=\"wpforms-16559-field_1-container\" class=\"wpforms-field wpforms-field-email wpforms-one-half\" data-field-id=\"1\"><label class=\"wpforms-field-label\" for=\"wpforms-16559-field_1\">Email <span class=\"wpforms-required-label\" aria-hidden=\"true\">*<\/span><\/label><input type=\"email\" id=\"wpforms-16559-field_1\" class=\"wpforms-field-large wpforms-field-required\" name=\"wpforms[fields][1]\" spellcheck=\"false\" aria-errormessage=\"wpforms-16559-field_1-error\" required><\/div><div id=\"wpforms-16559-field_3-container\" class=\"wpforms-field wpforms-field-text wpforms-one-half wpforms-first\" data-field-id=\"3\"><label class=\"wpforms-field-label\" for=\"wpforms-16559-field_3\">Telefon <span class=\"wpforms-required-label\" aria-hidden=\"true\">*<\/span><\/label><input type=\"text\" id=\"wpforms-16559-field_3\" class=\"wpforms-field-large wpforms-field-required\" name=\"wpforms[fields][3]\" aria-errormessage=\"wpforms-16559-field_3-error\" required><\/div><div id=\"wpforms-16559-field_6-container\" class=\"wpforms-field wpforms-field-text wpforms-one-half\" data-field-id=\"6\"><label class=\"wpforms-field-label\" for=\"wpforms-16559-field_6\">Postnummer <span class=\"wpforms-required-label\" aria-hidden=\"true\">*<\/span><\/label><input type=\"text\" id=\"wpforms-16559-field_6\" class=\"wpforms-field-large wpforms-field-required\" name=\"wpforms[fields][6]\" aria-errormessage=\"wpforms-16559-field_6-error\" required><\/div><div id=\"wpforms-16559-field_13-container\" class=\"wpforms-field wpforms-field-text wpforms-one-half wpforms-first\" data-field-id=\"13\"><label class=\"wpforms-field-label\" for=\"wpforms-16559-field_13\">Land <span class=\"wpforms-required-label\" aria-hidden=\"true\">*<\/span><\/label><input type=\"text\" id=\"wpforms-16559-field_13\" class=\"wpforms-field-large wpforms-field-required\" name=\"wpforms[fields][13]\" aria-errormessage=\"wpforms-16559-field_13-error\" required><\/div><div id=\"wpforms-16559-field_4-container\" class=\"wpforms-field wpforms-field-text wpforms-one-half\" data-field-id=\"4\"><label class=\"wpforms-field-label\" for=\"wpforms-16559-field_4\">Firma <span class=\"wpforms-required-label\" aria-hidden=\"true\">*<\/span><\/label><input type=\"text\" id=\"wpforms-16559-field_4\" class=\"wpforms-field-large wpforms-field-required\" name=\"wpforms[fields][4]\" aria-errormessage=\"wpforms-16559-field_4-error\" required><\/div><div id=\"wpforms-16559-field_2-container\" class=\"wpforms-field wpforms-field-textarea\" data-field-id=\"2\"><label class=\"wpforms-field-label\" for=\"wpforms-16559-field_2\">Besked <span class=\"wpforms-required-label\" aria-hidden=\"true\">*<\/span><\/label><textarea id=\"wpforms-16559-field_2\" class=\"wpforms-field-small wpforms-field-required\" name=\"wpforms[fields][2]\" aria-errormessage=\"wpforms-16559-field_2-error\" required><\/textarea><\/div><div id=\"wpforms-16559-field_14-container\" class=\"wpforms-field wpforms-field-gdpr-checkbox\" data-field-id=\"14\"><label class=\"wpforms-field-label\">GDPR <span class=\"wpforms-required-label\" aria-hidden=\"true\">*<\/span><\/label><ul id=\"wpforms-16559-field_14\" class=\"wpforms-field-required\"><li class=\"choice-1\"><input type=\"checkbox\" id=\"wpforms-16559-field_14_1\" name=\"wpforms[fields][14][]\" value=\"Jeg giver samtykke til, at denne hjemmeside gemmer mine indsendte oplysninger, s\u00e5 de kan svare p\u00e5 min foresp\u00f8rgsel.\" aria-errormessage=\"wpforms-16559-field_14_1-error\" aria-describedby=\"wpforms-16559-field_14-description\" required ><label class=\"wpforms-field-label-inline\" for=\"wpforms-16559-field_14_1\">Jeg giver samtykke til, at denne hjemmeside gemmer mine indsendte oplysninger, s\u00e5 de kan svare p\u00e5 min foresp\u00f8rgsel.<\/label><\/li><\/ul><div id=\"wpforms-16559-field_14-description\" class=\"wpforms-field-description\">Du kan l\u00e6se mere om vores behandling af dine personlige oplysninger og cookies <a href=\"https:\/\/www.delfi.com\/da\/privatlivspolitik\/\">her.<\/a><\/div><\/div><\/div><!-- .wpforms-field-container --><div class=\"wpforms-submit-container\" ><input type=\"hidden\" name=\"wpforms[id]\" value=\"16559\"><input type=\"hidden\" name=\"page_title\" value=\"\"><input type=\"hidden\" name=\"page_url\" value=\"https:\/\/www.delfi.com\/da\/wp-json\/wp\/v2\/pages\/16478\"><input type=\"hidden\" name=\"url_referer\" value=\"\"><button type=\"submit\" name=\"wpforms[submit]\" id=\"wpforms-submit-16559\" class=\"wpforms-submit\" data-alt-text=\"Sender...\" data-submit-text=\"Send\" aria-live=\"assertive\" value=\"wpforms-submit\">Send<\/button><img loading=\"lazy\" decoding=\"async\" src=\"https:\/\/www.delfi.com\/wp-content\/plugins\/wpforms\/assets\/images\/submit-spin.svg\" class=\"wpforms-submit-spinner\" style=\"display: none;\" width=\"26\" height=\"26\" alt=\"Loading\" title=\"\"><\/div><\/form><\/div>  <!-- .wpforms-container -->[\/vc_column][\/vc_row]<\/div><\/div>[\/vc_column_text][\/vc_column][\/vc_row]<\/p>\n<\/div>","protected":false},"excerpt":{"rendered":"<p>P\u00e5 dit hovedkontor er alt du beh\u00f8ver en server og en PC til at skabe i\u00f8jnefaldende designskabeloner, som kan sendes til hvilken som helst hyldeforkant p\u00e5 alle tilsluttede butikker. Softwaren er nem at bruge og linke til det centrale ERP og andre datakilder.<\/p>\n","protected":false},"author":5,"featured_media":18163,"parent":0,"menu_order":0,"comment_status":"closed","ping_status":"closed","template":"","meta":{"_acf_changed":false,"cybocfi_hide_featured_image":"yes","footnotes":""},"class_list":["post-16478","page","type-page","status-publish","has-post-thumbnail","hentry"],"acf":[],"_links":{"self":[{"href":"https:\/\/www.delfi.com\/da\/wp-json\/wp\/v2\/pages\/16478","targetHints":{"allow":["GET"]}}],"collection":[{"href":"https:\/\/www.delfi.com\/da\/wp-json\/wp\/v2\/pages"}],"about":[{"href":"https:\/\/www.delfi.com\/da\/wp-json\/wp\/v2\/types\/page"}],"author":[{"embeddable":true,"href":"https:\/\/www.delfi.com\/da\/wp-json\/wp\/v2\/users\/5"}],"replies":[{"embeddable":true,"href":"https:\/\/www.delfi.com\/da\/wp-json\/wp\/v2\/comments?post=16478"}],"version-history":[{"count":1,"href":"https:\/\/www.delfi.com\/da\/wp-json\/wp\/v2\/pages\/16478\/revisions"}],"predecessor-version":[{"id":79685,"href":"https:\/\/www.delfi.com\/da\/wp-json\/wp\/v2\/pages\/16478\/revisions\/79685"}],"wp:featuredmedia":[{"embeddable":true,"href":"https:\/\/www.delfi.com\/da\/wp-json\/wp\/v2\/media\/18163"}],"wp:attachment":[{"href":"https:\/\/www.delfi.com\/da\/wp-json\/wp\/v2\/media?parent=16478"}],"curies":[{"name":"wp","href":"https:\/\/api.w.org\/{rel}","templated":true}]}}