{"id":21953,"date":"2023-07-18T10:57:35","date_gmt":"2023-07-18T08:57:35","guid":{"rendered":"https:\/\/www.delfi.com\/soti-mobile-device-management\/"},"modified":"2026-03-20T14:06:03","modified_gmt":"2026-03-20T13:06:03","slug":"soti-mobile-device-management","status":"publish","type":"page","link":"https:\/\/www.delfi.com\/da\/soti-mobile-device-management","title":{"rendered":"SOTI &#8211; Mobile Device Management"},"content":{"rendered":"<div class=\"wpb-content-wrapper\"><p>[vc_row][vc_column][vc_column_text css=&#8221;&#8221; css_params=&#8221;&#8221;]<\/p>\n<h1>SOTI &#8211; Mobile Device Management<\/h1>\n<p>Delfi Technologies anbefaler SOTI MobiControl software til alle Enterprise installationer, da man opn\u00e5r fordelene ved en centralstyret overv\u00e5gning, softwareopdateringer og fjernstyring af alle ens enheder, uanset om man har Android, iOS og\/eller Windows enheder.&nbsp;SOTI er bredt kendt og anerkendt som en af de f\u00f8rende inden for <a href=\"https:\/\/www.delfi.com\/da\/losninger\/mdm-software\">Mobile Device Management (MDM)<\/a>, uanset om det er en gammel WinCE eller en ny Android&nbsp;<a href=\"https:\/\/shop.delfi.com\/da\/kategori\/haandterminaler-pda\/\" target=\"_blank\" rel=\"noopener\">h\u00e5ndterminal<\/a>, PDA, telefon eller computer.<\/p>\n<p>Globalt har over 17.000 firmaer valgt SOTI til at f\u00f8re deres strategi for mobile enheder, applikationer, indhold og Internet of Things ud i livet. En bred indsigt i branchen&nbsp;og teknologiske partnerskaber giver SOTI en unik indsigt i&nbsp;trends og fremtidens l\u00f8sninger. SOTI\u2019s engagement inden for udvikling sikrer, at din forretning altid er et skridt foran med de l\u00f8sninger, der sikrer dig uanede muligheder.<\/p>\n<p>SOTI MobiControl kan bruges p\u00e5 b\u00e5de sm\u00e5 og store installationer, og kan installeres b\u00e5de on premesis eller det kan hostes som en cloud l\u00f8sning.<\/p>\n<h2>Fordele ved en SOTI-l\u00f8sning<\/h2>\n<p>Der er en&nbsp;r\u00e6kke fordele ved at v\u00e6lge en SOTI l\u00f8sning gennem Delfi Technologies, specielt hvis man r\u00e5der over flere mobile enheder og&nbsp;\u00f8nsker at arbejde&nbsp;optimalt&nbsp;med&nbsp;programmer, der altid er opdaterede.<\/p>\n<p><strong>SOTI s\u00f8rger for at du opn\u00e5r fuld udnyttelse af din investering med f\u00f8lgende features:&nbsp; &nbsp;<\/strong><\/p>\n<ul>\n<li>Underst\u00f8tter nyeste Windows\/Android\/iOs p\u00e5 enheder som mobiler, PDA&#8217;er, tablets og b\u00e6rbare PC&#8217;er<\/li>\n<li>Altid opdateret software<\/li>\n<li>Eget visuel-&nbsp;og programdesign &#8211;&nbsp;Lock down (central kontrol over programflade p\u00e5 enheder&nbsp;samt mulighed for eget visuelt design)<\/li>\n<li>Fjernkontrol af enhed(er)<\/li>\n<li>Sikkerhed for virusangreb<\/li>\n<li>Geo fencing (GPS&nbsp;afsk\u00e6rmning \u201dsecured area\u201d, n\u00e5r man kommer udenfor afgr\u00e6nset omr\u00e5de, hvilket giver st\u00f8rre sikkerhed)<\/li>\n<li>Underst\u00f8tter forskellige browsere: Google Chrome,&nbsp;Internet Explore (9+)&nbsp;og&nbsp;Mozilla Firefox<\/li>\n<\/ul>\n<p>Hos Delfi Technologies&nbsp;har vi over en \u00e5rr\u00e6kke opbygget en stor viden og kompetence inden for SOTI, og vi st\u00e5r derfor klar til at r\u00e5dgive og bygge en skr\u00e6ddersyet l\u00f8sning sammen med dig.<\/p>\n<p><strong>Kontakt os for mere information:<\/strong><\/p>\n<ul>\n<li>Salgsafdeling: Tlf.: +45 70 22 25 55, e-mail: info@delfi.com<\/li>\n<\/ul>\n<p>[\/vc_column_text][\/vc_column][\/vc_row][vc_row][vc_column][vc_video link=&#8221;https:\/\/youtu.be\/hML4hxs0oD0&#8243; align=&#8221;center&#8221;][\/vc_column][\/vc_row]<\/p>\n<\/div>","protected":false},"excerpt":{"rendered":"<p>Styr dine Android-enheder centralt med SOTI &#8211; en gennempr\u00f8vet innovator og leder inden for mobilitet og IoT-styring, uanset om enheden er en PDA, telefon eller computer.<\/p>\n","protected":false},"author":3,"featured_media":14822,"parent":0,"menu_order":0,"comment_status":"closed","ping_status":"closed","template":"","meta":{"_acf_changed":false,"cybocfi_hide_featured_image":"yes","footnotes":""},"class_list":["post-21953","page","type-page","status-publish","has-post-thumbnail","hentry"],"acf":[],"_links":{"self":[{"href":"https:\/\/www.delfi.com\/da\/wp-json\/wp\/v2\/pages\/21953","targetHints":{"allow":["GET"]}}],"collection":[{"href":"https:\/\/www.delfi.com\/da\/wp-json\/wp\/v2\/pages"}],"about":[{"href":"https:\/\/www.delfi.com\/da\/wp-json\/wp\/v2\/types\/page"}],"author":[{"embeddable":true,"href":"https:\/\/www.delfi.com\/da\/wp-json\/wp\/v2\/users\/3"}],"replies":[{"embeddable":true,"href":"https:\/\/www.delfi.com\/da\/wp-json\/wp\/v2\/comments?post=21953"}],"version-history":[{"count":1,"href":"https:\/\/www.delfi.com\/da\/wp-json\/wp\/v2\/pages\/21953\/revisions"}],"predecessor-version":[{"id":79676,"href":"https:\/\/www.delfi.com\/da\/wp-json\/wp\/v2\/pages\/21953\/revisions\/79676"}],"wp:featuredmedia":[{"embeddable":true,"href":"https:\/\/www.delfi.com\/da\/wp-json\/wp\/v2\/media\/14822"}],"wp:attachment":[{"href":"https:\/\/www.delfi.com\/da\/wp-json\/wp\/v2\/media?parent=21953"}],"curies":[{"name":"wp","href":"https:\/\/api.w.org\/{rel}","templated":true}]}}