{"id":26462,"date":"2023-10-24T14:55:50","date_gmt":"2023-10-24T12:55:50","guid":{"rendered":"https:\/\/www.delfi.com\/breece-garantiopslag\/"},"modified":"2026-03-20T14:08:48","modified_gmt":"2026-03-20T13:08:48","slug":"breece-garantiopslag","status":"publish","type":"page","link":"https:\/\/www.delfi.com\/da\/breece-garantiopslag","title":{"rendered":"Breece garantiopslag"},"content":{"rendered":"<div class=\"wpb-content-wrapper\"><p>[vc_row][vc_column][vc_column_text css=&#8221;&#8221; css_params=&#8221;&#8221;]<\/p>\n<h1>Breece garantiopslag<\/h1>\n<p>Check om dit ESL display er inden for den gyldige produktgarantiperiode.<\/p>\n<p><strong>Scan displayets serienummer<\/strong><br \/>\nS\u00f8g efter din ESL ved blot at skrive eller scanne displayets serienummer i feltet nedenfor &#8211; og tryk p\u00e5 &#8220;Search&#8221;.<\/p>\n<p><strong>Upload tekstfil<\/strong><br \/>\nMed knappen &#8220;Upload file&#8221; kan du ogs\u00e5 uploade en tekstfil (.txt), der indeholder en liste med mange serienumre p\u00e5 \u00e9n gang (listen skal indeholde \u00e9t serienummer pr. linje).<\/p>\n<p><strong>Download resultater<\/strong><br \/>\nS\u00f8geresultater kan downloades som en fil ved at klikke p\u00e5 knappen &#8220;Download&#8221;.[\/vc_column_text][\/vc_column][\/vc_row][vc_row][vc_column][vc_column_text]<iframe loading=\"lazy\" src=\"https:\/\/warranty.breecesystem.com\/\" width=\"1200\" height=\"1000\" frameborder=\"0\" scrolling=\"yes\"><\/iframe>[\/vc_column_text][\/vc_column][\/vc_row]<\/p>\n<\/div>","protected":false},"excerpt":{"rendered":"<p>[vc_row][vc_column][vc_column_text css=&#8221;&#8221; css_params=&#8221;&#8221;] Breece garantiopslag Check om dit ESL display er inden for den gyldige produktgarantiperiode. Scan displayets serienummer S\u00f8g efter din ESL ved blot at skrive eller scanne displayets serienummer i feltet nedenfor &#8211; og tryk p\u00e5 &#8220;Search&#8221;. Upload tekstfil Med knappen &#8220;Upload file&#8221; kan du ogs\u00e5 uploade en tekstfil (.txt), der indeholder en [&hellip;]<\/p>\n","protected":false},"author":5,"featured_media":0,"parent":0,"menu_order":0,"comment_status":"closed","ping_status":"closed","template":"","meta":{"_acf_changed":false,"cybocfi_hide_featured_image":"","footnotes":""},"class_list":["post-26462","page","type-page","status-publish","hentry"],"acf":[],"_links":{"self":[{"href":"https:\/\/www.delfi.com\/da\/wp-json\/wp\/v2\/pages\/26462","targetHints":{"allow":["GET"]}}],"collection":[{"href":"https:\/\/www.delfi.com\/da\/wp-json\/wp\/v2\/pages"}],"about":[{"href":"https:\/\/www.delfi.com\/da\/wp-json\/wp\/v2\/types\/page"}],"author":[{"embeddable":true,"href":"https:\/\/www.delfi.com\/da\/wp-json\/wp\/v2\/users\/5"}],"replies":[{"embeddable":true,"href":"https:\/\/www.delfi.com\/da\/wp-json\/wp\/v2\/comments?post=26462"}],"version-history":[{"count":1,"href":"https:\/\/www.delfi.com\/da\/wp-json\/wp\/v2\/pages\/26462\/revisions"}],"predecessor-version":[{"id":79686,"href":"https:\/\/www.delfi.com\/da\/wp-json\/wp\/v2\/pages\/26462\/revisions\/79686"}],"wp:attachment":[{"href":"https:\/\/www.delfi.com\/da\/wp-json\/wp\/v2\/media?parent=26462"}],"curies":[{"name":"wp","href":"https:\/\/api.w.org\/{rel}","templated":true}]}}