{"id":27411,"date":"2023-11-01T10:26:19","date_gmt":"2023-11-01T10:26:19","guid":{"rendered":"https:\/\/www.delfi.com\/?page_id=27411"},"modified":"2026-03-20T14:05:33","modified_gmt":"2026-03-20T13:05:33","slug":"cookiepolitik","status":"publish","type":"page","link":"https:\/\/www.delfi.com\/da\/cookiepolitik","title":{"rendered":"Cookiepolitik"},"content":{"rendered":"<div class=\"wpb-content-wrapper\"><p>[vc_row][vc_column][vc_column_text css=&#8221;&#8221; css_params=&#8221;&#8221;]<\/p>\n<h1>Cookiepolitik<\/h1>\n<p>For at forbedre din oplevelse bruger vi ligesom de fleste professionelle websites cookies. Cookies er sm\u00e5 filer, der downloades p\u00e5 din computer. Denne side beskriver de oplysninger, de indsamler, hvordan vi bruger dem, og hvorfor vi nogle gange har brug for at gemme disse cookies. Vi fort\u00e6ller ogs\u00e5, hvordan du kan forhindre cookies I at blive gemt. Dette kan dog forringe eller &#8220;\u00f8del\u00e6gge&#8221; visse dele af websitets funktionalitet. Se&nbsp;<a href=\"http:\/\/en.wikipedia.org\/wiki\/HTTP_cookie\" data-cke-saved-href=\"http:\/\/en.wikipedia.org\/wiki\/HTTP_cookie\" data-cke-saved- target=\"_blank\" rel=\"noopener\">wikipedias artikel om http-cookies<\/a>, hvis du vil have flere oplysninger om cookies generelt.<\/p>\n<h2>Ejeroplysninger<\/h2>\n<p>Hjemmesiden ejes og publiceres af:<\/p>\n<p>Delfi Technologies A\/S<br \/>\nValdemarshaab 11<br \/>\n4600 K\u00f8ge<br \/>\nTelefon: 70 222 555<br \/>\nE-mail: <a href=\"mailto:info@delfi.com\">info@delfi.com<\/a><\/p>\n<h2>S\u00e5dan bruger vi cookies<\/h2>\n<p>Vi bruger cookies af forskellige \u00e5rsager, som beskrives nedenfor. Desv\u00e6rre er der I de fleste tilf\u00e6lde ingen standardmuligheder I branchen for at deaktivere cookies uden ogs\u00e5 helt at deaktivere den funktionalitet, de tilf\u00f8rer sitet. Hvis du er I tvivl, anbefales det, at du beholder alle cookies, da de kan bruges til at levere en tjeneste til dig.<\/p>\n<h2>Deaktivering af cookies<\/h2>\n<p>Du kan undg\u00e5 cookies p\u00e5 din computer ved at tilpasse dine browserindstillinger (se din browsers hj\u00e6lpeartikler). V\u00e6r opm\u00e6rksom p\u00e5, at deaktivering af cookies p\u00e5virker funktionaliteten af dette og mange andre websites, du bes\u00f8ger. Deaktivering af cookies vil normalt ogs\u00e5 medf\u00f8re deaktivering af visse funktioner p\u00e5 sitet. Det anbefales derfor, at du ikke deaktiverer cookies.<\/p>\n<h2>Vores cookies<\/h2>\n<p>Hvis du opretter en konto hos os, bruger vi cookies til at styre registreringsprocessen og til generel administration. Disse cookies slettes normalt, n\u00e5r du logger ud, men I nogle tilf\u00e6lde bliver de der for at huske dine pr\u00e6ferencer p\u00e5 websitet, efter du er logget ud.<\/p>\n<p>Vi bruger cookies, n\u00e5r du er logget ind, s\u00e5 vi kan huske det. Det forhindrer dig I at skulle logge ind, hver gang du g\u00e5r til en ny side. Disse cookies bliver typisk fjernet eller ryddet, n\u00e5r du logger ud, s\u00e5 vi kan sikre, at du kun har adgang til begr\u00e6nsede funktioner og omr\u00e5der, n\u00e5r du er logget ind.<\/p>\n<p>Websitet indeholder tjenester til nyhedsbrev- og e-mailabonnement, og der kan bruges cookies til at huske, om du allerede er tilmeldt, og om der skal vises bestemte notifikationer, afh\u00e6ngigt af om du er tilmeldt eller ej.<\/p>\n<p>Fra tid til anden tilbyder vi brugerunders\u00f8gelser og sp\u00f8rgeskemaer for at give dig sp\u00e6ndende viden og nyttige v\u00e6rkt\u00f8jer eller for at f\u00e5 en st\u00f8rre forst\u00e5else af vores brugergrundlag. Disse unders\u00f8gelser kan bruge cookies til at huske, om du allerede har deltaget, eller til at give dig n\u00f8jagtige resultater, n\u00e5r du er g\u00e5et til en ny side.<\/p>\n<p>N\u00e5r du sender data via f.eks. Kontakt- eller kommentarformularer, kan der s\u00e6ttes cookies for at huske dine brugeroplysninger til fremtidig korrespondance.<\/p>\n<p>For at give dig en god oplevelse p\u00e5 sitet tilbyder vi en funktion til indstilling af dine pr\u00e6ferencer for, hvordan dette site k\u00f8rer, n\u00e5r du bruger det. For at kunne huske dine pr\u00e6ferencer er vi n\u00f8dt til at bruge cookies, s\u00e5 oplysningerne kan hentes, s\u00e5 snart du bruger en side, der p\u00e5virkes af pr\u00e6ferencerne.<\/p>\n<h2>Tredjepartscookies<\/h2>\n<p>I s\u00e6rlige tilf\u00e6lde bruger vi ogs\u00e5 cookies fra betroede tredjeparter. I f\u00f8lgende afsnit beskrives, hvilke tredjepartscookies du kan st\u00f8de p\u00e5 p\u00e5 dette website.<\/p>\n<p>For at hj\u00e6lpe os med at forst\u00e5, hvordan du bruger websitet, og hvordan vi kan forbedre din oplevelse, anvender sitet Google Analytics, som er en af de mest udbredte og p\u00e5lidelige analysel\u00f8sninger p\u00e5 internettet. Disse cookies kan bl.a.&nbsp;registrere, hvor lang tid du bruger p\u00e5 sitet, og hvilke sider du bruger, s\u00e5 vi fortsat kan producere interessant indhold.<\/p>\n<p>Se den officielle Google Analytics-side, hvis du vil have flere oplysninger om cookies fra Google Analytics. Tredjepartsanalyser bruges til at registrere og m\u00e5le brugen af websitet, s\u00e5 vi fortsat kan producere interessant indhold. Tredjepartscookies kan f. eks. registrere, hvor meget tid du bruger p\u00e5 sitet, eller hvilke sider du bes\u00f8ger.<\/p>\n<p>Dette hj\u00e6lper os til at forst\u00e5, hvordan vi kan forbedre websitet for dig. Fra tid til anden tester vi nye funktioner og laver sm\u00e5 \u00e6ndringer I den m\u00e5de, websitet leveres p\u00e5. Mens vi tester nye funktioner, kan tredjepartscookies bruges til at sikre, at du f\u00e5r en ensartet oplevelse p\u00e5 sitet, samtidig med at vi f\u00e5r viden om, hvilke optimeringer vores brugere v\u00e6rds\u00e6tter mest.<\/p>\n<p>Vi bruger ogs\u00e5 knapper og\/eller plug-ins til sociale medier p\u00e5 dette site, s\u00e5 du kan oprette forbindelse til dit sociale netv\u00e6rk p\u00e5 forskellige m\u00e5der. Derfor s\u00e6tter websitene for de sociale medier, herunder facebook, linkedin og youtube, cookies gennem vores site, som kan bruges til at forbedre din profil p\u00e5 deres site eller bidrage til de data, som de opbevarer til forskellige form\u00e5l som skitseret I deres respektive fortrolighedspolitikker.<\/p>\n<h2>Sikkerhed<\/h2>\n<p>Dine oplysninger er teknisk sikre hos os, s\u00e5 de ikke misbruges, offentligg\u00f8res eller l\u00e6kkes til uvedkommende. Alle data transmitteres over en sikker krypteret forbindelse (SSL \/ HTTPS).<\/p>\n<h2>Periode for opbevaring<\/h2>\n<p>Vi opbevarer oplysningerne i det tidsrum, der er tilladt i henhold til g\u00e6ldende lovgivning. N\u00e5r de ikke l\u00e6ngere er n\u00f8dvendige, sletter vi dem.<\/p>\n<h2>Flere oplysninger<\/h2>\n<p>Dette har forh\u00e5bentlig afklaret nogle ting for dig, og som tidligere n\u00e6vnt er det som regel sikrere at beholde cookies, hvis du er I tvivl. De kan nemlig have indflydelse p\u00e5 de funktioner, du bruger p\u00e5 vores site. Hvis du \u00f8nsker flere oplysninger, kan du dog altid kontakte os gennem en af vores foretrukne kontaktveje.[\/vc_column_text][\/vc_column][\/vc_row]<\/p>\n<\/div>","protected":false},"excerpt":{"rendered":"<p>For at forbedre din oplevelse bruger vi ligesom de fleste professionelle websites cookies. Se vores cookiepolitik her.<\/p>\n","protected":false},"author":5,"featured_media":27412,"parent":0,"menu_order":0,"comment_status":"closed","ping_status":"closed","template":"","meta":{"_acf_changed":false,"cybocfi_hide_featured_image":"yes","footnotes":""},"class_list":["post-27411","page","type-page","status-publish","has-post-thumbnail","hentry"],"acf":[],"_links":{"self":[{"href":"https:\/\/www.delfi.com\/da\/wp-json\/wp\/v2\/pages\/27411","targetHints":{"allow":["GET"]}}],"collection":[{"href":"https:\/\/www.delfi.com\/da\/wp-json\/wp\/v2\/pages"}],"about":[{"href":"https:\/\/www.delfi.com\/da\/wp-json\/wp\/v2\/types\/page"}],"author":[{"embeddable":true,"href":"https:\/\/www.delfi.com\/da\/wp-json\/wp\/v2\/users\/5"}],"replies":[{"embeddable":true,"href":"https:\/\/www.delfi.com\/da\/wp-json\/wp\/v2\/comments?post=27411"}],"version-history":[{"count":1,"href":"https:\/\/www.delfi.com\/da\/wp-json\/wp\/v2\/pages\/27411\/revisions"}],"predecessor-version":[{"id":79673,"href":"https:\/\/www.delfi.com\/da\/wp-json\/wp\/v2\/pages\/27411\/revisions\/79673"}],"wp:featuredmedia":[{"embeddable":true,"href":"https:\/\/www.delfi.com\/da\/wp-json\/wp\/v2\/media\/27412"}],"wp:attachment":[{"href":"https:\/\/www.delfi.com\/da\/wp-json\/wp\/v2\/media?parent=27411"}],"curies":[{"name":"wp","href":"https:\/\/api.w.org\/{rel}","templated":true}]}}