{"id":30672,"date":"2023-12-05T11:59:37","date_gmt":"2023-12-05T11:59:37","guid":{"rendered":"https:\/\/www.delfi.com\/?page_id=30672"},"modified":"2026-03-20T14:10:39","modified_gmt":"2026-03-20T13:10:39","slug":"elektronisk-signatur","status":"publish","type":"page","link":"https:\/\/www.delfi.com\/da\/elektronisk-signatur","title":{"rendered":"Elektronisk signatur"},"content":{"rendered":"<div class=\"wpb-content-wrapper\"><p>[vc_row][vc_column][vc_column_text css=&#8221;&#8221; css_params=&#8221;&#8221;]<\/p>\n<h1>Tak for din elektroniske signatur!<\/h1>\n<p>Dine informationer vil nu blive behandlet, og vi kontakter dig hvis der er behov for yderligere koordinering.[\/vc_column_text][vc_column_text]<\/p>\n<h2>Brug for hj\u00e6lp?<\/h2>\n<p>T\u00f8v ikke med at kontakte os for yderligere assistance eller sp\u00f8rgsm\u00e5l.[\/vc_column_text][\/vc_column][\/vc_row][vc_row][vc_column][vc_btn title=&#8221;FInd kontaktinformation&#8221; color=&#8221;sky&#8221; link=&#8221;url:https%3A%2F%2Fwww.delfi.com%2Fda%2Fkontakt-os%2F|title:Kontakt%20os&#8221;][vc_btn title=&#8221;G\u00e5 til support&#8221; color=&#8221;sky&#8221; link=&#8221;url:https%3A%2F%2Fwww.delfi.com%2Fda%2Fsupport%2F|title:Kontakt%20os&#8221;][\/vc_column][\/vc_row]<\/p>\n<\/div>","protected":false},"excerpt":{"rendered":"<p>[vc_row][vc_column][vc_column_text css=&#8221;&#8221; css_params=&#8221;&#8221;] Tak for din elektroniske signatur! Dine informationer vil nu blive behandlet, og vi kontakter dig hvis der er behov for yderligere koordinering.[\/vc_column_text][vc_column_text] Brug for hj\u00e6lp? T\u00f8v ikke med at kontakte os for yderligere assistance eller sp\u00f8rgsm\u00e5l.[\/vc_column_text][\/vc_column][\/vc_row][vc_row][vc_column][vc_btn title=&#8221;FInd kontaktinformation&#8221; color=&#8221;sky&#8221; link=&#8221;url:https%3A%2F%2Fwww.delfi.com%2Fda%2Fkontakt-os%2F|title:Kontakt%20os&#8221;][vc_btn title=&#8221;G\u00e5 til support&#8221; color=&#8221;sky&#8221; link=&#8221;url:https%3A%2F%2Fwww.delfi.com%2Fda%2Fsupport%2F|title:Kontakt%20os&#8221;][\/vc_column][\/vc_row]<\/p>\n","protected":false},"author":5,"featured_media":0,"parent":0,"menu_order":0,"comment_status":"closed","ping_status":"closed","template":"","meta":{"_acf_changed":false,"cybocfi_hide_featured_image":"","footnotes":""},"class_list":["post-30672","page","type-page","status-publish","hentry"],"acf":[],"_links":{"self":[{"href":"https:\/\/www.delfi.com\/da\/wp-json\/wp\/v2\/pages\/30672","targetHints":{"allow":["GET"]}}],"collection":[{"href":"https:\/\/www.delfi.com\/da\/wp-json\/wp\/v2\/pages"}],"about":[{"href":"https:\/\/www.delfi.com\/da\/wp-json\/wp\/v2\/types\/page"}],"author":[{"embeddable":true,"href":"https:\/\/www.delfi.com\/da\/wp-json\/wp\/v2\/users\/5"}],"replies":[{"embeddable":true,"href":"https:\/\/www.delfi.com\/da\/wp-json\/wp\/v2\/comments?post=30672"}],"version-history":[{"count":1,"href":"https:\/\/www.delfi.com\/da\/wp-json\/wp\/v2\/pages\/30672\/revisions"}],"predecessor-version":[{"id":79691,"href":"https:\/\/www.delfi.com\/da\/wp-json\/wp\/v2\/pages\/30672\/revisions\/79691"}],"wp:attachment":[{"href":"https:\/\/www.delfi.com\/da\/wp-json\/wp\/v2\/media?parent=30672"}],"curies":[{"name":"wp","href":"https:\/\/api.w.org\/{rel}","templated":true}]}}