{"id":68803,"date":"2025-10-01T11:47:23","date_gmt":"2025-10-01T09:47:23","guid":{"rendered":"https:\/\/www.delfi.com\/?page_id=68803"},"modified":"2026-03-20T14:06:08","modified_gmt":"2026-03-20T13:06:08","slug":"ls","status":"publish","type":"page","link":"https:\/\/www.delfi.com\/da\/ls","title":{"rendered":"Leverand\u00f8rservice"},"content":{"rendered":"<div class=\"wpb-content-wrapper\"><p>[vc_row][vc_column][vc_column_text css=&#8221;&#8221; css_params=&#8221;&#8221;]<\/p>\n<h1 class=\"has-quaternary-color has-text-color has-large-font-size\"><strong>Leverand\u00f8rservice<\/strong><\/h1>\n<p>Hos Delfi Technologies A\/S tilbyder vi&nbsp;Leverand\u00f8rService i samarbejde med Nets.<\/p>\n<p><strong>Hvad er Leverand\u00f8rService?<\/strong><br \/>\nLeverand\u00f8rService er en aftale mellem erhvervsvirksomheder, der fungerer efter samme princip, som n\u00e5r man tilmelder sig betalingsservice.. N\u00e5r tilmeldingen er registreret hos Nets, vil faktura- og\/eller kreditnotabel\u00f8b blive trukket\/indsat p\u00e5 tilmeldte konto p\u00e5 forfaldsdatoen.<\/p>\n<p><strong>Hvordan fungerer Leverand\u00f8rService?<\/strong><br \/>\nDelfi fremsender en faktura, hvoraf det fremg\u00e5r, p\u00e5 hvilken dato bel\u00f8bet tr\u00e6kkes. Helt frem til 2 dage efter betalingen er gennemf\u00f8rt, er det muligt at standse en betaling. Hvis betalingen allerede er gennemf\u00f8rt, vil pengene blive tilbagef\u00f8rt p\u00e5 den tilmeldte konto. Leverand\u00f8rService er en aftale, der bygger p\u00e5 gensidig tillid. Derfor forbeholder Delfi sig ret til at opsige aftalen, hvis betaling afvises uretm\u00e6ssigt eller ved manglende d\u00e6kning p\u00e5 kontoen.<\/p>\n<p><strong>Hvorfor tilbyder Delfi Technologies A\/S Leverand\u00f8rService?<\/strong><br \/>\nVi \u00f8nsker at styrke det t\u00e6tte samarbejde med vores kunder ved at forenkle de omr\u00e5der, der kr\u00e6ver b\u00e5de tid og administration.<\/p>\n<p>N\u00e5r betalinger sker automatisk, det g\u00e6lder b\u00e5de faktura- og kreditnotabel\u00f8b, spares tid p\u00e5 at betale indbetalingskort&nbsp;eller overf\u00f8re penge i netbank.<\/p>\n<p><strong>Der er mange gode grunde til at anvende Leverand\u00f8rService:&nbsp;<\/strong><\/p>\n<ul class=\"wp-block-list\">\n<li>Betalinger sker til tiden \u2013 hverken f\u00f8r eller senere<\/li>\n<li>Undg\u00e5 rykkere og rentetilskrivninger<\/li>\n<li>Undg\u00e5 stop i leverancen<\/li>\n<li>Lettere og hurtigere administration<\/li>\n<li>Automatisk udbetaling af kreditnotaer<\/li>\n<\/ul>\n<p><strong>St\u00f8rre overblik<\/strong><br \/>\nLeverand\u00f8rService kan integreres med \u00f8konomisystemet. Det giver en lettere og mere effektiv administration.<\/p>\n<p><strong>Sikkerhed og opbevaring af fortrolige oplysninger:<\/strong><br \/>\nDine oplysninger er fortrolige og sendes p\u00e5 samme sikre m\u00e5de, som bruges til betalinger via internettet.<\/p>\n<p>I bunden af tilmeldingsvinduet ses et lille h\u00e6ngel\u00e5s-ikon, som viser, at du er p\u00e5 en sikker server.<\/p>\n<p>Desuden foreg\u00e5r din tilmelding p\u00e5 en krypteret linje. Det vil sige, at ingen kan l\u00e6se eller inds\u00e6tte oplysninger i de informationer, der udveksles mellem dig og Nets. Dine oplysninger bliver s\u00e5ledes h\u00e5ndteret fuldt fortroligt. Oplysninger bliver sendt direkte til Nets.[\/vc_column_text][\/vc_column][\/vc_row][vc_row][vc_column][vc_btn title=&#8221;Leverand\u00f8rService online tilmelding&#8221; color=&#8221;primary&#8221; link=&#8221;url:https%3A%2F%2Fsignup.leverandoerservice.dk%2F%3F%26pbs%3D95c8adf10015989ec670cf519deb7309%26dbnr%3D&#8221; css_params=&#8221;&#8221;][\/vc_column][\/vc_row]<\/p>\n<\/div>","protected":false},"excerpt":{"rendered":"<p>[vc_row][vc_column][vc_column_text css=&#8221;&#8221; css_params=&#8221;&#8221;] Leverand\u00f8rservice Hos Delfi Technologies A\/S tilbyder vi&nbsp;Leverand\u00f8rService i samarbejde med Nets. Hvad er Leverand\u00f8rService? Leverand\u00f8rService er en aftale mellem erhvervsvirksomheder, der fungerer efter samme princip, som n\u00e5r man tilmelder sig betalingsservice.. N\u00e5r tilmeldingen er registreret hos Nets, vil faktura- og\/eller kreditnotabel\u00f8b blive trukket\/indsat p\u00e5 tilmeldte konto p\u00e5 forfaldsdatoen. Hvordan fungerer Leverand\u00f8rService? Delfi [&hellip;]<\/p>\n","protected":false},"author":1,"featured_media":0,"parent":0,"menu_order":8,"comment_status":"closed","ping_status":"closed","template":"","meta":{"_acf_changed":false,"cybocfi_hide_featured_image":"","footnotes":""},"class_list":["post-68803","page","type-page","status-publish","hentry"],"acf":[],"_links":{"self":[{"href":"https:\/\/www.delfi.com\/da\/wp-json\/wp\/v2\/pages\/68803","targetHints":{"allow":["GET"]}}],"collection":[{"href":"https:\/\/www.delfi.com\/da\/wp-json\/wp\/v2\/pages"}],"about":[{"href":"https:\/\/www.delfi.com\/da\/wp-json\/wp\/v2\/types\/page"}],"author":[{"embeddable":true,"href":"https:\/\/www.delfi.com\/da\/wp-json\/wp\/v2\/users\/1"}],"replies":[{"embeddable":true,"href":"https:\/\/www.delfi.com\/da\/wp-json\/wp\/v2\/comments?post=68803"}],"version-history":[{"count":1,"href":"https:\/\/www.delfi.com\/da\/wp-json\/wp\/v2\/pages\/68803\/revisions"}],"predecessor-version":[{"id":79677,"href":"https:\/\/www.delfi.com\/da\/wp-json\/wp\/v2\/pages\/68803\/revisions\/79677"}],"wp:attachment":[{"href":"https:\/\/www.delfi.com\/da\/wp-json\/wp\/v2\/media?parent=68803"}],"curies":[{"name":"wp","href":"https:\/\/api.w.org\/{rel}","templated":true}]}}