{"id":13508,"date":"2023-07-17T08:16:53","date_gmt":"2023-07-17T06:16:53","guid":{"rendered":"https:\/\/www.delfi.com\/ueber-delfi-technologies\/"},"modified":"2026-03-13T13:37:41","modified_gmt":"2026-03-13T12:37:41","slug":"ueber-delfi-technologies","status":"publish","type":"page","link":"https:\/\/www.delfi.com\/de\/ueber-delfi-technologies","title":{"rendered":"\u00dcber Delfi Technologies"},"content":{"rendered":"<div class=\"wpb-content-wrapper\"><p>[vc_row css=&#8221;.vc_custom_1747909243136{padding-top: 100px !important;padding-bottom: 100px !important;}&#8221; conditional_render=&#8221;%5B%7B%22value_role%22%3A%22administrator%22%7D%5D&#8221; css_params=&#8221;&#8221;][vc_column width=&#8221;1\/6&#8243;][\/vc_column][vc_column width=&#8221;2\/3&#8243;]<div class=\"porto-u-heading  wpb_custom_67ea62e6d55af9a74aae18e50bf7ba20 porto-u-55ca8359258f9a412be7e73af65d2aac \"><div class=\"porto-u-main-heading\"><h1  >Wir digitalisieren Einzelhandels- und Logistikl\u00f6sungen f\u00fcr Unternehmen jeder Gr\u00f6\u00dfe \u2013 von lokalen Gesch\u00e4ften bis hin zu globalen Ketten.<\/h1><\/div><div class=\"porto-u-sub-heading\" style=\"color: #bcbcbc;\">Lassen Sie uns gemeinsam herausfinden, wie wir auch Ihr Wachstum weiter vorantreiben k\u00f6nnen. Doch zuerst: ein wenig \u00fcber uns.<\/div><style>.porto-u-55ca8359258f9a412be7e73af65d2aac.porto-u-heading{text-align:center}<\/style><\/div>[\/vc_column][vc_column width=&#8221;1\/6&#8243;][\/vc_column][\/vc_row][vc_row][vc_column width=&#8221;1\/2&#8243; css=&#8221;.vc_custom_1747910315503{padding-top: 50px !important;}&#8221; conditional_render=&#8221;%5B%7B%22value_role%22%3A%22administrator%22%7D%5D&#8221; css_params=&#8221;&#8221;]<div class=\"porto-u-heading  wpb_custom_cb0d04cbb636c536e8f228a499661e38 porto-u-ad87e2eaf3f9c495180fe0156ddf3eb0 \"><div class=\"porto-u-main-heading\"><h2   style=\"color:#000000;margin-bottom: 30px;\">Wir sind Delfi Technologies \u2013 ein europ\u00e4ischer L\u00f6sungsanbieter, gegr\u00fcndet im Jahr 1988, der sich auf Softwarel\u00f6sungen spezialisiert hat.<\/h2><\/div><div class=\"porto-u-sub-heading\" style=\"color: #000000;\">\n<p data-start=\"578\" data-end=\"860\">Unsere Kunden stammen aus verschiedenen Branchen, wie zum Beispiel:\u00a0<a href=\"https:\/\/www.delfi.com\/de\/branchen\/losungen-fur-einzelhandel\/\">Einzelhandel<\/a>,\u00a0<a href=\"https:\/\/www.delfi.com\/de\/branchen\/logistik-lager\/\">Logistik und Lager<\/a>,\u00a0<a href=\"https:\/\/www.delfi.com\/de\/branchen\/losungen-fur-gesundheitswesen\/\">Gesundheitswesen<\/a>,\u00a0<a href=\"https:\/\/www.delfi.com\/de\/branchen\/loesungen-fur-aussendienst\/\">Au\u00dfendienst<\/a>\u00a0und\u00a0<a href=\"https:\/\/www.delfi.com\/de\/branchen\/digitale-raumauszeichnung\/\">Raumbeschilderung<\/a>. Wir bringen unsere Fachkenntnisse und Erfahrungen in unsere L\u00f6sungen ein und bieten Ihnen genau die Support-, Service- und Beratungsleistungen an, die Sie ben\u00f6tigen.<\/p>\n<p data-start=\"862\" data-end=\"1094\">Mit L\u00f6sungen in den Bereichen <a href=\"https:\/\/www.delfi.com\/de\/losungen\/elektronischen-regaletiketten\/\">Elektronische Preisauszeichnung<\/a>,\u00a0<a href=\"https:\/\/www.delfi.com\/de\/losungen\/barcode\/\">Handbedienger\u00e4te<\/a>,\u00a0<a href=\"https:\/\/www.delfi.com\/de\/losungen\/pos-loesungen-verkaufsstelle\/\">POS-L\u00f6sungen<\/a>\u00a0und\u00a0<a href=\"https:\/\/www.delfi.com\/de\/losungen\/druck\/\">Druckl\u00f6sungen<\/a>\u00a0helfen wir, Arbeitsabl\u00e4ufe entlang der gesamten Wertsch\u00f6pfungskette zu digitalisieren und zu optimieren.<\/p>\n<p>Delfi Technologies vertreibt seine L\u00f6sungen weltweit und verf\u00fcgt \u00fcber Niederlassungen in D\u00e4nemark, Schweden, Norwegen, Deutschland, Italien und Vietnam.<\/p>\n<p>Die Mitarbeiter sind das R\u00fcckgrat des Unternehmens und die treibende Kraft hinter unserem Erfolg. Mehr als 150 Experten arbeiten jeden Tag daran, unsere L\u00f6sungen auf innovative weise an die Anforderungen unserer Kunden anzupassen.<\/div><style>.porto-u-ad87e2eaf3f9c495180fe0156ddf3eb0.porto-u-heading{text-align:left}<\/style><\/div>[\/vc_column][vc_column width=&#8221;1\/2&#8243;][vc_single_image image=&#8221;43315&#8243; img_size=&#8221;full&#8221; alignment=&#8221;right&#8221; css=&#8221;&#8221; css_params=&#8221;&#8221;][\/vc_column][\/vc_row][vc_row full_width_css=&#8221;stretch_row_css&#8221; css=&#8221;.vc_custom_1747917851847{margin-bottom: 50px !important;padding-top: 100px !important;padding-bottom: 50px !important;background-color: #31555c !important;}&#8221; conditional_render=&#8221;%5B%7B%22value_role%22%3A%22administrator%22%7D%5D&#8221; css_params=&#8221;&#8221;][vc_column width=&#8221;1\/2&#8243; css=&#8221;.vc_custom_1747911745395{padding-right: 40px !important;padding-left: 40px !important;}&#8221; conditional_render=&#8221;%5B%7B%22value_role%22%3A%22administrator%22%7D%5D&#8221; css_params=&#8221;&#8221;]<div class=\"porto-just-icon-wrapper porto-sicon-img porto-icon-pos-center porto-icon-739599a1f586473197e4d01c03c680cb  vc_custom_1747911516905\" style=\"font-size: 140px;\"><img loading=\"lazy\" decoding=\"async\" class=\"img-icon\" alt=\"\" src=\"https:\/\/www.delfi.com\/wp-content\/uploads\/2025\/05\/Mission.png\" width=\"161\" height=\"161\" title=\"\"><\/div><div class=\"porto-u-heading  wpb_custom_1e29f559387ef9d0b092e5216f24e060 porto-u-55ca8359258f9a412be7e73af65d2aac \"><div class=\"porto-u-main-heading\"><h2   style=\"color:#50bcd1;\">Unsere<\/h2><\/div><div class=\"porto-u-sub-heading\" style=\"color: #ffffff;\">Mission<\/div><style>.porto-u-55ca8359258f9a412be7e73af65d2aac.porto-u-heading{text-align:center}<\/style><\/div>[vc_column_text css=&#8221;.vc_custom_1747920222959{padding-top: 10px !important;}&#8221; text_color=&#8221;#dbdbdb&#8221; text_typography=&#8221;{&#8220;family&#8220;:&#8220;Open Sans&#8220;,&#8220;variant&#8220;:&#8220;Default&#8220;,&#8220;font_size&#8220;:&#8220;&#8220;,&#8220;line_height&#8220;:&#8220;20px&#8220;,&#8220;letter_spacing&#8220;:&#8220;&#8220;,&#8220;text_transform&#8220;:&#8220;&#8220;}&#8221; css_params=&#8221;&#8221;]Wir entwickeln innovative Softwarel\u00f6sungen, die Unternehmen einen Wettbewerbsvorteil verleihen und Ihr Gesch\u00e4ft voranbringen werden. Wir wollen zu den Besten unserer Branche geh\u00f6ren. Daher bauen wir unsere Arbeit auf einem offenen Dialog, umfassendem Fachwissen, den neuesten Technologien und einem herausragenden Service auf.[\/vc_column_text][\/vc_column][vc_column width=&#8221;1\/2&#8243; css=&#8221;.vc_custom_1747911890811{padding-right: 40px !important;padding-left: 40px !important;}&#8221; conditional_render=&#8221;%5B%7B%22value_role%22%3A%22administrator%22%7D%5D&#8221; css_params=&#8221;&#8221;]<div class=\"porto-just-icon-wrapper porto-sicon-img porto-icon-pos-center porto-icon-739599a1f586473197e4d01c03c680cb  vc_custom_1747912095561\" style=\"font-size: 140px;\"><img loading=\"lazy\" decoding=\"async\" class=\"img-icon\" alt=\"\" src=\"https:\/\/www.delfi.com\/wp-content\/uploads\/2025\/05\/Vision1.png\" width=\"161\" height=\"161\" title=\"\"><\/div><div class=\"porto-u-heading  wpb_custom_1e29f559387ef9d0b092e5216f24e060 porto-u-55ca8359258f9a412be7e73af65d2aac \"><div class=\"porto-u-main-heading\"><h2   style=\"color:#50bcd1;\">Unsere<\/h2><\/div><div class=\"porto-u-sub-heading\" style=\"color: #ffffff;\">Vision<\/div><style>.porto-u-55ca8359258f9a412be7e73af65d2aac.porto-u-heading{text-align:center}<\/style><\/div>[vc_column_text css=&#8221;.vc_custom_1747920154536{padding-top: 10px !important;}&#8221; text_color=&#8221;#dbdbdb&#8221; text_typography=&#8221;{&#8220;family&#8220;:&#8220;Open Sans&#8220;,&#8220;variant&#8220;:&#8220;Default&#8220;,&#8220;font_size&#8220;:&#8220;&#8220;,&#8220;line_height&#8220;:&#8220;20px&#8220;,&#8220;letter_spacing&#8220;:&#8220;&#8220;,&#8220;text_transform&#8220;:&#8220;&#8220;}&#8221; css_params=&#8221;&#8221;]Unsere Vision ist einfach und gleichzeitig h\u00f6chst anspruchsvoll:\u00a0 Wir wollen der f\u00fchrende Anbieter auf dem Markt sein.<\/p>\n<p>Wir wollen unsere Pr\u00e4senz weltweit ausbauen, unabh\u00e4ngig bleiben und immer stolz auf unsere Mitarbeiter und L\u00f6sungen sein k\u00f6nnen. Und zu guter Letzt m\u00f6chten wir, dass unsere Kunden uns auf diesem Weg begleiten.[\/vc_column_text][\/vc_column][\/vc_row][vc_row][vc_column width=&#8221;1\/2&#8243;]<div class=\"porto-u-heading  wpb_custom_6ced11200e5c0e0f534b0fa34714fb45 porto-u-ad87e2eaf3f9c495180fe0156ddf3eb0 \"><div class=\"porto-u-main-heading\"><h2  >Die Geschichte von Delfi \u2013 wie alles begann<\/h2><\/div><style>.porto-u-ad87e2eaf3f9c495180fe0156ddf3eb0.porto-u-heading{text-align:left}<\/style><\/div>[vc_column_text css=&#8221;&#8221; css_params=&#8221;&#8221;]Wussten Sie schon, dass unsere L\u00f6sungen auf der ganzen Welt zum Einsatz kommen? Vom n\u00f6rdlichsten Punkt Norwegens bis zu einem Bahnhof in Vietnam oder einem Supermarkt in Italien \u2013 unsere L\u00f6sungen k\u00f6nnen \u00fcberall und zu jeder Zeit eingesetzt werden. Sie verleihen\u00a0Unternehmen einen Wettbewerbsvorteil und erm\u00f6glichen es Ihnen, Ihr Business voranzubringen.<\/p>\n<p>Die Reise unseres Unternehmens begann bereits im Jahr 1988. In der Anfangszeit ging es bei uns in D\u00e4nemark haupts\u00e4chlich um Barcode- und Datenerfassungsl\u00f6sungen. Softwarel\u00f6sungen zu konstruieren und zu entwickeln, war schon immer ein zentraler Bestandteil von Delfi.<\/p>\n<p>Heute, \u00fcber\u00a030 Jahre sp\u00e4ter, hat sich Delfi mit seiner umfangreichen Produktpalette zu einem internationalen Anbieter von Software-L\u00f6sungen weiterentwickelt, der auf die Bereiche digitale Regaletiketten, mobile Datenerfassungsger\u00e4te und Pos- und Druckl\u00f6sungen spezialisiert ist. Wir vertreiben unsere L\u00f6sungen weltweit und verf\u00fcgen \u00fcber Niederlassungen in D\u00e4nemark, Schweden, Norwegen, Deutschland, Italien und Vietnam.<\/p>\n<p>Als privatwirtschaftliches Unternehmen sind wir in der Lage, schnell zu arbeiten und zu reagieren, ohne Kompromisse bei den Anforderungen unserer Kunden eingehen zu m\u00fcssen.<\/p>\n<p>Wie es weitergeht? Wir helfen Ihnen, Ihr Business voranzubringen.[\/vc_column_text][\/vc_column][vc_column width=&#8221;1\/2&#8243;][vc_single_image image=&#8221;43316&#8243; img_size=&#8221;full&#8221; alignment=&#8221;center&#8221; onclick=&#8221;custom_link&#8221; css=&#8221;&#8221; css_params=&#8221;&#8221; link=&#8221;https:\/\/youtu.be\/LXVH1PM2904&#8243;][\/vc_column][\/vc_row]<\/p>\n<\/div>","protected":false},"excerpt":{"rendered":"<p>Delfi Technologies wurde 1988 gegr\u00fcndet und ist ein europ\u00e4ischer Anbieter von Software-L\u00f6sungen, der auf die Bereiche Elektronische Preisauszeichnung, Handbedienger\u00e4te, POS-L\u00f6sungen und Druckl\u00f6sungen spezialisiert ist.<\/p>\n","protected":false},"author":1,"featured_media":18197,"parent":0,"menu_order":0,"comment_status":"closed","ping_status":"closed","template":"","meta":{"_acf_changed":false,"cybocfi_hide_featured_image":"yes","footnotes":""},"class_list":["post-13508","page","type-page","status-publish","has-post-thumbnail","hentry"],"acf":[],"_links":{"self":[{"href":"https:\/\/www.delfi.com\/de\/wp-json\/wp\/v2\/pages\/13508","targetHints":{"allow":["GET"]}}],"collection":[{"href":"https:\/\/www.delfi.com\/de\/wp-json\/wp\/v2\/pages"}],"about":[{"href":"https:\/\/www.delfi.com\/de\/wp-json\/wp\/v2\/types\/page"}],"author":[{"embeddable":true,"href":"https:\/\/www.delfi.com\/de\/wp-json\/wp\/v2\/users\/1"}],"replies":[{"embeddable":true,"href":"https:\/\/www.delfi.com\/de\/wp-json\/wp\/v2\/comments?post=13508"}],"version-history":[{"count":5,"href":"https:\/\/www.delfi.com\/de\/wp-json\/wp\/v2\/pages\/13508\/revisions"}],"predecessor-version":[{"id":79165,"href":"https:\/\/www.delfi.com\/de\/wp-json\/wp\/v2\/pages\/13508\/revisions\/79165"}],"wp:featuredmedia":[{"embeddable":true,"href":"https:\/\/www.delfi.com\/de\/wp-json\/wp\/v2\/media\/18197"}],"wp:attachment":[{"href":"https:\/\/www.delfi.com\/de\/wp-json\/wp\/v2\/media?parent=13508"}],"curies":[{"name":"wp","href":"https:\/\/api.w.org\/{rel}","templated":true}]}}