{"id":13992,"date":"2023-07-18T10:57:35","date_gmt":"2023-07-18T08:57:35","guid":{"rendered":"https:\/\/www.delfi.com\/soti-mobile-device-management\/"},"modified":"2026-03-13T13:37:28","modified_gmt":"2026-03-13T12:37:28","slug":"soti-mobile-device-management","status":"publish","type":"page","link":"https:\/\/www.delfi.com\/de\/soti-mobile-device-management","title":{"rendered":"SOTI &#8211; Mobile Device Management"},"content":{"rendered":"<div class=\"wpb-content-wrapper\"><p>[vc_row][vc_column][vc_column_text css=&#8221;&#8221; css_params=&#8221;&#8221;]<\/p>\n<h1>SOTI &#8211; Mobile Device Management<\/h1>\n<p>Delfi Technologies empfiehlt die SOTI MobiControl-Software f\u00fcr alle Unternehmensinstallationen, da Sie die Vorteile einer zentral gesteuerten \u00dcberwachung, Software-Updates und Fernsteuerung aller Ihrer Ger\u00e4te nutzen, unabh\u00e4ngig davon, ob Sie Android-, iOS- und\/oder Windows-Ger\u00e4te haben. SOTI ist weithin als einer der Marktf\u00fchrer im Bereich Mobile Device Management (MDM) bekannt und anerkannt, egal ob es sich um ein altes WinCE oder ein neues Android-Handterminal, PDA, Telefon oder Computer handelt.<\/p>\n<p>Weltweit haben sich \u00fcber 17.000 Unternehmen f\u00fcr SOTI entschieden, um ihre Strategie f\u00fcr mobile Ger\u00e4te, Anwendungen, Inhalte und das Internet der Dinge umzusetzen. Ein umfassender Einblick in die Branche und die Technologiepartnerschaften verschafft SOTI einen einzigartigen Einblick in Trends und zuk\u00fcnftige L\u00f6sungen. Das Engagement von SOTI f\u00fcr die Entwicklung stellt sicher, dass Ihr Unternehmen mit den L\u00f6sungen, die Ihnen unvorstellbare M\u00f6glichkeiten garantieren, immer einen Schritt voraus ist.<\/p>\n<p>SOTI MobiControl kann sowohl in kleinen als auch in gro\u00dfen Installationen eingesetzt werden und kann sowohl vor Ort installiert als auch als Cloud-L\u00f6sung gehostet werden.<\/p>\n<h2>Vorteile einer SOTI-L\u00f6sung<\/h2>\n<p>Die Entscheidung f\u00fcr eine SOTI-L\u00f6sung von Delfi Technologies bietet eine Reihe von Vorteilen, insbesondere wenn Sie \u00fcber mehrere mobile Ger\u00e4te verf\u00fcgen und optimal mit immer aktuellen Programmen arbeiten m\u00f6chten.<\/p>\n<p><strong>SOTI stellt mit folgenden Funktionen sicher, dass Sie Ihre Investition voll aussch\u00f6pfen:<\/strong><\/p>\n<ul>\n<li>Unterst\u00fctzt die neuesten Windows\/Android\/iOs auf Ger\u00e4ten wie Mobiltelefonen, PDAs, Tablets und Laptops<\/li>\n<li>Stets aktualisierte Software<\/li>\n<li>Eigene visuelle und Programmgestaltung \u2013 Lockdown (zentrale Steuerung der Programmoberfl\u00e4che auf Ger\u00e4ten sowie M\u00f6glichkeit der eigenen visuellen Gestaltung)<\/li>\n<li>Fernsteuerung von Ger\u00e4t(en)<\/li>\n<li>Sicherheit vor Virenangriffen<\/li>\n<li>Geofencing (GPS schirmt den \u201egesicherten Bereich\u201c ab, wenn Sie sich au\u00dferhalb eines abgegrenzten Bereichs befinden, was f\u00fcr mehr Sicherheit sorgt)<\/li>\n<li>Unterst\u00fctzt verschiedene Browser: Google Chrome, Internet Explorer (9+) und Mozilla Firefox<\/li>\n<\/ul>\n<p>Bei Delfi Technologies haben wir \u00fcber viele Jahre hinweg viel Wissen und Kompetenz bei SOTI aufgebaut und sind daher bereit, Sie zu beraten und gemeinsam mit Ihnen eine ma\u00dfgeschneiderte L\u00f6sung zu entwickeln.<\/p>\n<p><strong>Kontaktieren Sie uns f\u00fcr weitere Informationen:<\/strong><\/p>\n<ul>\n<li>Verkaufsabteilung: Tel.: +45 70 22 25 55, E-Mail: info@delfi.com<\/li>\n<\/ul>\n<p>[\/vc_column_text][\/vc_column][\/vc_row][vc_row][vc_column][vc_video link=&#8221;https:\/\/youtu.be\/hML4hxs0oD0&#8243; align=&#8221;center&#8221;][\/vc_column][\/vc_row]<\/p>\n<\/div>","protected":false},"excerpt":{"rendered":"<p>Kontrollieren Sie Ihre Android-Ger\u00e4te zentral mit SOTI \u2013 einem bew\u00e4hrten Innovator und Marktf\u00fchrer f\u00fcr Mobilit\u00e4t und IoT-Management, ganz gleich ob das Ger\u00e4te ein PDA, Telefon oder Computer ist.<\/p>\n","protected":false},"author":3,"featured_media":13927,"parent":0,"menu_order":0,"comment_status":"closed","ping_status":"closed","template":"","meta":{"_acf_changed":false,"cybocfi_hide_featured_image":"yes","footnotes":""},"class_list":["post-13992","page","type-page","status-publish","has-post-thumbnail","hentry"],"acf":[],"_links":{"self":[{"href":"https:\/\/www.delfi.com\/de\/wp-json\/wp\/v2\/pages\/13992","targetHints":{"allow":["GET"]}}],"collection":[{"href":"https:\/\/www.delfi.com\/de\/wp-json\/wp\/v2\/pages"}],"about":[{"href":"https:\/\/www.delfi.com\/de\/wp-json\/wp\/v2\/types\/page"}],"author":[{"embeddable":true,"href":"https:\/\/www.delfi.com\/de\/wp-json\/wp\/v2\/users\/3"}],"replies":[{"embeddable":true,"href":"https:\/\/www.delfi.com\/de\/wp-json\/wp\/v2\/comments?post=13992"}],"version-history":[{"count":1,"href":"https:\/\/www.delfi.com\/de\/wp-json\/wp\/v2\/pages\/13992\/revisions"}],"predecessor-version":[{"id":79163,"href":"https:\/\/www.delfi.com\/de\/wp-json\/wp\/v2\/pages\/13992\/revisions\/79163"}],"wp:featuredmedia":[{"embeddable":true,"href":"https:\/\/www.delfi.com\/de\/wp-json\/wp\/v2\/media\/13927"}],"wp:attachment":[{"href":"https:\/\/www.delfi.com\/de\/wp-json\/wp\/v2\/media?parent=13992"}],"curies":[{"name":"wp","href":"https:\/\/api.w.org\/{rel}","templated":true}]}}