{"id":15714,"date":"2023-07-28T17:17:44","date_gmt":"2023-07-28T15:17:44","guid":{"rendered":"https:\/\/www.delfi.com\/philosophie1\/"},"modified":"2026-03-13T13:37:19","modified_gmt":"2026-03-13T12:37:19","slug":"philosophie","status":"publish","type":"page","link":"https:\/\/www.delfi.com\/de\/philosophie","title":{"rendered":"Philosophie"},"content":{"rendered":"<div class=\"wpb-content-wrapper\"><p>[vc_row wrap_container=&#8221;yes&#8221; css=&#8221;.vc_custom_1544835925643{padding-top: 90px !important;padding-bottom: 50px !important;}&#8221;][vc_column offset=&#8221;vc_col-md-offset-1 vc_col-md-10&#8243;]<div class=\"porto-u-heading  wpb_custom_95aa9a11c17ad45cfabaf210d84ee7cc porto-u-55ca8359258f9a412be7e73af65d2aac \" data-appear-animation=\"fadeInUp\" data-appear-animation-delay=\"100\"><div class=\"porto-u-main-heading\"><h1   style=\"font-weight:700;margin-bottom: 30px;font-size:42px;line-height:42px;\">Philosophie<\/h1><\/div><div class=\"porto-u-sub-heading\" style=\"font-size:16.8px;line-height:32px;\">Wir bringen ihr Gesch\u00e4ft voran \u2013 indem wir mit Leidenschaft und Engagement Technologien der Spitzenklasse entwickeln.<\/div><style>.porto-u-55ca8359258f9a412be7e73af65d2aac.porto-u-heading{text-align:center}<\/style><\/div>[\/vc_column][\/vc_row][vc_row wrap_container=&#8221;yes&#8221; css=&#8221;.vc_custom_1544836035086{padding-bottom: 70px !important;}&#8221;][vc_column width=&#8221;1\/2&#8243; animation_delay=&#8221;400&#8243; el_class=&#8221;col-sm-6&#8243; offset=&#8221;vc_col-md-3&#8243; animation_type=&#8221;fadeInRight&#8221;]<div class=\"porto-sicon-box px-lg-1 px-xl-5  wpb_custom_6bd3ea43243bb56571d580d187f8d1d7 style_1 top-icon\"><div class=\"porto-sicon-top\"><div class=\"porto-just-icon-wrapper porto-icon none\" style=\"color:#00aace;font-size:42px;\"><i class=\"Simple-Line-Icons-people\"><\/i><\/div><\/div><div class=\"porto-sicon-header\"><h3 class=\"porto-sicon-title\" style=\"font-weight:700;font-size:21px;line-height:21px;\">Partnerschaft<\/h3><\/div> <!-- header --><div class=\"porto-sicon-description\" style=\"\">\nPartnerschaft<br \/>\nWir glauben an langfristige Partnerschaften. Eine Partnerschaft besteht immer aus zwei Teilen, die sich f\u00fcr einander entscheiden, weil sie ein gemeinsames Grundverst\u00e4ndnis f\u00fcr die vorliegenden Herausforderungen haben und weil sie \u00fcberzeugt sind, dass man diese Probleme gemeinsam l\u00f6sen kann. Wir verfolgen das Ziel, in Zusammenarbeit mit unseren Partnern die besten L\u00f6sungen und den besten Service anzubieten.<\/div> <!-- description --><\/div><!-- porto-sicon-box -->[\/vc_column][vc_column width=&#8221;1\/2&#8243; animation_delay=&#8221;200&#8243; el_class=&#8221;col-sm-6&#8243; offset=&#8221;vc_col-md-3&#8243; animation_type=&#8221;fadeInRight&#8221;]<div class=\"porto-sicon-box px-lg-1 px-xl-5  wpb_custom_6bd3ea43243bb56571d580d187f8d1d7 style_1 top-icon\"><div class=\"porto-sicon-top\"><div class=\"porto-just-icon-wrapper porto-icon none\" style=\"color:#00aace;font-size:42px;\"><i class=\"Simple-Line-Icons-graph\"><\/i><\/div><\/div><div class=\"porto-sicon-header\"><h3 class=\"porto-sicon-title\" style=\"font-weight:700;font-size:21px;line-height:21px;\">Wertsch\u00f6pfung<\/h3><\/div> <!-- header --><div class=\"porto-sicon-description\" style=\"\">Wenn Sie sich f\u00fcr die Zusammenarbeit mit Delfi entscheiden, ist Ihnen unser volles Engagement sicher. Wir entwickeln gemeinsam gro\u00dfartige L\u00f6sungen und schaffen f\u00fcr alle Beteiligten einen Mehrwert. Wir stellen sicher, dass unsere Partner durch unsere L\u00f6sungen den gr\u00f6\u00dftm\u00f6glichen Mehrwert erhalten, indem wir unser professionelles Fachwissen f\u00fcr ihre Ziele einsetzen.<\/div> <!-- description --><\/div><!-- porto-sicon-box -->[\/vc_column][vc_column width=&#8221;1\/2&#8243; animation_delay=&#8221;200&#8243; el_class=&#8221;col-sm-6&#8243; offset=&#8221;vc_col-md-3&#8243; animation_type=&#8221;fadeInLeft&#8221;]<div class=\"porto-sicon-box px-lg-1 px-xl-5  wpb_custom_6bd3ea43243bb56571d580d187f8d1d7 style_1 top-icon\"><div class=\"porto-sicon-top\"><div class=\"porto-just-icon-wrapper porto-icon none\" style=\"color:#00aace;font-size:42px;\"><i class=\"Simple-Line-Icons-settings\"><\/i><\/div><\/div><div class=\"porto-sicon-header\"><h3 class=\"porto-sicon-title\" style=\"font-weight:700;font-size:21px;line-height:21px;\">Innovation<\/h3><\/div> <!-- header --><div class=\"porto-sicon-description\" style=\"\">Wir lieben unsere Arbeit und sind \u00fcberzeugt, dass sie keinen besseren Anbieter finden werden. Wir bleiben neugierig und investieren in die Forschung, da wir in unseren L\u00f6sungen die Zukunft sehen.<\/div> <!-- description --><\/div><!-- porto-sicon-box -->[\/vc_column][vc_column width=&#8221;1\/2&#8243; animation_delay=&#8221;400&#8243; el_class=&#8221;col-sm-6&#8243; offset=&#8221;vc_col-md-3&#8243; animation_type=&#8221;fadeInLeft&#8221;]<div class=\"porto-sicon-box px-lg-1 px-xl-5  wpb_custom_6bd3ea43243bb56571d580d187f8d1d7 style_1 top-icon\"><div class=\"porto-sicon-top\"><div class=\"porto-just-icon-wrapper porto-icon none\" style=\"color:#00aace;font-size:42px;\"><i class=\"Simple-Line-Icons-book-open\"><\/i><\/div><\/div><div class=\"porto-sicon-header\"><h3 class=\"porto-sicon-title\" style=\"font-weight:700;font-size:21px;line-height:21px;\">Wissensaustausch<\/h3><\/div> <!-- header --><div class=\"porto-sicon-description\" style=\"\">Unsere wertvollen Kenntnisse teilen wir sehr gern mit unseren Kunden. Denn wir sind davon \u00fcberzeugt, dass wir durch Offenheit und Engagement unser gemeinsames Ziel erreichen k\u00f6nnen.<\/div> <!-- description --><\/div><!-- porto-sicon-box -->[\/vc_column][\/vc_row][vc_row wrap_container=&#8221;yes&#8221; css=&#8221;.vc_custom_1544836035086{padding-bottom: 70px !important;}&#8221;][vc_column width=&#8221;1\/2&#8243; animation_delay=&#8221;400&#8243; el_class=&#8221;col-sm-6&#8243; offset=&#8221;vc_col-md-3&#8243; animation_type=&#8221;fadeInRight&#8221;]<div class=\"porto-sicon-box px-lg-1 px-xl-5  wpb_custom_6bd3ea43243bb56571d580d187f8d1d7 style_1 top-icon\"><div class=\"porto-sicon-top\"><div class=\"porto-just-icon-wrapper porto-icon none\" style=\"color:#00aace;font-size:42px;\"><i class=\"Simple-Line-Icons-bubbles\"><\/i><\/div><\/div><div class=\"porto-sicon-header\"><h3 class=\"porto-sicon-title\" style=\"font-weight:700;font-size:21px;line-height:21px;\">Bis bald statt und tsch\u00fcss<\/h3><\/div> <!-- header --><div class=\"porto-sicon-description\" style=\"\">Wir liefern ihnen nicht nur ein Paket, wir liefern ihnen eine L\u00f6sung und halten den Kontakt aufrecht, um unsere Partnerschaft zu st\u00e4rken. Wir sind auch nach dem Verkauf und der Installation f\u00fcr Sie da!<\/div> <!-- description --><\/div><!-- porto-sicon-box -->[\/vc_column][vc_column width=&#8221;1\/2&#8243; animation_delay=&#8221;200&#8243; el_class=&#8221;col-sm-6&#8243; offset=&#8221;vc_col-md-3&#8243; animation_type=&#8221;fadeInRight&#8221;][\/vc_column][vc_column width=&#8221;1\/2&#8243; animation_delay=&#8221;200&#8243; el_class=&#8221;col-sm-6&#8243; offset=&#8221;vc_col-md-3&#8243; animation_type=&#8221;fadeInLeft&#8221;][\/vc_column][vc_column width=&#8221;1\/2&#8243; animation_delay=&#8221;400&#8243; el_class=&#8221;col-sm-6&#8243; offset=&#8221;vc_col-md-3&#8243; animation_type=&#8221;fadeInLeft&#8221;][\/vc_column][\/vc_row]<\/p>\n<\/div>","protected":false},"excerpt":{"rendered":"<p>Wir st\u00e4rken Ihr Unternehmen \u2013 durch Leidenschaft und Engagement schaffen wir erstklassige L\u00f6sungen. Partnerschaft, Wertsch\u00f6pfung, Innovation, Wissensaustausch und Neuorientierung sind etwas, dem wir gerecht werden wollen.<\/p>\n","protected":false},"author":5,"featured_media":18177,"parent":0,"menu_order":0,"comment_status":"closed","ping_status":"closed","template":"","meta":{"_acf_changed":false,"cybocfi_hide_featured_image":"yes","footnotes":""},"class_list":["post-15714","page","type-page","status-publish","has-post-thumbnail","hentry"],"acf":[],"_links":{"self":[{"href":"https:\/\/www.delfi.com\/de\/wp-json\/wp\/v2\/pages\/15714","targetHints":{"allow":["GET"]}}],"collection":[{"href":"https:\/\/www.delfi.com\/de\/wp-json\/wp\/v2\/pages"}],"about":[{"href":"https:\/\/www.delfi.com\/de\/wp-json\/wp\/v2\/types\/page"}],"author":[{"embeddable":true,"href":"https:\/\/www.delfi.com\/de\/wp-json\/wp\/v2\/users\/5"}],"replies":[{"embeddable":true,"href":"https:\/\/www.delfi.com\/de\/wp-json\/wp\/v2\/comments?post=15714"}],"version-history":[{"count":1,"href":"https:\/\/www.delfi.com\/de\/wp-json\/wp\/v2\/pages\/15714\/revisions"}],"predecessor-version":[{"id":79162,"href":"https:\/\/www.delfi.com\/de\/wp-json\/wp\/v2\/pages\/15714\/revisions\/79162"}],"wp:featuredmedia":[{"embeddable":true,"href":"https:\/\/www.delfi.com\/de\/wp-json\/wp\/v2\/media\/18177"}],"wp:attachment":[{"href":"https:\/\/www.delfi.com\/de\/wp-json\/wp\/v2\/media?parent=15714"}],"curies":[{"name":"wp","href":"https:\/\/api.w.org\/{rel}","templated":true}]}}