{"id":16498,"date":"2023-08-01T15:41:52","date_gmt":"2023-08-01T13:41:52","guid":{"rendered":"https:\/\/www.delfi.com\/dynamic-communicator\/"},"modified":"2026-03-13T13:36:22","modified_gmt":"2026-03-13T12:36:22","slug":"dynamic-communicator","status":"publish","type":"page","link":"https:\/\/www.delfi.com\/de\/dynamic-communicator","title":{"rendered":"Dynamic Communicator"},"content":{"rendered":"<div class=\"wpb-content-wrapper\"><p>[vc_row][vc_column width=&#8221;1\/2&#8243;][vc_column_text css=&#8221;&#8221; css_params=&#8221;&#8221;]<\/p>\n<h1>Die kompakte ESL infrastruktur<\/h1>\n<p><strong>Dynamic Communicator&nbsp;mit Zweiwege-Kommunikation<\/strong><\/p>\n<p>Der Dynamic Communicator ist der Knotenpunkt der RF-Infrastruktur (Radiofrequenz) im Gesch\u00e4ft und f\u00fcr die Verwaltung der Datenverteilung im gesamten ESL-Netzwerk des Gesch\u00e4fts verantwortlich. Die <a href=\"https:\/\/www.delfi.com\/de\/losungen\/breece-cloud\/\">Breece Cloud<\/a>-L\u00f6sung ist einfach zu implementieren &#8211; Sie ben\u00f6tigen lediglich einen Communicator und die <a href=\"https:\/\/www.delfi.com\/de\/digitale-preisschilder\/\">elektronischen Regaletiketten (ESLs)<\/a>, sodass kein Server im Gesch\u00e4ft und keine Softwareinstallation im Gesch\u00e4ft erforderlich ist.<\/p>\n<p>Der Dynamic Communicator, der die Cloud-L\u00f6sung mit den elektronischen Regaletiketten in Ihren Gesch\u00e4ften verbindet, l\u00e4uft \u00fcber separate Frequenzen zum WLAN und ist somit sicher, belastbar und st\u00f6rungsfrei.<\/p>\n<p>Dank der vollst\u00e4ndigen Zwei-Wege-Kommunikation lassen sich die drahtlosen Kommunikatoren einfach mit einer einfachen Halterung in Ihren Gesch\u00e4ften installieren und \u00fcber Ethernet (PoE) mit Strom versorgen. Jedes System kann bis zu 200.000 Displays auf einer Fl\u00e4che von 50.000 Quadratmetern verbinden. Dies macht unsere L\u00f6sung zur kosteng\u00fcnstigeren und leistungsst\u00e4rkeren M\u00f6glichkeit, den gr\u00f6\u00dftm\u00f6glichen Nutzen aus Ihren Preis- und Werbestrategien zu ziehen.[\/vc_column_text][\/vc_column][vc_column width=&#8221;1\/2&#8243;][vc_single_image image=&#8221;16481&#8243; img_size=&#8221;large&#8221; animation_type=&#8221;bounce&#8221;][\/vc_column][\/vc_row][vc_row][vc_column][vc_message style=&#8221;square&#8221; message_box_color=&#8221;black&#8221; icon_fontawesome=&#8221;fas fa-check-circle&#8221;]<strong>Ihre vorteile:<\/strong><\/p>\n<ul>\n<li>Umfassende Abdeckung \u2013 ein Communicator deckt mehr als 4.500 m2 ab<\/li>\n<li>Vollst\u00e4ndig skalierbar \u2013 ein Communicator unterst\u00fctzt bis zu 200.000 Displays<\/li>\n<li>Hohe Daten\u00fcbertragungsrate f\u00fcr ein schnelles Aktualisieren der Etiketten<\/li>\n<li>Leistungsstarke Zweiwege-Kommunikation \u2013 pr\u00fcff\u00e4hige Best\u00e4tigung von Display-Updates und -Status<\/li>\n<li>Einfache Installation \u2013 erfordert lediglich Strom von einer Ethernet-Verbindung (PoE)<\/li>\n<\/ul>\n<p>[\/vc_message][\/vc_column][\/vc_row][vc_row][vc_column][vc_column_text]<div class=\"porto-block\" data-id=\"28857\"><div class=\"container-fluid\"><style>.vc_custom_1758012785736{margin-bottom: -120px !important;padding-top: 25px !important;padding-bottom: 70px !important;background-image: url(https:\/\/www.delfi.com\/wp-content\/uploads\/2023\/11\/Kontakt-os-Banner-vs-storre-1.jpg?id=61677) !important;background-position: center !important;background-repeat: no-repeat !important;background-size: cover !important;}div.wpforms-container-full .wpforms-field-label {\r\n    color:#ffffff!important;\r\n}\r\ndiv.wpforms-container-full .wpforms-field-label-inline, .wp-core-ui div.wpforms-container-full .wpforms-field-label-inline {\r\n    color: #fff!important;\r\n}\r\ndiv.wpforms-container-full .wpforms-field-description, div.wpforms-container-full .wpforms-field-limit-text, .wp-core-ui div.wpforms-container-full .wpforms-field-description, .wp-core-ui div.wpforms-container-full .wpforms-field-limit-text {\r\n    color: #fff!important;\r\n}<\/style>[vc_row full_width=\"stretch_row\" content_placement=\"middle\" css=\".vc_custom_1758012785736{margin-bottom: -120px !important;padding-top: 25px !important;padding-bottom: 70px !important;background-image: url(https:\/\/www.delfi.com\/wp-content\/uploads\/2023\/11\/Kontakt-os-Banner-vs-storre-1.jpg?id=61677) !important;background-position: center !important;background-repeat: no-repeat !important;background-size: cover !important;}\" conditional_render=\"%5B%7B%22value_role%22%3A%22administrator%22%7D%5D\" css_params=\"\"][vc_column width=\"1\/2\" offset=\"vc_col-lg-6 vc_col-md-6\" conditional_render=\"%5B%7B%22value_role%22%3A%22administrator%22%7D%5D\"]<div class=\"porto-u-heading  wpb_custom_95aa9a11c17ad45cfabaf210d84ee7cc porto-u-ad87e2eaf3f9c495180fe0156ddf3eb0 \" data-appear-animation=\"fadeInRight\" data-appear-animation-delay=\"200\"><div class=\"porto-u-main-heading\"><h2   style=\"font-weight:700;color:#ffffff;font-size:38px;line-height:50px;\">St\u00e4rken Sie Ihr Gesch\u00e4ft mit<\/h2><\/div><div class=\"porto-u-sub-heading\" style=\"font-weight:300;color: #ffffff;font-size:38px;line-height:50px;\"><span style=\"letter-spacing: -0.05em;\">Neugierig auf mehr?<br \/>\r\nKontaktieren Sie uns noch heute und wir werden uns bei Ihnen melden.\u00a0<\/span><\/div><style>.porto-u-ad87e2eaf3f9c495180fe0156ddf3eb0.porto-u-heading{text-align:left}<\/style><\/div>[\/vc_column][vc_column width=\"1\/2\" animation_delay=\"400\" offset=\"vc_col-xl-6 vc_col-lg-6 vc_col-md-6\" animation_type=\"fadeInRight\" conditional_render=\"%5B%7B%22value_role%22%3A%22administrator%22%7D%5D\"]<style id=\"wpforms-css-vars-16559\">\n\t\t\t\t#wpforms-16559 {\n\t\t\t\t--wpforms-field-size-input-height: 43px;\n--wpforms-field-size-input-spacing: 15px;\n--wpforms-field-size-font-size: 16px;\n--wpforms-field-size-line-height: 19px;\n--wpforms-field-size-padding-h: 14px;\n--wpforms-field-size-checkbox-size: 16px;\n--wpforms-field-size-sublabel-spacing: 5px;\n--wpforms-field-size-icon-size: 1;\n--wpforms-label-size-font-size: 16px;\n--wpforms-label-size-line-height: 19px;\n--wpforms-label-size-sublabel-font-size: 14px;\n--wpforms-label-size-sublabel-line-height: 17px;\n--wpforms-button-size-font-size: 17px;\n--wpforms-button-size-height: 41px;\n--wpforms-button-size-padding-h: 15px;\n--wpforms-button-size-margin-top: 10px;\n--wpforms-container-shadow-size-box-shadow: none;\n\t\t\t}\n\t\t\t<\/style><div class=\"wpforms-container wpforms-container-full wpforms-render-modern\" id=\"wpforms-16559\"><form id=\"wpforms-form-16559\" class=\"wpforms-validate wpforms-form wpforms-ajax-form\" data-formid=\"16559\" method=\"post\" enctype=\"multipart\/form-data\" action=\"\/de\/wp-json\/wp\/v2\/pages\/16498\" data-token=\"4e992e926a5293850ff25dbb562424a0\" data-token-time=\"1776369542\"><noscript class=\"wpforms-error-noscript\">Bitte aktiviere JavaScript in deinem Browser, um dieses Formular fertigzustellen.<\/noscript><div id=\"wpforms-error-noscript\" style=\"display: none;\">Bitte aktiviere JavaScript in deinem Browser, um dieses Formular fertigzustellen.<\/div><div class=\"wpforms-field-container\"><div id=\"wpforms-16559-field_0-container\" class=\"wpforms-field wpforms-field-name wpforms-one-half wpforms-first\" data-field-id=\"0\"><label class=\"wpforms-field-label\" for=\"wpforms-16559-field_0\">Vollst\u00e4ndiger Name <span class=\"wpforms-required-label\" aria-hidden=\"true\">*<\/span><\/label><input type=\"text\" id=\"wpforms-16559-field_0\" class=\"wpforms-field-large wpforms-field-required\" name=\"wpforms[fields][0]\" aria-errormessage=\"wpforms-16559-field_0-error\" required><\/div><div id=\"wpforms-16559-field_1-container\" class=\"wpforms-field wpforms-field-email wpforms-one-half\" data-field-id=\"1\"><label class=\"wpforms-field-label\" for=\"wpforms-16559-field_1\">Email <span class=\"wpforms-required-label\" aria-hidden=\"true\">*<\/span><\/label><input type=\"email\" id=\"wpforms-16559-field_1\" class=\"wpforms-field-large wpforms-field-required\" name=\"wpforms[fields][1]\" spellcheck=\"false\" aria-errormessage=\"wpforms-16559-field_1-error\" required><\/div><div id=\"wpforms-16559-field_3-container\" class=\"wpforms-field wpforms-field-text wpforms-one-half wpforms-first\" data-field-id=\"3\"><label class=\"wpforms-field-label\" for=\"wpforms-16559-field_3\">Telefon <span class=\"wpforms-required-label\" aria-hidden=\"true\">*<\/span><\/label><input type=\"text\" id=\"wpforms-16559-field_3\" class=\"wpforms-field-large wpforms-field-required\" name=\"wpforms[fields][3]\" aria-errormessage=\"wpforms-16559-field_3-error\" required><\/div><div id=\"wpforms-16559-field_6-container\" class=\"wpforms-field wpforms-field-text wpforms-one-half\" data-field-id=\"6\"><label class=\"wpforms-field-label\" for=\"wpforms-16559-field_6\">PLZ <span class=\"wpforms-required-label\" aria-hidden=\"true\">*<\/span><\/label><input type=\"text\" id=\"wpforms-16559-field_6\" class=\"wpforms-field-large wpforms-field-required\" name=\"wpforms[fields][6]\" aria-errormessage=\"wpforms-16559-field_6-error\" required><\/div><div id=\"wpforms-16559-field_13-container\" class=\"wpforms-field wpforms-field-text wpforms-one-half wpforms-first\" data-field-id=\"13\"><label class=\"wpforms-field-label\" for=\"wpforms-16559-field_13\">Land <span class=\"wpforms-required-label\" aria-hidden=\"true\">*<\/span><\/label><input type=\"text\" id=\"wpforms-16559-field_13\" class=\"wpforms-field-large wpforms-field-required\" name=\"wpforms[fields][13]\" aria-errormessage=\"wpforms-16559-field_13-error\" required><\/div><div id=\"wpforms-16559-field_4-container\" class=\"wpforms-field wpforms-field-text wpforms-one-half\" data-field-id=\"4\"><label class=\"wpforms-field-label\" for=\"wpforms-16559-field_4\">Unternehmen <span class=\"wpforms-required-label\" aria-hidden=\"true\">*<\/span><\/label><input type=\"text\" id=\"wpforms-16559-field_4\" class=\"wpforms-field-large wpforms-field-required\" name=\"wpforms[fields][4]\" aria-errormessage=\"wpforms-16559-field_4-error\" required><\/div><div id=\"wpforms-16559-field_2-container\" class=\"wpforms-field wpforms-field-textarea\" data-field-id=\"2\"><label class=\"wpforms-field-label\" for=\"wpforms-16559-field_2\">Nachricht <span class=\"wpforms-required-label\" aria-hidden=\"true\">*<\/span><\/label><textarea id=\"wpforms-16559-field_2\" class=\"wpforms-field-small wpforms-field-required\" name=\"wpforms[fields][2]\" aria-errormessage=\"wpforms-16559-field_2-error\" required><\/textarea><\/div><div id=\"wpforms-16559-field_14-container\" class=\"wpforms-field wpforms-field-gdpr-checkbox\" data-field-id=\"14\"><label class=\"wpforms-field-label\">GDPR <span class=\"wpforms-required-label\" aria-hidden=\"true\">*<\/span><\/label><ul id=\"wpforms-16559-field_14\" class=\"wpforms-field-required\"><li class=\"choice-1\"><input type=\"checkbox\" id=\"wpforms-16559-field_14_1\" name=\"wpforms[fields][14][]\" value=\"Ich bin damit einverstanden, dass diese Website meine \u00fcbermittelten Informationen speichert, damit auf meine Anfrage geantwortet werden kann.\" aria-errormessage=\"wpforms-16559-field_14_1-error\" aria-describedby=\"wpforms-16559-field_14-description\" required ><label class=\"wpforms-field-label-inline\" for=\"wpforms-16559-field_14_1\">Ich bin damit einverstanden, dass diese Website meine \u00fcbermittelten Informationen speichert, damit auf meine Anfrage geantwortet werden kann.<\/label><\/li><\/ul><div id=\"wpforms-16559-field_14-description\" class=\"wpforms-field-description\">Weitere Informationen zur Verarbeitung Ihrer personenbezogenen Daten und zu Cookies finden Sie <a href=\"https:\/\/www.delfi.com\/de\/datenschutz-bestimmungen\/\">hier<\/a>.<\/div><\/div><\/div><!-- .wpforms-field-container --><div class=\"wpforms-submit-container\" ><input type=\"hidden\" name=\"wpforms[id]\" value=\"16559\"><input type=\"hidden\" name=\"page_title\" value=\"\"><input type=\"hidden\" name=\"page_url\" value=\"https:\/\/www.delfi.com\/de\/wp-json\/wp\/v2\/pages\/16498\"><input type=\"hidden\" name=\"url_referer\" value=\"\"><button type=\"submit\" name=\"wpforms[submit]\" id=\"wpforms-submit-16559\" class=\"wpforms-submit\" data-alt-text=\"Senden...\" data-submit-text=\"Absenden\" aria-live=\"assertive\" value=\"wpforms-submit\">Absenden<\/button><img loading=\"lazy\" decoding=\"async\" src=\"https:\/\/www.delfi.com\/wp-content\/plugins\/wpforms\/assets\/images\/submit-spin.svg\" class=\"wpforms-submit-spinner\" style=\"display: none;\" width=\"26\" height=\"26\" alt=\"Wird geladen\" title=\"\"><\/div><\/form><\/div>  <!-- .wpforms-container -->[\/vc_column][\/vc_row]<\/div><\/div>[\/vc_column_text][\/vc_column][\/vc_row]<\/p>\n<\/div>","protected":false},"excerpt":{"rendered":"<p>In Ihrem Hauptsitz ben\u00f6tigen Sie lediglich einen einzigen Server und einen PC, um ansprechende Etikettenvorlagen zu entwerfen, die in nur wenigen Sekunden an alle elektronischen Preisschilder \/ digitalen Regaletiketten gesendet werden k\u00f6nnen.<\/p>\n","protected":false},"author":5,"featured_media":18165,"parent":0,"menu_order":0,"comment_status":"closed","ping_status":"closed","template":"","meta":{"_acf_changed":false,"cybocfi_hide_featured_image":"yes","footnotes":""},"class_list":["post-16498","page","type-page","status-publish","has-post-thumbnail","hentry"],"acf":[],"_links":{"self":[{"href":"https:\/\/www.delfi.com\/de\/wp-json\/wp\/v2\/pages\/16498","targetHints":{"allow":["GET"]}}],"collection":[{"href":"https:\/\/www.delfi.com\/de\/wp-json\/wp\/v2\/pages"}],"about":[{"href":"https:\/\/www.delfi.com\/de\/wp-json\/wp\/v2\/types\/page"}],"author":[{"embeddable":true,"href":"https:\/\/www.delfi.com\/de\/wp-json\/wp\/v2\/users\/5"}],"replies":[{"embeddable":true,"href":"https:\/\/www.delfi.com\/de\/wp-json\/wp\/v2\/comments?post=16498"}],"version-history":[{"count":4,"href":"https:\/\/www.delfi.com\/de\/wp-json\/wp\/v2\/pages\/16498\/revisions"}],"predecessor-version":[{"id":79155,"href":"https:\/\/www.delfi.com\/de\/wp-json\/wp\/v2\/pages\/16498\/revisions\/79155"}],"wp:featuredmedia":[{"embeddable":true,"href":"https:\/\/www.delfi.com\/de\/wp-json\/wp\/v2\/media\/18165"}],"wp:attachment":[{"href":"https:\/\/www.delfi.com\/de\/wp-json\/wp\/v2\/media?parent=16498"}],"curies":[{"name":"wp","href":"https:\/\/api.w.org\/{rel}","templated":true}]}}