{"id":16742,"date":"2023-08-03T11:10:21","date_gmt":"2023-08-03T09:10:21","guid":{"rendered":"https:\/\/www.delfi.com\/newsletter\/"},"modified":"2026-03-13T13:37:13","modified_gmt":"2026-03-13T12:37:13","slug":"newsletter","status":"publish","type":"page","link":"https:\/\/www.delfi.com\/de\/newsletter","title":{"rendered":"Newsletter"},"content":{"rendered":"<div class=\"wpb-content-wrapper\"><p>[vc_row][vc_column][vc_column_text css=&#8221;.vc_custom_1773405430596{margin-bottom: -20px !important;}&#8221; css_params=&#8221;&#8221;]<\/p>\n<h1>Melden Sie sich f\u00fcr Neuigkeiten von Delfi Technologies an<\/h1>\n<p>Newsletter von Delfi Technologies k\u00f6nnen Produktneuigkeiten, Einladungen, Angebote und Artikel zur Inspiration enthalten. Sie k\u00f6nnen sich jederzeit wieder \u00fcber den Link im Newsletter oder per E-Mail an info@delfi.com abmelden. Unten k\u00f6nnen Sie auch die Interessengebiete ausw\u00e4hlen, die Sie am meisten interessieren.[\/vc_column_text]<style id=\"wpforms-css-vars-16572\">\n\t\t\t\t#wpforms-16572 {\n\t\t\t\t\n\t\t\t}\n\t\t\t<\/style><div class=\"wpforms-container wpforms-container-full wpforms-render-modern\" id=\"wpforms-16572\"><form id=\"wpforms-form-16572\" class=\"wpforms-validate wpforms-form wpforms-ajax-form\" data-formid=\"16572\" method=\"post\" enctype=\"multipart\/form-data\" action=\"\/de\/wp-json\/wp\/v2\/pages\/16742\" data-token=\"808cee3216be07ed6a0e126012f6a1e1\" data-token-time=\"1777179892\"><noscript class=\"wpforms-error-noscript\">Bitte aktiviere JavaScript in deinem Browser, um dieses Formular fertigzustellen.<\/noscript><div id=\"wpforms-error-noscript\" style=\"display: none;\">Bitte aktiviere JavaScript in deinem Browser, um dieses Formular fertigzustellen.<\/div><div class=\"wpforms-field-container\"><div id=\"wpforms-16572-field_1-container\" class=\"wpforms-field wpforms-field-name\" data-field-id=\"1\"><fieldset><legend class=\"wpforms-field-label\">Name <span class=\"wpforms-required-label\" aria-hidden=\"true\">*<\/span><\/legend><div class=\"wpforms-field-row wpforms-field-large\"><div class=\"wpforms-field-row-block wpforms-first wpforms-one-half\"><input type=\"text\" id=\"wpforms-16572-field_1\" class=\"wpforms-field-name-first wpforms-field-required\" name=\"wpforms[fields][1][first]\" placeholder=\"Erste\" aria-errormessage=\"wpforms-16572-field_1-error\" required><label for=\"wpforms-16572-field_1\" class=\"wpforms-field-sublabel after wpforms-sublabel-hide\">Erste<\/label><\/div><div class=\"wpforms-field-row-block wpforms-one-half\"><input type=\"text\" id=\"wpforms-16572-field_1-last\" class=\"wpforms-field-name-last wpforms-field-required\" name=\"wpforms[fields][1][last]\" placeholder=\"Zuletzt\" aria-errormessage=\"wpforms-16572-field_1-last-error\" required><label for=\"wpforms-16572-field_1-last\" class=\"wpforms-field-sublabel after wpforms-sublabel-hide\">Zuletzt<\/label><\/div><\/div><\/fieldset><\/div><div id=\"wpforms-16572-field_2-container\" class=\"wpforms-field wpforms-field-email wpforms-two-thirds wpforms-first\" data-field-id=\"2\"><label class=\"wpforms-field-label\" for=\"wpforms-16572-field_2\">Email <span class=\"wpforms-required-label\" aria-hidden=\"true\">*<\/span><\/label><input type=\"email\" id=\"wpforms-16572-field_2\" class=\"wpforms-field-large wpforms-field-required\" name=\"wpforms[fields][2]\" spellcheck=\"false\" aria-errormessage=\"wpforms-16572-field_2-error\" required><\/div><div id=\"wpforms-16572-field_4-container\" class=\"wpforms-field wpforms-field-select wpforms-one-third wpforms-field-select-style-classic\" data-field-id=\"4\"><label class=\"wpforms-field-label\" for=\"wpforms-16572-field_4\">Sprache <span class=\"wpforms-required-label\" aria-hidden=\"true\">*<\/span><\/label><select id=\"wpforms-16572-field_4\" class=\"wpforms-field-large wpforms-field-required\" name=\"wpforms[fields][4]\" required=\"required\"><option value=\"D\u00e4nisch\"  class=\"choice-1 depth-1\"  >D\u00e4nisch<\/option><option value=\"Englisch\"  class=\"choice-2 depth-1\"  >Englisch<\/option><option value=\"Schwedisch\"  class=\"choice-4 depth-1\"  >Schwedisch<\/option><option value=\"Norwegisch\"  class=\"choice-5 depth-1\"  >Norwegisch<\/option><option value=\"Italienisch\"  class=\"choice-6 depth-1\"  >Italienisch<\/option><option value=\"Deutsch\"  class=\"choice-7 depth-1\"  >Deutsch<\/option><\/select><\/div><div id=\"wpforms-16572-field_5-container\" class=\"wpforms-field wpforms-field-gdpr-checkbox\" data-field-id=\"5\"><label class=\"wpforms-field-label\">GDPR <span class=\"wpforms-required-label\" aria-hidden=\"true\">*<\/span><\/label><ul id=\"wpforms-16572-field_5\" class=\"wpforms-field-required\"><li class=\"choice-1\"><input type=\"checkbox\" id=\"wpforms-16572-field_5_1\" name=\"wpforms[fields][5][]\" value=\"Ich akzeptiere die Anmeldung zum Newsletter von Delfi Technologies.\" aria-errormessage=\"wpforms-16572-field_5_1-error\" aria-describedby=\"wpforms-16572-field_5-description\" required ><label class=\"wpforms-field-label-inline\" for=\"wpforms-16572-field_5_1\">Ich akzeptiere die Anmeldung zum Newsletter von Delfi Technologies.<\/label><\/li><\/ul><div id=\"wpforms-16572-field_5-description\" class=\"wpforms-field-description\">Newsletter von Delfi Technologies k\u00f6nnen Produktneuigkeiten, Einladungen, Angebote und inspirierende Artikel enthalten. Sie k\u00f6nnen sich jederzeit \u00fcber einen Link im Newsletter oder per E-Mail an info@delfi.com abmelden.<\/div><\/div><\/div><!-- .wpforms-field-container --><div class=\"wpforms-submit-container\" ><input type=\"hidden\" name=\"wpforms[id]\" value=\"16572\"><input type=\"hidden\" name=\"page_title\" value=\"\"><input type=\"hidden\" name=\"page_url\" value=\"https:\/\/www.delfi.com\/de\/wp-json\/wp\/v2\/pages\/16742\"><input type=\"hidden\" name=\"url_referer\" value=\"\"><button type=\"submit\" name=\"wpforms[submit]\" id=\"wpforms-submit-16572\" class=\"wpforms-submit\" data-alt-text=\"Registrieren\" data-submit-text=\"Registrieren\" aria-live=\"assertive\" value=\"wpforms-submit\">Registrieren<\/button><img loading=\"lazy\" decoding=\"async\" src=\"https:\/\/www.delfi.com\/wp-content\/plugins\/wpforms\/assets\/images\/submit-spin.svg\" class=\"wpforms-submit-spinner\" style=\"display: none;\" width=\"26\" height=\"26\" alt=\"Wird geladen\" title=\"\"><\/div><\/form><\/div>  <!-- .wpforms-container -->[\/vc_column][\/vc_row]<\/p>\n<\/div>","protected":false},"excerpt":{"rendered":"<p>Newsletter von Delfi Technologies k\u00f6nnen Produktneuigkeiten, Einladungen, Angebote und Artikel zur Inspiration enthalten. Sie k\u00f6nnen sich jederzeit wieder \u00fcber den Link im Newsletter oder per E-Mail an info@delfi.com abmelden. Unten k\u00f6nnen Sie auch die Interessengebiete ausw\u00e4hlen, die Sie am meisten interessieren.<\/p>\n","protected":false},"author":1,"featured_media":18296,"parent":0,"menu_order":0,"comment_status":"closed","ping_status":"closed","template":"","meta":{"_acf_changed":false,"cybocfi_hide_featured_image":"yes","footnotes":""},"class_list":["post-16742","page","type-page","status-publish","has-post-thumbnail","hentry"],"acf":[],"_links":{"self":[{"href":"https:\/\/www.delfi.com\/de\/wp-json\/wp\/v2\/pages\/16742","targetHints":{"allow":["GET"]}}],"collection":[{"href":"https:\/\/www.delfi.com\/de\/wp-json\/wp\/v2\/pages"}],"about":[{"href":"https:\/\/www.delfi.com\/de\/wp-json\/wp\/v2\/types\/page"}],"author":[{"embeddable":true,"href":"https:\/\/www.delfi.com\/de\/wp-json\/wp\/v2\/users\/1"}],"replies":[{"embeddable":true,"href":"https:\/\/www.delfi.com\/de\/wp-json\/wp\/v2\/comments?post=16742"}],"version-history":[{"count":1,"href":"https:\/\/www.delfi.com\/de\/wp-json\/wp\/v2\/pages\/16742\/revisions"}],"predecessor-version":[{"id":79161,"href":"https:\/\/www.delfi.com\/de\/wp-json\/wp\/v2\/pages\/16742\/revisions\/79161"}],"wp:featuredmedia":[{"embeddable":true,"href":"https:\/\/www.delfi.com\/de\/wp-json\/wp\/v2\/media\/18296"}],"wp:attachment":[{"href":"https:\/\/www.delfi.com\/de\/wp-json\/wp\/v2\/media?parent=16742"}],"curies":[{"name":"wp","href":"https:\/\/api.w.org\/{rel}","templated":true}]}}