{"id":19071,"date":"2023-07-18T13:15:54","date_gmt":"2023-07-18T11:15:54","guid":{"rendered":"https:\/\/www.delfi.com\/zahlung-versand-ruckgabe\/"},"modified":"2026-03-13T13:37:48","modified_gmt":"2026-03-13T12:37:48","slug":"zahlung-versand-ruckgabe","status":"publish","type":"page","link":"https:\/\/www.delfi.com\/de\/zahlung-versand-ruckgabe","title":{"rendered":"Zahlung, Versand und R\u00fcckgabe"},"content":{"rendered":"<div class=\"wpb-content-wrapper\"><p>[vc_row][vc_column][vc_column_text css=&#8221;&#8221; css_params=&#8221;&#8221;]<\/p>\n<h1>Zahlung, Versand und R\u00fcckgabe<\/h1>\n<h2>Zahlung<\/h2>\n<p>Delfi Technologies A\/S hat das volle Recht zu beurteilen, welches Zahlungssystem der Kunde oder H\u00e4ndler nutzt, sofern nicht anders vereinbart.<\/p>\n<p>F\u00fcr alle bestehenden Kunden, die im Kundenverzeichnis von Delfi Technologies A\/S eingetragen sind, gelten weiterhin die zuvor vereinbarten Zahlungsbedingungen.[\/vc_column_text][\/vc_column][\/vc_row][vc_row][vc_column width=&#8221;1\/2&#8243;][vc_column_text]<strong>Bei Delfi Technologies A\/S haben Sie die M\u00f6glichkeit, mit den folgenden Zahlungsmitteln zu bezahlen:<\/strong><\/p>\n<ul>\n<li>Bezahlung von Rechnungen<\/li>\n<li>MobilePay<\/li>\n<li>EAN-Zahlung (nur f\u00fcr \u00f6ffentliche Kunden)<\/li>\n<li>SS (Lieferanten-Service)<\/li>\n<\/ul>\n<h4>Wie funktioniert MobilePay?<\/h4>\n<p>Jetzt k\u00f6nnen Sie mit MobilePay Ihre Bestellung bei Delfi Technologies bezahlen. Geben Sie einfach die 6-stellige Bestellnummer ein, die Sie oben rechts auf der Bestellbest\u00e4tigung finden.<\/p>\n<p><strong>Wie funktioniert das?<\/strong><\/p>\n<ol>\n<li>Sie erhalten eine Auftragsbest\u00e4tigung von Delfi Technologies<\/li>\n<li>Sie zahlen \u00fcber MobilePay an unsere Nummer: 25530 &#8211; vergessen Sie nicht, die Bestellnummer anzugeben<\/li>\n<\/ol>\n<p>[\/vc_column_text][\/vc_column][vc_column width=&#8221;1\/2&#8243;][vc_single_image image=&#8221;14069&#8243; img_size=&#8221;full&#8221; alignment=&#8221;center&#8221;][\/vc_column][\/vc_row][vc_row][vc_column][vc_column_text]<\/p>\n<h4>Wie funktioniert die EAN-Zahlung mit Delfi Technologies?<\/h4>\n<p>Wenn Sie ein \u00f6ffentlicher Kunde von Delfi Technologies A\/S sind, haben Sie die M\u00f6glichkeit, per elektronischer EAN-Rechnung zu bezahlen.<br \/>\nWenn Sie eine Bestellung aufgeben m\u00f6chten, f\u00fcgen Sie einfach eine EAN-Nummer zu Ihrer Bestellung hinzu. Dann erhalten Sie Ihre Rechnung \u00fcber unser Sproom-System.<\/p>\n<h4>SS &#8211; Lieferanten-Service<\/h4>\n<p>Bei Delfi bieten wir den Kunden, die den \u00c4rger mit Rechnungen vermeiden wollen, auch SS an. Mit SS stellen wir sicher, dass das Geld &#8211; in Absprache mit dem Kunden &#8211; abgehoben wird.<br \/>\nBei SS bieten wir auch einen etwas l\u00e4ngeren Kredit an, in der Regel 14 Tage netto.<\/p>\n<p>Wenn Sie mehr \u00fcber SS erfahren und\/oder sich anmelden m\u00f6chten, m\u00fcssen Sie dies \u00fcber unsere Website tun:<br \/>\n<a href=\"https:\/\/www.delfi.com\/ls\">https:\/\/www.delfi.com\/ls<\/a><\/p>\n<p><em>F\u00fcr andere Anfragen schreiben Sie bitte an\u00a0<a href=\"mailto:accounting@delfi.com\">accounting@delfi.com<\/a>.<\/em>[\/vc_column_text][vc_separator][\/vc_column][\/vc_row][vc_row][vc_column][vc_column_text]<\/p>\n<h2>Versand<\/h2>\n<p>Delfi Technologies A\/S versendet den Gro\u00dfteil der Pakete mit GLS Denmark. Waren, die mit Paletten geliefert werden, werden mit Dachser versandt.<br \/>\nSobald Ihre Artikel versandt wurden, senden wir Ihnen eine Best\u00e4tigung mit einer verfolgbaren Nummer, mit der Sie den Weg Ihres Pakets zu Ihnen verfolgen k\u00f6nnen.<\/p>\n<p>Bestellungen, die aus Waren bestehen, die wir auf Lager haben, werden am selben Tag versandt, wenn sie vor 14:00 Uhr bestellt werden.<br \/>\nWenn die Bestellung aus Artikeln besteht, die wir nicht auf Lager haben, erhalten Sie eine Best\u00e4tigung um. 20:00 Uhr desselben Tages eine Best\u00e4tigung, wann der Artikel voraussichtlich vorr\u00e4tig sein wird.<\/p>\n<h4>Versandbedingungen (Lieferung nach D\u00e4nemark und Schweden)<\/h4>\n<ul>\n<li>Kostenlose Lieferung bei Bestellungen \u00fcber DKK 1000,- \/ SEK 1.500,- \u00fcber den Webshop*<\/li>\n<li>F\u00fcr Bestellungen unter DKK 1000,- oder Bestellungen, die nicht \u00fcber den Webshop eingehen, gilt Folgendes:\n<ul>\n<li>Frachtkosten von DKK 50,- in D\u00e4nemark und SEK 138,- in Schweden pro Paket von bis zu 20 kg je nach Volumen\/Paket**<\/li>\n<li>Bearbeitungsgeb\u00fchr von DKK 100,- \/SEK 150,- f\u00fcr Bestellungen unter DKK 500,- \/SEK 750,-<\/li>\n<li>1\/2 Paletten innerhalb D\u00e4nemarks hat eine Frachtgeb\u00fchr von DKK 380,- in D\u00e4nemark \/ SEK 950,- in Schweden<\/li>\n<li>1\/1 Palette innerhalb D\u00e4nemarks hat eine Frachtgeb\u00fchr von DKK 530,- in D\u00e4nemark \/ SEK 1.160.- in Schweden<\/li>\n<\/ul>\n<\/li>\n<\/ul>\n<p>*Delfi bietet eine frachtfreie Lieferung an, sofern die Produkte nicht durch Sonderpreise\/Rabatte, Sonderaktionen, Vorf\u00fchrprodukte usw. abgedeckt sind.<\/p>\n<p>**Aufgrund einer angemessenen Frachtabwicklung kann es erforderlich sein, dass das Volumen des Pakets nach Einsch\u00e4tzung von Delfi Technologies in mehrere Pakete aufgeteilt wird.<\/p>\n<p>Der Frachtpreis f\u00fcr Lieferungen in andere L\u00e4nder wird nach einem speziellen Angebot berechnet, sofern nichts anderes vereinbart wurde.<\/p>\n<p>Delfi Technologies A\/S liefert und verkauft nur an Business to Business (B2B) mit<br \/>\nvorheriger Kontoerstellung\u00a0und registrierter CVR-\/Mehrwertsteuernummer.[\/vc_column_text][\/vc_column][\/vc_row][vc_row][vc_column][vc_separator][\/vc_column][\/vc_row][vc_row][vc_column][vc_column_text]<\/p>\n<h2>R\u00fcckgabe<\/h2>\n<p>R\u00fccksendungen werden nur nach vorheriger schriftlicher Zustimmung des Verk\u00e4ufers angenommen.<\/p>\n<p>Stornierungen von Bestellungen werden nur nach vorheriger schriftlicher Zustimmung des Verk\u00e4ufers akzeptiert, wenn es sich um nicht auf Lager befindliche oder f\u00fcr den K\u00e4ufer gekaufte Artikel handelt.<\/p>\n<p>F\u00fcr die Stornierung eines Auftrags wird eine Geb\u00fchr von 15 % des Wertes des offenen Auftrags erhoben.[\/vc_column_text][vc_btn title=&#8221;Alle Begriffe anzeigen&#8221; shape=&#8221;rounded&#8221; color=&#8221;black&#8221; size=&#8221;lg&#8221; link=&#8221;url:https%3A%2F%2Fwww.delfi.com%2Fterms-condtions-sale-and-delivery|&#8221;][\/vc_column][\/vc_row]<\/p>\n<\/div>","protected":false},"excerpt":{"rendered":"<p>Delfi Technologies A\/S hat das volle Recht zu beurteilen, welches Zahlungssystem der Kunde oder H\u00e4ndler nutzt, sofern nicht anders vereinbart. F\u00fcr alle bestehenden Kunden, die im Kundenverzeichnis von Delfi Technologies A\/S eingetragen sind, gelten weiterhin die zuvor vereinbarten Zahlungsbedingungen.<\/p>\n","protected":false},"author":3,"featured_media":14069,"parent":0,"menu_order":0,"comment_status":"closed","ping_status":"closed","template":"","meta":{"_acf_changed":false,"cybocfi_hide_featured_image":"yes","footnotes":""},"class_list":["post-19071","page","type-page","status-publish","has-post-thumbnail","hentry"],"acf":[],"_links":{"self":[{"href":"https:\/\/www.delfi.com\/de\/wp-json\/wp\/v2\/pages\/19071","targetHints":{"allow":["GET"]}}],"collection":[{"href":"https:\/\/www.delfi.com\/de\/wp-json\/wp\/v2\/pages"}],"about":[{"href":"https:\/\/www.delfi.com\/de\/wp-json\/wp\/v2\/types\/page"}],"author":[{"embeddable":true,"href":"https:\/\/www.delfi.com\/de\/wp-json\/wp\/v2\/users\/3"}],"replies":[{"embeddable":true,"href":"https:\/\/www.delfi.com\/de\/wp-json\/wp\/v2\/comments?post=19071"}],"version-history":[{"count":2,"href":"https:\/\/www.delfi.com\/de\/wp-json\/wp\/v2\/pages\/19071\/revisions"}],"predecessor-version":[{"id":79167,"href":"https:\/\/www.delfi.com\/de\/wp-json\/wp\/v2\/pages\/19071\/revisions\/79167"}],"wp:featuredmedia":[{"embeddable":true,"href":"https:\/\/www.delfi.com\/de\/wp-json\/wp\/v2\/media\/14069"}],"wp:attachment":[{"href":"https:\/\/www.delfi.com\/de\/wp-json\/wp\/v2\/media?parent=19071"}],"curies":[{"name":"wp","href":"https:\/\/api.w.org\/{rel}","templated":true}]}}