{"id":19088,"date":"2023-07-20T07:32:34","date_gmt":"2023-07-20T05:32:34","guid":{"rendered":"https:\/\/www.delfi.com\/die-globalen-ziele-der-un\/"},"modified":"2026-03-13T13:36:07","modified_gmt":"2026-03-13T12:36:07","slug":"fns-verdensmaal","status":"publish","type":"page","link":"https:\/\/www.delfi.com\/de\/fns-verdensmaal","title":{"rendered":"Die globalen Ziele der UN"},"content":{"rendered":"<div class=\"wpb-content-wrapper\"><p>[vc_row][vc_column][vc_column_text css=&#8221;&#8221; css_params=&#8221;&#8221;]<\/p>\n<h1>So arbeiten wir mit den 17 Zielen der UN<\/h1>\n<p>Die 17 Ziele der UN sind die bislang ambitionierteste globale Entwicklungsagenda mit Fokus auf Nachhaltigkeit und Transformation. Die Ziele wurden auf dem UN-Gipfel in New York am 25. September 2015 verabschiedet. Dort beschlossen die Staats- und Regierungschefs der Welt 17 Ziele sowie 169 Unterziele f\u00fcr eine nachhaltige Entwicklung, die helfen sollen, die Klimaherausforderungen der Zukunft zu l\u00f6sen.<\/p>\n<p>Die Ziele verpflichten alle 193 UN-Mitgliedstaaten, eine nachhaltigere Welt zu schaffen, indem Armut und Hunger beseitigt, Ungleichheit reduziert, gute Bildung und bessere Gesundheit f\u00fcr alle gesichert, menschenw\u00fcrdige Arbeitspl\u00e4tze und ein nachhaltigeres Wirtschaftswachstum gef\u00f6rdert werden. Es ist vermutlich der wichtigste Plan unserer Zeit.[\/vc_column_text][\/vc_column][\/vc_row][vc_row][vc_column width=&#8221;1\/2&#8243;][vc_column_text]<\/p>\n<h2>Gemeinsam k\u00f6nnen wir etwas bewirken<\/h2>\n<p>Es besteht kein Zweifel: Wenn Entwicklung und konkrete Ergebnisse erzielt werden sollen, erfordert das den Einsatz aller. Viele Unternehmen, engagierte Einzelpersonen und Organisationen in D\u00e4nemark sind bereits dabei, nachhaltige Entwicklungspfade auf Basis der Ziele zu gestalten \u2013 das gilt auch f\u00fcr Delfi Technologies, doch wir k\u00f6nnen die Ziele bei Weitem nicht allein erreichen.<\/p>\n<p>Wenn wir jedoch klare Ziele setzen und unsere Ressourcen entsprechend priorisieren, k\u00f6nnen Ergebnisse erzielt werden. Das erfordert Einsatz auf gro\u00dfer Ebene von Regierungen, multinationalen Unternehmen und weltweit t\u00e4tigen NGOs \u2013 aber auch auf Mikroebene mit Stadtr\u00e4ten, kleineren Unternehmen und freiwillig Engagierten.<\/p>\n<p>Bei Delfi Technologies haben wir uns entschieden, uns auf eine Auswahl der 17 Ziele zu konzentrieren, bei denen wir glauben, einen besonderen Unterschied machen zu k\u00f6nnen. Unser Einsatz umfasst derzeit folgende Ziele:[\/vc_column_text][\/vc_column][vc_column width=&#8221;1\/2&#8243;][vc_single_image image=&#8221;14191&#8243; img_size=&#8221;full&#8221;][\/vc_column][\/vc_row][vc_row][vc_column][vc_separator][\/vc_column][\/vc_row][vc_row][vc_column width=&#8221;1\/2&#8243;][vc_single_image image=&#8221;14200&#8243; img_size=&#8221;full&#8221;][\/vc_column][vc_column width=&#8221;1\/2&#8243;][vc_column_text]<\/p>\n<h2>Ziel 2: Kein Hunger<\/h2>\n<p><strong>Case: F\u00f8devareBanken \u2013 von Lebensmittelverschwendung zur Mahlzeit<\/strong><br \/>\nDurch unsere Zusammenarbeit mit F\u00f8devareBanken bei der Entwicklung einer Barcode-L\u00f6sung zur elektronischen Produktregistrierung unterst\u00fctzen wir die globalen Ziele der UN, die darauf abzielen, Armut zu beseitigen, Hunger zu beenden, Ungleichheit zu verringern, verantwortungsvollen Konsum und Produktion sicherzustellen und Ma\u00dfnahmen f\u00fcr das Klima zu ergreifen. Es ist eine gute L\u00f6sung, weil sie die gesamte Logistik verbindet und hilft, die R\u00fcckverfolgbarkeit der Produkte sicherzustellen. Das Projekt zeichnet sich dadurch aus, dass es ein hohes Ma\u00df an Lebensmittelsicherheit in der Lieferkette schafft, was zu weniger Lebensmittelverschwendung in D\u00e4nemark beitr\u00e4gt.[\/vc_column_text][\/vc_column][\/vc_row][vc_row][vc_column][vc_column_text]Allein 2019 wurden in D\u00e4nemark mehr als 1.350 Tonnen Lebensmittel f\u00fcr sozial Benachteiligte gesammelt und ausgegeben. Das ergab mehr als 3.375.000 Mahlzeiten und f\u00fchrte zu einer Reduktion der CO2-Emissionen um 1.806 Tonnen. (Quelle: <a href=\"https:\/\/foedevarebanken.dk\/\" target=\"_blank\" rel=\"noopener\">https:\/\/foedevarebanken.dk\/<\/a>).<\/p>\n<p>Eine Zusammenarbeit mit einer Reihe von Lebensmittelunternehmen stellt die Spende von \u00fcbersch\u00fcssigen Lebensmitteln sicher, die elektronisch mit einer Barcode-L\u00f6sung registriert werden. Die L\u00f6sung l\u00e4sst sich leicht f\u00fcr die Zusammenarbeit mit weiteren Unternehmen skalieren \u2013 sowohl national in D\u00e4nemark als auch im Ausland. Die Barcodes der Lebensmittel tragen dazu bei, die R\u00fcckverfolgbarkeit sicherzustellen.<\/p>\n<p>Mit der Barcode-L\u00f6sung kann F\u00f8devareBanken jederzeit genau nachvollziehen, wo eine bestimmte Lebensmittelcharge gesammelt wurde und wo die betreffende Charge ausgegeben wurde. Das Besondere an der L\u00f6sung ist, dass die Warenr\u00fcckverfolgbarkeit w\u00e4hrend des gesamten Prozesses sichergestellt werden kann und man schnell reagieren kann, falls es notwendig sein sollte, eine Lebensmittelcharge zur\u00fcckzurufen. Gleichzeitig wird nach dem \u201eFirst in First Out\u201c-Prinzip gearbeitet, sodass die Lebensmittel mit dem k\u00fcrzesten Haltbarkeitsdatum zuerst ausgegeben werden und das Risiko von Verschwendung kontinuierlich minimiert wird. Die L\u00f6sung wurde von Delfi Technologies in Zusammenarbeit mit F\u00f8devareBanken entwickelt.[\/vc_column_text][vc_btn title=&#8221;Lesen Sie die Fallstudie hier&#8221; shape=&#8221;rounded&#8221; color=&#8221;black&#8221; size=&#8221;lg&#8221; link=&#8221;url:https%3A%2F%2Fwww.delfi.com%2Fde%2Freferenzen%2Ffoedevarebanken%2Ffoedevarebanken-4|title:Fra%20madspild%20til%20m%C3%A5ltid%20med%20elektronisk%20vareregistrering|&#8221; css_params=&#8221;&#8221;][\/vc_column][\/vc_row][vc_row][vc_column][vc_separator][\/vc_column][\/vc_row][vc_row][vc_column width=&#8221;1\/2&#8243;][vc_single_image image=&#8221;14209&#8243; img_size=&#8221;full&#8221;][\/vc_column][vc_column width=&#8221;1\/2&#8243;][vc_column_text]<\/p>\n<h2>Ziel 3: Gesundheit und Wohlergehen<\/h2>\n<p><strong>Case: Bessere Patientensicherheit in D\u00e4nemark<\/strong><br \/>\nWir sind innovativ in unserer Arbeit mit Hardware- und Softwarel\u00f6sungen f\u00fcr den Gesundheitssektor. Durch eine Zusammenarbeit mit den d\u00e4nischen Regionen schaffen wir Barcode-L\u00f6sungen, die dazu beitragen, die Patientensicherheit zu st\u00e4rken und die Arbeit in den Krankenh\u00e4usern der Regionen zu erleichtern.<\/p>\n<p>Die Softwarel\u00f6sung, Delfi EasyScan, wird entwickelt von Delfi Technologies entwickelt und besteht aus Barcode-Software, Handscannern und Armbanddruckern. Es handelt sich um eine zentralisierte Barcode-L\u00f6sung, die neue technologische M\u00f6glichkeiten bietet und verschiedene Arbeitsfunktionen in einer L\u00f6sung zusammenf\u00fchrt. Neue Handscanner helfen dabei, Arbeitsabl\u00e4ufe zu verk\u00fcrzen und einen besseren \u00dcberblick zu schaffen.[\/vc_column_text][vc_btn title=&#8221;Lesen Sie die Fallstudie hier&#8221; shape=&#8221;rounded&#8221; color=&#8221;black&#8221; size=&#8221;lg&#8221; link=&#8221;url:https%3A%2F%2Fwww.delfi.com%2Fde%2Fneuigkeiten%2Fregion-zealand-strengthens-patient-safety|title:Region%20Sj%C3%A6lland%20styrker%20patientsikkerheden|&#8221; css_params=&#8221;&#8221;][\/vc_column][\/vc_row][vc_row][vc_column][vc_column_text]Im Jahr 2020 brach das Coronavirus endg\u00fcltig durch. In diesem Zusammenhang wurden in ganz D\u00e4nemark eine Reihe von Testzentren eingerichtet. Dort wird die Gesundheitskarte der Testperson mithilfe von <a href=\"https:\/\/shop.delfi.com\/de\/kategorie\/barcode-scanner\/\" target=\"_blank\" rel=\"noopener\">Handscannern<\/a> registriert, die Delfi Technologies unter anderem an Region Seeland und die Hauptstadtregion liefert.<\/p>\n<p>Die Scanner sind ein spezielles antibakterielles Modell, das sich besonders f\u00fcr das Gesundheitswesen eignet und besonderen Bedingungen wie zus\u00e4tzlicher Reinigung und Desinfektion standh\u00e4lt.[\/vc_column_text][vc_btn title=&#8221;Lesen Sie die Fallstudie hier&#8221; shape=&#8221;rounded&#8221; color=&#8221;black&#8221; size=&#8221;lg&#8221; link=&#8221;url:https%3A%2F%2Fdelfi.com%2Fda%2Fnyheder%2Fdelfi-leverer-udstyr-til-corona-testcentre%2F|title:Fra%20madspild%20til%20m%C3%A5ltid%20med%20elektronisk%20vareregistrering|&#8221; css_params=&#8221;&#8221;][\/vc_column][\/vc_row][vc_row][vc_column][vc_separator][\/vc_column][\/vc_row][vc_row][vc_column][vc_column_text]<\/p>\n<h2>Ziel 5: Geschlechtergleichstellung<\/h2>\n<p>&#8211; <em>Obwohl die IT- und Tech-Branche historisch stark m\u00e4nnerdominiert war, erleben wir bei Delfi Technologies einen Trend, dass heute mehr Frauen hinzukommen \u2013 sowohl intern im Unternehmen als auch in unserem Netzwerk. In jedem Besch\u00e4ftigungsverh\u00e4ltnis stellen wir selbstverst\u00e4ndlich auch die Gleichstellung der Geschlechter sicher, sodass M\u00e4nner und Frauen die gleichen Rechte und M\u00f6glichkeiten haben <\/em>, <strong>sagt Caroline Hagen, CMO bei Delfi Technologies A\/S.<\/strong>[\/vc_column_text][\/vc_column][\/vc_row][vc_row][vc_column][vc_separator][\/vc_column][\/vc_row][vc_row][vc_column][vc_single_image image=&#8221;14238&#8243; img_size=&#8221;full&#8221; alignment=&#8221;center&#8221;][vc_column_text]<\/p>\n<h2>Ziel 8: Menschenw\u00fcrdige Arbeit und Wirtschaftswachstum<\/h2>\n<p><em>\u2013 In unserer Arbeit, unseren Kunden die neueste Technologie zu sichern, tragen wir auch mit L\u00f6sungen bei, die eine h\u00f6here Produktivit\u00e4t schaffen. Wir sehen zunehmend den Wunsch unserer Kunden, ein technologisches Upgrade als Mittel zur Schaffung von Wirtschaftswachstum vorzunehmen, <\/em> <strong>berichtet Palle Svendsen, CEO bei Delfi Technologies A\/S.<\/strong><\/p>\n<h2>Ziel 9: Industrie, Innovation und Infrastruktur<\/h2>\n<p><em>\u2013 Bei Delfi Technologies legen wir gro\u00dfen Wert auf Innovation und betrachten sie als entscheidenden Treiber der technologischen Entwicklung. Unsere wichtigste Aufgabe ist es, der Entwicklung voraus zu sein und innovative L\u00f6sungen zu schaffen, die das Gesch\u00e4ft und die Wettbewerbsf\u00e4higkeit unserer Kunden f\u00f6rdern, <\/em> <strong>sagt Palle Svendsen.<\/strong>[\/vc_column_text][\/vc_column][\/vc_row][vc_row][vc_column][vc_separator][\/vc_column][\/vc_row][vc_row][vc_column][vc_single_image image=&#8221;14246&#8243; img_size=&#8221;full&#8221; alignment=&#8221;center&#8221;][\/vc_column][\/vc_row][vc_row][vc_column width=&#8221;1\/2&#8243;][vc_column_text]<\/p>\n<h2>Ziel 12: Verantwortungsvolle Konsum- und Produktionsmuster<\/h2>\n<p><strong>Case: Digitales Tool unterst\u00fctzt MENY im Kampf gegen Lebensmittelverschwendung<\/strong><br \/>\nEin zentrales Element der 17 Ziele der UN ist die Bek\u00e4mpfung von Lebensmittelverschwendung. Unterziel 12.3 lautet, dass bis 2030 die weltweite Lebensmittelverschwendung auf Einzelhandels- und Verbraucherebene pro Kopf halbiert und Lebensmittelverluste in Produktions- und Lieferketten reduziert werden sollen.<\/p>\n<p>Heute ist Lebensmittelverschwendung bei vielen Supermarktketten ein priorisiertes Handlungsfeld. Zusammen mit Dagrofas Flaggschiffkette MENY nutzen wir ein digitales Tool, um das Risiko zu eliminieren, dass \u00fcberhaupt Lebensmittelverschwendung entsteht. Bei MENY geht es nicht nur darum, \u00fcbersch\u00fcssige Lebensmittel f\u00fcr soziale Zwecke abzugeben, sondern in noch h\u00f6herem Ma\u00dfe auch darum, die Routinen des Ladenpersonals zu ver\u00e4ndern.<\/p>\n<p>Whywaste hedder det nye v\u00e6rkt\u00f8j, der har fundet vej til landets MENY-butikker, som et seri\u00f8st initiativ i kampen mod madspild og datovarer. Im Rahmen des Whywaste-Projekts wurde Delfi Technologies als IT-Lieferant von <a href=\"https:\/\/shop.delfi.com\/de\/kategorie\/handheld-terminals-und-zubehoer\/\" target=\"_blank\" rel=\"noopener\">Handheld-Terminals<\/a> und mobilen <a href=\"https:\/\/shop.delfi.com\/de\/kategorie\/etikettendrucker\/\" target=\"_blank\" rel=\"noopener\">Etikettendruckern<\/a> f\u00fcr Dagrofa ausgew\u00e4hlt.[\/vc_column_text][vc_btn title=&#8221;Lesen Sie die Fallstudie hier&#8221; shape=&#8221;rounded&#8221; color=&#8221;black&#8221; size=&#8221;lg&#8221; link=&#8221;url:https%3A%2F%2Fdelfi.com%2Fda%2Freferencer%2Fmeny-solroed%2F|title:Fra%20madspild%20til%20m%C3%A5ltid%20med%20elektronisk%20vareregistrering|&#8221;][\/vc_column][vc_column width=&#8221;1\/2&#8243;][vc_column_text]<\/p>\n<h2>Ziel 13: Ma\u00dfnahmen zum Klimaschutz<\/h2>\n<p><strong>Case: Jensen Seeds \u2013 erh\u00f6hte R\u00fcckverfolgbarkeit in der Lieferkette<\/strong><br \/>\nDurch unsere Zusammenarbeit mit Jensen Seeds stellen wir einen positiven Einfluss auf die Ziele 12 und 13 sicher.<\/p>\n<p>Das d\u00e4nische Saatgutunternehmen Jensen Seeds liefert j\u00e4hrlich mehr als 10.000 Tonnen Saatgut an seine Kunden. Daher ist es von entscheidender Bedeutung, dass bei der Produktion und Sortierung der Samen keine Fehler auftreten. Hier entstand der Bedarf nach einer RFID-L\u00f6sung, um den Prozess vom Landwirt bis zur vollautomatischen Reinigung, Sortierung und Verpackung zu verfolgen, zu lokalisieren und zu identifizieren.<\/p>\n<p>Eine kontinuierliche Investition in Innovation und Infrastruktur ist n\u00e4mlich ein entscheidender Treiber f\u00fcr Wirtschaftswachstum und Entwicklung. Dabei ist die technologische Entwicklung der Schl\u00fcssel, um L\u00f6sungen f\u00fcr sowohl wirtschaftliche als auch umweltbezogene Herausforderungen zu finden.<\/p>\n<p>Im Rahmen der Qualit\u00e4tssicherung war Jensen Seeds der erste Saatgutlieferant weltweit, der die drahtlose RFID-Technologie einsetzte. Heute geh\u00f6rt Jensen Seeds zu DLF, einem globalen Saatgutunternehmen, das Saatgut f\u00fcr Futtergr\u00e4ser sowie f\u00fcr private und professionelle Rasenfl\u00e4chen in mehr als 80 L\u00e4ndern weltweit vertreibt. Auch hier ist Jensen Seeds ein First Mover, weshalb viele andere Produzenten in diese Richtung blicken, wenn es um Inspiration f\u00fcr Prozessoptimierung, bessere Kontrolle und erh\u00f6hte R\u00fcckverfolgbarkeit geht.[\/vc_column_text][vc_btn title=&#8221;Lesen Sie die Fallstudie hier&#8221; shape=&#8221;rounded&#8221; color=&#8221;black&#8221; size=&#8221;lg&#8221; link=&#8221;url:https%3A%2F%2Fdelfi.com%2Fda%2Freferencer%2Fjensen-seeds%2F|title:Fra%20madspild%20til%20m%C3%A5ltid%20med%20elektronisk%20vareregistrering|&#8221;][\/vc_column][\/vc_row][vc_row][vc_column][vc_separator][\/vc_column][\/vc_row][vc_row][vc_column][vc_masonry_grid post_type=&#8221;ids&#8221; element_width=&#8221;12&#8243; item=&#8221;13350&#8243; grid_id=&#8221;vc_gid:1773405074462-9cf5d7ee-7cf7-7&#8243; include=&#8221;11352&#8243;][vc_masonry_grid post_type=&#8221;ids&#8221; element_width=&#8221;12&#8243; item=&#8221;13350&#8243; grid_id=&#8221;vc_gid:1773405074465-245ce5d8-5910-10&#8243; include=&#8221;13656&#8243;][\/vc_column][\/vc_row]<\/p>\n<\/div>","protected":false},"excerpt":{"rendered":"<p>Die 17 Ziele der UN sind die bislang ambitionierteste globale Entwicklungsagenda mit Fokus auf Nachhaltigkeit und Transformation. Die Ziele wurden auf dem UN-Gipfel in New York am 25. September 2015 verabschiedet.  <\/p>\n","protected":false},"author":3,"featured_media":14256,"parent":0,"menu_order":0,"comment_status":"closed","ping_status":"closed","template":"","meta":{"_acf_changed":false,"cybocfi_hide_featured_image":"yes","footnotes":""},"class_list":["post-19088","page","type-page","status-publish","has-post-thumbnail","hentry"],"acf":[],"_links":{"self":[{"href":"https:\/\/www.delfi.com\/de\/wp-json\/wp\/v2\/pages\/19088","targetHints":{"allow":["GET"]}}],"collection":[{"href":"https:\/\/www.delfi.com\/de\/wp-json\/wp\/v2\/pages"}],"about":[{"href":"https:\/\/www.delfi.com\/de\/wp-json\/wp\/v2\/types\/page"}],"author":[{"embeddable":true,"href":"https:\/\/www.delfi.com\/de\/wp-json\/wp\/v2\/users\/3"}],"replies":[{"embeddable":true,"href":"https:\/\/www.delfi.com\/de\/wp-json\/wp\/v2\/comments?post=19088"}],"version-history":[{"count":5,"href":"https:\/\/www.delfi.com\/de\/wp-json\/wp\/v2\/pages\/19088\/revisions"}],"predecessor-version":[{"id":79150,"href":"https:\/\/www.delfi.com\/de\/wp-json\/wp\/v2\/pages\/19088\/revisions\/79150"}],"wp:featuredmedia":[{"embeddable":true,"href":"https:\/\/www.delfi.com\/de\/wp-json\/wp\/v2\/media\/14256"}],"wp:attachment":[{"href":"https:\/\/www.delfi.com\/de\/wp-json\/wp\/v2\/media?parent=19088"}],"curies":[{"name":"wp","href":"https:\/\/api.w.org\/{rel}","templated":true}]}}