{"id":19836,"date":"2023-09-26T11:03:24","date_gmt":"2023-09-26T11:03:24","guid":{"rendered":"https:\/\/www.delfi.com\/?page_id=19836"},"modified":"2025-12-29T09:06:01","modified_gmt":"2025-12-29T08:06:01","slug":"electronic-shelf-labels","status":"publish","type":"page","link":"https:\/\/www.delfi.com\/de\/electronic-shelf-labels","title":{"rendered":"Electronic Shelf Labels"},"content":{"rendered":"<div class=\"wpb-content-wrapper\"><p>[vc_row][vc_column width=&#8221;1\/2&#8243;][vc_column_text css=&#8221;&#8221; css_params=&#8221;&#8221;]<\/p>\n<h1>Electronic Shelf Labels<\/h1>\n<p>Kleine farbige&nbsp;<a href=\"https:\/\/www.delfi.com\/de\/e-ink-preisschilder\/\" data-cke-saved-href=\"https:\/\/www.delfi.com\/de\/de\/losungen\/e-ink-preisschilder\">E-Ink Preisschilder<\/a>&nbsp;verdr\u00e4ngen schon seit mehreren Jahren klassische Papier-Preisschilder aus den Gesch\u00e4ften. W\u00e4hrend erst Elektronikh\u00e4ndler auf den Zug aufgesprungen sind, findet man sog. Electronic Shelf Labels mittlerweile auch bei vielen Supermarktketten und kleineren H\u00e4ndlern. Der Handel passt sich mit dieser weiteren Form der Preisauszeichnung der fortschreitenden Digitalisierung an, um wettbewerbsf\u00e4hig zu bleiben und dem Kunden etwas zu bieten.&nbsp;<a href=\"https:\/\/www.delfi.com\/de\/digitale-preisschilder\/\" data-cke-saved-href=\"https:\/\/www.delfi.com\/de\/losungen\/digitale-preisschilder\">Elektronische Preisschilder<\/a>&nbsp;bieten n\u00e4mlich viele neue M\u00f6glichkeiten zur automatisierten Preisauszeichnung, sodass die daraus resultierenden Vorteile eine wachsende Anzahl von H\u00e4ndlern \u00fcberzeugt.<\/p>\n<h2>Was sind Electronic Shelf Labels?<\/h2>\n<p>Electronic Shelf Labels sind kleine E-Ink-Bildschirme, die&nbsp; oft in&nbsp;<a href=\"https:\/\/www.delfi.com\/de\/branchen\/losungen-fur-apotheken\/\" data-cke-saved-href=\"https:\/\/www.delfi.com\/de\/breece-system\/apotheken\">Apotheken<\/a>, Superm\u00e4rkten oder Baum\u00e4rkten zu finden sind und ersetzen als&nbsp;<a href=\"https:\/\/www.delfi.com\/de\/digitale-preisschilder\/\" data-cke-saved-href=\"https:\/\/www.delfi.com\/de\/losungen\/digitale-preisschilder\">digitale Preisschilder<\/a>&nbsp;die klassischen&nbsp; Preisetiketten .<br \/>\nDie Electronic Shelf Labels, kurz ESL, erhalten ihre Informationen \u00fcber eine Funkverbindung (868 MHz) von unserem&nbsp;<a href=\"https:\/\/www.delfi.com\/de\/dynamic-communicator\/\" data-cke-saved-href=\"https:\/\/www.delfi.com\/de\/losungen\/infrastruktur-elektronische-preisschilder\">Dynamic Communicator<\/a>&nbsp;und dieser ist mit dem Kassen- oder Warenwirtschaftssystem&nbsp; verbunden. Die Verbindung mit den elektronischen Etiketten verl\u00e4uft dabei wechselseitig, d.h. es k\u00f6nnen auch Daten von den ESL\u2019s abgerufen werden. Zu den abrufbaren Daten geh\u00f6ren, die Anzahl von Anzeigenaktualisierungen, die Batteriespannung und die Umgebungstemperatur.<br \/>\nF\u00fcr die Logik der&nbsp;<a href=\"https:\/\/www.delfi.com\/de\/losungen\/elektronischen-regaletiketten\/\" data-cke-saved-href=\"https:\/\/www.delfi.com\/de\/losungen\/elektronische-preisauszeichnung\">elektronischen Preisauszeichnung<\/a>&nbsp;k\u00f6nnen auch andere Daten, wie z.B. das Ablaufdatum, Schlie\u00dfzeiten oder Lagerbest\u00e4nde f\u00fcr die Berechnung genutzt werden.[\/vc_column_text][\/vc_column][vc_column width=&#8221;1\/2&#8243;][vc_single_image image=&#8221;19845&#8243; img_size=&#8221;full&#8221;][\/vc_column][\/vc_row][vc_row css=&#8221;.vc_custom_1766493567580{margin-bottom: 3em !important;padding-top: 2em !important;padding-right: 1em !important;padding-left: 1em !important;background-color: #f2f2f2 !important;border-radius: 20px !important;}&#8221; conditional_render=&#8221;%5B%7B%22value_role%22%3A%22administrator%22%7D%5D&#8221; css_params=&#8221;&#8221;][vc_column][vc_column_text css=&#8221;&#8221; css_params=&#8221;&#8221;]<\/p>\n<h2>Wie funktionieren Electronic Shelf Labels?<\/h2>\n<p>Technisch nutzen wir f\u00fcr unserer Electronic Shelf Labeling L\u00f6sung die&nbsp;<a href=\"https:\/\/de.wikipedia.org\/wiki\/Elektronisches_Papier\" data-cke-saved-href=\"https:\/\/de.wikipedia.org\/wiki\/Elektronisches_Papier\" data-cke-saved- target=\"_blank\" rel=\"noopener\">E-Ink-Technologie<\/a>, welche auch von eBook Readern bekannt ist. Sog. \u201cePaper\u201d Bildschirme sind sehr energiesparend, da nur f\u00fcr das Neugestalten der Grafiken Energie verbraucht wird. Unsere ESLs werden mit Standard Knopfzellen Batterien betrieben und funktionieren bei&nbsp; 2-3 Preis\u00e4nderungen am Tag f\u00fcr mehrere Jahre ohne Batteriewechsel.<\/p>\n<p>Die Bildschirme sind hochaufl\u00f6send und k\u00f6nnen Farben wie Rot oder Gelb zus\u00e4tzlich zu Schwarz-Weiss darstellen, so dass&nbsp; kreative Layouts erstellt werden k\u00f6nnen, um Aufmerksamkeit zu erregen. Es gibt sie in verschiedenen Formaten und bis zu eine Gr\u00f6\u00dfe von 27x22cm.<\/p>\n<p>Unserer&nbsp;<a href=\"https:\/\/www.delfi.com\/de\/losungen\/breece-system\" data-cke-saved-href=\"https:\/\/www.delfi.com\/de\/losungen\/breece-system\" data-cke-saved->Breece System Software<\/a>&nbsp;verwaltetdie Preise und Grafikvorlagen&nbsp; Die Software ist sehr benutzerfreundlich und kann einfach mit bestehenden Kassen- oder Warenwirtschaftssystemen verkn\u00fcpft werden.<br \/>\nDie Verbindung mit den digitalen Preisschildern verl\u00e4uft \u00fcber eine separate und somit st\u00f6rungsfreie 868 MHz-Frequenz, so dass ein einziger Communicator mit bis zu 200.000 ESLs \u00fcber eine Fl\u00e4che von 4500 m2 verbunden werden kann, welches die kosteng\u00fcnstigste und zugleich leistungsst\u00e4rkste L\u00f6sung im Markt darstellt. Delfi\u2019s Zweiwege-Kommunikation sichert hierbei eine fehlerfreie \u00dcbertragung, da Status und Aktualisierungsdaten von jedem ESL abgerufen werden k\u00f6nnen. Somit werden \u00dcbertragungsfehler automatisch erkannt und korrigiert.[\/vc_column_text][\/vc_column][\/vc_row][vc_row][vc_column][vc_column_text css=&#8221;&#8221; css_params=&#8221;&#8221;]<\/p>\n<h2>ESL Zusatfunktionen<\/h2>\n<p>Die&nbsp;<a href=\"https:\/\/www.delfi.com\/de\/digitale-preisschilder\/\" data-cke-saved-href=\"https:\/\/www.delfi.com\/de\/losungen\/digitale-preisschilder\">elektronischen Preisschilder<\/a>&nbsp;k\u00f6nnen mit unserem&nbsp;<a href=\"https:\/\/www.delfi.com\/de\/losungen\/location-services\/\" data-cke-saved-href=\"https:\/\/www.delfi.com\/de\/losungen\/location-services\">Location Service<\/a>&nbsp;ausgestattet werden, um jedem Produkt einen Standort zuzuordnen. Dadurch ist es m\u00f6glich Mitarbeiter oder Kunden mittels mobile App direkt zur Ware zu navigieren. Das Preisschild weist w\u00e4hrend der Suche ein blinkendes LED Licht auf, um schon vom Weiten gefunden werden zu k\u00f6nnen.<\/p>\n<h2>ESL Anwendungsbereiche<\/h2>\n<p>Electronic Shelf Labels werden besonders oft im Einzelhandel angewandt. Kleinere Filialen mit ein paar Tausend Artikeln sind genauso ein potentieller Anwendungsbereich, wie gro\u00dfe Supermarktketten.&nbsp;<a href=\"https:\/\/www.delfi.com\/de\/losungen\/breece-system\/\" data-cke-saved-href=\"https:\/\/www.delfi.com\/de\/losungen\/breece-system\">ESL Systeme&nbsp;<\/a>k\u00f6nnen vereinfacht oder komplex aufgestellt werden, um sich den gegebenen Kriterien des H\u00e4ndlers anzupassen. Typische Anwendungsbereiche f\u00fcr Electronic Shelf Labeling sind :<\/p>\n<ul>\n<li><a href=\"https:\/\/www.delfi.com\/de\/referenzen\/spar-teglholmen\/\" data-cke-saved-href=\"https:\/\/www.delfi.com\/de\/referenzen\/spar-teglholmen\">Superm\u00e4rkte<\/a><\/li>\n<li><a href=\"https:\/\/www.delfi.com\/de\/referenzen\/greenmind\/\" data-cke-saved-href=\"https:\/\/www.delfi.com\/de\/referenzen\/blue-city\">Elektronikh\u00e4ndler<\/a><\/li>\n<li><a href=\"https:\/\/www.delfi.com\/de\/branchen\/losungen-fur-apotheken\/\" data-cke-saved-href=\"https:\/\/www.delfi.com\/de\/breece-system\/apotheken\">Apotheken<\/a><\/li>\n<li><a href=\"https:\/\/www.delfi.com\/de\/referenzen\/plantorama-esl-roll-out\/\" data-cke-saved-href=\"https:\/\/www.delfi.com\/de\/referenzen\/plantorama-esl-roll-out\">Gartencenter<\/a><\/li>\n<li>Tankstellen<\/li>\n<li><a href=\"https:\/\/www.delfi.com\/en\/cases\/effective-workflow-management-mercedes-benz-cph\" data-cke-saved-href=\"https:\/\/www.delfi.com\/de\/cases\/effective-workflow-management-mercedes-benz-cph\">Autoh\u00e4user<\/a><\/li>\n<li><a href=\"https:\/\/www.delfi.com\/de\/referenzen\/elektronische-preisauszeichnung-wirkt-sich-positiv-auf-die-kundenerfahrung-und-die\/\" data-cke-saved-href=\"https:\/\/www.delfi.com\/de\/referenzen\/elektronische-preisauszeichnung-wirkt-sich-positiv-auf-die-kundenerfahrung-und-die\">Baum\u00e4rkte<\/a><\/li>\n<li>M\u00f6belh\u00e4user<\/li>\n<li>Lagerhallen<\/li>\n<li>Metzgerei<\/li>\n<li><a href=\"https:\/\/www.delfi.com\/de\/referenzen\/elektronische-regailetiketten-helfen-eventyrsport-dabei-besucher-zahlende-kunden-zu\/\" data-cke-saved-href=\"https:\/\/www.delfi.com\/de\/referenzen\/elektronische-regailetiketten-helfen-eventyrsport-dabei-besucher-zahlende-kunden-zu\">Sporth\u00e4ndler<\/a><\/li>\n<li><a href=\"https:\/\/www.delfi.com\/de\/referenzen\/label-items-electronically-breece-system\/\" data-cke-saved-href=\"https:\/\/www.delfi.com\/de\/referenzen\/mit-dem-breece-system-etikettiert-foto-koch-seine-artikel-elektronisch\">Fotoh\u00e4ndler<\/a><\/li>\n<\/ul>\n<p>[\/vc_column_text][\/vc_column][\/vc_row][vc_row css=&#8221;.vc_custom_1766995319294{margin-bottom: 2em !important;}&#8221; conditional_render=&#8221;%5B%7B%22value_role%22%3A%22administrator%22%7D%5D&#8221; css_params=&#8221;&#8221;][vc_column][vc_separator css=&#8221;&#8221;][\/vc_column][\/vc_row][vc_row][vc_column width=&#8221;1\/2&#8243;][vc_single_image image=&#8221;19851&#8243; img_size=&#8221;full&#8221; css=&#8221;&#8221; label=&#8221;&#8221; css_params=&#8221;&#8221;][\/vc_column][vc_column width=&#8221;1\/2&#8243;][vc_column_text css=&#8221;&#8221; css_params=&#8221;&#8221;]<\/p>\n<h2>M\u00f6glichkeiten der dynamischen Preisauszeichnung<\/h2>\n<p>Grunds\u00e4tzlich k\u00f6nnen weitere interne Datenquellen in unsere&nbsp;<a href=\"https:\/\/www.delfi.com\/de\/losungen\/breece-system\" data-cke-saved-href=\"https:\/\/www.delfi.com\/de\/losungen\/breece-system\" data-cke-saved->Breece System Software<\/a>&nbsp;eingespeist werden, um die<a href=\"https:\/\/www.delfi.com\/de\/losungen\/elektronische-preisauszeichnung\" data-cke-saved-href=\"https:\/\/www.delfi.com\/de\/losungen\/elektronische-preisauszeichnung\" data-cke-saved->&nbsp;<\/a><a href=\"https:\/\/www.delfi.com\/de\/losungen\/elektronischen-regaletiketten\/\" data-cke-saved-href=\"\/de\/losungen\/elektronische-preisauszeichnung\">elektronische Preisauszeichnung<\/a>&nbsp;auf Regeln basierend zu automatisierend. Man spricht dann von dynamischer Preisauszeichnung oder -optimierung.<\/p>\n<p>Is gerade das Nachfolgermodell f\u00fcr einen ihrer Elektronikartikel erschienen und das Vorg\u00e4ngermodell ist noch in Masse vorr\u00e4tig? Mit unserem&nbsp;<a href=\"https:\/\/www.delfi.com\/de\/losungen\/breece-system\" data-cke-saved-href=\"https:\/\/www.delfi.com\/de\/losungen\/breece-system\" data-cke-saved->Breece System<\/a>&nbsp;k\u00f6nnen sie f\u00fcr das Vorg\u00e4ngermodell einen Aktionspreis einstellen und per Knopfdruck an s\u00e4mtliche Filialen schicken. Somit lassen sich theoretisch tausende von&nbsp;<a href=\"https:\/\/www.delfi.com\/de\/losungen\/elektronischen-regaletiketten\/\" data-cke-saved-href=\"https:\/\/www.delfi.com\/de\/losungen\/elektronischen-regaletiketten\">elektronischen Etiketten<\/a>&nbsp;blitzschnell \u00e4ndern. Sie k\u00f6nnen somit die Zyklen, in denen Anbieter ihre neuen Modelle ver\u00f6ffentlichen, antizipieren und Preise im Vorfeld automatisch herabsetzen. F\u00fcr die Preis\u00e4nderung k\u00f6nnen hierbei die typischen Perioden herangezogen werden, in denen die Hersteller neue Produktmodelle ver\u00f6ffentlichen oder die Umstellung kann zum Beispiel nur am Black Friday gelten.<\/p>\n<p>Weitere Beispiele f\u00fcr die dynamische Preisauszeichnung sind:[\/vc_column_text]<div class=\"uavc-list-icon uavc-list-icon-wrapper ult-adjust-bottom-margin   \"><ul class=\"uavc-list\"><li><div class=\"uavc-list-content\" id=\"list-icon-wrap-5122\">\n<div class=\"uavc-list-icon  \" data-animation=\"\" data-animation-delay=\"03\" style=\"margin-right:5px;\"><div class=\"ult-just-icon-wrapper  \"><div class=\"align-icon\" style=\"text-align:center;\">\n<div class=\"aio-icon none \"  style=\"color:var(--porto-primary-color);font-size:32px;display:inline-block;\">\n\t<i class=\"Defaults-angle-right\"><\/i>\n<\/div><\/div><\/div>\n<\/div><span  data-ultimate-target='#list-icon-wrap-5122 .uavc-list-desc'  data-responsive-json-new='{\"font-size\":\"\",\"line-height\":\"\"}'  class=\"uavc-list-desc ult-responsive\" style=\"\">Automatisierte Preis\u00e4nderungen f\u00fcr Frischwaren mit Verfallsdatum<\/span><\/div><\/li><li><div class=\"uavc-list-content\" id=\"list-icon-wrap-7425\">\n<div class=\"uavc-list-icon  \" data-animation=\"\" data-animation-delay=\"03\" style=\"margin-right:5px;\"><div class=\"ult-just-icon-wrapper  \"><div class=\"align-icon\" style=\"text-align:center;\">\n<div class=\"aio-icon none \"  style=\"color:var(--porto-primary-color);font-size:32px;display:inline-block;\">\n\t<i class=\"Defaults-angle-right\"><\/i>\n<\/div><\/div><\/div>\n<\/div><span  data-ultimate-target='#list-icon-wrap-7425 .uavc-list-desc'  data-responsive-json-new='{\"font-size\":\"\",\"line-height\":\"\"}'  class=\"uavc-list-desc ult-responsive\" style=\"\">Preis\u00e4nderungen abh\u00e4ngig vom Lagerbestand<\/span><\/div><\/li><li><div class=\"uavc-list-content\" id=\"list-icon-wrap-9955\">\n<div class=\"uavc-list-icon  \" data-animation=\"\" data-animation-delay=\"03\" style=\"margin-right:5px;\"><div class=\"ult-just-icon-wrapper  \"><div class=\"align-icon\" style=\"text-align:center;\">\n<div class=\"aio-icon none \"  style=\"color:var(--porto-primary-color);font-size:32px;display:inline-block;\">\n\t<i class=\"Defaults-angle-right\"><\/i>\n<\/div><\/div><\/div>\n<\/div><span  data-ultimate-target='#list-icon-wrap-9955 .uavc-list-desc'  data-responsive-json-new='{\"font-size\":\"\",\"line-height\":\"\"}'  class=\"uavc-list-desc ult-responsive\" style=\"\">Preis\u00e4nderungen basierend auf den Laden\u00f6ffnungszeiten<\/span><\/div><\/li><li><div class=\"uavc-list-content\" id=\"list-icon-wrap-6409\">\n<div class=\"uavc-list-icon  \" data-animation=\"\" data-animation-delay=\"03\" style=\"margin-right:5px;\"><div class=\"ult-just-icon-wrapper  \"><div class=\"align-icon\" style=\"text-align:center;\">\n<div class=\"aio-icon none \"  style=\"color:var(--porto-primary-color);font-size:32px;display:inline-block;\">\n\t<i class=\"Defaults-angle-right\"><\/i>\n<\/div><\/div><\/div>\n<\/div><span  data-ultimate-target='#list-icon-wrap-6409 .uavc-list-desc'  data-responsive-json-new='{\"font-size\":\"\",\"line-height\":\"\"}'  class=\"uavc-list-desc ult-responsive\" style=\"\">Preis\u00e4nderungen synchronisiert mit Preisen aus dem Internet oder von der eigenen Webseite<\/span><\/div><\/li><\/ul><\/div>[vc_column_text css=&#8221;&#8221; css_params=&#8221;&#8221;]Bei der dynamischen Preisgestaltung mit Electronic Shelf Labels sind der Fantasie grunds\u00e4tzlich keine Grenzen gesetzt, da externe Datenquellen mittels API Schnittstelle integriert werden k\u00f6nnen.<\/p>\n<p>Delfi ist schon seit 1988 in der Branche f\u00fcr Barcodes und Datenerfassung t\u00e4tig und bietet eine vielf\u00e4ltige Produktpalette die auf&nbsp;<a href=\"https:\/\/www.delfi.com\/de\/losungen\/breece-system\/\" data-cke-saved-href=\"https:\/\/www.delfi.com\/de\/losungen\/breece-system\">Electronic Shelf Labeling Systeme<\/a>&nbsp;und Datenerfassungsger\u00e4te am POS, sowie Druckl\u00f6sungen spezialisiert ist. Unsere L\u00f6sungen werden weltweit vertrieben mit Niederlassungen in D\u00e4nemark, Schweden, Norwegen, Deutschland, Italien und Vietnam.<\/p>\n<p>Bitte wenden Sie sich an uns f\u00fcr einen detaillierten Kostenvoranschlag, der auf Ihre Situation zugeschnitten ist.[\/vc_column_text][\/vc_column][\/vc_row]<\/p>\n<\/div>","protected":false},"excerpt":{"rendered":"<p>Kleine farbige E-Ink Preisschilder verdr\u00e4ngen schon seit mehreren Jahren klassische Papier-Preisschilder aus den Gesch\u00e4ften. W\u00e4hrend erst Elektronikh\u00e4ndler auf den Zug aufgesprungen sind, findet man sog. Electronic Shelf Labels mittlerweile auch bei vielen Supermarktketten und kleineren H\u00e4ndlern. Der Handel passt sich mit dieser weiteren Form der Preisauszeichnung der fortschreitenden Digitalisierung an, um wettbewerbsf\u00e4hig zu bleiben und dem Kunden etwas zu bieten. Elektronische Preisschilder bieten n\u00e4mlich viele neue M\u00f6glichkeiten zur automatisierten Preisauszeichnung, sodass die daraus resultierenden Vorteile eine wachsende Anzahl von H\u00e4ndlern \u00fcberzeugt.  <\/p>\n","protected":false},"author":3,"featured_media":19837,"parent":0,"menu_order":0,"comment_status":"closed","ping_status":"closed","template":"","meta":{"_acf_changed":false,"cybocfi_hide_featured_image":"yes","footnotes":""},"class_list":["post-19836","page","type-page","status-publish","has-post-thumbnail","hentry"],"acf":[],"_links":{"self":[{"href":"https:\/\/www.delfi.com\/de\/wp-json\/wp\/v2\/pages\/19836","targetHints":{"allow":["GET"]}}],"collection":[{"href":"https:\/\/www.delfi.com\/de\/wp-json\/wp\/v2\/pages"}],"about":[{"href":"https:\/\/www.delfi.com\/de\/wp-json\/wp\/v2\/types\/page"}],"author":[{"embeddable":true,"href":"https:\/\/www.delfi.com\/de\/wp-json\/wp\/v2\/users\/3"}],"replies":[{"embeddable":true,"href":"https:\/\/www.delfi.com\/de\/wp-json\/wp\/v2\/comments?post=19836"}],"version-history":[{"count":3,"href":"https:\/\/www.delfi.com\/de\/wp-json\/wp\/v2\/pages\/19836\/revisions"}],"predecessor-version":[{"id":76202,"href":"https:\/\/www.delfi.com\/de\/wp-json\/wp\/v2\/pages\/19836\/revisions\/76202"}],"wp:featuredmedia":[{"embeddable":true,"href":"https:\/\/www.delfi.com\/de\/wp-json\/wp\/v2\/media\/19837"}],"wp:attachment":[{"href":"https:\/\/www.delfi.com\/de\/wp-json\/wp\/v2\/media?parent=19836"}],"curies":[{"name":"wp","href":"https:\/\/api.w.org\/{rel}","templated":true}]}}