{"id":19860,"date":"2023-09-26T11:16:18","date_gmt":"2023-09-26T11:16:18","guid":{"rendered":"https:\/\/www.delfi.com\/?page_id=19860"},"modified":"2026-04-10T11:13:21","modified_gmt":"2026-04-10T09:13:21","slug":"e-ink-preisschilder","status":"publish","type":"page","link":"https:\/\/www.delfi.com\/de\/e-ink-preisschilder","title":{"rendered":"E-ink Preisschilder"},"content":{"rendered":"<div class=\"wpb-content-wrapper\"><p>[vc_row][vc_column width=&#8221;1\/2&#8243;][vc_column_text css=&#8221;&#8221; css_params=&#8221;&#8221;]<\/p>\n<h1>E-ink preisschilder und e-paper display<\/h1>\n<p>Digitale E-Ink Preisschilder mit e-paper display erfreuen sich zunehmender Beliebtheit aufgrund der vielen Vorteile. W\u00e4hrend die<a href=\"https:\/\/de.wikipedia.org\/wiki\/Elektronisches_Papier\" data-cke-saved-href=\"https:\/\/de.wikipedia.org\/wiki\/Elektronisches_Papier\" data-cke-saved- target=\"_blank\" rel=\"noopener\">&nbsp;E-Ink Technologie<\/a>&nbsp;prim\u00e4r von eBook Readern bekannt ist, kann man sie in Form von farbigen E-Ink Preisschildern schon seit einigen Jahren bei Elektroh\u00e4ndlern, wie Saturn und&nbsp; Mediamarkt oder in Superm\u00e4rkten und im Fachhandel, sowie in&nbsp;<a href=\"https:\/\/www.delfi.com\/de\/referenzen\/electronic-shelf-labels-turn-pharmacy-one-germanys-most-modern-pharmacies\/\" data-cke-saved-href=\"https:\/\/www.delfi.com\/de\/referenzen\/breece-system-automatisches-produktauszeichnungsystem-schafft-zeit-und-freiraum-fuer\">Apotheken<\/a>&nbsp;finden.<\/p>\n<h3>Was ist ein E-Paper Display?<\/h3>\n<p>Ein E-Paper Display (auch E-Ink Display genannt) ist eine elektronische Anzeigetechnologie, die das Aussehen von Tinte auf Papier nachahmt. Im Gegensatz zu LCD- oder LED-Displays reflektiert ein Electronic Paper Display das Umgebungslicht wie echtes Papier, anstatt selbst zu leuchten. Das macht E-Paper Displays extrem energieeffizient und aus jedem Blickwinkel perfekt lesbar \u2013 ideal f\u00fcr Preisschilder im Einzelhandel.<\/p>\n<h2>Was sind die Funktionen von E-Ink und E-Paper Preisschildern?<\/h2>\n<p>E-Ink und E-Paper Preisschilder k\u00f6nnen blitzschnell von einem Computersystem aktualisiert werden. Das zeitaufwendige, manuelle Preisaustauschen ist damit Vergangenheit und die neue L\u00f6sung zugleich nachhaltiger durch den niedrigeren Energieverbrauch. Zus\u00e4tzlich zur blitzschnellen Aktualisierung der Preise gibt es auch neuen M\u00f6glichkeiten die Preise zu verwalten und zu automatisieren.<\/p>\n<p>Mittels unserer&nbsp;<a href=\"https:\/\/www.delfi.com\/de\/losungen\/breece-system\/\" data-cke-saved-href=\"https:\/\/www.delfi.com\/de\/losungen\/breece-system\">ESL System Software Breece System<\/a>&nbsp;k\u00f6nnen Preise in einer Software eingegeben werden und mit anderen Datenquellen, wie dem bestehenden Kassensystem oder dem Warenwirtschaftssystem integriert werden. Danach k\u00f6nnen Regeln erstellt werden, nach denen sich die Preise auf den&nbsp;<a href=\"https:\/\/www.delfi.com\/de\/losungen\/elektronischen-regaletiketten\/\" data-cke-saved-href=\"https:\/\/www.delfi.com\/de\/losungen\/elektronischen-regaletiketten\">elektronischen Etiketten<\/a>&nbsp;automatisch aktualisieren. Das hei\u00dft, wenn Waren beispielsweise einen unplanm\u00e4\u00dfigen \u00dcberbestand aufweisen, kann der Preis in den Folgetagen stufenweise bis zu einer definierten Grenze herabgesetzt werden. Alternativ kann dies auch 2 Stunden vor Ladenschluss geschehen oder wenn das Haltbarkeitsdatum einer Ware in ein paar Tagen abl\u00e4uft. Das spart Zeit durch weniger manuellen Aufwand und au\u00dferdem optimiert es den Verkauf und die Lagerlogistik.[\/vc_column_text][\/vc_column][vc_column width=&#8221;1\/2&#8243;][vc_single_image image=&#8221;19887&#8243; img_size=&#8221;full&#8221;][\/vc_column][\/vc_row][vc_row css=&#8221;.vc_custom_1766501197041{margin-bottom: 1em !important;padding-top: 2em !important;padding-right: 1em !important;padding-left: 1em !important;background-color: #f2f2f2 !important;border-radius: 20px !important;}&#8221; conditional_render=&#8221;%5B%7B%22value_role%22%3A%22administrator%22%7D%5D&#8221; css_params=&#8221;&#8221;][vc_column][vc_column_text css=&#8221;&#8221; css_params=&#8221;&#8221;]E-Ink Preisschilder k\u00f6nnen aber noch mehr! Sie k\u00f6nnen zus\u00e4tzlich mit Delfi\u2019s Location Service ausgestattet werden, so dass jedem Product GPS Koordinaten zugeordnet werden. Bei extrem gro\u00dfen Fl\u00e4chen k\u00f6nnen Mitarbeiter somit direkt zum Regal mit dem Produkt navigiert werden. W\u00e4hrend der Navigation f\u00e4ngt zus\u00e4tzlich eine kleine Lampe (LED) am Preisschild an zu blinken.<\/p>\n<p>Unsere ePaper Preisschilder k\u00f6nnen zudem noch mit Bluetooth-Technologie ausgestattet werden um sein sog.&nbsp;<a href=\"https:\/\/www.delfi.com\/de\/losungen\/breece-system\/\" data-cke-saved-href=\"https:\/\/www.delfi.com\/de\/losungen\/interaktive-kommunikation-mit-beacons\">Bluetooth-Beacon Netzwerk<\/a>&nbsp;zu errichten. Mit so einem Netzwerk k\u00f6nnen Kunden individuelle Angebote zu Produkten gemacht werden. Kunden empfangen dann einfach eine Benachrichtigung auf ihrem Handy und k\u00f6nnen das Angebot dann auf dem E-Ink Label sehen.<\/p>\n<p>Unsere&nbsp;<a href=\"https:\/\/www.delfi.com\/de\/losungen\/breece-system\/\" data-cke-saved-href=\"https:\/\/www.delfi.com\/de\/losungen\/breece-system\">Breece System ESL Software<\/a>&nbsp;verwaltet nicht nur&nbsp;<a href=\"https:\/\/www.delfi.com\/de\/losungen\/elektronischen-regaletiketten\/\" data-cke-saved-href=\"https:\/\/www.delfi.com\/de\/losungen\/elektronischen-regaletiketten\">Electronic Shelf Label<\/a>, sondern kann auch mit existierenden&nbsp;<a href=\"https:\/\/www.delfi.com\/de\/losungen\/vision-4k\/\" data-cke-saved-href=\"https:\/\/www.delfi.com\/de\/losungen\/vision-4k\">4k Flachbildschirmen erweitert werden<\/a>. Die Bildschirme k\u00f6nnen dann in der Software genau wie E-Ink Label verwaltet werden und entweder Preise, Videos oder Slideshows anzeigen. Im Punkto Funktionalit\u00e4t schlagen ePaper Preisschilder mit ihrer Vielfalt an Dimensionen, Farben und Designm\u00f6glichkeiten die herk\u00f6mmlichen Papierpreise deutlich.<\/p>\n<p>Delfi\u2019s ePaper Preisschilder k\u00f6nnen bei allen g\u00e4ngigen Temperaturen von -25 \u00b0 C bis +30 \u00b0 C betrieben werden und sind damit auch f\u00fcr die K\u00fchlabteilung oder das Schaufenster geeignet. ePaper Preisschilder reflektieren nicht mit der Sonne und sind bis zu einem Winkel von 180 Grad lesbar. Die Verbindung wird hierbei mit einer Art Router aufgebaut. Unser Dynamic Communicator verbindet sich mittels einer st\u00f6rungsfreien separaten Wireless Local Area Network-Frequenz mit den&nbsp;<a href=\"https:\/\/www.delfi.com\/de\/digitale-preisschilder\/\" data-cke-saved-href=\"https:\/\/www.delfi.com\/de\/losungen\/digitale-preisschilder\">digitalen Preisschildern<\/a>. Dabei wird eine Zweiwege-Kommunikation aufgebaut, die es erm\u00f6glicht auch Daten von den&nbsp;<a href=\"https:\/\/www.delfi.com\/de\/electronic-shelf-labels\/\" data-cke-saved-href=\"https:\/\/www.delfi.com\/de\/losungen\/electronic-shelf-labels\">Electronic Shelf Labels<\/a>&nbsp;wieder zur\u00fcck zu empfangen. Dadurch kann gesichert werden, dass die Daten\u00fcbertragung fehlerfrei klappt und sich die Preise aktualisiert haben.[\/vc_column_text][\/vc_column][\/vc_row][vc_row css=&#8221;.vc_custom_1766994319830{margin-bottom: 2em !important;padding-top: 2em !important;padding-right: 1em !important;padding-left: 1em !important;border-radius: 20px !important;}&#8221; conditional_render=&#8221;%5B%7B%22value_role%22%3A%22administrator%22%7D%5D&#8221; css_params=&#8221;&#8221;][vc_column][vc_column_text css=&#8221;&#8221; css_params=&#8221;&#8221;]<\/p>\n<h2>Anwendungsbereiche f\u00fcr E-Ink\/ E-Paper Label<\/h2>\n<p>Obwohl E-Ink Label eher von Elektronikh\u00e4ndlern und Superm\u00e4rkten bekannt sind, gibt es viele weitere Anwendungsbereiche insofern sie \u00e4hnlichen Merkmalen entsprechen. Merkmale sind mehrmals am Tag variierende Preise oder Produkt\u00e4nderungen z.B. Verfallsdaten, die eingehalten werden m\u00fcssen. Demnach sind Lebensmittel, Frischwaren und Medikamente klassische Beispiele.&nbsp;<a href=\"https:\/\/www.delfi.com\/de\/referenzen\/breece-system-automatisches-produktauszeichnungsystem-schafft-zeit-und-freiraum-fuer\" data-cke-saved-href=\"https:\/\/www.delfi.com\/de\/referenzen\/breece-system-automatisches-produktauszeichnungsystem-schafft-zeit-und-freiraum-fuer\" data-cke-saved->Apotheken<\/a>&nbsp;haben meist ein&nbsp; gro\u00dfes Produktsortiment und m\u00fcssen Verfallsdaten sowie Preise im Internet im Auge behalten, so dass eine manuelle Preisauszeichnung im Vergleich mit der&nbsp;<a href=\"https:\/\/www.delfi.com\/de\/losungen\/elektronischen-regaletiketten\/\" data-cke-saved-href=\"https:\/\/www.delfi.com\/de\/losungen\/elektronische-preisauszeichnung\">elektronischen Preisauszeichnung<\/a>&nbsp;zu zeitintensiv und fehlerbehaftet ist.<\/p>\n<p>Typische Anwendungsbereiche f\u00fcr E-Ink Preisschilder sind:<\/p>\n<ul>\n<li><a href=\"https:\/\/www.delfi.com\/de\/referenzen\/electronic-shelf-labels-turn-pharmacy-one-germanys-most-modern-pharmacies\/\" data-cke-saved-href=\"https:\/\/www.delfi.com\/de\/referenzen\/breece-system-automatisches-produktauszeichnungsystem-schafft-zeit-und-freiraum-fuer\">Apotheken<\/a><\/li>\n<li><a href=\"https:\/\/www.delfi.com\/de\/referenzen\/elektronische-preisauszeichnung-wirkt-sich-positiv-auf-die-kundenerfahrung-und-die\/\" data-cke-saved-href=\"https:\/\/www.delfi.com\/de\/referenzen\/elektronische-preisauszeichnung-wirkt-sich-positiv-auf-die-kundenerfahrung-und-die\">Baum\u00e4rkte<\/a><\/li>\n<li>M\u00f6belh\u00e4user<\/li>\n<li><a href=\"https:\/\/www.delfi.com\/de\/referenzen\/spar-teglholmen\/\" data-cke-saved-href=\"https:\/\/www.delfi.com\/de\/referenzen\/spar-teglholmen\">Superm\u00e4rkte<\/a><\/li>\n<li><a href=\"https:\/\/www.delfi.com\/de\/referenzen\/greenmind\/\" data-cke-saved-href=\"https:\/\/www.delfi.com\/de\/referenzen\/blue-city\">Elektronikh\u00e4ndler<\/a><\/li>\n<li>Tankstellen<\/li>\n<li><a href=\"https:\/\/www.delfi.com\/en\/cases\/effective-workflow-management-mercedes-benz-cph\/\" data-cke-saved-href=\"https:\/\/www.delfi.com\/de\/cases\/effective-workflow-management-mercedes-benz-cph\">Autoh\u00e4user<\/a><\/li>\n<li>Metzgerei<\/li>\n<li>Lagerhallen<\/li>\n<\/ul>\n<p>Wenden Sie sich gerne an uns. Wir beraten Sie gerne, um herauszubekommen, ob E-Ink Label f\u00fcr Ihren Fall die richtige L\u00f6sung sind. Delfi ist schon seit 1988 in der Branche f\u00fcr Barcodes und Datenerfassung t\u00e4tig und bietet eine vielf\u00e4ltige Produktpalette die auf<a href=\"https:\/\/www.delfi.com\/de\/losungen\/breece-system\" data-cke-saved-href=\"https:\/\/www.delfi.com\/de\/losungen\/breece-system\" data-cke-saved->&nbsp;<\/a><a href=\"https:\/\/www.delfi.com\/de\/losungen\/breece-system\/\" data-cke-saved-href=\"\/de\/losungen\/breece-system\">Electronic Shelf Labeling Systeme<\/a>&nbsp;und Datenerfassungsger\u00e4te am POS, sowie Druckl\u00f6sungen spezialisiert ist. Unsere L\u00f6sungen werden weltweit vertrieben mit Niederlassungen in D\u00e4nemark, Schweden, Norwegen, Deutschland, Italien und Vietnam. Wir haben die n\u00f6tige Erfahrung und kennen die kritischen Fragen, um beurteilen zu k\u00f6nnen, ob sich eine Umstellung auf E-Ink Preisschilder lohnt.[\/vc_column_text][\/vc_column][\/vc_row][vc_row][vc_column width=&#8221;1\/2&#8243;][vc_single_image image=&#8221;19893&#8243; img_size=&#8221;full&#8221;][\/vc_column][vc_column width=&#8221;1\/2&#8243;][vc_column_text css=&#8221;&#8221; css_params=&#8221;&#8221;]<\/p>\n<h2>Was kostet ein System mit E-Ink Preisschildern?<\/h2>\n<p>Delfi Systeme k\u00f6nnen mit einem einzigen Communicator mit bis zu 200.000 ESLs \u00fcber eine Fl\u00e4che von 4500 m2 verbunden werden, welches die kosteng\u00fcnstigste und zugleich leistungsst\u00e4rkste L\u00f6sung im Markt darstellt.<\/p>\n<p>Die E-Ink Label verbrauchen nur Energie, wenn der Bildschirm aktualisiert wird. Das hei\u00dft bei 3-4 \u00c4nderungen am Tag, h\u00e4lt die Knopfbatterie f\u00fcr das ePaper Preisschild mehrere Jahre.<\/p>\n<p>Bei der Frage der Kosten spielt es eine Rolle, ob die Verwaltung der&nbsp;&nbsp;<a href=\"https:\/\/www.delfi.com\/de\/losungen\/digitale-preisschilder\" data-cke-saved-href=\"https:\/\/www.delfi.com\/de\/losungen\/digitale-preisschilder\" data-cke-saved->elektronischen Preisschilder<\/a>&nbsp;vor Ort in der Filiale (<a href=\"https:\/\/www.delfi.com\/de\/losungen\/breece-system\/\" data-cke-saved-href=\"https:\/\/www.delfi.com\/de\/losungen\/breece-on-premises\">Breece On-Premises<\/a>), von der Firmenzentrale f\u00fcr eine vielzahl von Filialen (<a href=\"https:\/\/www.delfi.com\/de\/losungen\/breece-enterprise\/\" data-cke-saved-href=\"https:\/\/www.delfi.com\/de\/losungen\/breece-enterprise\">Breece Enterprise<\/a>), oder standortunabh\u00e4ngig von der Cloud (<a href=\"https:\/\/www.delfi.com\/de\/losungen\/breece-cloud\/\" data-cke-saved-href=\"https:\/\/www.delfi.com\/de\/losungen\/breece-cloud\">Breece Cloud<\/a>) aus verlaufen soll. Die Cloud-L\u00f6sung hat zudem noch den Vorteil, dass gr\u00f6\u00dfere Teams standortunabh\u00e4ngig auf die Breece Software zugreifen k\u00f6nnen, um Preise, Kommunikation und Design im Team zu verwalten.<\/p>\n<p>Sollen die E-Ink Preisschilder die Preise in&nbsp;<a href=\"https:\/\/www.delfi.com\/de\/losungen\/aura\" data-cke-saved-href=\"https:\/\/www.delfi.com\/de\/losungen\/aura\" data-cke-saved->schwarz-wei\u00df<\/a>, oder zus\u00e4tzlich mit&nbsp;<a href=\"https:\/\/www.delfi.com\/de\/losungen\/elektronischen-regaletiketten\/\" data-cke-saved-href=\"https:\/\/www.delfi.com\/de\/losungen\/chroma-yellow\">Gelb<\/a>&nbsp;oder&nbsp;<a href=\"https:\/\/www.delfi.com\/de\/losungen\/elektronischen-regaletiketten\/\" data-cke-saved-href=\"https:\/\/www.delfi.com\/de\/losungen\/chroma-red\">Rot<\/a>&nbsp;anzeigen? Die Farbenvielfalt ist ein zus\u00e4tzlicher Faktor bei der Preisbestimmung, da die E-Ink Preisschilder oftmals f\u00fcr mehrere Tausend Waren angeschafft werden m\u00fcssen. Neben der Farbe ist auch die Dimension ein Faktor. Delfis&nbsp;<a href=\"https:\/\/www.delfi.com\/de\/digitale-preisschilder\/\" data-cke-saved-href=\"https:\/\/www.delfi.com\/de\/losungen\/digitale-preisschilder\">digitale Preisschilder<\/a>&nbsp;beginnen bei ca. 4x4cm mit der kleinsten Gr\u00f6\u00dfe und enden bei 27x22cm. Das Format kann dabei entweder quadratisch oder rechtwinklig sein, je nach Geschmack.<\/p>\n<p>Delfi bietet eine umfangreiche Produktpalette inklusive Softwarel\u00f6sungen speziell f\u00fcr E-Ink Preisschilder. Bitte wenden Sie sich an uns f\u00fcr einen detaillierten Kostenvoranschlag, der auf Ihre Situation zugeschnitten ist.<\/p>\n<h2>E-Ink Preisschilder kaufen \u2013 Ihre Investition in die Zukunft<\/h2>\n<p>Sie m\u00f6chten E-Ink Preisschilder kaufen und Ihr Gesch\u00e4ft digitalisieren? Delfi Technologies bietet Ihnen eine umfassende L\u00f6sung f\u00fcr elektronische Preisauszeichnung. Unsere E-Ink Displays sind langlebig, nachhaltig und perfekt lesbar wie echtes Papier.<\/p>\n<p>Was Sie erhalten:<\/p>\n<p>\u00b7 Hochwertige E-Paper Displays in verschiedenen Gr\u00f6\u00dfen (4&#215;4 cm bis 27&#215;22 cm)<\/p>\n<p>\u00b7 Breece System Software f\u00fcr zentrale Preisverwaltung<\/p>\n<p>\u00b7 Installation &amp; Support durch unsere Experten<\/p>\n<p>\u00b7 Bis zu 10 Jahre Batterielaufzeit \u2013 minimale Wartung<\/p>\n<p>\u00b7 Kompatibilit\u00e4t mit Ihrem bestehenden Kassensystem<\/p>\n<p>Der Prozess ist einfach:<\/p>\n<p>\u00b7 Beratungsgespr\u00e4ch: Wir analysieren Ihre Bed\u00fcrfnisse<\/p>\n<p>\u00b7 Individuelles Angebot: Ma\u00dfgeschneidert f\u00fcr Ihr Unternehmen<\/p>\n<p>\u00b7 Installation: Professionell durch unser Team oder zur Selbstinstallation<\/p>\n<p>\u00b7 Schulung: Einf\u00fchrung in die Breece Software<\/p>\n<p>\u00b7 Support: Langfristige Betreuung<\/p>\n<p>Kontaktieren Sie uns noch heute f\u00fcr ein unverbindliches Angebot und machen Sie den ersten Schritt zur digitalen Preisauszeichnung![\/vc_column_text][\/vc_column][\/vc_row][vc_row][vc_column][vc_column_text css=&#8221;&#8221; css_params=&#8221;&#8221;]<\/p>\n<h2 data-level=\"2\">H\u00e4ufig gestellte Fragen zu elektronischen Regaletiketten<\/h2>\n<p>[\/vc_column_text][vc_toggle title=&#8221;Was kostet ein E-Ink Preisschild?&#8221; css=&#8221;&#8221; css_params=&#8221;&#8221;]Ein E-Ink Preisschild kostet je nach Gr\u00f6\u00dfe, Display-Technologie und Bestellmenge unterschiedlich viel. Die Gesamtkosten h\u00e4ngen von verschiedenen Faktoren ab \u2013 wie der Anzahl der ben\u00f6tigten Etiketten, den gew\u00fcnschten Funktionen (Farbe, Gr\u00f6\u00dfe), der Softwarelizenz sowie der Installation und individuellen Anpassungen. Jedes Projekt ist einzigartig, daher erstellen wir Ihnen gerne ein ma\u00dfgeschneidertes Angebot. Kontaktieren Sie uns f\u00fcr eine unverbindliche Beratung \u2013 unsere Experten helfen Ihnen, die optimale L\u00f6sung f\u00fcr Ihr Budget zu finden.[\/vc_toggle][vc_toggle title=&#8221;Wie lange halten die Batterien in E-Ink Preisschildern?&#8221; css=&#8221;&#8221; css_params=&#8221;&#8221;]Die Batterien in E-Ink Preisschildern halten in der Regel 5 bis 10 Jahre, ohne dass ein Austausch erforderlich ist. Dank der stromsparenden E-Paper Display Technologie verbrauchen die Displays nur beim Aktualisieren Energie. Das bedeutet minimale Wartungskosten und maximale Zuverl\u00e4ssigkeit im t\u00e4glichen Betrieb \u2013 ideal f\u00fcr den langfristigen Einsatz in Superm\u00e4rkten, Einzelhandel und anderen Branchen.[\/vc_toggle][vc_toggle title=&#8221;Sind E-Ink Displays besser als LCD f\u00fcr Preisschilder?&#8221; css=&#8221;&#8221; css_params=&#8221;&#8221;]Ja, f\u00fcr Preisschilder sind E-Ink Displays deutlich \u00fcberlegen. Sie bieten eine l\u00e4ngere Batterielaufzeit (5-10 Jahre vs. 1-2 Jahre bei LCD), bessere Lesbarkeit aus jedem Blickwinkel ohne Spiegelungen, und sind nachhaltiger, da sie weniger Energie verbrauchen. E-Paper Displays sind zudem aus jedem Winkel bis zu 180 Grad perfekt lesbar \u2013 wie echtes Papier. LCD-Displays ben\u00f6tigen hingegen eine Hintergrundbeleuchtung und verbrauchen kontinuierlich Strom.[\/vc_toggle][vc_toggle title=&#8221;Was ist der Unterschied zwischen E-Ink und E-Paper?&#8221; css=&#8221;&#8221; css_params=&#8221;&#8221;]E-Ink und E-Paper bezeichnen im Grunde dieselbe Technologie. E-Ink (Electronic Ink) ist der Markenname des f\u00fchrenden Herstellers der Technologie, w\u00e4hrend E-Paper (Electronic Paper) der allgemeine Begriff f\u00fcr elektronisches Papier ist. Beide Begriffe werden oft synonym verwendet, wenn es um Electronic Paper Displays f\u00fcr Preisschilder geht. Die Technologie basiert auf elektronischer Tinte, die wie echtes Papier aussieht.[\/vc_toggle][vc_toggle title=&#8221;Kann ich E-Ink Preisschilder selbst installieren?&#8221; css=&#8221;&#8221; css_params=&#8221;&#8221;]Ja, wir bieten sowohl L\u00f6sungen zur Selbstinstallation als auch einen kompletten Installationsservice durch unsere Techniker an. Die Installation ist relativ einfach: Die E-Ink Shelf Labels werden an den Regalen befestigt und mit dem Breece System verbunden. Unsere Software f\u00fchrt Sie durch den Prozess. F\u00fcr gr\u00f6\u00dfere Projekte oder wenn Sie professionelle Unterst\u00fctzung w\u00fcnschen, steht unser Installationsteam gerne zur Verf\u00fcgung.[\/vc_toggle][vc_toggle title=&#8221;Sind E-Ink Preisschilder nachhaltig?&#8221; css=&#8221;&#8221; css_params=&#8221;&#8221;]Ja, E-Ink Preisschilder sind eine nachhaltige Alternative zu Papieretiketten. Sie ersetzen tausende Papierschilder und reduzieren dadurch Abfall und Ressourcenverbrauch erheblich. Ein durchschnittlicher Supermarkt spart pro Jahr mehrere tausend Papierschilder ein. Zudem verbrauchen E-Paper Displays nur minimal Energie (nur beim Aktualisieren) und haben eine Lebensdauer von 5-10 Jahren \u2013 gut f\u00fcr die Umwelt und Ihr Budget.[\/vc_toggle][vc_toggle title=&#8221;K\u00f6nnen E-Ink Preisschilder in Farbe anzeigen?&#8221; css=&#8221;&#8221; css_params=&#8221;&#8221;]Ja, E-Ink Preisschilder sind in verschiedenen Farbvarianten erh\u00e4ltlich. Die Standardversion zeigt Preise in<\/p>\n<p>Schwarz-Wei\u00df, aber es gibt auch Modelle mit zus\u00e4tzlichen Farben wie Gelb oder Rot. Diese Farben eignen sich hervorragend, um Sonderangebote, Rabatte oder wichtige Informationen hervorzuheben. Die Farbwahl beeinflusst den Preis, daher beraten wir Sie gerne, welche L\u00f6sung am besten zu Ihren Bed\u00fcrfnissen passt.[\/vc_toggle][vc_toggle title=&#8221;Wie werden die Preise auf E-Ink Preisschildern ge\u00e4ndert?&#8221; css=&#8221;&#8221; css_params=&#8221;&#8221;]Die Preise werden ganz einfach und zentral \u00fcber die Breece System Software ge\u00e4ndert. Alle \u00c4nderungen erscheinen in Echtzeit auf den E-Paper Displays \u2013 egal ob f\u00fcr ein einzelnes Produkt oder tausende Artikel gleichzeitig. Sie k\u00f6nnen \u00c4nderungen manuell vornehmen oder automatisch aus Ihrem Kassensystem \u00fcbernehmen lassen. Die Aktualisierung erfolgt drahtlos \u00fcber ein dedikiertes Netzwerk in Sekunden.[\/vc_toggle][vc_toggle title=&#8221;Funktionieren E-Ink Preisschilder auch in K\u00fchlbereichen?&#8221; css=&#8221;&#8221; css_params=&#8221;&#8221;]Ja, E-Ink Preisschilder funktionieren problemlos in K\u00fchlbereichen. Die Displays sind f\u00fcr Temperaturen von -25\u00b0C bis +30\u00b0C ausgelegt und eignen sich daher perfekt f\u00fcr K\u00fchlregale, Tiefk\u00fchlbereiche oder Schaufenster. Die E-Paper Technologie ist robust und zuverl\u00e4ssig, auch unter extremen Bedingungen.[\/vc_toggle][vc_toggle title=&#8221;Kann ich E-Ink Preisschilder mit meinem bestehenden Kassensystem verbinden?&#8221; css=&#8221;&#8221; css_params=&#8221;&#8221;]Ja, E-Ink Preisschilder k\u00f6nnen problemlos mit den meisten g\u00e4ngigen Kassensystemen integriert werden. Unsere Breece System Software ist kompatibel mit f\u00fchrenden Warenwirtschaftssystemen und ERP-L\u00f6sungen. Unsere Experten unterst\u00fctzen Sie bei der nahtlosen Integration, sodass Ihre bestehende IT-Infrastruktur optimal genutzt wird und Preise automatisch synchronisiert werden.[\/vc_toggle][vc_toggle title=&#8221;F\u00fcr welche Branchen eignen sich E-Ink Preisschilder besonders?&#8221; css=&#8221;&#8221; css_params=&#8221;&#8221;]E-Ink Preisschilder eignen sich besonders f\u00fcr Unternehmen mit vielen Artikeln, h\u00e4ufigen Preis\u00e4nderungen oder mehreren Filialen. Typische Branchen sind Superm\u00e4rkte, Baum\u00e4rkte, Apotheken, Modegesch\u00e4fte, Elektronikh\u00e4ndler und M\u00f6belh\u00e4user. Auch wenn Sie Ihre Preise dynamisch an Wettbewerber oder Nachfrage anpassen m\u00f6chten, sind elektronische E-Paper Preisschilder die ideale L\u00f6sung. Generell gilt: Je mehr Artikel und je h\u00e4ufiger Preis\u00e4nderungen, desto schneller amortisiert sich die Investition.[\/vc_toggle][\/vc_column][\/vc_row]<\/p>\n<\/div>","protected":false},"excerpt":{"rendered":"<p>[vc_row][vc_column width=&#8221;1\/2&#8243;][vc_column_text css=&#8221;&#8221; css_params=&#8221;&#8221;] E-ink preisschilder und e-paper display Digitale E-Ink Preisschilder mit e-paper display erfreuen sich zunehmender Beliebtheit aufgrund der vielen Vorteile. W\u00e4hrend die&nbsp;E-Ink Technologie&nbsp;prim\u00e4r von eBook Readern bekannt ist, kann man sie in Form von farbigen E-Ink Preisschildern schon seit einigen Jahren bei Elektroh\u00e4ndlern, wie Saturn und&nbsp; Mediamarkt oder in Superm\u00e4rkten und im [&hellip;]<\/p>\n","protected":false},"author":3,"featured_media":19862,"parent":0,"menu_order":0,"comment_status":"closed","ping_status":"closed","template":"","meta":{"_acf_changed":false,"cybocfi_hide_featured_image":"yes","footnotes":""},"class_list":["post-19860","page","type-page","status-publish","has-post-thumbnail","hentry"],"acf":[],"_links":{"self":[{"href":"https:\/\/www.delfi.com\/de\/wp-json\/wp\/v2\/pages\/19860","targetHints":{"allow":["GET"]}}],"collection":[{"href":"https:\/\/www.delfi.com\/de\/wp-json\/wp\/v2\/pages"}],"about":[{"href":"https:\/\/www.delfi.com\/de\/wp-json\/wp\/v2\/types\/page"}],"author":[{"embeddable":true,"href":"https:\/\/www.delfi.com\/de\/wp-json\/wp\/v2\/users\/3"}],"replies":[{"embeddable":true,"href":"https:\/\/www.delfi.com\/de\/wp-json\/wp\/v2\/comments?post=19860"}],"version-history":[{"count":5,"href":"https:\/\/www.delfi.com\/de\/wp-json\/wp\/v2\/pages\/19860\/revisions"}],"predecessor-version":[{"id":80139,"href":"https:\/\/www.delfi.com\/de\/wp-json\/wp\/v2\/pages\/19860\/revisions\/80139"}],"wp:featuredmedia":[{"embeddable":true,"href":"https:\/\/www.delfi.com\/de\/wp-json\/wp\/v2\/media\/19862"}],"wp:attachment":[{"href":"https:\/\/www.delfi.com\/de\/wp-json\/wp\/v2\/media?parent=19860"}],"curies":[{"name":"wp","href":"https:\/\/api.w.org\/{rel}","templated":true}]}}