{"id":19900,"date":"2023-09-26T11:54:07","date_gmt":"2023-09-26T11:54:07","guid":{"rendered":"https:\/\/www.delfi.com\/?page_id=19900"},"modified":"2025-12-23T15:18:37","modified_gmt":"2025-12-23T14:18:37","slug":"elektronische-preisauszeichnung","status":"publish","type":"page","link":"https:\/\/www.delfi.com\/de\/elektronische-preisauszeichnung","title":{"rendered":"Elektronische Preisauszeichnung"},"content":{"rendered":"<div class=\"wpb-content-wrapper\"><p>[vc_row][vc_column width=&#8221;1\/2&#8243;][vc_column_text css=&#8221;&#8221; css_params=&#8221;&#8221;]<\/p>\n<h1>Elektronische Preisauszeichnung<\/h1>\n<p>Die elektronische Preisauszeichnung beschreibt das ausweisen von Preisen, \u00fcblicherweise in Handelsgesch\u00e4ften, auf&nbsp;<a href=\"https:\/\/www.delfi.com\/de\/electronic-shelf-labels\/\" data-cke-saved-href=\"https:\/\/www.delfi.com\/de\/losungen\/electronic-shelf-labels\">Electronic Shelf Labels<\/a>&nbsp;(ESLs). Die Preise werden in einem Computersystem verwaltet und per Funkverbindung an die&nbsp;<a href=\"https:\/\/www.delfi.com\/de\/digitale-preisschilder\/\" data-cke-saved-href=\"https:\/\/www.delfi.com\/de\/losungen\/digitale-preisschilder\">digitalen Preisschilder<\/a>&nbsp;weitergegeben. Dies kann per Knopfdruck \u00fcber tausende von Preisschildern und \u00fcber beliebig viele Gesch\u00e4ftsfilialen geschehen. Die Steuerung der ESLs kann vor Ort oder \u00fcber das Internet aus der Ferne erfolgen.<br \/>\nDie elektronische Preisauszeichnung ist somit eine technische Innovation die herk\u00f6mmliche Papier Preisschilder ersetzt. Nicht nur die schnelle und flexible Preis\u00e4nderung ist ein Vorteil, sondern auch, dass Preis\u00e4nderungen abh\u00e4ngig von z.B. Warenverfallsdaten oder Lagerbest\u00e4nden automatisiert werden k\u00f6nnen.[\/vc_column_text][\/vc_column][vc_column width=&#8221;1\/2&#8243;][vc_single_image image=&#8221;19976&#8243; img_size=&#8221;full&#8221; css=&#8221;&#8221; css_params=&#8221;&#8221;][\/vc_column][\/vc_row][vc_row css=&#8221;.vc_custom_1766490367446{margin-bottom: 3em !important;padding-top: 2em !important;padding-right: 1em !important;padding-left: 1em !important;background-color: #f2f2f2 !important;border-radius: 20px !important;}&#8221; conditional_render=&#8221;%5B%7B%22value_role%22%3A%22administrator%22%7D%5D&#8221; css_params=&#8221;&#8221;][vc_column][vc_column_text css=&#8221;&#8221; css_params=&#8221;&#8221;]<\/p>\n<h2>Anwendungsbereiche der elektronischen Preisauszeichnung<\/h2>\n<p>Obwohl die digitale Preisauszeichnung prim\u00e4r mit dem Einzelhandel verbunden wird, finden sich Beispiele auch in anderen Branchen.<\/p>\n<p>In&nbsp;<a href=\"https:\/\/www.delfi.com\/de\/branchen\/losungen-fur-apotheken\/\" data-cke-saved-href=\"https:\/\/www.delfi.com\/de\/breece-system\/apotheken\">Apotheken<\/a>&nbsp;m\u00fcssen zum Beispiel Verfallsdaten ber\u00fccksichtigt werden und es gibt spezielle Informationen zur Verwendung und Dosierung f\u00fcr jedes Medikament. Diese informationen k\u00f6nnen einmalig bei der Produkterfassung eingegeben werden, um sie direkt auf einem&nbsp;<a href=\"https:\/\/www.delfi.com\/de\/digitale-preisschilder\/\" data-cke-saved-href=\"https:\/\/www.delfi.com\/de\/losungen\/digitale-preisschilder\">elektronischen Preisschild<\/a>&nbsp;anzuzeigen.<\/p>\n<p>Aber auch Fallbeispiele aus anderen Branchen sind denkbar. In der Gastronomie z.B. m\u00fcssen Preise f\u00fcr neue Speisen und Getr\u00e4nke regelm\u00e4\u00dfig aktualisiert werden. \u00dcberbest\u00e4nde sollten mit Rabatten versehen werden und spezielle neue Gerichte brauchen ein Preisschild, welches besondere Aufmerksamkeit weckt.<br \/>\nInsofern es also gilt Preis\u00e4nderungen schnell und bestandsoptimiert zu aktualisieren, ist die digitale Preisauszeichnung eine attraktive Alternative. Branchen mit einer Vielzahl an Waren oder Informationen die ersichtlich ausgestellt und h\u00e4ufig aktualisiert werden m\u00fcssen, sind die klassischen Anwendungsbeispiele. Lagerhallen, Elektroh\u00e4ndler oder Tankstellen sind hier genauso relevant, wie z.B. Konferenzcenter.[\/vc_column_text][\/vc_column][\/vc_row][vc_row][vc_column][vc_column_text css=&#8221;&#8221; css_params=&#8221;&#8221;]<\/p>\n<h2>Digitale Preisauszeichnung im Einzelhandel<\/h2>\n<p>Der Einzelhandel passt sich dem digitalen Wandel am schnellsten an und f\u00fchrt schon seit mehreren Jahren&nbsp;<a href=\"https:\/\/www.delfi.com\/de\/losungen\/elektronischen-regaletiketten\/\" data-cke-saved-href=\"https:\/\/www.delfi.com\/de\/losungen\/elektronischen-regaletiketten\">elektronische Etiketten<\/a>&nbsp;f\u00fcr die Preisauszeichnung ein. Auf Grund der Konkurrenz zwischen Onlinehandel und dem traditionellen Einzelhandel, spielt die digitale Preisauszeichnung eine wichtige Rolle. Die dynamische Preisanpassung geschieht automatisch auf Regeln basierend und kann lokal im Gesch\u00e4ft gesteuert werden oder an einem anderen zentralen Ort. Bei den Regeln k\u00f6nnen z.B. Kundenfrequenzen, Lagerbest\u00e4nde oder das Verfallsdatum der Ware ber\u00fccksichtigt werden. Somit ergeben sich v\u00f6llig neue M\u00f6glichkeiten, um Ausverk\u00e4ufe, Mengenrabatte oder Sonderangebote schnell und flexibel auszuzeichnen. So k\u00f6nnen z.B. Aktionspreise f\u00fcr die beginnende Woche vom Computer aus mit den Werbeprospekten abgestimmt werden. Sp\u00e4tschichten um Preise noch nach Ladenschluss f\u00fcr den n\u00e4chsten Morgen anzupassen sind nicht mehr n\u00f6tig.<br \/>\nDie elektronische Preisauszeichnung kann automatisiert aber auch wahlweise manuell erfolgen. H\u00e4ndler, die im Gesch\u00e4ft und gleichzeitig online verkaufen, k\u00f6nnen mit unseren digitalen L\u00f6sungen f\u00fcr die Preisauszeichnung die Preis\u00e4nderungen im Laden und auf der Webseite parallel vornehmen.<\/p>\n<p>Die Elektronische Preisauszeichnung ist also eine willkommene Innovation um Preise blitzschnell anzupassen &#8211; wenn n\u00f6tig f\u00fcr tausende von Produkten und \u00fcber eine Vielzahl von Filialen gleichzeitig.[\/vc_column_text][\/vc_column][\/vc_row][vc_row css=&#8221;.vc_custom_1766499094352{padding-top: 2em !important;padding-right: 1em !important;padding-left: 1em !important;}&#8221; conditional_render=&#8221;%5B%7B%22value_role%22%3A%22administrator%22%7D%5D&#8221; css_params=&#8221;&#8221;][vc_column][vc_column_text css=&#8221;&#8221; css_params=&#8221;&#8221;]<\/p>\n<h2>Vorteile der Elektronischen Preisauszeichnung<\/h2>\n<p>Zeitersparnis und die flexible Anpassungsf\u00e4higkeit machen die digitale Preisauszeichnung zu einer attraktiven Alternative an<\/p>\n<p>Stelle von&nbsp; Preisschildern aus Papier, aber es gibt noch weitere Vorteile. Fallbeispiele f\u00fcr die&nbsp;<a href=\"https:\/\/www.delfi.com\/de\/losungen\/elektronischen-regaletiketten\/\" data-cke-saved-href=\"https:\/\/www.delfi.com\/de\/losungen\/elektronische-preisauszeichnung\">Anwendungen unserer Electronic Shelf Labels<\/a>:[\/vc_column_text]<div class=\"uavc-list-icon uavc-list-icon-wrapper ult-adjust-bottom-margin   \"><ul class=\"uavc-list\"><li><div class=\"uavc-list-content\" id=\"list-icon-wrap-2797\">\n<div class=\"uavc-list-icon  \" data-animation=\"\" data-animation-delay=\"03\" style=\"margin-right:5px;\"><div class=\"ult-just-icon-wrapper  \"><div class=\"align-icon\" style=\"text-align:center;\">\n<div class=\"aio-icon none \"  style=\"color:var(--porto-primary-color);font-size:32px;display:inline-block;\">\n\t<i class=\"Defaults-angle-right\"><\/i>\n<\/div><\/div><\/div>\n<\/div><span  data-ultimate-target='#list-icon-wrap-2797 .uavc-list-desc'  data-responsive-json-new='{\"font-size\":\"\",\"line-height\":\"\"}'  class=\"uavc-list-desc ult-responsive\" style=\"color:var(--porto-quaternary-color);\">Waren k\u00f6nnen automatisch abverkauft und \u00dcberbest\u00e4nde vermieden werden<\/span><\/div><\/li><li><div class=\"uavc-list-content\" id=\"list-icon-wrap-7290\">\n<div class=\"uavc-list-icon  \" data-animation=\"\" data-animation-delay=\"03\" style=\"margin-right:5px;\"><div class=\"ult-just-icon-wrapper  \"><div class=\"align-icon\" style=\"text-align:center;\">\n<div class=\"aio-icon none \"  style=\"color:var(--porto-primary-color);font-size:32px;display:inline-block;\">\n\t<i class=\"Defaults-angle-right\"><\/i>\n<\/div><\/div><\/div>\n<\/div><span  data-ultimate-target='#list-icon-wrap-7290 .uavc-list-desc'  data-responsive-json-new='{\"font-size\":\"\",\"line-height\":\"\"}'  class=\"uavc-list-desc ult-responsive\" style=\"color:var(--porto-quaternary-color);\">Kaufargumente f\u00fcr komplizierte Produkte k\u00f6nnen zus\u00e4tzlich angezeigt werden. Weitere Infos k\u00f6nnen \u00fcber QR-Codes zug\u00e4nglich gemacht werden<\/span><\/div><\/li><li><div class=\"uavc-list-content\" id=\"list-icon-wrap-3642\">\n<div class=\"uavc-list-icon  \" data-animation=\"\" data-animation-delay=\"03\" style=\"margin-right:5px;\"><div class=\"ult-just-icon-wrapper  \"><div class=\"align-icon\" style=\"text-align:center;\">\n<div class=\"aio-icon none \"  style=\"color:var(--porto-primary-color);font-size:32px;display:inline-block;\">\n\t<i class=\"Defaults-angle-right\"><\/i>\n<\/div><\/div><\/div>\n<\/div><span  data-ultimate-target='#list-icon-wrap-3642 .uavc-list-desc'  data-responsive-json-new='{\"font-size\":\"\",\"line-height\":\"\"}'  class=\"uavc-list-desc ult-responsive\" style=\"color:var(--porto-quaternary-color);\">Nachhaltigkeit durch geringeren Papierverbrauch<\/span><\/div><\/li><li><div class=\"uavc-list-content\" id=\"list-icon-wrap-8681\">\n<div class=\"uavc-list-icon  \" data-animation=\"\" data-animation-delay=\"03\" style=\"margin-right:5px;\"><div class=\"ult-just-icon-wrapper  \"><div class=\"align-icon\" style=\"text-align:center;\">\n<div class=\"aio-icon none \"  style=\"color:var(--porto-primary-color);font-size:32px;display:inline-block;\">\n\t<i class=\"Defaults-angle-right\"><\/i>\n<\/div><\/div><\/div>\n<\/div><span  data-ultimate-target='#list-icon-wrap-8681 .uavc-list-desc'  data-responsive-json-new='{\"font-size\":\"\",\"line-height\":\"\"}'  class=\"uavc-list-desc ult-responsive\" style=\"color:var(--porto-quaternary-color);\">Es werden keine falschen Preise ausgegeben<\/span><\/div><\/li><li><div class=\"uavc-list-content\" id=\"list-icon-wrap-1258\">\n<div class=\"uavc-list-icon  \" data-animation=\"\" data-animation-delay=\"03\" style=\"margin-right:5px;\"><div class=\"ult-just-icon-wrapper  \"><div class=\"align-icon\" style=\"text-align:center;\">\n<div class=\"aio-icon none \"  style=\"color:var(--porto-primary-color);font-size:32px;display:inline-block;\">\n\t<i class=\"Defaults-angle-right\"><\/i>\n<\/div><\/div><\/div>\n<\/div><span  data-ultimate-target='#list-icon-wrap-1258 .uavc-list-desc'  data-responsive-json-new='{\"font-size\":\"\",\"line-height\":\"\"}'  class=\"uavc-list-desc ult-responsive\" style=\"color:var(--porto-quaternary-color);\">Es k\u00f6nnen Markenlogos angezeigt werden, um die Markenwiedererkennung zu f\u00f6rdern<\/span><\/div><\/li><li><div class=\"uavc-list-content\" id=\"list-icon-wrap-5920\">\n<div class=\"uavc-list-icon  \" data-animation=\"\" data-animation-delay=\"03\" style=\"margin-right:5px;\"><div class=\"ult-just-icon-wrapper  \"><div class=\"align-icon\" style=\"text-align:center;\">\n<div class=\"aio-icon none \"  style=\"color:var(--porto-primary-color);font-size:32px;display:inline-block;\">\n\t<i class=\"Defaults-angle-right\"><\/i>\n<\/div><\/div><\/div>\n<\/div><span  data-ultimate-target='#list-icon-wrap-5920 .uavc-list-desc'  data-responsive-json-new='{\"font-size\":\"\",\"line-height\":\"\"}'  class=\"uavc-list-desc ult-responsive\" style=\"color:var(--porto-quaternary-color);\">Mitarbeiter haben mehr Zeit f\u00fcr Kunden<\/span><\/div><\/li><\/ul><\/div>[\/vc_column][\/vc_row][vc_row css=&#8221;.vc_custom_1766499105542{margin-bottom: 3em !important;}&#8221; conditional_render=&#8221;%5B%7B%22value_role%22%3A%22administrator%22%7D%5D&#8221; css_params=&#8221;&#8221;][vc_column][vc_separator css=&#8221;&#8221;][\/vc_column][\/vc_row][vc_row][vc_column width=&#8221;1\/2&#8243;][vc_column_text css=&#8221;&#8221; css_params=&#8221;&#8221;]<\/p>\n<h2>Produktmerkmale und Funktionen<\/h2>\n<p>W\u00e4hrend zuvor lediglich der Preis oder ein Barcode Platz auf dem Preisschild fanden, k\u00f6nnen nun ganze S\u00e4tze oder Stichpunkte hinzugef\u00fcgt werden, um die Besonderheiten von Waren hervorzuheben. Organisatorisch k\u00f6nnte diese Aufgabe direkt von der Kommunikationsabteilung \u00fcbernommen werden, denn mit einem Zugang zu unserer&nbsp;<a href=\"https:\/\/www.delfi.com\/de\/losungen\/breece-system\/\" data-cke-saved-href=\"https:\/\/www.delfi.com\/de\/losungen\/breece-system\">Breece System Software<\/a>, kann die \u00c4nderung auch aus der Ferne eingetragen werden. Und Falls noch andere Produktinformationen fehlen, kann ein QR-Code einf\u00fcgt werden, der f\u00fcr den Kunden mit dem Handy abrufbar ist.<\/p>\n<p>Auf unseren vollgraphischen Bildschirmen k\u00f6nnen auch Farben dargestellt werden, so dass sich die&nbsp;<a href=\"https:\/\/www.delfi.com\/de\/e-ink-preisschilder\/\" data-cke-saved-href=\"https:\/\/www.delfi.com\/de\/de\/losungen\/e-ink-preisschilder\">E-ink Preisschilder<\/a>&nbsp;im Vergleich zu \u00fcblichen Preisschildern st\u00e4rker hervorheben.<br \/>\nLogos der Produktmarken k\u00f6nnen auf den Bildschirmen vergr\u00f6\u00dfert dargestellt werden, um die Markenerkennung zu verbessern und zum Kauf zu animieren. F\u00fcr Waren, die traditionell nicht in einer Originalverpackung ausgestellt werden, wie z.B. Obst, Gem\u00fcse, Schuhe oder Bekleidung, erregt das kreative Layout auf dem Bildschirm mehr Aufmerksamkeit und Kunden k\u00f6nnen die Marke leicht zuordnen.[\/vc_column_text][\/vc_column][vc_column width=&#8221;1\/2&#8243;][vc_single_image image=&#8221;19988&#8243; img_size=&#8221;full&#8221;][\/vc_column][\/vc_row][vc_row][vc_column][vc_column_text css=&#8221;&#8221; css_params=&#8221;&#8221;]Die Gr\u00f6\u00dfe der&nbsp;<a href=\"https:\/\/www.delfi.com\/de\/digitale-preisschilder\/\" data-cke-saved-href=\"https:\/\/www.delfi.com\/de\/losungen\/digitale-preisschilder\">digitalen Preisschilder<\/a>&nbsp;ist hierbei variabel und beginnt bei ca. 4&#215;4 cm bis hin zu 27x22cm und gen\u00fcgt damit auch kreativen Anspr\u00fcchen f\u00fcr das Layout. Das Format der Preisschilder kann au\u00dferdem quadratisch oder rechtwinklig sein, je nach Belieben.<\/p>\n<p>Delfi bietet folgende Farben f\u00fcr die elektronische Preisauszeichnung an:[\/vc_column_text]<div class=\"uavc-list-icon uavc-list-icon-wrapper ult-adjust-bottom-margin   \"><ul class=\"uavc-list\"><li><div class=\"uavc-list-content\" id=\"list-icon-wrap-9257\">\n<div class=\"uavc-list-icon  \" data-animation=\"\" data-animation-delay=\"03\" style=\"margin-right:5px;\"><div class=\"ult-just-icon-wrapper  \"><div class=\"align-icon\" style=\"text-align:center;\">\n<div class=\"aio-icon none \"  style=\"color:var(--porto-primary-color);font-size:32px;display:inline-block;\">\n\t<i class=\"Defaults-angle-right\"><\/i>\n<\/div><\/div><\/div>\n<\/div><span  data-ultimate-target='#list-icon-wrap-9257 .uavc-list-desc'  data-responsive-json-new='{\"font-size\":\"\",\"line-height\":\"\"}'  class=\"uavc-list-desc ult-responsive\" style=\"color:var(--porto-quaternary-color);\">Schwarz auf Papierwei\u00df\u00a0(Aura)<\/span><\/div><\/li><li><div class=\"uavc-list-content\" id=\"list-icon-wrap-7092\">\n<div class=\"uavc-list-icon  \" data-animation=\"\" data-animation-delay=\"03\" style=\"margin-right:5px;\"><div class=\"ult-just-icon-wrapper  \"><div class=\"align-icon\" style=\"text-align:center;\">\n<div class=\"aio-icon none \"  style=\"color:var(--porto-primary-color);font-size:32px;display:inline-block;\">\n\t<i class=\"Defaults-angle-right\"><\/i>\n<\/div><\/div><\/div>\n<\/div><span  data-ultimate-target='#list-icon-wrap-7092 .uavc-list-desc'  data-responsive-json-new='{\"font-size\":\"\",\"line-height\":\"\"}'  class=\"uavc-list-desc ult-responsive\" style=\"color:var(--porto-quaternary-color);\">Rot, Schwarz und Papierwei\u00df\u00a0(Chroma Red)<\/span><\/div><\/li><li><div class=\"uavc-list-content\" id=\"list-icon-wrap-4727\">\n<div class=\"uavc-list-icon  \" data-animation=\"\" data-animation-delay=\"03\" style=\"margin-right:5px;\"><div class=\"ult-just-icon-wrapper  \"><div class=\"align-icon\" style=\"text-align:center;\">\n<div class=\"aio-icon none \"  style=\"color:var(--porto-primary-color);font-size:32px;display:inline-block;\">\n\t<i class=\"Defaults-angle-right\"><\/i>\n<\/div><\/div><\/div>\n<\/div><span  data-ultimate-target='#list-icon-wrap-4727 .uavc-list-desc'  data-responsive-json-new='{\"font-size\":\"\",\"line-height\":\"\"}'  class=\"uavc-list-desc ult-responsive\" style=\"color:var(--porto-quaternary-color);\">Gelb, Schwarz und Papierwei\u00df\u00a0(Chroma Yellow)<\/span><\/div><\/li><\/ul><\/div>[vc_column_text css=&#8221;&#8221; css_params=&#8221;&#8221;]Die elektronische Preisauszeichnung stellt eine neue Innovation am POS (point of sale) dar und gliedert sich mit seinen besonderen Merkmalen neben 4K Fernsehern zur Preisauszeichnung ein. Der Kunde kann somit auch vor Ort zu aktuellen Preisen und Informationen einkaufen.[\/vc_column_text][\/vc_column][\/vc_row][vc_row css=&#8221;.vc_custom_1766490367446{margin-bottom: 3em !important;padding-top: 2em !important;padding-right: 1em !important;padding-left: 1em !important;background-color: #f2f2f2 !important;border-radius: 20px !important;}&#8221; conditional_render=&#8221;%5B%7B%22value_role%22%3A%22administrator%22%7D%5D&#8221; css_params=&#8221;&#8221;][vc_column][vc_column_text css=&#8221;&#8221; css_params=&#8221;&#8221;]<\/p>\n<h2>Kosten der digitalen Preisauszeichnung<\/h2>\n<p>Die Kosten h\u00e4ngen grunds\u00e4tzlich von der Gr\u00f6\u00dfe des Warensortiments, der abzudeckenden Fl\u00e4che und von eventuell zus\u00e4tzlichen Services, wie dem&nbsp;<a href=\"https:\/\/www.delfi.com\/de\/losungen\/location-services\/\" data-cke-saved-href=\"https:\/\/www.delfi.com\/de\/losungen\/location-services\">Location Service<\/a>&nbsp;oder dem&nbsp;<a href=\"https:\/\/www.delfi.com\/de\/losungen\/breece-system\/\" data-cke-saved-href=\"https:\/\/www.delfi.com\/de\/losungen\/interaktive-kommunikation-mit-beacons\">Bluetooth-Beacon-Netwerk<\/a>&nbsp;ab. Delfi Systeme k\u00f6nnen jedoch mit einem einzigen Communicator mit bis zu 200.000 ESLs \u00fcber eine Fl\u00e4che von 4500 m2 verbunden werden, welches die kosteng\u00fcnstigste und zugleich leistungsst\u00e4rkste L\u00f6sung im Markt darstellt.Die ben\u00f6tigte Infrastruktur, die bestimmt ob eine Vielzahl von Filialen mit einer Cloud-Software, lokal in der Filiale oder von einem anderen Standort, tr\u00e4gt auch einen Teil zur Preisbildung bei.<\/p>\n<p>Delfi bietet eine umfangreiche Produktpalette inklusive Softwarel\u00f6sungen speziell f\u00fcr die Elektronische Preisauszeichnung an. Unsere L\u00f6sungen werden weltweit vertrieben mit Niederlassungen in D\u00e4nemark, Schweden, Norwegen, Deutschland, Italien und Vietnam.<\/p>\n<p>Bitte wenden Sie sich an uns f\u00fcr einen detaillierten Kostenvoranschlag, der auf Ihre Situation zugeschnitten ist.[\/vc_column_text][\/vc_column][\/vc_row]<\/p>\n<\/div>","protected":false},"excerpt":{"rendered":"<p>Die elektronische Preisauszeichnung beschreibt das ausweisen von Preisen, \u00fcblicherweise in Handelsgesch\u00e4ften, auf Electronic Shelf Labels (ESLs). Die Preise werden in einem Computersystem verwaltet und per Funkverbindung an die digitalen Preisschilder weitergegeben. Dies kann per Knopfdruck \u00fcber tausende von Preisschildern und \u00fcber beliebig viele Gesch\u00e4ftsfilialen geschehen. Die Steuerung der ESLs kann vor Ort oder \u00fcber das Internet aus der Ferne erfolgen. <\/p>\n","protected":false},"author":3,"featured_media":20104,"parent":0,"menu_order":0,"comment_status":"closed","ping_status":"closed","template":"","meta":{"_acf_changed":false,"cybocfi_hide_featured_image":"yes","footnotes":""},"class_list":["post-19900","page","type-page","status-publish","has-post-thumbnail","hentry"],"acf":[],"_links":{"self":[{"href":"https:\/\/www.delfi.com\/de\/wp-json\/wp\/v2\/pages\/19900","targetHints":{"allow":["GET"]}}],"collection":[{"href":"https:\/\/www.delfi.com\/de\/wp-json\/wp\/v2\/pages"}],"about":[{"href":"https:\/\/www.delfi.com\/de\/wp-json\/wp\/v2\/types\/page"}],"author":[{"embeddable":true,"href":"https:\/\/www.delfi.com\/de\/wp-json\/wp\/v2\/users\/3"}],"replies":[{"embeddable":true,"href":"https:\/\/www.delfi.com\/de\/wp-json\/wp\/v2\/comments?post=19900"}],"version-history":[{"count":3,"href":"https:\/\/www.delfi.com\/de\/wp-json\/wp\/v2\/pages\/19900\/revisions"}],"predecessor-version":[{"id":76185,"href":"https:\/\/www.delfi.com\/de\/wp-json\/wp\/v2\/pages\/19900\/revisions\/76185"}],"wp:featuredmedia":[{"embeddable":true,"href":"https:\/\/www.delfi.com\/de\/wp-json\/wp\/v2\/media\/20104"}],"wp:attachment":[{"href":"https:\/\/www.delfi.com\/de\/wp-json\/wp\/v2\/media?parent=19900"}],"curies":[{"name":"wp","href":"https:\/\/api.w.org\/{rel}","templated":true}]}}