{"id":26486,"date":"2023-10-24T14:55:50","date_gmt":"2023-10-24T12:55:50","guid":{"rendered":"https:\/\/www.delfi.com\/breece-garantieprufung\/"},"modified":"2026-03-13T13:31:46","modified_gmt":"2026-03-13T12:31:46","slug":"breece-garantieprufung","status":"publish","type":"page","link":"https:\/\/www.delfi.com\/de\/breece-garantieprufung","title":{"rendered":"Breece-Garantiepr\u00fcfung"},"content":{"rendered":"<div class=\"wpb-content-wrapper\"><p>[vc_row][vc_column][vc_column_text css=&#8221;&#8221; css_params=&#8221;&#8221;]<\/p>\n<h1>Breece-Garantiepr\u00fcfung<\/h1>\n<p>\u00dcberpr\u00fcfen Sie, ob sich Ihr ESL-Display innerhalb der g\u00fcltigen Produktgarantiezeit befindet.<\/p>\n<p><strong>Scannen Sie die Seriennummer des Displays<\/strong><br \/>\nSuchen Sie nach Ihrem ESL, indem Sie einfach die Seriennummer des Displays in das Feld unten eingeben oder scannen \u2013 und klicken Sie auf &#8220;Search&#8221;.<\/p>\n<p><strong>Textdatei hochladen<\/strong><br \/>\nMit der Schaltfl\u00e4che &#8220;Upload file&#8221; k\u00f6nnen Sie auch eine Textdatei (.txt) hochladen, die eine Liste mit mehreren Seriennummern auf einmal enth\u00e4lt (die Liste muss eine Seriennummer pro Zeile enthalten).<\/p>\n<p><strong>Ergebnisse herunterladen<\/strong><br \/>\nSuchergebnisse k\u00f6nnen als Datei heruntergeladen werden, indem Sie auf die Schaltfl\u00e4che &#8220;Download&#8221; klicken.[\/vc_column_text][\/vc_column][\/vc_row][vc_row][vc_column][vc_column_text]<iframe loading=\"lazy\" src=\"https:\/\/warranty.breecesystem.com\/\" width=\"1200\" height=\"1000\" frameborder=\"0\" scrolling=\"yes\"><\/iframe>[\/vc_column_text][\/vc_column][\/vc_row]<\/p>\n<\/div>","protected":false},"excerpt":{"rendered":"<p>[vc_row][vc_column][vc_column_text css=&#8221;&#8221; css_params=&#8221;&#8221;] Breece-Garantiepr\u00fcfung \u00dcberpr\u00fcfen Sie, ob sich Ihr ESL-Display innerhalb der g\u00fcltigen Produktgarantiezeit befindet. Scannen Sie die Seriennummer des Displays Suchen Sie nach Ihrem ESL, indem Sie einfach die Seriennummer des Displays in das Feld unten eingeben oder scannen \u2013 und klicken Sie auf &#8220;Search&#8221;. Textdatei hochladen Mit der Schaltfl\u00e4che &#8220;Upload file&#8221; k\u00f6nnen Sie [&hellip;]<\/p>\n","protected":false},"author":5,"featured_media":0,"parent":0,"menu_order":0,"comment_status":"closed","ping_status":"closed","template":"","meta":{"_acf_changed":false,"cybocfi_hide_featured_image":"","footnotes":""},"class_list":["post-26486","page","type-page","status-publish","hentry"],"acf":[],"_links":{"self":[{"href":"https:\/\/www.delfi.com\/de\/wp-json\/wp\/v2\/pages\/26486","targetHints":{"allow":["GET"]}}],"collection":[{"href":"https:\/\/www.delfi.com\/de\/wp-json\/wp\/v2\/pages"}],"about":[{"href":"https:\/\/www.delfi.com\/de\/wp-json\/wp\/v2\/types\/page"}],"author":[{"embeddable":true,"href":"https:\/\/www.delfi.com\/de\/wp-json\/wp\/v2\/users\/5"}],"replies":[{"embeddable":true,"href":"https:\/\/www.delfi.com\/de\/wp-json\/wp\/v2\/comments?post=26486"}],"version-history":[{"count":1,"href":"https:\/\/www.delfi.com\/de\/wp-json\/wp\/v2\/pages\/26486\/revisions"}],"predecessor-version":[{"id":79145,"href":"https:\/\/www.delfi.com\/de\/wp-json\/wp\/v2\/pages\/26486\/revisions\/79145"}],"wp:attachment":[{"href":"https:\/\/www.delfi.com\/de\/wp-json\/wp\/v2\/media?parent=26486"}],"curies":[{"name":"wp","href":"https:\/\/api.w.org\/{rel}","templated":true}]}}