{"id":27421,"date":"2023-11-01T10:26:19","date_gmt":"2023-11-01T09:26:19","guid":{"rendered":"https:\/\/www.delfi.com\/cookiepolitik\/"},"modified":"2026-03-13T13:32:02","modified_gmt":"2026-03-13T12:32:02","slug":"cookie-richtlinie","status":"publish","type":"page","link":"https:\/\/www.delfi.com\/de\/cookie-richtlinie","title":{"rendered":"Cookie-richtlinie f\u00fcr delfi.com"},"content":{"rendered":"<div class=\"wpb-content-wrapper\"><p>[vc_row][vc_column][vc_column_text css=&#8221;&#8221; css_params=&#8221;&#8221;]<\/p>\n<h1>Cookie-richtlinie f\u00fcr delfi.com<\/h1>\n<p>Wie es bei fast allen professionellen websites \u00fcblich ist, verwenden auch wir auf dieser website cookies. Dabei handelt es sich um kleine dateien, die auf ihren computer heruntergeladen werden, um die benutzererfahrung zu verbessern. Auf dieser seite wird erkl\u00e4rt, welche informationen diese cookies sammeln, wie wir sie einsetzen und warum es manchmal erforderlich ist, sie zu speichern. Wir werden ihnen auch zeigen, wie sie das speichern der cookies verhindern k\u00f6nnen. Bitte beachten sie dabei allerdings, dass dadurch die funktion einiger elemente auf dieser website eingeschr\u00e4nkt oder unterbrochen werden kann.<\/p>\n<p>Weitere informationen \u00fcber cookies finden sie hier:&nbsp;<a href=\"http:\/\/en.wikipedia.org\/wiki\/HTTP_cookie\" data-cke-saved-href=\"http:\/\/en.wikipedia.org\/wiki\/HTTP_cookie\" data-cke-saved- target=\"_blank\" rel=\"noopener\">wikipedia-artikel \u00fcber http-cookies<\/a>.<\/p>\n<h2>So verwenden wir cookies<\/h2>\n<p>Wir verwenden cookies aus verschiedenen gr\u00fcnden, die im folgenden n\u00e4her erkl\u00e4rt werden. Leider gibt es in den meisten f\u00e4llen keine standardl\u00f6sung, mit der man die cookies deaktivieren k\u00f6nnte, ohne dabei auch die funktionen zu deaktivieren, die sie auf der website \u00fcbernehmen. Wir empfehlen daher, die cookies nicht zu deaktivieren, wenn sie sich nicht sicher sind, ob sie diese ben\u00f6tigen. Denn es kann sich dabei um cookies handeln, die erforderlich sind, um einen von ihnen gew\u00fcnschten service bereitzustellen.<\/p>\n<h2>Cookies deaktivieren<\/h2>\n<p>Sie k\u00f6nnen das verwenden von cookies verhindern, indem sie die entsprechenden einstellungen in ihrem webbrowser vornehmen (siehe dazu das hilfemen\u00fc ihres webbrowsers). Bitte beachten sie, dass bei deaktivierten cookies die funktionen dieser und vieler anderer websites eingeschr\u00e4nkt werden. Wenn sie cookies deaktivieren, deaktivieren sie in der regel auch bestimmte funktionen dieser website. Daher empfehlen wir, die cookies nichts deaktivieren.<\/p>\n<h2>Unsere cookie-einstellungen<\/h2>\n<p>Wenn sie ein konto auf unserer website erstellen, verwenden wir cookies f\u00fcr das registrierungsverfahren und allgemeine verwaltungsaufgaben. Diese cookies werden in der regel gel\u00f6scht, sobald sie sich abmelden. In einigen f\u00e4llen bleiben sie aber danach erhalten, um ihre bevorzugten einstellungen auch nach dem abmelden zu speichern.<\/p>\n<p>Wir verwenden cookies, w\u00e4hrend sie angemeldet sind, damit ihre anmeldung in dieser zeit gespeichert ist. So m\u00fcssen sie sich nicht jedes mal wieder neu anmelden, wenn sie eine neue unterseite \u00f6ffnen. Diese cookies werden in der regel entfernt oder zur\u00fcckgesetzt, wenn sie sich abmelden. So k\u00f6nnen sie auf die bereiche, die eine zugangsberechtigung erfordern, nur dann zugreifen, w\u00e4hrend sie angemeldet sind.<\/p>\n<p>Auf dieser website k\u00f6nnen sie sich f\u00fcr einen newsletter oder eine andere e-mail-benachrichtigung anmelden. In diesem zusammenhang k\u00f6nnen cookies verwendet werden, um zu speichern, dass sie bereits daf\u00fcr registriert sind und um bestimmte benachrichtigungen anzuzeigen, die nur f\u00fcr benutzer relevant sind, die diese e-mails bereits erhalten bzw. Nicht erhalten.<\/p>\n<p>Wir f\u00fchren von zeit zu zeit umfragen oder \u00e4hnliches durch, damit wir ihnen stets interessante informationen und n\u00fctzliche tools anbieten k\u00f6nnen. Gleichzeitig m\u00f6chten wir dadurch unsere benutzer besser kennenlernen. Im rahmen dieser umfragen k\u00f6nnen cookies eingesetzt werden, um zu speichern, wer bereits an einer umfrage teilgenommen hat oder um ihnen die neuesten ergebnisse anzuzeigen, wenn sie zwischen unterseiten wechseln.<\/p>\n<p>Wenn sie daten mittels formularen \u00fcbermitteln, wie sie zum beispiel auf kontakt- oder auf kommentarseiten zu finden sind, k\u00f6nnen cookies verwendet werden, um ihre benutzerdaten f\u00fcr zuk\u00fcnftige nachrichten zu speichern.<\/p>\n<p>Um ihnen die bestm\u00f6gliche benutzererfahrung mit dieser website zu erm\u00f6glichen, haben wir eine funktion eingerichtet, mit der sie ihre bevorzugten einstellungen bez\u00fcglich der website und ihrer benutzung festlegen k\u00f6nnen. Um diese einstellungen speichern zu k\u00f6nnen, m\u00fcssen wir cookies verwenden. Dadurch k\u00f6nnen diese informationen abgerufen werden, sobald sie eine seite aufrufen, die von ihren bevorzugten einstellungen betroffen ist.<\/p>\n<h2>Cookies dritter<\/h2>\n<p>In einigen besonderen f\u00e4llen setzen wir auch cookies ein, die von vertrauensw\u00fcrdigen dritten bereitgestellt werden. Im folgenden werden die cookies von drittanbietern, die ihnen auf dieser seite begegnen k\u00f6nnen, n\u00e4her erl\u00e4utert.<\/p>\n<p>Die website nutzt google analytics. Dabei handelt es sich um eine der am weitesten verbreiteten und vertrauensw\u00fcrdigsten analysel\u00f6sungen im internet. Sie hilft uns dabei, das benutzerverhalten auf der website zu verstehen und m\u00f6glichkeiten zu finden, um die benutzererfahrung zu verbessern. Diese cookies k\u00f6nnen verschiedene aspekte nachverfolgen. Dazu geh\u00f6rt zum beispiel die dauer, die sie auf der website und einzelnen seiten verbringen. Das gibt uns die m\u00f6glichkeit, stets interessante inhalte zu erstellen.<\/p>\n<p>Weitere informationen \u00fcber die cookies von google analytics finden sie auf der offiziellen website von google analytics.<br \/>\nAnalysen von drittanbietern werden verwendet, um die benutzung dieser website nachzuverfolgen und zu messen. Wir nutzen die ergebnisse, um stets interessante inhalte zu erstellen. Diese cookies k\u00f6nnen verschiedene aspekte nachverfolgen. Dazu geh\u00f6rt zum beispiel die dauer, die sie auf der website und einzelnen seiten verbringen. So k\u00f6nnen wir m\u00f6glichkeiten finden, um die website f\u00fcr sie zu verbessern.<\/p>\n<p>Von zeit zu zeit probieren wir neue funktionen aus und setzen kleinere \u00e4nderungen bez\u00fcglich der art und weise um, wie die website bereitgestellt wird. W\u00e4hrend wir diese neuen funktionen ausprobieren, k\u00f6nnen diese cookies verwendet werden, um sicherzustellen, dass die benutzererfahrung konsistent ist. Gleichzeitig k\u00f6nnen wir hiermit erkennen, welche verbesserungen unsere benutzer am besten finden.<\/p>\n<p>Zudem verwenden wir schaltfl\u00e4chen und\/oder plug-ins von sozialen medien auf dieser website. Dadurch ist es uns m\u00f6glich, auf verschiedene arten \u00fcber diese netzwerke mit ihnen zu interagieren. Zu diesem zweck verwenden die folgenden anbieter cookies auf unserer website: facebook, linkedin, youtube. Diese k\u00f6nnen verwendet werden, um ihr profil auf diesen websites zu verbessern oder um daten f\u00fcr verschiedene zwecke zu sammeln. Genauere informationen dazu finden sie in den jeweiligen datenschutzregelungen der anbieter.<\/p>\n<h2>Weitere informationen<\/h2>\n<p>Wir hoffen, wir konnten alle fragen zum thema cookies kl\u00e4ren. Wie bereits erw\u00e4hnt: falls sie sich noch immer unsicher sind, ob sie die cookies ben\u00f6tigen, empfehlen wir, die cookies aktiviert zu lassen. So k\u00f6nnen sie sich sicher sein, dass alle funktionen auf unserer website einwandfrei funktionieren. Wenn sie allerdings noch weitere informationen ben\u00f6tigen, k\u00f6nnen sie auf verschiedenen wegen mit uns kontakt a[\/vc_column_text][\/vc_column][\/vc_row]<\/p>\n<\/div>","protected":false},"excerpt":{"rendered":"<p>Um Ihr Erlebnis zu verbessern, verwenden wir, wie die meisten professionellen Websites, Cookies. Unsere Cookie-Richtlinie finden Sie hier.<\/p>\n","protected":false},"author":5,"featured_media":27414,"parent":0,"menu_order":0,"comment_status":"closed","ping_status":"closed","template":"","meta":{"_acf_changed":false,"cybocfi_hide_featured_image":"yes","footnotes":""},"class_list":["post-27421","page","type-page","status-publish","has-post-thumbnail","hentry"],"acf":[],"_links":{"self":[{"href":"https:\/\/www.delfi.com\/de\/wp-json\/wp\/v2\/pages\/27421","targetHints":{"allow":["GET"]}}],"collection":[{"href":"https:\/\/www.delfi.com\/de\/wp-json\/wp\/v2\/pages"}],"about":[{"href":"https:\/\/www.delfi.com\/de\/wp-json\/wp\/v2\/types\/page"}],"author":[{"embeddable":true,"href":"https:\/\/www.delfi.com\/de\/wp-json\/wp\/v2\/users\/5"}],"replies":[{"embeddable":true,"href":"https:\/\/www.delfi.com\/de\/wp-json\/wp\/v2\/comments?post=27421"}],"version-history":[{"count":1,"href":"https:\/\/www.delfi.com\/de\/wp-json\/wp\/v2\/pages\/27421\/revisions"}],"predecessor-version":[{"id":79147,"href":"https:\/\/www.delfi.com\/de\/wp-json\/wp\/v2\/pages\/27421\/revisions\/79147"}],"wp:featuredmedia":[{"embeddable":true,"href":"https:\/\/www.delfi.com\/de\/wp-json\/wp\/v2\/media\/27414"}],"wp:attachment":[{"href":"https:\/\/www.delfi.com\/de\/wp-json\/wp\/v2\/media?parent=27421"}],"curies":[{"name":"wp","href":"https:\/\/api.w.org\/{rel}","templated":true}]}}