{"id":30705,"date":"2023-12-05T11:59:37","date_gmt":"2023-12-05T10:59:37","guid":{"rendered":"https:\/\/www.delfi.com\/electronic-signature\/"},"modified":"2026-03-13T13:36:46","modified_gmt":"2026-03-13T12:36:46","slug":"elektronische-unterschrift","status":"publish","type":"page","link":"https:\/\/www.delfi.com\/de\/elektronische-unterschrift","title":{"rendered":"Elektronische Unterschrift"},"content":{"rendered":"<div class=\"wpb-content-wrapper\"><p>[vc_row][vc_column][vc_column_text css=&#8221;&#8221; css_params=&#8221;&#8221;]<\/p>\n<h1>Vielen Dank f\u00fcr Ihren elektronische Unterschrift!<\/h1>\n<p>Ihr Vorgang wird jetzt weiterbearbeitet und wir werden uns, falls notwendig, zur weiteren Abstimmung mit Ihnen in Verbindung setzen.[\/vc_column_text][vc_column_text]<\/p>\n<h2>Ben\u00f6tigen Sie Hilfe?<\/h2>\n<p>Bitte z\u00f6gern Sie nicht, uns f\u00fcr weitere Hilfe oder Fragen zu kontaktieren.[\/vc_column_text][\/vc_column][\/vc_row][vc_row][vc_column][vc_btn title=&#8221;Kontaktinformationen finden&#8221; color=&#8221;sky&#8221; link=&#8221;url :https%3A%2F%2Fwww.delfi.com%2Fda%2Fcontact-us%2F|title:Contact%20os&#8221;][vc_btn title=&#8221;Zum Support gehen&#8221; color=&#8221;sky&#8221; link=&#8221;url:https %3A %2F%2Fwww.delfi.com%2Fda%2Fkontakt-os%2F|title:Kontakt%20os&#8221;][\/vc_column][\/vc_row]<\/p>\n<\/div>","protected":false},"excerpt":{"rendered":"<p>[vc_row][vc_column][vc_column_text css=&#8221;&#8221; css_params=&#8221;&#8221;] Vielen Dank f\u00fcr Ihren elektronische Unterschrift! Ihr Vorgang wird jetzt weiterbearbeitet und wir werden uns, falls notwendig, zur weiteren Abstimmung mit Ihnen in Verbindung setzen.[\/vc_column_text][vc_column_text] Ben\u00f6tigen Sie Hilfe? Bitte z\u00f6gern Sie nicht, uns f\u00fcr weitere Hilfe oder Fragen zu kontaktieren.[\/vc_column_text][\/vc_column][\/vc_row][vc_row][vc_column][vc_btn title=&#8221;Kontaktinformationen finden&#8221; color=&#8221;sky&#8221; link=&#8221;url :https%3A%2F%2Fwww.delfi.com%2Fda%2Fcontact-us%2F|title:Contact%20os&#8221;][vc_btn title=&#8221;Zum Support gehen&#8221; color=&#8221;sky&#8221; link=&#8221;url:https %3A %2F%2Fwww.delfi.com%2Fda%2Fkontakt-os%2F|title:Kontakt%20os&#8221;][\/vc_column][\/vc_row]<\/p>\n","protected":false},"author":5,"featured_media":0,"parent":0,"menu_order":0,"comment_status":"closed","ping_status":"closed","template":"","meta":{"_acf_changed":false,"cybocfi_hide_featured_image":"","footnotes":""},"class_list":["post-30705","page","type-page","status-publish","hentry"],"acf":[],"_links":{"self":[{"href":"https:\/\/www.delfi.com\/de\/wp-json\/wp\/v2\/pages\/30705","targetHints":{"allow":["GET"]}}],"collection":[{"href":"https:\/\/www.delfi.com\/de\/wp-json\/wp\/v2\/pages"}],"about":[{"href":"https:\/\/www.delfi.com\/de\/wp-json\/wp\/v2\/types\/page"}],"author":[{"embeddable":true,"href":"https:\/\/www.delfi.com\/de\/wp-json\/wp\/v2\/users\/5"}],"replies":[{"embeddable":true,"href":"https:\/\/www.delfi.com\/de\/wp-json\/wp\/v2\/comments?post=30705"}],"version-history":[{"count":1,"href":"https:\/\/www.delfi.com\/de\/wp-json\/wp\/v2\/pages\/30705\/revisions"}],"predecessor-version":[{"id":79157,"href":"https:\/\/www.delfi.com\/de\/wp-json\/wp\/v2\/pages\/30705\/revisions\/79157"}],"wp:attachment":[{"href":"https:\/\/www.delfi.com\/de\/wp-json\/wp\/v2\/media?parent=30705"}],"curies":[{"name":"wp","href":"https:\/\/api.w.org\/{rel}","templated":true}]}}