{"id":32485,"date":"2024-01-23T11:49:55","date_gmt":"2024-01-23T11:49:55","guid":{"rendered":"https:\/\/www.delfi.com\/?page_id=32485"},"modified":"2026-03-13T14:09:44","modified_gmt":"2026-03-13T13:09:44","slug":"impressum","status":"publish","type":"page","link":"https:\/\/www.delfi.com\/de\/impressum","title":{"rendered":"Impressum"},"content":{"rendered":"<div class=\"wpb-content-wrapper\"><p>[vc_row][vc_column][vc_column_text css=&#8221;&#8221; css_params=&#8221;&#8221;]<\/p>\n<h1>Impressum<\/h1>\n<p>Delfi Technologies A\/S <em>(Aktiengesellschaft)<\/em><br \/>\nValdemarshaab 11<br \/>\nDK-4600 K\u00f8ge<\/p>\n<p><strong>Kontakt<\/strong><br \/>\nPhone: +49 (0)431 382175 &#8211; 99<br \/>\nE-Mail:&nbsp;<a href=\"mailto:info@delfi.com\">info@delfi.com<\/a><br \/>\nInternet: <a href=\"https:\/\/shop.delfi.com\/de\/\" target=\"_blank\" rel=\"noopener\">https:\/\/shop.delfi.com\/de\/<\/a><\/p>\n<p>USt.-IdNr. DK <b>12552688<\/b><\/p>\n<p>Zentrales Unternehmensregister Kopenhagen<br \/>\nRegisternummer (<em>CVR-Nr.):<\/em> 12552688<\/p>\n<p>Gesch\u00e4ftsf\u00fchrer: Palle Normann Svendsen<\/p>\n<p>Alternative Streitbeilegung gem\u00e4\u00df Art. 14 Abs. 1 ODR-VO und \u00a7 36 VSBG:<br \/>\nDie Europ\u00e4ische Kommission stellt zur Online-Streitbeilegung (OS) eine Plattform bereit, die unter dem Link <a href=\"http:\/\/www.ec.europa.eu\/consumers\/odr\" target=\"_blank\" rel=\"noopener\">www.ec.europa.eu\/consumers\/odr<\/a>&nbsp;zu finden ist. Wir sind zur Teilnahme an einem Verfahren zur Streitbeilegung vor einer Verbraucherschlichtungsstelle nicht verpflichtet und nicht bereit.[\/vc_column_text][\/vc_column][\/vc_row]<\/p>\n<\/div>","protected":false},"excerpt":{"rendered":"<p>[vc_row][vc_column][vc_column_text css=&#8221;&#8221; css_params=&#8221;&#8221;] Impressum Delfi Technologies A\/S (Aktiengesellschaft) Valdemarshaab 11 DK-4600 K\u00f8ge Kontakt Phone: +49 (0)431 382175 &#8211; 99 E-Mail:&nbsp;info@delfi.com Internet: https:\/\/shop.delfi.com\/de\/ USt.-IdNr. DK 12552688 Zentrales Unternehmensregister Kopenhagen Registernummer (CVR-Nr.): 12552688 Gesch\u00e4ftsf\u00fchrer: Palle Normann Svendsen Alternative Streitbeilegung gem\u00e4\u00df Art. 14 Abs. 1 ODR-VO und \u00a7 36 VSBG: Die Europ\u00e4ische Kommission stellt zur Online-Streitbeilegung (OS) eine [&hellip;]<\/p>\n","protected":false},"author":1,"featured_media":0,"parent":0,"menu_order":1,"comment_status":"closed","ping_status":"closed","template":"","meta":{"_acf_changed":false,"cybocfi_hide_featured_image":"","footnotes":""},"class_list":["post-32485","page","type-page","status-publish","hentry"],"acf":[],"_links":{"self":[{"href":"https:\/\/www.delfi.com\/de\/wp-json\/wp\/v2\/pages\/32485","targetHints":{"allow":["GET"]}}],"collection":[{"href":"https:\/\/www.delfi.com\/de\/wp-json\/wp\/v2\/pages"}],"about":[{"href":"https:\/\/www.delfi.com\/de\/wp-json\/wp\/v2\/types\/page"}],"author":[{"embeddable":true,"href":"https:\/\/www.delfi.com\/de\/wp-json\/wp\/v2\/users\/1"}],"replies":[{"embeddable":true,"href":"https:\/\/www.delfi.com\/de\/wp-json\/wp\/v2\/comments?post=32485"}],"version-history":[{"count":1,"href":"https:\/\/www.delfi.com\/de\/wp-json\/wp\/v2\/pages\/32485\/revisions"}],"predecessor-version":[{"id":79168,"href":"https:\/\/www.delfi.com\/de\/wp-json\/wp\/v2\/pages\/32485\/revisions\/79168"}],"wp:attachment":[{"href":"https:\/\/www.delfi.com\/de\/wp-json\/wp\/v2\/media?parent=32485"}],"curies":[{"name":"wp","href":"https:\/\/api.w.org\/{rel}","templated":true}]}}