{"id":76582,"date":"2026-01-13T08:56:59","date_gmt":"2026-01-13T07:56:59","guid":{"rendered":"https:\/\/www.delfi.com\/?page_id=76582"},"modified":"2026-03-13T14:10:50","modified_gmt":"2026-03-13T13:10:50","slug":"euroshop-2026-booking","status":"publish","type":"page","link":"https:\/\/www.delfi.com\/de\/euroshop-2026-booking","title":{"rendered":"EuroShop 2026 booking"},"content":{"rendered":"<div class=\"wpb-content-wrapper\"><p>[vc_row full_width=&#8221;stretch_row_content_no_spaces&#8221; content_placement=&#8221;middle&#8221; el_id=&#8221;intro&#8221; conditional_render=&#8221;%5B%7B%22value_role%22%3A%22administrator%22%7D%5D&#8221;][vc_column conditional_render=&#8221;%5B%7B%22value_role%22%3A%22administrator%22%7D%5D&#8221; offset=&#8221;vc_hidden-sm vc_col-xs-12 vc_hidden-xs&#8221; css=&#8221;.vc_custom_1768291155536{background-image: url(https:\/\/www.delfi.com\/wp-content\/uploads\/2025\/10\/AdobeStock_382801763-scaled.jpeg?id=68831) !important;background-position: center !important;background-repeat: no-repeat !important;background-size: cover !important;}&#8221; css_params=&#8221;&#8221;]<div class=\"porto-ibanner interactive-banner-wrap-07dd21040fa50768c9d370ae74e47015\" style=\"min-height:100vh;\"><div class=\"porto-ibanner-desc no-padding d-flex\"><div class=\"container\"><div class=\"porto-ibanner-container\"><div class=\"porto-ibanner-layer wpb_custom_2c5109c031829f9c54153ed0e6239ff6 banner-pos-dbd1f57302e680883eca529b9be12b72\" style=\"width:75%;\"><div class=\"porto-u-heading custom-hero-heading mb-1 custom-heading  wpb_custom_904a69b4cc0ed4f53cf543cb1fa52b3b porto-u-9bddefa19333a5fce69cbd448406aae5 \" data-appear-animation=\"fadeIn\"><div class=\"porto-u-main-heading\"><h1 data-plugin-animated-letters data-plugin-options=\"{&quot;startDelay&quot;:400,&quot;minWindowWidth&quot;:0,&quot;animationName&quot;:&quot;fadeIn&quot;}\"  style=\"color:#ffffff;margin-bottom: 0px;\">Besuchen Sie uns unter<\/h1><\/div><div class=\"porto-u-sub-heading\" style=\"color: #ffffff;\">EuroShop 2026<\/div><style>.porto-u-9bddefa19333a5fce69cbd448406aae5.porto-u-heading{text-align:left} @media(max-width:575px){ .porto-u-9bddefa19333a5fce69cbd448406aae5.porto-u-heading{text-align:left}}<\/style><\/div><div class=\"porto-u-heading mb-0  wpb_custom_673e8de7b3de4863ed6dea188688c230 porto-u-ad87e2eaf3f9c495180fe0156ddf3eb0 \" data-appear-animation=\"fadeIn\" data-appear-animation-delay=\"800\"><div class=\"porto-u-main-heading\"><h2   style=\"color:#ffffff;\">22. - 26. Februar, 2026 | D\u00fcsseldorf<\/h2><\/div><style>.porto-u-ad87e2eaf3f9c495180fe0156ddf3eb0.porto-u-heading{text-align:left}<\/style><\/div><div class=\"porto-u-heading mt-2  wpb_custom_f28cefb15bd831421a11ac8fa0c8d083 porto-u-ad87e2eaf3f9c495180fe0156ddf3eb0 \" data-appear-animation=\"fadeIn\" data-appear-animation-delay=\"800\"><div class=\"porto-u-sub-heading\" style=\"color: var(--porto-primary-color);\">HALLE 6 \u2013 STAND 6C62<\/div><style>.porto-u-ad87e2eaf3f9c495180fe0156ddf3eb0.porto-u-heading{text-align:left}<\/style><\/div><style>.banner-pos-dbd1f57302e680883eca529b9be12b72 {left:3%;right: unset;top: 50%;bottom: unset;transform: translateY(-50%);}<\/style><\/div><\/div><\/div><\/div><\/div>[\/vc_column][\/vc_row][vc_row full_width=&#8221;stretch_row&#8221; content_placement=&#8221;middle&#8221; css=&#8221;.vc_custom_1697728794962{padding-top: 3em !important;padding-bottom: 1em !important;background-color: #204c56 !important;}&#8221; conditional_render=&#8221;%5B%7B%22value_role%22%3A%22administrator%22%7D%5D&#8221;][vc_column]<div class=\"porto-u-heading m-b-xs  wpb_custom_2a63c75990c302e803645f096834654e porto-u-55ca8359258f9a412be7e73af65d2aac \"><div class=\"porto-u-main-heading\"><h2   style=\"color:rgba(255,255,255,0.33);\">Wir sehen uns in nur<\/h2><\/div><style>.porto-u-55ca8359258f9a412be7e73af65d2aac.porto-u-heading{text-align:center}<\/style><\/div><div class=\"porto_countdown   wpb_custom_f7faebae7139ca97966c146d89222642 porto-cd-s2\"><style>.count-down-wrap-e6b8e5e8effc7000057f9a120ecd9635 .porto_countdown-amount { font-size:3rem;font-weight: 700;   color: #50bcd1; } .count-down-wrap-e6b8e5e8effc7000057f9a120ecd9635 .porto_countdown-period, .count-down-wrap-e6b8e5e8effc7000057f9a120ecd9635 .porto_countdown-row:before {   color: #b5b5b5;font-size:1rem;font-weight: 500;}<\/style><div class=\"porto_countdown-div porto_countdown-dateAndTime porto-wptz count-down-wrap-e6b8e5e8effc7000057f9a120ecd9635\" data-labels=\"Jahre,Monate,Wochen,Tage,Stunden,Minuten,Sekunden\" data-labels2=\"Jahr,Monat,Woche,Tag,Stunde,Minute,Sekunde\"  data-terminal-date=\"2026\/02\/22 10:00:00\" data-countformat=\"DHM\" data-time-zone=\"2\" data-time-now=\"2026\/04\/13 19:31:48\"  data-tick-col=\"#50bcd1\" data-tick-p-col=\"#b5b5b5\"  data-tick-style=\"700\"  data-tick-p-style=\"500\" ><span class=\"porto_countdown-row porto_countdown-show4\"><span class=\"porto_countdown-section\"><span class=\"porto_time-mid\"><span class=\"porto_countdown-amount\">00<\/span><span class=\"porto_countdown-period\">Tage<\/span><\/span><\/span><span class=\"porto_countdown-section\"><span class=\"porto_time-mid\"><span class=\"porto_countdown-amount\">00<\/span><span class=\"porto_countdown-period\">Stunden<\/span><\/span><\/span><span class=\"porto_countdown-section\"><span class=\"porto_time-mid\"><span class=\"porto_countdown-amount\">00<\/span><span class=\"porto_countdown-period\">Minuten<\/span><\/span><\/span><\/span><\/div><\/div>[\/vc_column][\/vc_row][vc_row wrap_container=&#8221;yes&#8221; css=&#8221;.vc_custom_1698046271516{margin-top: 50px !important;margin-bottom: 64px !important;padding-top: 64px !important;}&#8221; el_id=&#8221;Zeitplan&#8221; conditional_render=&#8221;%5B%7B%22value_role%22%3A%22administrator%22%7D%5D&#8221;][vc_column width=&#8221;1\/6&#8243; conditional_render=&#8221;%5B%7B%22value_role%22%3A%22administrator%22%7D%5D&#8221;][\/vc_column][vc_column width=&#8221;2\/3&#8243; offset=&#8221;vc_col-xs-12&#8243; conditional_render=&#8221;%5B%7B%22value_role%22%3A%22administrator%22%7D%5D&#8221;]<div class=\"porto-u-heading m-b-xs  wpb_custom_6d90227ae064746083267dea9955aaa3 porto-u-55ca8359258f9a412be7e73af65d2aac \"><div class=\"porto-u-main-heading\"><h2   style=\"color:#777777;\">Besuchen Sie uns unter<\/h2><\/div><style>.porto-u-55ca8359258f9a412be7e73af65d2aac.porto-u-heading{text-align:center}<\/style><\/div><div class=\"porto-u-heading  wpb_custom_76a54d1e06db3e206017244195624ce8 porto-u-55ca8359258f9a412be7e73af65d2aac \"><div class=\"porto-u-main-heading\"><h2   style=\"margin-bottom: 29px;\">HALL 6 \u2013 BOOTH 6C62<\/h2><\/div><style>.porto-u-55ca8359258f9a412be7e73af65d2aac.porto-u-heading{text-align:center}<\/style><\/div>[vc_column_text css=&#8221;&#8221; css_params=&#8221;&#8221;]<\/p>\n<p class=\"x_MsoNormal\">Wir freuen uns, auf die EuroShop 2026 zur\u00fcckzukehren, die weltweit f\u00fchrende Fachmesse f\u00fcr den Einzelhandel, auf der wir die neuesten Innovationen in unserem&nbsp;<a title=\"https:\/\/www.delfi.com\/solutions\/breece-system\/\" href=\"https:\/\/www.delfi.com\/de\/losungen\/breece-system\/\" data-auth=\"NotApplicable\" data-linkindex=\"0\">Breece System<\/a>&nbsp;und bei&nbsp;<a title=\"https:\/\/www.delfi.com\/solutions\/electronic-shelf-labels\/\" href=\"https:\/\/www.delfi.com\/de\/losungen\/elektronische-regaletiketten\/\" data-auth=\"NotApplicable\" data-linkindex=\"1\">elektronischen Regaletiketten (ESL)<\/a>&nbsp;pr\u00e4sentieren werden \u2013 inklusive brandneuer Displayl\u00f6sungen.<\/p>\n<p class=\"x_MsoNormal\"><span lang=\"EN-US\">Bei Delfi Technologies widmen wir uns der Entwicklung von Technologien, die Einzelh\u00e4ndlern zu mehr Effizienz, Flexibilit\u00e4t und st\u00e4rkerer Kundenorientierung verhelfen. Auf der EuroShop werden wir zeigen, wie unsere digitalen L\u00f6sungen Verkaufsfl\u00e4che und Backoffice in Echtzeit verbinden, manuelle Aufgaben reduzieren und die Genauigkeit aller Abl\u00e4ufe verbessern.<\/span><\/p>\n<p class=\"x_MsoNormal\">Mit unseren Displays der n\u00e4chsten Generation und der intuitiven&nbsp;<a title=\"https:\/\/www.delfi.com\/solutions\/breece-go\/\" href=\"https:\/\/www.delfi.com\/de\/losungen\/breece-go\/\" data-auth=\"NotApplicable\" data-linkindex=\"2\">BreeceGo App<\/a>&nbsp;erm\u00f6glichen wir intelligentere Arbeitsabl\u00e4ufe, nahtlose Kommunikation im Gesch\u00e4ft und ein verbessertes Kundenerlebnis \u2013 und machen Einzelh\u00e4ndler fit f\u00fcr die Zukunft.<\/p>\n<p>[\/vc_column_text]<style id=\"wpforms-css-vars-76579\">\n\t\t\t\t#wpforms-76579 {\n\t\t\t\t--wpforms-field-border-radius: 0px;\n--wpforms-field-border-color: #cccccc;\n--wpforms-field-border-color-spare: #cccccc;\n--wpforms-field-text-color: #444444;\n--wpforms-label-color: #262626;\n--wpforms-label-sublabel-color: #7f7f7f;\n--wpforms-label-error-color: #ff0000;\n--wpforms-button-border-style: solid;\n--wpforms-button-border-radius: 0px;\n--wpforms-button-background-color: #dddddd;\n--wpforms-button-border-color: #cccccc;\n--wpforms-button-text-color: #666666;\n--wpforms-page-break-color: #dddddd;\n--wpforms-field-size-input-height: 43px;\n--wpforms-field-size-input-spacing: 15px;\n--wpforms-field-size-font-size: 16px;\n--wpforms-field-size-line-height: 19px;\n--wpforms-field-size-padding-h: 14px;\n--wpforms-field-size-checkbox-size: 16px;\n--wpforms-field-size-sublabel-spacing: 5px;\n--wpforms-field-size-icon-size: 1;\n--wpforms-label-size-font-size: 14px;\n--wpforms-label-size-line-height: 17px;\n--wpforms-label-size-sublabel-font-size: 13px;\n--wpforms-label-size-sublabel-line-height: 16px;\n--wpforms-button-size-font-size: 17px;\n--wpforms-button-size-height: 41px;\n--wpforms-button-size-padding-h: 15px;\n--wpforms-button-size-margin-top: 10px;\n--wpforms-container-shadow-size-box-shadow: none;\n\t\t\t}\n\t\t\t<\/style><div class=\"wpforms-container wpforms-container-full wpforms-render-modern\" id=\"wpforms-76579\"><form id=\"wpforms-form-76579\" class=\"wpforms-validate wpforms-form wpforms-ajax-form\" data-formid=\"76579\" method=\"post\" enctype=\"multipart\/form-data\" action=\"\/de\/wp-json\/wp\/v2\/pages\/76582\" data-token=\"97cb7bb6d1ad6909fdc9a555d7afb0d2\" data-token-time=\"1776101508\"><noscript class=\"wpforms-error-noscript\">Bitte aktiviere JavaScript in deinem Browser, um dieses Formular fertigzustellen.<\/noscript><div id=\"wpforms-error-noscript\" style=\"display: none;\">Bitte aktiviere JavaScript in deinem Browser, um dieses Formular fertigzustellen.<\/div><div class=\"wpforms-field-container\"><div id=\"wpforms-76579-field_0-container\" class=\"wpforms-field wpforms-field-name wpforms-one-half wpforms-first\" data-field-id=\"0\"><label class=\"wpforms-field-label\" for=\"wpforms-76579-field_0\">Ihr vollst\u00e4ndiger Name  <span class=\"wpforms-required-label\" aria-hidden=\"true\">*<\/span><\/label><input type=\"text\" id=\"wpforms-76579-field_0\" class=\"wpforms-field-large wpforms-field-required\" name=\"wpforms[fields][0]\" aria-errormessage=\"wpforms-76579-field_0-error\" required><\/div><div id=\"wpforms-76579-field_1-container\" class=\"wpforms-field wpforms-field-email wpforms-one-half\" data-field-id=\"1\"><label class=\"wpforms-field-label\" for=\"wpforms-76579-field_1\">Email <span class=\"wpforms-required-label\" aria-hidden=\"true\">*<\/span><\/label><input type=\"email\" id=\"wpforms-76579-field_1\" class=\"wpforms-field-large wpforms-field-required\" name=\"wpforms[fields][1]\" spellcheck=\"false\" aria-errormessage=\"wpforms-76579-field_1-error\" required><\/div><div id=\"wpforms-76579-field_3-container\" class=\"wpforms-field wpforms-field-text wpforms-one-half wpforms-first\" data-field-id=\"3\"><label class=\"wpforms-field-label\" for=\"wpforms-76579-field_3\">Telefonnummer <span class=\"wpforms-required-label\" aria-hidden=\"true\">*<\/span><\/label><input type=\"text\" id=\"wpforms-76579-field_3\" class=\"wpforms-field-large wpforms-field-required\" name=\"wpforms[fields][3]\" aria-errormessage=\"wpforms-76579-field_3-error\" required><\/div><div id=\"wpforms-76579-field_4-container\" class=\"wpforms-field wpforms-field-text wpforms-one-half\" data-field-id=\"4\"><label class=\"wpforms-field-label\" for=\"wpforms-76579-field_4\">Firmenname <span class=\"wpforms-required-label\" aria-hidden=\"true\">*<\/span><\/label><input type=\"text\" id=\"wpforms-76579-field_4\" class=\"wpforms-field-large wpforms-field-required\" name=\"wpforms[fields][4]\" aria-errormessage=\"wpforms-76579-field_4-error\" required><\/div><div id=\"wpforms-76579-field_6-container\" class=\"wpforms-field wpforms-field-text\" data-field-id=\"6\"><label class=\"wpforms-field-label\" for=\"wpforms-76579-field_6\">Firmenadresse <span class=\"wpforms-required-label\" aria-hidden=\"true\">*<\/span><\/label><input type=\"text\" id=\"wpforms-76579-field_6\" class=\"wpforms-field-large wpforms-field-required\" name=\"wpforms[fields][6]\" aria-errormessage=\"wpforms-76579-field_6-error\" required><\/div><div id=\"wpforms-76579-field_13-container\" class=\"wpforms-field wpforms-field-content\" data-field-id=\"13\"><div id=\"wpforms-76579-field_13\" class=\"wpforms-field-large wpforms-field-row\" aria-errormessage=\"wpforms-76579-field_13-error\"><p style=\"text-align:left\">Wenn Sie einen festen Termin mit uns auf der Messe vereinbaren m\u00f6chten, w\u00e4hlen Sie bitte hier den gew\u00fcnschten Zeitabschnitt aus:<\/p>\n<div class=\"wpforms-field-content-display-frontend-clear\"><\/div><\/div><\/div><div id=\"wpforms-76579-field_14-container\" class=\"wpforms-field wpforms-field-select wpforms-one-half wpforms-first wpforms-field-select-style-classic\" data-field-id=\"14\"><label class=\"wpforms-field-label\" for=\"wpforms-76579-field_14\">Tag<\/label><select id=\"wpforms-76579-field_14\" class=\"wpforms-field-large\" name=\"wpforms[fields][14]\"><option value=\"Sonntag\"  class=\"choice-1 depth-1\"  >Sonntag<\/option><option value=\"Montag\"  class=\"choice-16 depth-1\"  >Montag<\/option><option value=\"Dienstag\"  class=\"choice-17 depth-1\"  >Dienstag<\/option><option value=\"Mittwoch\"  class=\"choice-18 depth-1\"  >Mittwoch<\/option><option value=\"Donnerstag\"  class=\"choice-19 depth-1\"  >Donnerstag<\/option><\/select><\/div><div id=\"wpforms-76579-field_10-container\" class=\"wpforms-field wpforms-field-select wpforms-one-half wpforms-last wpforms-field-select-style-classic\" data-field-id=\"10\"><label class=\"wpforms-field-label\" for=\"wpforms-76579-field_10\">Zeit<\/label><select id=\"wpforms-76579-field_10\" class=\"wpforms-field-large\" name=\"wpforms[fields][10]\"><option value=\"10:00\"  class=\"choice-1 depth-1\"  >10:00<\/option><option value=\"10:30\"  class=\"choice-2 depth-1\"  >10:30<\/option><option value=\"11:00\"  class=\"choice-3 depth-1\"  >11:00<\/option><option value=\"11:30\"  class=\"choice-4 depth-1\"  >11:30<\/option><option value=\"12:00\"  class=\"choice-5 depth-1\"  >12:00<\/option><option value=\"12:30\"  class=\"choice-6 depth-1\"  >12:30<\/option><option value=\"13:00\"  class=\"choice-7 depth-1\"  >13:00<\/option><option value=\"13:30\"  class=\"choice-8 depth-1\"  >13:30<\/option><option value=\"14:00\"  class=\"choice-9 depth-1\"  >14:00<\/option><option value=\"14:30\"  class=\"choice-10 depth-1\"  >14:30<\/option><option value=\"15:00\"  class=\"choice-11 depth-1\"  >15:00<\/option><option value=\"15:30\"  class=\"choice-12 depth-1\"  >15:30<\/option><option value=\"16:00\"  class=\"choice-13 depth-1\"  >16:00<\/option><option value=\"16:30\"  class=\"choice-16 depth-1\"  >16:30<\/option><option value=\"17:00\"  class=\"choice-17 depth-1\"  >17:00<\/option><option value=\"17:30\"  class=\"choice-18 depth-1\"  >17:30<\/option><\/select><\/div><\/div><!-- .wpforms-field-container --><div class=\"wpforms-submit-container\" ><input type=\"hidden\" name=\"wpforms[id]\" value=\"76579\"><input type=\"hidden\" name=\"page_title\" value=\"\"><input type=\"hidden\" name=\"page_url\" value=\"https:\/\/www.delfi.com\/de\/wp-json\/wp\/v2\/pages\/76582\"><input type=\"hidden\" name=\"url_referer\" value=\"\"><button type=\"submit\" name=\"wpforms[submit]\" id=\"wpforms-submit-76579\" class=\"wpforms-submit\" data-alt-text=\"Registrieren\" data-submit-text=\"Registrieren\" aria-live=\"assertive\" value=\"wpforms-submit\">Registrieren<\/button><img loading=\"lazy\" decoding=\"async\" src=\"https:\/\/www.delfi.com\/wp-content\/plugins\/wpforms\/assets\/images\/submit-spin.svg\" class=\"wpforms-submit-spinner\" style=\"display: none;\" width=\"26\" height=\"26\" alt=\"Wird geladen\" title=\"\"><\/div><\/form><\/div>  <!-- .wpforms-container -->[\/vc_column][vc_column width=&#8221;1\/6&#8243;][\/vc_column][\/vc_row][vc_row full_width=&#8221;stretch_row&#8221; el_id=&#8221;Veranstaltungsort&#8221; css=&#8221;.vc_custom_1698144101394{padding-top: 24px !important;padding-bottom: 24px !important;}&#8221; conditional_render=&#8221;%5B%7B%22value_role%22%3A%22administrator%22%7D%5D&#8221;][vc_column]<div class=\"porto-u-heading  wpb_custom_76a54d1e06db3e206017244195624ce8 porto-u-55ca8359258f9a412be7e73af65d2aac \"><div class=\"porto-u-main-heading\"><h2   style=\"margin-bottom: 29px;\">Wir freuen uns auf Ihren Besuch bei<\/h2><\/div><style>.porto-u-55ca8359258f9a412be7e73af65d2aac.porto-u-heading{text-align:center}<\/style><\/div>[\/vc_column][\/vc_row][vc_row wrap_container=&#8221;yes&#8221; conditional_render=&#8221;%5B%7B%22value_role%22%3A%22administrator%22%7D%5D&#8221;][vc_column width=&#8221;3\/4&#8243; offset=&#8221;vc_col-xs-10&#8243; el_class=&#8221;mx-auto custom-venue-section&#8221;][vc_row_inner el_class=&#8221;custom-venue-info overflow-hidden&#8221; css=&#8221;.vc_custom_1629439831394{background-color: #ffffff !important;border-radius: 10px !important;}&#8221;][vc_column_inner offset=&#8221;vc_col-md-5 vc_hidden-sm vc_hidden-xs&#8221; css=&#8221;.vc_custom_1751540953764{background-image: url(https:\/\/www.delfi.com\/wp-content\/uploads\/2025\/07\/2-q-scaled.jpg?id=55947) !important;background-position: center !important;background-repeat: no-repeat !important;background-size: cover !important;}&#8221; css_params=&#8221;&#8221;][\/vc_column_inner][vc_column_inner el_class=&#8221;p-5&#8243; offset=&#8221;vc_col-md-7&#8243; css=&#8221;.vc_custom_1629437418190{padding-top: 62px !important;padding-right: 20px !important;padding-bottom: 40px !important;padding-left: 20px !important;}&#8221;]<div class=\"porto-u-heading  wpb_custom_e95db4754de2897a48c239e6a3e9829e porto-u-55ca8359258f9a412be7e73af65d2aac \"><div class=\"porto-u-main-heading\"><h2   style=\"margin-bottom: 16px;\">Messe D\u00fcsseldorf<\/h2><\/div><div class=\"porto-u-sub-heading\" style=\"margin-bottom:24px;\">\n<p class=\"card-title mb-2\">Stockumer Kirchstra\u00dfe 61,<br \/>\n40474 D\u00fcsseldorf<br \/>\nStand 3, B32<\/p>\n<p><\/div><style>.porto-u-55ca8359258f9a412be7e73af65d2aac.porto-u-heading{text-align:center}<\/style><\/div>[vc_btn title=&#8221;Wegbeschreibung erhalten&#8221; shape=&#8221;round&#8221; align=&#8221;center&#8221; skin=&#8221;quaternary&#8221; btn_fs=&#8221;14px&#8221; btn_fw=&#8221;700&#8243; btn_px=&#8221;3rem&#8221; btn_py=&#8221;1.06rem&#8221; el_class=&#8221;mb-0&#8243; link=&#8221;url:https%3A%2F%2Fmaps.app.goo.gl%2FRgERkTh2QbNxJGZr5|&#8221; css_params=&#8221;&#8221;][\/vc_column_inner][\/vc_row_inner][\/vc_column][\/vc_row][vc_row full_width=&#8221;stretch_row_content_no_spaces&#8221; css=&#8221;.vc_custom_1768291205492{margin-top: -159px !important;}&#8221; conditional_render=&#8221;%5B%7B%22value_role%22%3A%22administrator%22%7D%5D&#8221; css_params=&#8221;&#8221;][vc_column][vc_gmaps link=&#8221;#E-8_JTNDaWZyYW1lJTIwc3JjJTNEJTIyaHR0cHMlM0ElMkYlMkZ3d3cuZ29vZ2xlLmNvbSUyRm1hcHMlMkZlbWJlZCUzRnBiJTNEJTIxMW0xOCUyMTFtMTIlMjExbTMlMjExZDY5ODcuODE2MjU3ODg4ODgwNSUyMTJkNi43MzY4OTEzNDMxOTA5NTY1JTIxM2Q1MS4yNTc5NDE0MDQwMzcxNzYlMjEybTMlMjExZjAlMjEyZjAlMjEzZjAlMjEzbTIlMjExaTEwMjQlMjEyaTc2OCUyMTRmMTMuMSUyMTNtMyUyMTFtMiUyMTFzMHg0N2I4YjYxNjIyZWNkNmE3JTI1M0EweDQyNjI1ZjBlOGU1YjllYmQlMjEyc1N0b2NrdW1lciUyNTIwS2lyY2hzdHJhJTI1QzMlMjU5RmUlMjUyMDYxJTI1MkMlMjUyMDQwNDc0JTI1MjBEJTI1QzMlMjVCQ3NzZWxkb3JmJTI1MkMlMjUyMFR5c2tsYW5kJTIxNWUxJTIxM20yJTIxMXNkYSUyMTJzZGslMjE0djE3NTE1NDA3NTMwNzAlMjE1bTIlMjExc2RhJTIxMnNkayUyMiUyMHdpZHRoJTNEJTIyNjAwJTIyJTIwaGVpZ2h0JTNEJTIyNDUwJTIyJTIwc3R5bGUlM0QlMjJib3JkZXIlM0EwJTNCJTIyJTIwYWxsb3dmdWxsc2NyZWVuJTNEJTIyJTIyJTIwbG9hZGluZyUzRCUyMmxhenklMjIlMjByZWZlcnJlcnBvbGljeSUzRCUyMm5vLXJlZmVycmVyLXdoZW4tZG93bmdyYWRlJTIyJTNFJTNDJTJGaWZyYW1lJTNF&#8221; css=&#8221;&#8221; css_params=&#8221;&#8221;][\/vc_column][\/vc_row]<\/p>\n<\/div>","protected":false},"excerpt":{"rendered":"<p>[vc_row full_width=&#8221;stretch_row_content_no_spaces&#8221; content_placement=&#8221;middle&#8221; el_id=&#8221;intro&#8221; conditional_render=&#8221;%5B%7B%22value_role%22%3A%22administrator%22%7D%5D&#8221;][vc_column conditional_render=&#8221;%5B%7B%22value_role%22%3A%22administrator%22%7D%5D&#8221; offset=&#8221;vc_hidden-sm vc_col-xs-12 vc_hidden-xs&#8221; css=&#8221;.vc_custom_1768291155536{background-image: url(https:\/\/www.delfi.com\/wp-content\/uploads\/2025\/10\/AdobeStock_382801763-scaled.jpeg?id=68831) !important;background-position: center !important;background-repeat: no-repeat !important;background-size: cover !important;}&#8221; css_params=&#8221;&#8221;][\/vc_column][\/vc_row][vc_row full_width=&#8221;stretch_row&#8221; content_placement=&#8221;middle&#8221; css=&#8221;.vc_custom_1697728794962{padding-top: 3em !important;padding-bottom: 1em !important;background-color: #204c56 !important;}&#8221; conditional_render=&#8221;%5B%7B%22value_role%22%3A%22administrator%22%7D%5D&#8221;][vc_column][\/vc_column][\/vc_row][vc_row wrap_container=&#8221;yes&#8221; css=&#8221;.vc_custom_1698046271516{margin-top: 50px !important;margin-bottom: 64px !important;padding-top: 64px !important;}&#8221; el_id=&#8221;Zeitplan&#8221; conditional_render=&#8221;%5B%7B%22value_role%22%3A%22administrator%22%7D%5D&#8221;][vc_column width=&#8221;1\/6&#8243; conditional_render=&#8221;%5B%7B%22value_role%22%3A%22administrator%22%7D%5D&#8221;][\/vc_column][vc_column width=&#8221;2\/3&#8243; offset=&#8221;vc_col-xs-12&#8243; conditional_render=&#8221;%5B%7B%22value_role%22%3A%22administrator%22%7D%5D&#8221;][vc_column_text css=&#8221;&#8221; css_params=&#8221;&#8221;] Wir freuen uns, auf die EuroShop 2026 zur\u00fcckzukehren, die [&hellip;]<\/p>\n","protected":false},"author":1,"featured_media":0,"parent":0,"menu_order":12,"comment_status":"closed","ping_status":"closed","template":"","meta":{"_acf_changed":false,"cybocfi_hide_featured_image":"","footnotes":""},"class_list":["post-76582","page","type-page","status-publish","hentry"],"acf":[],"_links":{"self":[{"href":"https:\/\/www.delfi.com\/de\/wp-json\/wp\/v2\/pages\/76582","targetHints":{"allow":["GET"]}}],"collection":[{"href":"https:\/\/www.delfi.com\/de\/wp-json\/wp\/v2\/pages"}],"about":[{"href":"https:\/\/www.delfi.com\/de\/wp-json\/wp\/v2\/types\/page"}],"author":[{"embeddable":true,"href":"https:\/\/www.delfi.com\/de\/wp-json\/wp\/v2\/users\/1"}],"replies":[{"embeddable":true,"href":"https:\/\/www.delfi.com\/de\/wp-json\/wp\/v2\/comments?post=76582"}],"version-history":[{"count":6,"href":"https:\/\/www.delfi.com\/de\/wp-json\/wp\/v2\/pages\/76582\/revisions"}],"predecessor-version":[{"id":79175,"href":"https:\/\/www.delfi.com\/de\/wp-json\/wp\/v2\/pages\/76582\/revisions\/79175"}],"wp:attachment":[{"href":"https:\/\/www.delfi.com\/de\/wp-json\/wp\/v2\/media?parent=76582"}],"curies":[{"name":"wp","href":"https:\/\/api.w.org\/{rel}","templated":true}]}}