{"id":13998,"date":"2023-07-18T10:52:18","date_gmt":"2023-07-18T08:52:18","guid":{"rendered":"https:\/\/www.delfi.com\/delfi-contratto-di-servizio\/"},"modified":"2026-03-13T13:22:10","modified_gmt":"2026-03-13T12:22:10","slug":"delfi-contratto-di-servizio","status":"publish","type":"page","link":"https:\/\/www.delfi.com\/it\/delfi-contratto-di-servizio","title":{"rendered":"Delfi Contratto di Servizio"},"content":{"rendered":"<div class=\"wpb-content-wrapper\"><p>[vc_row][vc_column][vc_column_text css=&#8221;&#8221; css_params=&#8221;&#8221;]<\/p>\n<h1>Delfi Contratto di Servizio<\/h1>\n<p>[\/vc_column_text][\/vc_column][\/vc_row][vc_row][vc_column width=&#8221;1\/2&#8243;][vc_column_text]Il contratto di assistenza di Delfi Technologies per i terminali palmari copre tutti i costi per i pezzi di ricambio e quindi elimina costi imprevisti e tempi di attesa. Ottieni tutti i vantaggi di un servizio rapido e allo stesso tempo ti assicuri il massimo &#8220;tempo di attivit\u00e0&#8221; per la tua soluzione.<\/p>\n<p>Il prezzo di un contratto di assistenza dipende dall&#8217;attrezzatura selezionata da coprire.<\/p>\n<p>Il contratto di assistenza Delfi pu\u00f2 essere ordinato solo entro 30 giorni dall&#8217;acquisto.<\/p>\n<h2>Programma Delfi Service<\/h2>\n<p>Il Delfi Service Program vi offre una serie di opzioni per soddisfare le vostre aspettative di servizio:[\/vc_column_text][\/vc_column][vc_column width=&#8221;1\/2&#8243;][vc_single_image image=&#8221;13908&#8243; img_size=&#8221;full&#8221; alignment=&#8221;right&#8221;][\/vc_column][\/vc_row]<\/p>\n<\/div>","protected":false},"excerpt":{"rendered":"<p>Un accordo di servizio di Delfi ti tiene in movimento quando un\u2019unit\u00e0 \u00e8 inattiva, cos\u00ec puoi ridurre al minimo i tempi di fermo al fine di garantire la continua capacit\u00e0 di fornire controllo ed elaborare le vendite.<\/p>\n","protected":false},"author":3,"featured_media":13916,"parent":0,"menu_order":0,"comment_status":"closed","ping_status":"closed","template":"","meta":{"_acf_changed":false,"cybocfi_hide_featured_image":"yes","footnotes":""},"class_list":["post-13998","page","type-page","status-publish","has-post-thumbnail","hentry"],"acf":[],"_links":{"self":[{"href":"https:\/\/www.delfi.com\/it\/wp-json\/wp\/v2\/pages\/13998","targetHints":{"allow":["GET"]}}],"collection":[{"href":"https:\/\/www.delfi.com\/it\/wp-json\/wp\/v2\/pages"}],"about":[{"href":"https:\/\/www.delfi.com\/it\/wp-json\/wp\/v2\/types\/page"}],"author":[{"embeddable":true,"href":"https:\/\/www.delfi.com\/it\/wp-json\/wp\/v2\/users\/3"}],"replies":[{"embeddable":true,"href":"https:\/\/www.delfi.com\/it\/wp-json\/wp\/v2\/comments?post=13998"}],"version-history":[{"count":2,"href":"https:\/\/www.delfi.com\/it\/wp-json\/wp\/v2\/pages\/13998\/revisions"}],"predecessor-version":[{"id":79129,"href":"https:\/\/www.delfi.com\/it\/wp-json\/wp\/v2\/pages\/13998\/revisions\/79129"}],"wp:featuredmedia":[{"embeddable":true,"href":"https:\/\/www.delfi.com\/it\/wp-json\/wp\/v2\/media\/13916"}],"wp:attachment":[{"href":"https:\/\/www.delfi.com\/it\/wp-json\/wp\/v2\/media?parent=13998"}],"curies":[{"name":"wp","href":"https:\/\/api.w.org\/{rel}","templated":true}]}}