{"id":14341,"date":"2023-07-20T08:57:09","date_gmt":"2023-07-20T06:57:09","guid":{"rendered":"https:\/\/www.delfi.com\/contatto\/"},"modified":"2026-03-24T12:08:26","modified_gmt":"2026-03-24T11:08:26","slug":"contatto","status":"publish","type":"page","link":"https:\/\/www.delfi.com\/it\/contatto","title":{"rendered":"Contatto"},"content":{"rendered":"<div class=\"wpb-content-wrapper\"><p>[vc_row][vc_column][vc_column_text css=&#8221;&#8221; css_params=&#8221;&#8221;]<\/p>\n<h1>Contatto<\/h1>\n<div class=\" bd-content-11 clearfix\">\n<div class=\"bd-container-inner\">\n<div class=\" bd-blog-11\">\n<div class=\"bd-container-inner\">\n<div class=\" bd-grid-7\">\n<div class=\"container-fluid\">\n<div class=\"separated-grid row\">\n<div class=\"separated-item-9 col-md-12 first-col last-row last-col\">\n<div class=\"bd-griditem-9\">\n<div class=\"ds-1col node node-delfi-landing node-promoted view-mode-full clearfix\">\n<div class=\"bd-postcontent-17\">\n<p>I tuoi commenti e suggerimenti sono sempre benvenuti! Facci sapere come possiamo aiutarti. Contatta un rappresentante Delfi.<\/p><\/div>\n<\/div>\n<\/div>\n<\/div>\n<\/div>\n<\/div>\n<\/div>\n<\/div>\n<\/div>\n<\/div>\n<\/div>\n<p>[\/vc_column_text][\/vc_column][\/vc_row][vc_row][vc_column][vc_tour type=&#8221;tabs-navigation&#8221;][vc_tab title=&#8221;Italia&#8221; tab_id=&#8221;d6553d7a-67ee-10&#8243;][vc_row_inner][vc_column_inner width=&#8221;1\/4&#8243;][vc_column_text css=&#8221;&#8221; css_params=&#8221;&#8221;]<\/p>\n<h2>Italia<\/h2>\n<p><strong>Delfi Technologies S.R.L.<\/strong><br \/>\nVia dell\u2019 Industria, 35<br \/>\n\u200b40138 Bologna<\/p>\n<p>Tel.: +39 08 62 060 555<br \/>\nE-mail: <a href=\"mailto:info@delfi.com\">info@delfi.com<\/a><\/p>\n<p>Facebook: <a href=\"https:\/\/www.facebook.com\/delfitechitalia\/\" target=\"_blank\" rel=\"noopener\">facebook.com\/delfitechitalia\/<\/a>[\/vc_column_text][\/vc_column_inner][vc_column_inner width=&#8221;3\/4&#8243;][vc_gmaps link=&#8221;#E-8_JTNDaWZyYW1lJTIwc3JjJTNEJTIyaHR0cHMlM0ElMkYlMkZ3d3cuZ29vZ2xlLmNvbSUyRm1hcHMlMkZlbWJlZCUzRnBiJTNEJTIxMW0xOCUyMTFtMTIlMjExbTMlMjExZDI4NDUuNTA0MzkwMTYzNzglMjEyZDExLjQwMjA0MDk3NzM1MzI4MiUyMTNkNDQuNTA0ODIxMDk2OTM0NjA2JTIxMm0zJTIxMWYwJTIxMmYwJTIxM2YwJTIxM20yJTIxMWkxMDI0JTIxMmk3NjglMjE0ZjEzLjElMjEzbTMlMjExbTIlMjExczB4NDc3ZTJkNTU5MTAyZTg0MyUyNTNBMHg1MDM1NGUwMDU4NzlhODkwJTIxMnNEZWxmaSUyNTIwVGVjaG5vbG9naWVzJTI1MjBTcmwlMjUyMEl0YWxpYSUyMTVlMCUyMTNtMiUyMTFzZGElMjEyc2RrJTIxNHYxNjg5ODQzMDczMDk5JTIxNW0yJTIxMXNkYSUyMTJzZGslMjIlMjB3aWR0aCUzRCUyMjYwMCUyMiUyMGhlaWdodCUzRCUyMjMwMCUyMiUyMHN0eWxlJTNEJTIyYm9yZGVyJTNBMCUzQiUyMiUyMGFsbG93ZnVsbHNjcmVlbiUzRCUyMiUyMiUyMGxvYWRpbmclM0QlMjJsYXp5JTIyJTIwcmVmZXJyZXJwb2xpY3klM0QlMjJuby1yZWZlcnJlci13aGVuLWRvd25ncmFkZSUyMiUzRSUzQyUyRmlmcmFtZSUzRQ==&#8221;][\/vc_column_inner][\/vc_row_inner][\/vc_tab][vc_tab title=&#8221;Danimarca&#8221; tab_id=&#8221;a47dade2-909a-3&#8243;][vc_row_inner][vc_column_inner width=&#8221;1\/4&#8243;][vc_column_text]<\/p>\n<h2>Danimarca<\/h2>\n<p><strong>Delfi Technologies A\/S<\/strong><br \/>\nValdemarshaab 11<br \/>\nDK-4600 K\u00f8ge<\/p>\n<p>Tel.: +45 70 222 555<br \/>\nE-mail: <a href=\"mailto:info@delfi.com\">info@delfi.com<\/a><br \/>\nContabilit\u00e1: <a href=\"mailto:accounting@delfi.com\">accounting@delfi.com<\/a>[\/vc_column_text][\/vc_column_inner][vc_column_inner width=&#8221;3\/4&#8243;][vc_gmaps link=&#8221;#E-8_JTNDaWZyYW1lJTIwc3JjJTNEJTIyaHR0cHMlM0ElMkYlMkZ3d3cuZ29vZ2xlLmNvbSUyRm1hcHMlMkZlbWJlZCUzRnBiJTNEJTIxMW0xOCUyMTFtMTIlMjExbTMlMjExZDI4Mi42Mzk3ODk2NDk4NTc5JTIxMmQxMi4xOTMxODUyMzY4NTg1NCUyMTNkNTUuNDc4MDM1NTkyNjg5MTklMjEybTMlMjExZjAlMjEyZjAlMjEzZjAlMjEzbTIlMjExaTEwMjQlMjEyaTc2OCUyMTRmMTMuMSUyMTNtMyUyMTFtMiUyMTFzMHg0NjUyZjExYzU4YzFlYmU1JTI1M0EweGZjNzE1NDQzYzI5ZGQxYzQlMjEyc0RlbGZpJTI1MjBUZWNobm9sb2dpZXMlMjUyMEElMjUyRlMlMjE1ZTAlMjEzbTIlMjExc2RhJTIxMnNkayUyMTR2MTY4OTg0MjA4NTgyOSUyMTVtMiUyMTFzZGElMjEyc2RrJTIyJTIwd2lkdGglM0QlMjI3MDAlMjIlMjBoZWlnaHQlM0QlMjIzMDAlMjIlMjBzdHlsZSUzRCUyMmJvcmRlciUzQTAlM0IlMjIlMjBhbGxvd2Z1bGxzY3JlZW4lM0QlMjIlMjIlMjBsb2FkaW5nJTNEJTIybGF6eSUyMiUyMHJlZmVycmVycG9saWN5JTNEJTIybm8tcmVmZXJyZXItd2hlbi1kb3duZ3JhZGUlMjIlM0UlM0MlMkZpZnJhbWUlM0U=&#8221;][\/vc_column_inner][\/vc_row_inner][\/vc_tab][vc_tab title=&#8221;Svezia&#8221; tab_id=&#8221;1691056269888-2-7&#8243;][vc_row_inner][vc_column_inner width=&#8221;1\/4&#8243;][vc_column_text]<\/p>\n<h2>Svezia<\/h2>\n<p><strong>Delfi Technologies AB<\/strong><br \/>\nStubboda 14<br \/>\n761 97 Norrt\u00e4lje<\/p>\n<p>Tel: +46 70 828 85 86<br \/>\nE-mail: <a href=\"mailto:info-sverige@delfi.com\">info-sverige@delfi.com<\/a><br \/>\nE-mail: <a href=\"mailto:order-sverige@delfi.com\">order-sverige@delfi.com<\/a>[\/vc_column_text][\/vc_column_inner][vc_column_inner width=&#8221;3\/4&#8243;][vc_gmaps link=&#8221;#E-8_JTNDaWZyYW1lJTIwc3JjJTNEJTIyaHR0cHMlM0ElMkYlMkZ3d3cuZ29vZ2xlLmNvbSUyRm1hcHMlMkZlbWJlZCUzRnBiJTNEJTIxMW0xOCUyMTFtMTIlMjExbTMlMjExZDIwMTIuNzU4NDA0MjIyOTI1MyUyMTJkMTguODU2MzU4Nzc3ODgxNjA2JTIxM2Q1OS43MDM1Nzg0NzQ3OTc2OTUlMjEybTMlMjExZjAlMjEyZjAlMjEzZjAlMjEzbTIlMjExaTEwMjQlMjEyaTc2OCUyMTRmMTMuMSUyMTNtMyUyMTFtMiUyMTFzMHg0NmY1NTk0NWIyZGRmOGRiJTI1M0EweDdhNzVhNDc4ODNhYmE0JTIxMnNTdHViYm9kYSUyNTIwMTQlMjUyQyUyNTIwNzYxJTI1MjA5MiUyNTIwTm9ycnQlMjVDMyUyNUE0bGplJTI1MkMlMjUyMFN2ZXJpZ2UlMjE1ZTAlMjEzbTIlMjExc2RhJTIxMnNnbCUyMTR2MTY5Nzk2MzI2OTI4OCUyMTVtMiUyMTFzZGElMjEyc2dsJTIyJTIwd2lkdGglM0QlMjI2MDAlMjIlMjBoZWlnaHQlM0QlMjI0NTAlMjIlMjBzdHlsZSUzRCUyMmJvcmRlciUzQTAlM0IlMjIlMjBhbGxvd2Z1bGxzY3JlZW4lM0QlMjIlMjIlMjBsb2FkaW5nJTNEJTIybGF6eSUyMiUyMHJlZmVycmVycG9saWN5JTNEJTIybm8tcmVmZXJyZXItd2hlbi1kb3duZ3JhZGUlMjIlM0UlM0MlMkZpZnJhbWUlM0U=&#8221;][\/vc_column_inner][\/vc_row_inner][\/vc_tab][vc_tab title=&#8221;Norvegia&#8221; tab_id=&#8221;1691056270746-3-5&#8243;][vc_row_inner][vc_column_inner width=&#8221;1\/4&#8243;][vc_column_text css=&#8221;&#8221; css_params=&#8221;&#8221;]<\/p>\n<h2>Norvegia<\/h2>\n<p><strong>Delfi Technologies AS<\/strong><br \/>\nFjellsdalen 3<br \/>\nN-5155 B\u00f8nes<\/p>\n<p>Tel.: +47 93 45 77 35<br \/>\nE-mail: <a href=\"mailto:info@delfi.com\">info@delfi.com<\/a>[\/vc_column_text][\/vc_column_inner][vc_column_inner width=&#8221;3\/4&#8243;][vc_gmaps link=&#8221;#E-8_JTNDaWZyYW1lJTIwc3JjJTNEJTIyaHR0cHMlM0ElMkYlMkZ3d3cuZ29vZ2xlLmNvbSUyRm1hcHMlMkZlbWJlZCUzRnBiJTNEJTIxMW0xOCUyMTFtMTIlMjExbTMlMjExZDExNzQuMjQ4Mjk1MDA0MTQyNCUyMTJkNS4yOTUzODQ0MzE0ODE2NTUlMjEzZDYwLjMzMjE5NDk5MjE2MDg2NSUyMTJtMyUyMTFmMCUyMTJmMCUyMTNmMCUyMTNtMiUyMTFpMTAyNCUyMTJpNzY4JTIxNGYxMy4xJTIxM20zJTIxMW0yJTIxMXMweDQ2M2NmYTJjMmM1YmJiNmQlMjUzQTB4MTE5MTBmODhmZDlkMzQ4NiUyMTJzRmplbGxzZGFsZW4lMjUyMDMlMjUyQyUyNTIwNTE1NSUyNTIwQiUyNUMzJTI1QjhuZXMlMjUyQyUyNTIwTm9yZ2UlMjE1ZTAlMjEzbTIlMjExc2RhJTIxMnNkayUyMTR2MTc3NDM0ODMzOTU3NSUyMTVtMiUyMTFzZGElMjEyc2RrJTIyJTIwd2lkdGglM0QlMjI2MDAlMjIlMjBoZWlnaHQlM0QlMjIzMDAlMjIlMjBzdHlsZSUzRCUyMmJvcmRlciUzQTAlM0IlMjIlMjBhbGxvd2Z1bGxzY3JlZW4lM0QlMjIlMjIlMjBsb2FkaW5nJTNEJTIybGF6eSUyMiUyMHJlZmVycmVycG9saWN5JTNEJTIybm8tcmVmZXJyZXItd2hlbi1kb3duZ3JhZGUlMjIlM0UlM0MlMkZpZnJhbWUlM0U=&#8221; css=&#8221;&#8221; css_params=&#8221;&#8221;][\/vc_column_inner][\/vc_row_inner][\/vc_tab][vc_tab title=&#8221;Germania&#8221; tab_id=&#8221;1691056271709-4-0&#8243;][vc_row_inner css=&#8221;.vc_custom_1697111064543{margin-bottom: 2em !important;}&#8221;][vc_column_inner width=&#8221;1\/4&#8243;][vc_column_text]<\/p>\n<h2>Germania Meridionale<\/h2>\n<p><strong>Delfi Technologies GmbH<\/strong><br \/>\nAm Hermannsberg 38<br \/>\n97837 Erlenbach b. Marktheidenfeld<\/p>\n<p>Tel.: +49 431\/382175-0<br \/>\nE-mail: <a href=\"mailto:info@delfi.com\">info@delfi.com<\/a>[\/vc_column_text][\/vc_column_inner][vc_column_inner width=&#8221;3\/4&#8243;][vc_gmaps link=&#8221;#E-8_JTNDaWZyYW1lJTIwc3JjJTNEJTIyaHR0cHMlM0ElMkYlMkZ3d3cuZ29vZ2xlLmNvbSUyRm1hcHMlMkZlbWJlZCUzRnBiJTNEJTIxMW0xOCUyMTFtMTIlMjExbTMlMjExZDI1NzQuMzQ4NTIyMjcxNDc3JTIxMmQ5LjYzMDQwNDY3NzUxMjE2NiUyMTNkNDkuODE3MTE0NDMyNzYxMzY1JTIxMm0zJTIxMWYwJTIxMmYwJTIxM2YwJTIxM20yJTIxMWkxMDI0JTIxMmk3NjglMjE0ZjEzLjElMjEzbTMlMjExbTIlMjExczB4NDdhMmJiMzVhMmE4NTYyZCUyNTNBMHg3ZThlOWEwYjFiNmE3MjIyJTIxMnNEZWxmaSUyNTIwVGVjaG5vbG9naWVzJTI1MjBHbWJIJTIxNWUwJTIxM20yJTIxMXNkYSUyMTJzZGslMjE0djE2ODk4NDI5MzkzMDIlMjE1bTIlMjExc2RhJTIxMnNkayUyMiUyMHdpZHRoJTNEJTIyNjAwJTIyJTIwaGVpZ2h0JTNEJTIyMzAwJTIyJTIwc3R5bGUlM0QlMjJib3JkZXIlM0EwJTNCJTIyJTIwYWxsb3dmdWxsc2NyZWVuJTNEJTIyJTIyJTIwbG9hZGluZyUzRCUyMmxhenklMjIlMjByZWZlcnJlcnBvbGljeSUzRCUyMm5vLXJlZmVycmVyLXdoZW4tZG93bmdyYWRlJTIyJTNFJTNDJTJGaWZyYW1lJTNF&#8221;][\/vc_column_inner][\/vc_row_inner][vc_row_inner][vc_column_inner width=&#8221;1\/4&#8243;][vc_column_text]<\/p>\n<h2>Germania Settentrionale<\/h2>\n<p><strong>Delfi Technologies GmbH<\/strong><br \/>\nDorfstrasse 7-9<br \/>\nD-24232 Sch\u00f6nkirchen<\/p>\n<p>Tel.: +49 431\/382175-0<br \/>\nE-mail: <a href=\"mailto:info@delfi.com\">info@delfi.com<\/a>[\/vc_column_text][\/vc_column_inner][vc_column_inner width=&#8221;3\/4&#8243;][vc_gmaps link=&#8221;#E-8_JTNDaWZyYW1lJTIwc3JjJTNEJTIyaHR0cHMlM0ElMkYlMkZ3d3cuZ29vZ2xlLmNvbSUyRm1hcHMlMkZlbWJlZCUzRnBiJTNEJTIxMW0xOCUyMTFtMTIlMjExbTMlMjExZDIzMjYuMjUwNjkwOTQ0Njc4NCUyMTJkMTAuMjIyNDUyOTc3NjU5NzE0JTIxM2Q1NC4zMzQ4NzcxMDAzMDEyMDYlMjEybTMlMjExZjAlMjEyZjAlMjEzZjAlMjEzbTIlMjExaTEwMjQlMjEyaTc2OCUyMTRmMTMuMSUyMTNtMyUyMTFtMiUyMTFzMHg0N2IyNTgwMjNlODk4NGNmJTI1M0EweDI0ODFhNWI5NmU5MmM4MjAlMjEyc0RlbGZpJTI1MjBUZWNobm9sb2dpZXMlMjUyMEdtYkglMjE1ZTAlMjEzbTIlMjExc2RhJTIxMnNkayUyMTR2MTY4OTg0Mjg2NDA2NCUyMTVtMiUyMTFzZGElMjEyc2RrJTIyJTIwd2lkdGglM0QlMjI2MDAlMjIlMjBoZWlnaHQlM0QlMjIzMDAlMjIlMjBzdHlsZSUzRCUyMmJvcmRlciUzQTAlM0IlMjIlMjBhbGxvd2Z1bGxzY3JlZW4lM0QlMjIlMjIlMjBsb2FkaW5nJTNEJTIybGF6eSUyMiUyMHJlZmVycmVycG9saWN5JTNEJTIybm8tcmVmZXJyZXItd2hlbi1kb3duZ3JhZGUlMjIlM0UlM0MlMkZpZnJhbWUlM0U=&#8221;][\/vc_column_inner][\/vc_row_inner][\/vc_tab][vc_tab title=&#8221;Vietnam&#8221; tab_id=&#8221;1691056272286-5-3&#8243;][vc_row_inner][vc_column_inner width=&#8221;1\/4&#8243;][vc_column_text]<\/p>\n<h2>Vietnam<\/h2>\n<p><strong>Delfi Technologies Ltd.<\/strong><br \/>\n38 Phan \u0110\u00ecnh Gi\u00f3t<br \/>\nPh\u01b0\u1eddng 2, T\u00e2n B\u00ecnh District<br \/>\nH\u1ed3 Ch\u00ed Minh<\/p>\n<p>Tel.: +848 3991 9084<br \/>\nE-mail: <a href=\"mailto:info@delfi.com.vn\">info@delfi.com.vn<\/a>[\/vc_column_text][\/vc_column_inner][vc_column_inner width=&#8221;3\/4&#8243;][vc_gmaps link=&#8221;#E-8_JTNDaWZyYW1lJTIwc3JjJTNEJTIyaHR0cHMlM0ElMkYlMkZ3d3cuZ29vZ2xlLmNvbSUyRm1hcHMlMkZlbWJlZCUzRnBiJTNEJTIxMW0xOCUyMTFtMTIlMjExbTMlMjExZDM5MTkuMDc4ODc2MDE5MTc3JTIxMmQxMDYuNjYyMTQ3ODc2Nzg3OTclMjEzZDEwLjgwNTI3MDg1ODY1NzQ5MiUyMTJtMyUyMTFmMCUyMTJmMCUyMTNmMCUyMTNtMiUyMTFpMTAyNCUyMTJpNzY4JTIxNGYxMy4xJTIxM20zJTIxMW0yJTIxMXMweDMxNzUyOTI0ZDMxMzZiOWIlMjUzQTB4NTYzNDA5MDkxNjYzZjc5YyUyMTJ6UjBuaHVxSkpJRkJJdzRGUUlFM0RneUJXNGJxZ1EwZ2dMU0JEdzdSdVp5QlVlU0JVVGtoSUlFUmxiR1pwSUZSbFkyaHViMnh2WjJsbGN3JTIxNWUwJTIxM20yJTIxMXNkYSUyMTJzZGslMjE0djE2ODk4NDMyODAxMDclMjE1bTIlMjExc2RhJTIxMnNkayUyMiUyMHdpZHRoJTNEJTIyNjAwJTIyJTIwaGVpZ2h0JTNEJTIyMzAwJTIyJTIwc3R5bGUlM0QlMjJib3JkZXIlM0EwJTNCJTIyJTIwYWxsb3dmdWxsc2NyZWVuJTNEJTIyJTIyJTIwbG9hZGluZyUzRCUyMmxhenklMjIlMjByZWZlcnJlcnBvbGljeSUzRCUyMm5vLXJlZmVycmVyLXdoZW4tZG93bmdyYWRlJTIyJTNFJTNDJTJGaWZyYW1lJTNF&#8221;][\/vc_column_inner][\/vc_row_inner][\/vc_tab][\/vc_tour][\/vc_column][\/vc_row][vc_row][vc_column]<style id=\"wpforms-css-vars-16559\">\n\t\t\t\t#wpforms-16559 {\n\t\t\t\t--wpforms-field-size-input-height: 43px;\n--wpforms-field-size-input-spacing: 15px;\n--wpforms-field-size-font-size: 16px;\n--wpforms-field-size-line-height: 19px;\n--wpforms-field-size-padding-h: 14px;\n--wpforms-field-size-checkbox-size: 16px;\n--wpforms-field-size-sublabel-spacing: 5px;\n--wpforms-field-size-icon-size: 1;\n--wpforms-label-size-font-size: 16px;\n--wpforms-label-size-line-height: 19px;\n--wpforms-label-size-sublabel-font-size: 14px;\n--wpforms-label-size-sublabel-line-height: 17px;\n--wpforms-button-size-font-size: 17px;\n--wpforms-button-size-height: 41px;\n--wpforms-button-size-padding-h: 15px;\n--wpforms-button-size-margin-top: 10px;\n--wpforms-container-shadow-size-box-shadow: none;\n\t\t\t}\n\t\t\t<\/style><div class=\"wpforms-container wpforms-container-full wpforms-render-modern\" id=\"wpforms-16559\"><form id=\"wpforms-form-16559\" class=\"wpforms-validate wpforms-form wpforms-ajax-form\" data-formid=\"16559\" method=\"post\" enctype=\"multipart\/form-data\" action=\"\/it\/wp-json\/wp\/v2\/pages\/14341\" data-token=\"7793a97fd35aaa3741d456dd7e3b6f74\" data-token-time=\"1775040928\"><noscript class=\"wpforms-error-noscript\">Abilita JavaScript nel browser per completare questo modulo.<\/noscript><div id=\"wpforms-error-noscript\" style=\"display: none;\">Abilita JavaScript nel browser per completare questo modulo.<\/div><div class=\"wpforms-field-container\"><div id=\"wpforms-16559-field_0-container\" class=\"wpforms-field wpforms-field-name wpforms-one-half wpforms-first\" data-field-id=\"0\"><label class=\"wpforms-field-label\" for=\"wpforms-16559-field_0\">Nome e cognome <span class=\"wpforms-required-label\" aria-hidden=\"true\">*<\/span><\/label><input type=\"text\" id=\"wpforms-16559-field_0\" class=\"wpforms-field-large wpforms-field-required\" name=\"wpforms[fields][0]\" aria-errormessage=\"wpforms-16559-field_0-error\" required><\/div><div id=\"wpforms-16559-field_1-container\" class=\"wpforms-field wpforms-field-email wpforms-one-half\" data-field-id=\"1\"><label class=\"wpforms-field-label\" for=\"wpforms-16559-field_1\">E-mail <span class=\"wpforms-required-label\" aria-hidden=\"true\">*<\/span><\/label><input type=\"email\" id=\"wpforms-16559-field_1\" class=\"wpforms-field-large wpforms-field-required\" name=\"wpforms[fields][1]\" spellcheck=\"false\" aria-errormessage=\"wpforms-16559-field_1-error\" required><\/div><div id=\"wpforms-16559-field_3-container\" class=\"wpforms-field wpforms-field-text wpforms-one-half wpforms-first\" data-field-id=\"3\"><label class=\"wpforms-field-label\" for=\"wpforms-16559-field_3\">Telefono <span class=\"wpforms-required-label\" aria-hidden=\"true\">*<\/span><\/label><input type=\"text\" id=\"wpforms-16559-field_3\" class=\"wpforms-field-large wpforms-field-required\" name=\"wpforms[fields][3]\" aria-errormessage=\"wpforms-16559-field_3-error\" required><\/div><div id=\"wpforms-16559-field_6-container\" class=\"wpforms-field wpforms-field-text wpforms-one-half\" data-field-id=\"6\"><label class=\"wpforms-field-label\" for=\"wpforms-16559-field_6\">Cap <span class=\"wpforms-required-label\" aria-hidden=\"true\">*<\/span><\/label><input type=\"text\" id=\"wpforms-16559-field_6\" class=\"wpforms-field-large wpforms-field-required\" name=\"wpforms[fields][6]\" aria-errormessage=\"wpforms-16559-field_6-error\" required><\/div><div id=\"wpforms-16559-field_13-container\" class=\"wpforms-field wpforms-field-text wpforms-one-half wpforms-first\" data-field-id=\"13\"><label class=\"wpforms-field-label\" for=\"wpforms-16559-field_13\">Paese <span class=\"wpforms-required-label\" aria-hidden=\"true\">*<\/span><\/label><input type=\"text\" id=\"wpforms-16559-field_13\" class=\"wpforms-field-large wpforms-field-required\" name=\"wpforms[fields][13]\" aria-errormessage=\"wpforms-16559-field_13-error\" required><\/div><div id=\"wpforms-16559-field_4-container\" class=\"wpforms-field wpforms-field-text wpforms-one-half\" data-field-id=\"4\"><label class=\"wpforms-field-label\" for=\"wpforms-16559-field_4\">Azienda <span class=\"wpforms-required-label\" aria-hidden=\"true\">*<\/span><\/label><input type=\"text\" id=\"wpforms-16559-field_4\" class=\"wpforms-field-large wpforms-field-required\" name=\"wpforms[fields][4]\" aria-errormessage=\"wpforms-16559-field_4-error\" required><\/div><div id=\"wpforms-16559-field_2-container\" class=\"wpforms-field wpforms-field-textarea\" data-field-id=\"2\"><label class=\"wpforms-field-label\" for=\"wpforms-16559-field_2\">Messaggio <span class=\"wpforms-required-label\" aria-hidden=\"true\">*<\/span><\/label><textarea id=\"wpforms-16559-field_2\" class=\"wpforms-field-small wpforms-field-required\" name=\"wpforms[fields][2]\" aria-errormessage=\"wpforms-16559-field_2-error\" required><\/textarea><\/div><div id=\"wpforms-16559-field_14-container\" class=\"wpforms-field wpforms-field-gdpr-checkbox\" data-field-id=\"14\"><label class=\"wpforms-field-label\">GDPR <span class=\"wpforms-required-label\" aria-hidden=\"true\">*<\/span><\/label><ul id=\"wpforms-16559-field_14\" class=\"wpforms-field-required\"><li class=\"choice-1\"><input type=\"checkbox\" id=\"wpforms-16559-field_14_1\" name=\"wpforms[fields][14][]\" value=\"Acconsento che questo sito web memorizzi le informazioni da me inviate in modo che possano rispondere alla mia richiesta.\" aria-errormessage=\"wpforms-16559-field_14_1-error\" aria-describedby=\"wpforms-16559-field_14-description\" required ><label class=\"wpforms-field-label-inline\" for=\"wpforms-16559-field_14_1\">Acconsento che questo sito web memorizzi le informazioni da me inviate in modo che possano rispondere alla mia richiesta.<\/label><\/li><\/ul><div id=\"wpforms-16559-field_14-description\" class=\"wpforms-field-description\">Puoi leggere maggiori informazioni sul trattamento dei tuoi dati personali e sui cookie <a href=\"https:\/\/www.delfi.com\/it\/politica-sulla-privacy\/\">qui<\/a><\/div><\/div><\/div><!-- .wpforms-field-container --><div class=\"wpforms-submit-container\" ><input type=\"hidden\" name=\"wpforms[id]\" value=\"16559\"><input type=\"hidden\" name=\"page_title\" value=\"\"><input type=\"hidden\" name=\"page_url\" value=\"https:\/\/www.delfi.com\/it\/wp-json\/wp\/v2\/pages\/14341\"><input type=\"hidden\" name=\"url_referer\" value=\"\"><button type=\"submit\" name=\"wpforms[submit]\" id=\"wpforms-submit-16559\" class=\"wpforms-submit\" data-alt-text=\"Invio...\" data-submit-text=\"Inviare\" aria-live=\"assertive\" value=\"wpforms-submit\">Inviare<\/button><img loading=\"lazy\" decoding=\"async\" src=\"https:\/\/www.delfi.com\/wp-content\/plugins\/wpforms\/assets\/images\/submit-spin.svg\" class=\"wpforms-submit-spinner\" style=\"display: none;\" width=\"26\" height=\"26\" alt=\"Caricamento\" title=\"\"><\/div><\/form><\/div>  <!-- .wpforms-container -->[\/vc_column][\/vc_row]<\/p>\n<\/div>","protected":false},"excerpt":{"rendered":"<p>I tuoi commenti e suggerimenti sono sempre benvenuti! Facci sapere come possiamo aiutarti. Contatta un rappresentante Delfi.<\/p>\n","protected":false},"author":3,"featured_media":14330,"parent":0,"menu_order":0,"comment_status":"closed","ping_status":"closed","template":"","meta":{"_acf_changed":false,"cybocfi_hide_featured_image":"yes","footnotes":""},"class_list":["post-14341","page","type-page","status-publish","has-post-thumbnail","hentry"],"acf":[],"_links":{"self":[{"href":"https:\/\/www.delfi.com\/it\/wp-json\/wp\/v2\/pages\/14341","targetHints":{"allow":["GET"]}}],"collection":[{"href":"https:\/\/www.delfi.com\/it\/wp-json\/wp\/v2\/pages"}],"about":[{"href":"https:\/\/www.delfi.com\/it\/wp-json\/wp\/v2\/types\/page"}],"author":[{"embeddable":true,"href":"https:\/\/www.delfi.com\/it\/wp-json\/wp\/v2\/users\/3"}],"replies":[{"embeddable":true,"href":"https:\/\/www.delfi.com\/it\/wp-json\/wp\/v2\/comments?post=14341"}],"version-history":[{"count":2,"href":"https:\/\/www.delfi.com\/it\/wp-json\/wp\/v2\/pages\/14341\/revisions"}],"predecessor-version":[{"id":79706,"href":"https:\/\/www.delfi.com\/it\/wp-json\/wp\/v2\/pages\/14341\/revisions\/79706"}],"wp:featuredmedia":[{"embeddable":true,"href":"https:\/\/www.delfi.com\/it\/wp-json\/wp\/v2\/media\/14330"}],"wp:attachment":[{"href":"https:\/\/www.delfi.com\/it\/wp-json\/wp\/v2\/media?parent=14341"}],"curies":[{"name":"wp","href":"https:\/\/api.w.org\/{rel}","templated":true}]}}