{"id":16501,"date":"2023-08-01T15:41:52","date_gmt":"2023-08-01T13:41:52","guid":{"rendered":"https:\/\/www.delfi.com\/dynamic-communicator\/"},"modified":"2026-03-13T13:29:46","modified_gmt":"2026-03-13T12:29:46","slug":"dynamic-communicator","status":"publish","type":"page","link":"https:\/\/www.delfi.com\/it\/dynamic-communicator","title":{"rendered":"Dynamic Communicator"},"content":{"rendered":"<div class=\"wpb-content-wrapper\"><p>[vc_row][vc_column width=&#8221;1\/2&#8243;][vc_column_text css=&#8221;&#8221; css_params=&#8221;&#8221;]<\/p>\n<h1>L&#8217;infrastruttura leggera<\/h1>\n<p><strong>Dynamic Communicator con comunicazione bidirezionale completa<\/strong><\/p>\n<p>Il Dynamic Communicator \u00e8 l&#8217;hub dell&#8217;infrastruttura RF (radiofrequenza) del negozio ed \u00e8 responsabile della gestione della distribuzione dei dati attraverso l&#8217;intera rete del negozio di ESL. La soluzione <a href=\"https:\/\/www.delfi.com\/it\/soluzioni\/breece-cloud\/\">Breece Cloud<\/a> \u00e8 semplice da implementare: sono necessari solo un Comunicatore e le etichette elettroniche per scaffali (ESL), eliminando la necessit\u00e0 di un server in negozio e di qualsiasi installazione di software del negozio.<\/p>\n<p>Il Dynamic Communicator, che collega la soluzione Cloud alle <a href=\"https:\/\/www.delfi.com\/it\/soluzioni\/etichette-elettroniche\/\">etichette elettroniche<\/a> degli scaffali dei tuoi negozi, funziona su frequenze separate fino al Wi-Fi rendendolo sicuro, resiliente e privo di interferenze.<\/p>\n<p>Grazie alla comunicazione bidirezionale completa, i comunicatori wireless sono facili da installare nei tuoi negozi con una semplice staffa, alimentati tramite Ethernet (PoE). Ogni sistema pu\u00f2 connettere fino a 200.000 display su 50.000 piedi quadrati. Ci\u00f2 rende la nostra soluzione il modo pi\u00f9 economico e con prestazioni pi\u00f9 elevate per ottenere il massimo valore dalle strategie di prezzo e promozione.[\/vc_column_text][\/vc_column][vc_column width=&#8221;1\/2&#8243;][vc_single_image image=&#8221;16482&#8243; img_size=&#8221;large&#8221; animation_type=&#8221;bounce&#8221;][\/vc_column][\/vc_row][vc_row][vc_column][vc_message style=&#8221;square&#8221; message_box_color=&#8221;black&#8221; icon_fontawesome=&#8221;fas fa-check-circle&#8221;]<strong>Vantaggi:<\/strong><\/p>\n<ul>\n<li>Copertura estesa &#8211; un Communicator \u00e8 in grado di coprire fino a 4.500 metri quadri<\/li>\n<li>Completamente scalabile \u2013 un Communicator supporta fino a 200.000 display<\/li>\n<li>L\u2019alta velocit\u00e0 di trasmissione dei dati significa che le etichette possono essere aggiornate rapidamente<\/li>\n<li>Vera comunicazione a due vie &#8211; conferma verificabile degli aggiornamenti dei display e del corretto stato di funzionamento<\/li>\n<li>Facilit\u00e0 di installazione &#8211; utilizza l\u2019energia di una connessione Ethernet (PoE)<\/li>\n<\/ul>\n<p>[\/vc_message][\/vc_column][\/vc_row][vc_row][vc_column][vc_column_text]<div class=\"porto-block\" data-id=\"28866\"><div class=\"container-fluid\"><style>.vc_custom_1758012810060{margin-bottom: -120px !important;padding-top: 25px !important;padding-bottom: 70px !important;background-image: url(https:\/\/www.delfi.com\/wp-content\/uploads\/2023\/11\/Kontakt-os-Banner-vs-storre-2.jpg?id=61679) !important;background-position: center !important;background-repeat: no-repeat !important;background-size: cover !important;}div.wpforms-container-full .wpforms-field-label {\r\n    color:#ffffff!important;\r\n}\r\ndiv.wpforms-container-full .wpforms-field-label-inline, .wp-core-ui div.wpforms-container-full .wpforms-field-label-inline {\r\n    color: #fff!important;\r\n}\r\ndiv.wpforms-container-full .wpforms-field-description, div.wpforms-container-full .wpforms-field-limit-text, .wp-core-ui div.wpforms-container-full .wpforms-field-description, .wp-core-ui div.wpforms-container-full .wpforms-field-limit-text {\r\n    color: #fff!important;\r\n}<\/style>[vc_row full_width=\"stretch_row\" content_placement=\"middle\" css=\".vc_custom_1758012810060{margin-bottom: -120px !important;padding-top: 25px !important;padding-bottom: 70px !important;background-image: url(https:\/\/www.delfi.com\/wp-content\/uploads\/2023\/11\/Kontakt-os-Banner-vs-storre-2.jpg?id=61679) !important;background-position: center !important;background-repeat: no-repeat !important;background-size: cover !important;}\" conditional_render=\"%5B%7B%22value_role%22%3A%22administrator%22%7D%5D\" css_params=\"\"][vc_column width=\"1\/2\" offset=\"vc_col-lg-6 vc_col-md-6\" conditional_render=\"%5B%7B%22value_role%22%3A%22administrator%22%7D%5D\"]<div class=\"porto-u-heading  wpb_custom_95aa9a11c17ad45cfabaf210d84ee7cc porto-u-ad87e2eaf3f9c495180fe0156ddf3eb0 \" data-appear-animation=\"fadeInRight\" data-appear-animation-delay=\"200\"><div class=\"porto-u-main-heading\"><h2   style=\"font-weight:700;color:#ffffff;font-size:38px;line-height:50px;\">Rafforza il tuo business con Delfi Technologies<\/h2><\/div><div class=\"porto-u-sub-heading\" style=\"font-weight:300;color: #ffffff;font-size:38px;line-height:50px;\"><span style=\"letter-spacing: -0.05em;\">Curiosi di saperne di pi\u00f9?<br \/>\r\nContattaci oggi e ti risponderemo.\u00a0<\/span><\/div><style>.porto-u-ad87e2eaf3f9c495180fe0156ddf3eb0.porto-u-heading{text-align:left}<\/style><\/div>[\/vc_column][vc_column width=\"1\/2\" animation_delay=\"400\" offset=\"vc_col-xl-6 vc_col-lg-6 vc_col-md-6\" animation_type=\"fadeInRight\" conditional_render=\"%5B%7B%22value_role%22%3A%22administrator%22%7D%5D\"]<style id=\"wpforms-css-vars-16559\">\n\t\t\t\t#wpforms-16559 {\n\t\t\t\t--wpforms-field-size-input-height: 43px;\n--wpforms-field-size-input-spacing: 15px;\n--wpforms-field-size-font-size: 16px;\n--wpforms-field-size-line-height: 19px;\n--wpforms-field-size-padding-h: 14px;\n--wpforms-field-size-checkbox-size: 16px;\n--wpforms-field-size-sublabel-spacing: 5px;\n--wpforms-field-size-icon-size: 1;\n--wpforms-label-size-font-size: 16px;\n--wpforms-label-size-line-height: 19px;\n--wpforms-label-size-sublabel-font-size: 14px;\n--wpforms-label-size-sublabel-line-height: 17px;\n--wpforms-button-size-font-size: 17px;\n--wpforms-button-size-height: 41px;\n--wpforms-button-size-padding-h: 15px;\n--wpforms-button-size-margin-top: 10px;\n--wpforms-container-shadow-size-box-shadow: none;\n\t\t\t}\n\t\t\t<\/style><div class=\"wpforms-container wpforms-container-full wpforms-render-modern\" id=\"wpforms-16559\"><form id=\"wpforms-form-16559\" class=\"wpforms-validate wpforms-form wpforms-ajax-form\" data-formid=\"16559\" method=\"post\" enctype=\"multipart\/form-data\" action=\"\/it\/wp-json\/wp\/v2\/pages\/16501\" data-token=\"91e668a26f621706228c925bee2deda1\" data-token-time=\"1775401226\"><noscript class=\"wpforms-error-noscript\">Abilita JavaScript nel browser per completare questo modulo.<\/noscript><div id=\"wpforms-error-noscript\" style=\"display: none;\">Abilita JavaScript nel browser per completare questo modulo.<\/div><div class=\"wpforms-field-container\"><div id=\"wpforms-16559-field_0-container\" class=\"wpforms-field wpforms-field-name wpforms-one-half wpforms-first\" data-field-id=\"0\"><label class=\"wpforms-field-label\" for=\"wpforms-16559-field_0\">Nome e cognome <span class=\"wpforms-required-label\" aria-hidden=\"true\">*<\/span><\/label><input type=\"text\" id=\"wpforms-16559-field_0\" class=\"wpforms-field-large wpforms-field-required\" name=\"wpforms[fields][0]\" aria-errormessage=\"wpforms-16559-field_0-error\" required><\/div><div id=\"wpforms-16559-field_1-container\" class=\"wpforms-field wpforms-field-email wpforms-one-half\" data-field-id=\"1\"><label class=\"wpforms-field-label\" for=\"wpforms-16559-field_1\">E-mail <span class=\"wpforms-required-label\" aria-hidden=\"true\">*<\/span><\/label><input type=\"email\" id=\"wpforms-16559-field_1\" class=\"wpforms-field-large wpforms-field-required\" name=\"wpforms[fields][1]\" spellcheck=\"false\" aria-errormessage=\"wpforms-16559-field_1-error\" required><\/div><div id=\"wpforms-16559-field_3-container\" class=\"wpforms-field wpforms-field-text wpforms-one-half wpforms-first\" data-field-id=\"3\"><label class=\"wpforms-field-label\" for=\"wpforms-16559-field_3\">Telefono <span class=\"wpforms-required-label\" aria-hidden=\"true\">*<\/span><\/label><input type=\"text\" id=\"wpforms-16559-field_3\" class=\"wpforms-field-large wpforms-field-required\" name=\"wpforms[fields][3]\" aria-errormessage=\"wpforms-16559-field_3-error\" required><\/div><div id=\"wpforms-16559-field_6-container\" class=\"wpforms-field wpforms-field-text wpforms-one-half\" data-field-id=\"6\"><label class=\"wpforms-field-label\" for=\"wpforms-16559-field_6\">Cap <span class=\"wpforms-required-label\" aria-hidden=\"true\">*<\/span><\/label><input type=\"text\" id=\"wpforms-16559-field_6\" class=\"wpforms-field-large wpforms-field-required\" name=\"wpforms[fields][6]\" aria-errormessage=\"wpforms-16559-field_6-error\" required><\/div><div id=\"wpforms-16559-field_13-container\" class=\"wpforms-field wpforms-field-text wpforms-one-half wpforms-first\" data-field-id=\"13\"><label class=\"wpforms-field-label\" for=\"wpforms-16559-field_13\">Paese <span class=\"wpforms-required-label\" aria-hidden=\"true\">*<\/span><\/label><input type=\"text\" id=\"wpforms-16559-field_13\" class=\"wpforms-field-large wpforms-field-required\" name=\"wpforms[fields][13]\" aria-errormessage=\"wpforms-16559-field_13-error\" required><\/div><div id=\"wpforms-16559-field_4-container\" class=\"wpforms-field wpforms-field-text wpforms-one-half\" data-field-id=\"4\"><label class=\"wpforms-field-label\" for=\"wpforms-16559-field_4\">Azienda <span class=\"wpforms-required-label\" aria-hidden=\"true\">*<\/span><\/label><input type=\"text\" id=\"wpforms-16559-field_4\" class=\"wpforms-field-large wpforms-field-required\" name=\"wpforms[fields][4]\" aria-errormessage=\"wpforms-16559-field_4-error\" required><\/div><div id=\"wpforms-16559-field_2-container\" class=\"wpforms-field wpforms-field-textarea\" data-field-id=\"2\"><label class=\"wpforms-field-label\" for=\"wpforms-16559-field_2\">Messaggio <span class=\"wpforms-required-label\" aria-hidden=\"true\">*<\/span><\/label><textarea id=\"wpforms-16559-field_2\" class=\"wpforms-field-small wpforms-field-required\" name=\"wpforms[fields][2]\" aria-errormessage=\"wpforms-16559-field_2-error\" required><\/textarea><\/div><div id=\"wpforms-16559-field_14-container\" class=\"wpforms-field wpforms-field-gdpr-checkbox\" data-field-id=\"14\"><label class=\"wpforms-field-label\">GDPR <span class=\"wpforms-required-label\" aria-hidden=\"true\">*<\/span><\/label><ul id=\"wpforms-16559-field_14\" class=\"wpforms-field-required\"><li class=\"choice-1\"><input type=\"checkbox\" id=\"wpforms-16559-field_14_1\" name=\"wpforms[fields][14][]\" value=\"Acconsento che questo sito web memorizzi le informazioni da me inviate in modo che possano rispondere alla mia richiesta.\" aria-errormessage=\"wpforms-16559-field_14_1-error\" aria-describedby=\"wpforms-16559-field_14-description\" required ><label class=\"wpforms-field-label-inline\" for=\"wpforms-16559-field_14_1\">Acconsento che questo sito web memorizzi le informazioni da me inviate in modo che possano rispondere alla mia richiesta.<\/label><\/li><\/ul><div id=\"wpforms-16559-field_14-description\" class=\"wpforms-field-description\">Puoi leggere maggiori informazioni sul trattamento dei tuoi dati personali e sui cookie <a href=\"https:\/\/www.delfi.com\/it\/politica-sulla-privacy\/\">qui<\/a><\/div><\/div><\/div><!-- .wpforms-field-container --><div class=\"wpforms-submit-container\" ><input type=\"hidden\" name=\"wpforms[id]\" value=\"16559\"><input type=\"hidden\" name=\"page_title\" value=\"\"><input type=\"hidden\" name=\"page_url\" value=\"https:\/\/www.delfi.com\/it\/wp-json\/wp\/v2\/pages\/16501\"><input type=\"hidden\" name=\"url_referer\" value=\"\"><button type=\"submit\" name=\"wpforms[submit]\" id=\"wpforms-submit-16559\" class=\"wpforms-submit\" data-alt-text=\"Invio...\" data-submit-text=\"Inviare\" aria-live=\"assertive\" value=\"wpforms-submit\">Inviare<\/button><img loading=\"lazy\" decoding=\"async\" src=\"https:\/\/www.delfi.com\/wp-content\/plugins\/wpforms\/assets\/images\/submit-spin.svg\" class=\"wpforms-submit-spinner\" style=\"display: none;\" width=\"26\" height=\"26\" alt=\"Caricamento\" title=\"\"><\/div><\/form><\/div>  <!-- .wpforms-container -->[\/vc_column][\/vc_row]<\/div><\/div>[\/vc_column_text][\/vc_column][\/vc_row]<\/p>\n<\/div>","protected":false},"excerpt":{"rendered":"<p>Tutto quello di cui avrete bisogno nella vostra sede centrale \u00e8 un singolo server e un PC per creare modelli di etichette accattivanti che possono essere inviate a qualsiasi scaffale in ogni negozio collegato in pochi secondi. Il software \u00e8 facile da usare e da collegare all\u2019ERP centrale e altre fonti di dati. <\/p>\n","protected":false},"author":5,"featured_media":18166,"parent":0,"menu_order":0,"comment_status":"closed","ping_status":"closed","template":"","meta":{"_acf_changed":false,"cybocfi_hide_featured_image":"yes","footnotes":""},"class_list":["post-16501","page","type-page","status-publish","has-post-thumbnail","hentry"],"acf":[],"_links":{"self":[{"href":"https:\/\/www.delfi.com\/it\/wp-json\/wp\/v2\/pages\/16501","targetHints":{"allow":["GET"]}}],"collection":[{"href":"https:\/\/www.delfi.com\/it\/wp-json\/wp\/v2\/pages"}],"about":[{"href":"https:\/\/www.delfi.com\/it\/wp-json\/wp\/v2\/types\/page"}],"author":[{"embeddable":true,"href":"https:\/\/www.delfi.com\/it\/wp-json\/wp\/v2\/users\/5"}],"replies":[{"embeddable":true,"href":"https:\/\/www.delfi.com\/it\/wp-json\/wp\/v2\/comments?post=16501"}],"version-history":[{"count":2,"href":"https:\/\/www.delfi.com\/it\/wp-json\/wp\/v2\/pages\/16501\/revisions"}],"predecessor-version":[{"id":79131,"href":"https:\/\/www.delfi.com\/it\/wp-json\/wp\/v2\/pages\/16501\/revisions\/79131"}],"wp:featuredmedia":[{"embeddable":true,"href":"https:\/\/www.delfi.com\/it\/wp-json\/wp\/v2\/media\/18166"}],"wp:attachment":[{"href":"https:\/\/www.delfi.com\/it\/wp-json\/wp\/v2\/media?parent=16501"}],"curies":[{"name":"wp","href":"https:\/\/api.w.org\/{rel}","templated":true}]}}