{"id":19048,"date":"2023-07-20T07:32:34","date_gmt":"2023-07-20T05:32:34","guid":{"rendered":"https:\/\/www.delfi.com\/un-world-gol-a-delfi\/"},"modified":"2026-03-13T13:30:06","modified_gmt":"2026-03-13T12:30:06","slug":"fns-verdensmaal","status":"publish","type":"page","link":"https:\/\/www.delfi.com\/it\/fns-verdensmaal","title":{"rendered":"Gli Obiettivi di sviluppo sostenibile dell\u2019ONU"},"content":{"rendered":"<div class=\"wpb-content-wrapper\"><p>[vc_row][vc_column][vc_column_text css=&#8221;&#8221; css_params=&#8221;&#8221;]<\/p>\n<h1>Come lavoriamo con i 17 Obiettivi di sviluppo sostenibile dell\u2019ONU<\/h1>\n<p>I 17 Obiettivi di sviluppo sostenibile dell\u2019ONU rappresentano l\u2019agenda globale di sviluppo pi\u00f9 ambiziosa mai realizzata, con focus su sostenibilit\u00e0 e trasformazione. Gli Obiettivi sono stati adottati al Vertice ONU di New York il 25 settembre 2015. Qui i leader di Stato e di governo del mondo hanno approvato 17 Obiettivi e 169 traguardi per uno sviluppo sostenibile, che devono contribuire a risolvere le sfide climatiche del futuro.<\/p>\n<p>Gli Obiettivi impegnano tutti i 193 Paesi membri dell\u2019ONU a creare un mondo pi\u00f9 sostenibile eliminando povert\u00e0 e fame, riducendo le disuguaglianze, garantendo a tutti una buona istruzione e una migliore salute, lavori dignitosi e una crescita economica pi\u00f9 sostenibile. \u00c8 probabilmente il piano pi\u00f9 importante del nostro tempo.[\/vc_column_text][\/vc_column][\/vc_row][vc_row][vc_column width=&#8221;1\/2&#8243;][vc_column_text]<\/p>\n<h2>Insieme possiamo fare la differenza<\/h2>\n<p>Non c\u2019\u00e8 dubbio che, per creare sviluppo e risultati concreti, serva l\u2019impegno di tutti. Molte aziende, persone motivate e organizzazioni in Danimarca sono gi\u00e0 al lavoro per tracciare percorsi di sviluppo sostenibile basati sugli Obiettivi: lo stesso vale anche per Delfi Technologies, ma da soli siamo ben lontani dal poter sostenere gli Obiettivi.<\/p>\n<p>Ma quando definiamo obiettivi chiari e diamo priorit\u00e0 alle risorse di conseguenza, \u00e8 possibile ottenere risultati. Serve un impegno su larga scala da parte di governi, multinazionali e ONG globali, ma anche su scala locale con consigli comunali, piccole imprese e volontari.<\/p>\n<p>In Delfi Technologies abbiamo scelto di concentrarci su una selezione dei 17 Obiettivi, dove riteniamo di poter fare una differenza particolare. Attualmente il nostro impegno copre i seguenti Obiettivi:[\/vc_column_text][\/vc_column][vc_column width=&#8221;1\/2&#8243;][vc_single_image image=&#8221;14192&#8243; img_size=&#8221;full&#8221;][\/vc_column][\/vc_row][vc_row][vc_column][vc_separator][\/vc_column][\/vc_row][vc_row][vc_column width=&#8221;1\/2&#8243;][vc_single_image image=&#8221;14201&#8243; img_size=&#8221;full&#8221;][\/vc_column][vc_column width=&#8221;1\/2&#8243;][vc_column_text]<\/p>\n<h2>Obiettivo 2: Sconfiggere la fame<\/h2>\n<p><strong>Case: F\u00f8devareBanken \u2013 dallo spreco alimentare al pasto<\/strong><br \/>\nAttraverso la nostra collaborazione con F\u00f8devareBanken per lo sviluppo di una soluzione barcode per la registrazione elettronica dei prodotti, sosteniamo gli obiettivi globali dell\u2019ONU che mirano a sradicare la povert\u00e0, sconfiggere la fame, ridurre le disuguaglianze, garantire consumo e produzione responsabili e agire per il clima. \u00c8 una buona soluzione perch\u00e9 collega tutta la logistica e aiuta a garantire la tracciabilit\u00e0 del prodotto. Il progetto si distingue per la creazione di un elevato livello di sicurezza alimentare nella catena di fornitura, contribuendo a ridurre lo spreco alimentare in Danimarca.[\/vc_column_text][\/vc_column][\/vc_row][vc_row][vc_column][vc_column_text]Solo nel 2019 sono state raccolte e distribuite oltre 1.350 tonnellate di cibo a persone socialmente vulnerabili in Danimarca. Questo ha portato a pi\u00f9 di 3.375.000 pasti e ha generato una riduzione delle emissioni di CO2 pari a 1.806 tonnellate. (Fonte: <a href=\"https:\/\/foedevarebanken.dk\/\" target=\"_blank\" rel=\"noopener\">https:\/\/foedevarebanken.dk\/<\/a>).<\/p>\n<p>Una collaborazione con diverse aziende alimentari garantisce la donazione delle eccedenze, che vengono registrate elettronicamente con una soluzione barcode. La soluzione pu\u00f2 essere facilmente scalata per collaborare con pi\u00f9 aziende, sia a livello nazionale in Danimarca sia all\u2019estero. I codici a barre degli alimenti contribuiscono a garantire la tracciabilit\u00e0.<\/p>\n<p>Con la soluzione barcode, F\u00f8devareBanken pu\u00f2 sempre risalire esattamente a dove \u00e8 stato raccolto uno specifico lotto di alimenti e a dove \u00e8 stato distribuito. L\u2019unicit\u00e0 della soluzione sta nel fatto che consente di garantire la tracciabilit\u00e0 dei prodotti lungo l\u2019intero processo e di reagire rapidamente qualora fosse necessario richiamare un lotto di alimenti. Allo stesso tempo si lavora secondo il principio \u201cFirst in First Out\u201d, cos\u00ec gli alimenti con la scadenza pi\u00f9 breve vengono distribuiti per primi, riducendo costantemente il rischio di sprechi. La soluzione \u00e8 stata sviluppata da Delfi Technologies in collaborazione con F\u00f8devareBanken.[\/vc_column_text][vc_btn title=&#8221;Leggi il caso di studio qui&#8221; shape=&#8221;rounded&#8221; color=&#8221;black&#8221; size=&#8221;lg&#8221; link=&#8221;url:https%3A%2F%2Fwww.delfi.com%2Fit%2Friferimenti%2Ffoedevarebanken|title:Dallo%20spreco%20alimentare%20al%20pasto%20con%20la%20tracciabilit%C3%A0%20elettronica%20degli%20articoli|&#8221; css_params=&#8221;&#8221;][\/vc_column][\/vc_row][vc_row][vc_column][vc_separator][\/vc_column][\/vc_row][vc_row][vc_column width=&#8221;1\/2&#8243;][vc_single_image image=&#8221;14210&#8243; img_size=&#8221;full&#8221;][\/vc_column][vc_column width=&#8221;1\/2&#8243;][vc_column_text]<\/p>\n<h2>Obiettivo 3: Salute e benessere<\/h2>\n<p><strong>Case: Maggiore sicurezza dei pazienti in Danimarca<\/strong><br \/>\nSiamo innovativi nel nostro lavoro con soluzioni hardware e software per il settore sanitario. Attraverso una collaborazione con le regioni danesi, realizziamo soluzioni barcode che contribuiscono a rafforzare la sicurezza dei pazienti e a semplificare il lavoro negli ospedali regionali.<\/p>\n<p>La soluzione software, Delfi EasyScan, \u00e8 sviluppata da Delfi Technologies e consiste in un software per codici a barre, scanner manuali e stampanti per braccialetti. Si tratta di una soluzione centralizzata per codici a barre che offre nuove possibilit\u00e0 tecnologiche e riunisce diverse funzioni lavorative in un \u201cunica soluzione. I nuovi scanner manuali contribuiranno a ridurre i processi di lavoro e a creare una migliore visione d\u201d insieme.[\/vc_column_text][vc_btn title=&#8221;Leggi il caso di studio qui&#8221; shape=&#8221;rounded&#8221; color=&#8221;black&#8221; size=&#8221;lg&#8221; link=&#8221;url:https%3A%2F%2Fwww.delfi.com%2Fit%2Fattualita%2Fregion-zealand-strengthens-patient-safety%2F|title:La%20Regione%20Zelanda%20rafforza%20la%20sicurezza%20dei%20pazienti|&#8221; css_params=&#8221;&#8221;][\/vc_column][\/vc_row][vc_row][vc_column][vc_column_text]Nel 2020 il Coronavirus si \u00e8 diffuso in modo significativo. In questo contesto sono stati istituiti diversi centri test in tutta la Danimarca. Qui la tessera sanitaria della persona sottoposta a test viene registrata con <a href=\"https:\/\/shop.delfi.com\/en\/category\/barcode-scanners\/\" target=\"_blank\" rel=\"noopener\">scanner portatili<\/a>, che Delfi Technologies fornisce, tra gli altri, alla Regione di Sj\u00e6lland e alla Regione della Capitale.<\/p>\n<p>Gli scanner sono un modello speciale antibatterico, particolarmente adatto al settore sanitario e in grado di resistere a condizioni specifiche come pulizia e disinfezione extra.[\/vc_column_text][vc_btn title=&#8221;Leggi il caso di studio qui&#8221; shape=&#8221;rounded&#8221; color=&#8221;black&#8221; size=&#8221;lg&#8221; link=&#8221;url:https%3A%2F%2Fdelfi.com%2Fda%2Fnyheder%2Fdelfi-leverer-udstyr-til-corona-testcentre%2F|title:Dallo%20spreco%20alimentare%20al%20pasto%20con%20la%20tracciabilit%C3%A0%20elettronica%20degli%20articoli|&#8221; css_params=&#8221;&#8221;][\/vc_column][\/vc_row][vc_row][vc_column][vc_separator][\/vc_column][\/vc_row][vc_row][vc_column][vc_column_text]<\/p>\n<h2>Obiettivo 5: Parit\u00e0 di genere<\/h2>\n<p>&#8211; <em>Sebbene il settore IT e tech sia storicamente stato molto dominato dagli uomini, in Delfi Technologies stiamo osservando una tendenza con un aumento della presenza femminile oggi, sia internamente in azienda sia nella rete che ci circonda. In ogni rapporto di lavoro garantiamo naturalmente anche la parit\u00e0 di genere, affinch\u00e9 uomini e donne abbiano gli stessi diritti e le stesse opportunit\u00e0 <\/em>, <strong>afferma Caroline Hagen, CMO di Delfi Technologies A\/S.<\/strong>[\/vc_column_text][\/vc_column][\/vc_row][vc_row][vc_column][vc_separator][\/vc_column][\/vc_row][vc_row][vc_column][vc_single_image image=&#8221;14239&#8243; img_size=&#8221;full&#8221; alignment=&#8221;center&#8221;][vc_column_text]<\/p>\n<h2>Obiettivo 8: Lavoro dignitoso e crescita economica<\/h2>\n<p><em>&#8211; Nel nostro lavoro per garantire ai clienti la tecnologia pi\u00f9 recente, contribuiamo anche con soluzioni che aumentano la produttivit\u00e0. Vediamo sempre pi\u00f9 spesso nei nostri clienti il desiderio di effettuare un upgrade tecnologico come leva per creare crescita economica, <\/em> <strong>racconta Palle Svendsen, CEO di Delfi Technologies A\/S.<\/strong><\/p>\n<h2>Obiettivo 9: Industria, innovazione e infrastrutture<\/h2>\n<p><em>&#8211; In Delfi Technologies attribuiamo grande importanza all\u2019innovazione e la consideriamo una forza trainante decisiva per lo sviluppo tecnologico. Il nostro compito principale \u00e8 essere un passo avanti rispetto all\u2019evoluzione e creare soluzioni innovative che promuovano il business e la competitivit\u00e0 dei nostri clienti, <\/em> <strong>dice Palle Svendsen.<\/strong>[\/vc_column_text][\/vc_column][\/vc_row][vc_row][vc_column][vc_separator][\/vc_column][\/vc_row][vc_row][vc_column][vc_single_image image=&#8221;14247&#8243; img_size=&#8221;full&#8221; alignment=&#8221;center&#8221;][\/vc_column][\/vc_row][vc_row][vc_column width=&#8221;1\/2&#8243;][vc_column_text]<\/p>\n<h2>Obiettivo 12: Consumo e produzione responsabili<\/h2>\n<p><strong>Case: Uno strumento digitale aiuta MENY nella lotta contro lo spreco alimentare<\/strong><br \/>\nUn elemento centrale dei 17 Obiettivi di sviluppo sostenibile dell\u2019ONU \u00e8 la lotta allo spreco alimentare. Il traguardo 12.3 prevede che entro il 2030 lo spreco alimentare globale pro capite a livello di vendita al dettaglio e consumatori venga dimezzato e che le perdite alimentari nelle catene di produzione e fornitura vengano ridotte.<\/p>\n<p>Oggi lo spreco alimentare \u00e8 un\u2019area di intervento prioritaria per molte catene di supermercati. Insieme alla catena di punta di Dagrofa, MENY, utilizziamo uno strumento digitale per eliminare il rischio che si generi spreco alimentare. In MENY non si tratta solo di donare le eccedenze alimentari a fini sociali, ma soprattutto di cambiare le routine del personale di negozio.<\/p>\n<p>Whywaste hedder det nye v\u00e6rkt\u00f8j, der har fundet vej til landets MENY-butikker, som et seri\u00f8st initiativ i kampen mod madspild og datovarer. Nell\u2019ambito del progetto Whywaste, Delfi Technologies \u00e8 stata scelta come fornitore IT di <a href=\"https:\/\/shop.delfi.com\/en\/category\/handheld-terminals-and-accessories\/\" target=\"_blank\" rel=\"noopener\">terminali portatili<\/a> e <a href=\"https:\/\/shop.delfi.com\/en\/category\/label-printers\/\" target=\"_blank\" rel=\"noopener\">stampanti di etichette<\/a> mobili per Dagrofa.[\/vc_column_text][vc_btn title=&#8221;Leggi il caso di studio qui&#8221; shape=&#8221;rounded&#8221; color=&#8221;black&#8221; size=&#8221;lg&#8221; link=&#8221;url:https%3A%2F%2Fdelfi.com%2Fda%2Freferencer%2Fmeny-solroed%2F|title:Dallo%20spreco%20alimentare%20al%20pasto%20con%20la%20tracciabilit%C3%A0%20elettronica%20degli%20articoli|&#8221;][\/vc_column][vc_column width=&#8221;1\/2&#8243;][vc_column_text]<\/p>\n<h2>Obiettivo 13: Lotta contro il cambiamento climatico<\/h2>\n<p><strong>Case: Jensen Seeds \u2013 maggiore tracciabilit\u00e0 nella catena di fornitura<\/strong><br \/>\nAttraverso la nostra collaborazione con Jensen Seeds, garantiamo un impatto positivo sugli Obiettivi 12 e 13.<\/p>\n<p>L\u2019azienda danese di sementi Jensen Seeds fornisce ogni anno pi\u00f9 di 10.000 tonnellate di semi ai propri clienti. Per questo motivo \u00e8 assolutamente fondamentale che non si verifichino errori nella produzione e nella selezione dei semi. Da qui \u00e8 nata la necessit\u00e0 di una soluzione RFID per tracciare, localizzare e identificare il processo dall\u2019agricoltore fino alla pulizia, selezione e confezionamento completamente automatizzati.<\/p>\n<p>Un investimento continuo in innovazione e infrastrutture \u00e8 infatti una forza trainante decisiva per la crescita e lo sviluppo economico. Qui lo sviluppo tecnologico \u00e8 la chiave per trovare soluzioni sia alle sfide economiche sia a quelle ambientali.<\/p>\n<p>Nel lavoro di assicurazione della qualit\u00e0, Jensen Seeds \u00e8 stato il primo fornitore di sementi al mondo ad adottare la tecnologia RFID wireless. Oggi Jensen Seeds \u00e8 di propriet\u00e0 di DLF, un\u2019azienda globale di sementi che fornisce semi per erba da foraggio e per prati privati e professionali in oltre 80 paesi nel mondo. Anche in questo caso Jensen Seeds \u00e8 un first mover, e molti altri produttori guardano quindi in questa direzione quando cercano ispirazione per l\u2019ottimizzazione dei processi, un migliore controllo e una maggiore tracciabilit\u00e0.[\/vc_column_text][vc_btn title=&#8221;Leggi il caso di studio qui&#8221; shape=&#8221;rounded&#8221; color=&#8221;black&#8221; size=&#8221;lg&#8221; link=&#8221;url:https%3A%2F%2Fdelfi.com%2Fda%2Freferencer%2Fjensen-seeds%2F|title:Dallo%20spreco%20alimentare%20al%20pasto%20con%20la%20tracciabilit%C3%A0%20elettronica%20degli%20articoli|&#8221;][\/vc_column][\/vc_row][vc_row][vc_column][vc_separator][\/vc_column][\/vc_row][vc_row][vc_column][vc_masonry_grid post_type=&#8221;ids&#8221; element_width=&#8221;12&#8243; item=&#8221;13350&#8243; grid_id=&#8221;vc_gid:1773404464344-a8272f98-32eb-2&#8243; include=&#8221;11352&#8243;][vc_masonry_grid post_type=&#8221;ids&#8221; element_width=&#8221;12&#8243; item=&#8221;13350&#8243; grid_id=&#8221;vc_gid:1773404464347-aeacb352-9839-0&#8243; include=&#8221;13656&#8243;][\/vc_column][\/vc_row]<\/p>\n<\/div>","protected":false},"excerpt":{"rendered":"<p>I 17 Obiettivi di sviluppo sostenibile dell\u2019ONU rappresentano l\u2019agenda globale di sviluppo pi\u00f9 ambiziosa mai realizzata, con focus su sostenibilit\u00e0 e trasformazione. Gli Obiettivi sono stati adottati al Vertice ONU di New York il 25 settembre 2015.  <\/p>\n","protected":false},"author":3,"featured_media":14257,"parent":0,"menu_order":0,"comment_status":"closed","ping_status":"closed","template":"","meta":{"_acf_changed":false,"cybocfi_hide_featured_image":"yes","footnotes":""},"class_list":["post-19048","page","type-page","status-publish","has-post-thumbnail","hentry"],"acf":[],"_links":{"self":[{"href":"https:\/\/www.delfi.com\/it\/wp-json\/wp\/v2\/pages\/19048","targetHints":{"allow":["GET"]}}],"collection":[{"href":"https:\/\/www.delfi.com\/it\/wp-json\/wp\/v2\/pages"}],"about":[{"href":"https:\/\/www.delfi.com\/it\/wp-json\/wp\/v2\/types\/page"}],"author":[{"embeddable":true,"href":"https:\/\/www.delfi.com\/it\/wp-json\/wp\/v2\/users\/3"}],"replies":[{"embeddable":true,"href":"https:\/\/www.delfi.com\/it\/wp-json\/wp\/v2\/comments?post=19048"}],"version-history":[{"count":5,"href":"https:\/\/www.delfi.com\/it\/wp-json\/wp\/v2\/pages\/19048\/revisions"}],"predecessor-version":[{"id":79135,"href":"https:\/\/www.delfi.com\/it\/wp-json\/wp\/v2\/pages\/19048\/revisions\/79135"}],"wp:featuredmedia":[{"embeddable":true,"href":"https:\/\/www.delfi.com\/it\/wp-json\/wp\/v2\/media\/14257"}],"wp:attachment":[{"href":"https:\/\/www.delfi.com\/it\/wp-json\/wp\/v2\/media?parent=19048"}],"curies":[{"name":"wp","href":"https:\/\/api.w.org\/{rel}","templated":true}]}}