{"id":38549,"date":"2024-07-11T08:21:31","date_gmt":"2024-07-11T06:21:31","guid":{"rendered":"https:\/\/www.delfi.com\/privacy-policy\/"},"modified":"2026-03-13T13:30:40","modified_gmt":"2026-03-13T12:30:40","slug":"politica-sulla-privacy","status":"publish","type":"page","link":"https:\/\/www.delfi.com\/it\/politica-sulla-privacy","title":{"rendered":"Politica sulla Privacy"},"content":{"rendered":"<div class=\"wpb-content-wrapper\"><p>[vc_row][vc_column][vc_column_text css=&#8221;&#8221; css_params=&#8221;&#8221;]<\/p>\n<h1>Politica sulla Privacy<\/h1>\n<h2 class=\" bd-container-48 bd-tagstyles bd-bootstrap-tables bd-table-striped bd-table-hover\">POLITICA SUI COOKIE<\/h2>\n<p>Come \u00e8 prassi comune con quasi tutti i siti web professionali, questo sito utilizza cookie, che sono piccoli file scaricati sul tuo computer, per migliorare la tua esperienza. Questa pagina descrive quali informazioni raccolgono, come le utilizziamo e perch\u00e9 a volte \u00e8 necessario memorizzare questi cookie. Condivideremo anche come puoi evitare che questi cookie vengano memorizzati, tuttavia ci\u00f2 potrebbe ridurre o &#8216;rompere&#8217; alcune funzionalit\u00e0 del sito. Per informazioni pi\u00f9 generali sui cookie, vedi l&#8217;articolo di <a href=\"https:\/\/en.wikipedia.org\/wiki\/HTTP_cookie\" target=\"_blank\" rel=\"noopener noreferrer\">Wikipedia article on HTTP Cookies<\/a>.<\/p>\n<h2>INFORMAZIONI SUL PROPRIETARIO<\/h2>\n<p>Il sito web \u00e8 di propriet\u00e0 e pubblicato da:<\/p>\n<p>Delfi Technologies A\/S<br \/>\nValdemarshaab 11<br \/>\nDK-4600 K\u00f8ge<br \/>\nTelefono: 70 222 555<br \/>\nE-mail:\u00a0<a href=\"mailto:info@delfi.com\">info@delfi.com<\/a><\/p>\n<h2>COME UTILIZZIAMO I COOKIE<\/h2>\n<p>Utilizziamo i cookie per una serie di motivi dettagliati di seguito. Purtroppo, nella maggior parte dei casi, non ci sono opzioni standard del settore per disabilitare i cookie senza disabilitare completamente la funzionalit\u00e0 e le caratteristiche che aggiungono a questo sito. Si consiglia di lasciare attivi tutti i cookie se non sei sicuro se ne hai bisogno o meno, nel caso siano utilizzati per fornire un servizio che utilizzi.<\/p>\n<h2>DISABILITARE I COOKIE<\/h2>\n<p>Puoi impedire l&#8217;impostazione dei cookie modificando le impostazioni del tuo browser (consulta l&#8217;Aiuto del tuo browser per sapere come fare). Sii consapevole che disabilitare i cookie influenzer\u00e0 la funzionalit\u00e0 di questo e molti altri siti web che visiti. Disabilitare i cookie di solito comporta anche la disabilitazione di alcune funzionalit\u00e0 e caratteristiche di questo sito. Pertanto, si consiglia di non disabilitare i cookie.<\/p>\n<h2>I COOKIE CHE IMPOSTIAMO<\/h2>\n<p>Se crei un account con noi, utilizzeremo i cookie per la gestione del processo di registrazione e l&#8217;amministrazione generale. Questi cookie saranno di solito eliminati quando esci, tuttavia in alcuni casi potrebbero rimanere per ricordare le tue preferenze sul sito quando sei disconnesso.<\/p>\n<p>Utilizziamo i cookie quando sei loggato in modo che possiamo ricordare questo fatto. Ci\u00f2 evita che tu debba effettuare il login ogni volta che visiti una nuova pagina. Questi cookie sono generalmente rimossi o cancellati quando esci per garantire che tu possa accedere solo a funzionalit\u00e0 e aree riservate quando sei loggato.<\/p>\n<p>Questo sito offre servizi di newsletter o di abbonamento e-mail e i cookie possono essere utilizzati per ricordare se sei gi\u00e0 registrato e se mostrare alcune notifiche che potrebbero essere valide solo per utenti iscritti\/non iscritti.<\/p>\n<p>Di tanto in tanto offriamo sondaggi e questionari per fornire informazioni interessanti, strumenti utili o per capire meglio la nostra base di utenti. Questi sondaggi possono utilizzare cookie per ricordare chi ha gi\u00e0 partecipato a un sondaggio o per fornire risultati accurati dopo che cambi pagina.<\/p>\n<p>Quando invii dati tramite un modulo come quelli presenti nelle pagine di contatto o nei moduli di commento, i cookie possono essere impostati per ricordare i tuoi dati utente per una corrispondenza futura.<\/p>\n<p>Per offrirti una grande esperienza su questo sito, forniamo la funzionalit\u00e0 per impostare le tue preferenze su come funziona il sito quando lo utilizzi. Per ricordare le tue preferenze, dobbiamo impostare i cookie in modo che queste informazioni possano essere richiamate ogni volta che interagisci con una pagina interessata dalle tue preferenze.<\/p>\n<h2>COOKIE DI TERZE PARTI<\/h2>\n<p>In alcuni casi speciali utilizziamo anche cookie forniti da terze parti fidate. La seguente sezione dettaglia quali cookie di terze parti potresti incontrare attraverso questo sito.<\/p>\n<p>Questo sito utilizza Google Analytics, una delle soluzioni di analisi pi\u00f9 diffuse e affidabili sul web per aiutarci a capire come utilizzi il sito e i modi in cui possiamo migliorare la tua esperienza. Questi cookie possono tracciare cose come quanto tempo trascorri sul sito e le pagine che visiti in modo che possiamo continuare a produrre contenuti coinvolgenti.<\/p>\n<p>Per ulteriori informazioni sui cookie di Google Analytics, vedi la pagina ufficiale di Google Analytics.<\/p>\n<p>Le analisi di terze parti sono utilizzate per tracciare e misurare l&#8217;uso di questo sito in modo che possiamo continuare a produrre contenuti coinvolgenti. Questi cookie possono tracciare cose come quanto tempo trascorri sul sito o le pagine che visiti, il che ci aiuta a capire come possiamo migliorare il sito per te.<\/p>\n<p>Di tanto in tanto testiamo nuove funzionalit\u00e0 e apportiamo sottili cambiamenti al modo in cui il sito \u00e8 consegnato. Quando stiamo ancora testando nuove funzionalit\u00e0, questi cookie possono essere utilizzati per garantire che tu riceva un&#8217;esperienza coerente mentre sei sul sito, assicurando che comprendiamo quali ottimizzazioni i nostri utenti apprezzano di pi\u00f9.<\/p>\n<p>Utilizziamo anche pulsanti e\/o plugin di social media su questo sito che ti permettono di connetterti con il tuo social network in vari modi. Per funzionare, i seguenti siti di social media, inclusi; Facebook, LinkedIn, YouTube, imposteranno cookie attraverso il nostro sito che possono essere utilizzati per migliorare il tuo profilo sul loro sito o contribuire ai dati che detengono per vari scopi delineati nelle loro rispettive politiche sulla privacy.<\/p>\n<h2>SICUREZZA<\/h2>\n<p>Le tue informazioni sono tecnicamente sicure con noi, quindi non verranno abusate, pubblicate o divulgate a persone non autorizzate. Tutti i dati sono trasmessi tramite una connessione sicura e crittografata (SSL \/ HTTPS).<\/p>\n<h2>PERIODO DI CONSERVAZIONE<\/h2>\n<p>Conserviamo le informazioni per il tempo consentito dalla legislazione applicabile. Quando le informazioni non sono pi\u00f9 necessarie, le cancelliamo.<\/p>\n<h2>ULTERIORI INFORMAZIONI<\/h2>\n<p>Speriamo di aver chiarito le cose per te e, come menzionato in precedenza, se c&#8217;\u00e8 qualcosa di cui non sei sicuro se hai bisogno o meno, di solito \u00e8 pi\u00f9 sicuro lasciare abilitati i cookie nel caso interagiscano con una delle funzionalit\u00e0 che utilizzi sul nostro sito. Tuttavia, se stai ancora cercando maggiori informazioni, puoi contattarci attraverso uno dei nostri metodi di contatto preferiti.[\/vc_column_text][\/vc_column][\/vc_row]<\/p>\n<\/div>","protected":false},"excerpt":{"rendered":"<p>[vc_row][vc_column][vc_column_text css=&#8221;&#8221; css_params=&#8221;&#8221;] Politica sulla Privacy POLITICA SUI COOKIE Come \u00e8 prassi comune con quasi tutti i siti web professionali, questo sito utilizza cookie, che sono piccoli file scaricati sul tuo computer, per migliorare la tua esperienza. Questa pagina descrive quali informazioni raccolgono, come le utilizziamo e perch\u00e9 a volte \u00e8 necessario memorizzare questi cookie. [&hellip;]<\/p>\n","protected":false},"author":3,"featured_media":0,"parent":0,"menu_order":5,"comment_status":"closed","ping_status":"closed","template":"","meta":{"_acf_changed":false,"cybocfi_hide_featured_image":"","footnotes":""},"class_list":["post-38549","page","type-page","status-publish","hentry"],"acf":[],"_links":{"self":[{"href":"https:\/\/www.delfi.com\/it\/wp-json\/wp\/v2\/pages\/38549","targetHints":{"allow":["GET"]}}],"collection":[{"href":"https:\/\/www.delfi.com\/it\/wp-json\/wp\/v2\/pages"}],"about":[{"href":"https:\/\/www.delfi.com\/it\/wp-json\/wp\/v2\/types\/page"}],"author":[{"embeddable":true,"href":"https:\/\/www.delfi.com\/it\/wp-json\/wp\/v2\/users\/3"}],"replies":[{"embeddable":true,"href":"https:\/\/www.delfi.com\/it\/wp-json\/wp\/v2\/comments?post=38549"}],"version-history":[{"count":1,"href":"https:\/\/www.delfi.com\/it\/wp-json\/wp\/v2\/pages\/38549\/revisions"}],"predecessor-version":[{"id":79143,"href":"https:\/\/www.delfi.com\/it\/wp-json\/wp\/v2\/pages\/38549\/revisions\/79143"}],"wp:attachment":[{"href":"https:\/\/www.delfi.com\/it\/wp-json\/wp\/v2\/media?parent=38549"}],"curies":[{"name":"wp","href":"https:\/\/api.w.org\/{rel}","templated":true}]}}