{"id":13514,"date":"2023-07-17T08:16:53","date_gmt":"2023-07-17T06:16:53","guid":{"rendered":"https:\/\/www.delfi.com\/om-delfi-technologies\/"},"modified":"2026-03-13T12:59:20","modified_gmt":"2026-03-13T11:59:20","slug":"om-oss","status":"publish","type":"page","link":"https:\/\/www.delfi.com\/no\/om-oss","title":{"rendered":"Om oss"},"content":{"rendered":"<div class=\"wpb-content-wrapper\"><p>[vc_row css=&#8221;.vc_custom_1747909243136{padding-top: 100px !important;padding-bottom: 100px !important;}&#8221; conditional_render=&#8221;%5B%7B%22value_role%22%3A%22administrator%22%7D%5D&#8221; css_params=&#8221;&#8221;][vc_column width=&#8221;1\/6&#8243;][\/vc_column][vc_column width=&#8221;2\/3&#8243;]<div class=\"porto-u-heading  wpb_custom_67ea62e6d55af9a74aae18e50bf7ba20 porto-u-55ca8359258f9a412be7e73af65d2aac \"><div class=\"porto-u-main-heading\"><h2  >Vi digitaliserer detalj- og logistikkl\u00f8sninger for bedrifter i alle st\u00f8rrelser \u2014 fra lokale butikker til globale kjeder.<\/h2><\/div><div class=\"porto-u-sub-heading\" style=\"color: #bcbcbc;\">La oss se hvordan vi ogs\u00e5 kan hjelpe deg med \u00e5 vokse videre. Men f\u00f8rst, litt om hvem vi er.<\/div><style>.porto-u-55ca8359258f9a412be7e73af65d2aac.porto-u-heading{text-align:center}<\/style><\/div>[\/vc_column][vc_column width=&#8221;1\/6&#8243;][\/vc_column][\/vc_row][vc_row][vc_column width=&#8221;1\/2&#8243; css=&#8221;.vc_custom_1747910315503{padding-top: 50px !important;}&#8221; conditional_render=&#8221;%5B%7B%22value_role%22%3A%22administrator%22%7D%5D&#8221; css_params=&#8221;&#8221;]<div class=\"porto-u-heading  wpb_custom_cb0d04cbb636c536e8f228a499661e38 porto-u-ad87e2eaf3f9c495180fe0156ddf3eb0 \"><div class=\"porto-u-main-heading\"><h1   style=\"color:#000000;margin-bottom: 30px;\">Vi er Delfi Technologies \u2013 en europeisk l\u00f8sningsleverand\u00f8r, etablert i 1988, som har spesialisert seg p\u00e5 programvarel\u00f8sninger.<\/h1><\/div><div class=\"porto-u-sub-heading\" style=\"color: #000000;\">V\u00e5re kunder representerer et bredt spekter av bransjer innen bl.a. varehandel, lager, helsevesen, feltservice og kontorskilting. Vi bruker v\u00e5r kunnskap og v\u00e5re ferdigheter innenfor hver av l\u00f8sningene og tilbyr den st\u00f8tte, service og r\u00e5dgivning du trenger.<\/p>\n<p>Med l\u00f8sninger innen <a href=\"https:\/\/www.delfi.com\/no\/losninger\/elektroniske-hylleetiketter\">elektroniske hyllerekker<\/a>, <a href=\"https:\/\/www.delfi.com\/no\/losninger\/strekkoder\">h\u00e5ndterminaler<\/a>, <a href=\"https:\/\/www.delfi.com\/no\/losninger\/pos\">kasse\u00adl\u00f8sninger (POS)<\/a> og <a href=\"https:\/\/www.delfi.com\/no\/losninger\/utskrift\/\">print\u00adl\u00f8sninger<\/a> er vi med p\u00e5 \u00e5 digitalisere og effektivisere arbeids\u00adprosesser i hele verdikjeden.<\/p>\n<p>V\u00e5re l\u00f8sninger er tilgjengelig over hele verden, med kontorer i Danmark, Sverige, Norge, Tyskland, Italia og Vietnam. Menneskene som arbeider med v\u00e5re l\u00f8sninger er ryggraden i selskapet v\u00e5rt og \u00e5rsaken til v\u00e5r suksess. Mer enn 150 spesialister arbeider hver dag med \u00e5 innovere l\u00f8sninger for \u00e5 innfri v\u00e5re kunders behov.<\/div><style>.porto-u-ad87e2eaf3f9c495180fe0156ddf3eb0.porto-u-heading{text-align:left}<\/style><\/div>[\/vc_column][vc_column width=&#8221;1\/2&#8243;][vc_single_image image=&#8221;43324&#8243; img_size=&#8221;full&#8221; alignment=&#8221;right&#8221; css=&#8221;&#8221; css_params=&#8221;&#8221;][\/vc_column][\/vc_row][vc_row full_width_css=&#8221;stretch_row_css&#8221; css=&#8221;.vc_custom_1747917851847{margin-bottom: 50px !important;padding-top: 100px !important;padding-bottom: 50px !important;background-color: #31555c !important;}&#8221; conditional_render=&#8221;%5B%7B%22value_role%22%3A%22administrator%22%7D%5D&#8221; css_params=&#8221;&#8221;][vc_column width=&#8221;1\/2&#8243; css=&#8221;.vc_custom_1747911745395{padding-right: 40px !important;padding-left: 40px !important;}&#8221; conditional_render=&#8221;%5B%7B%22value_role%22%3A%22administrator%22%7D%5D&#8221; css_params=&#8221;&#8221;]<div class=\"porto-just-icon-wrapper porto-sicon-img porto-icon-pos-center porto-icon-739599a1f586473197e4d01c03c680cb  vc_custom_1747911516905\" style=\"font-size: 140px;\"><img loading=\"lazy\" decoding=\"async\" class=\"img-icon\" alt=\"\" src=\"https:\/\/www.delfi.com\/wp-content\/uploads\/2025\/05\/Mission.png\" width=\"161\" height=\"161\" title=\"\"><\/div><div class=\"porto-u-heading  wpb_custom_1e29f559387ef9d0b092e5216f24e060 porto-u-55ca8359258f9a412be7e73af65d2aac \"><div class=\"porto-u-main-heading\"><h2   style=\"color:#50bcd1;\">V\u00e5r<\/h2><\/div><div class=\"porto-u-sub-heading\" style=\"color: #ffffff;\">Misjon<\/div><style>.porto-u-55ca8359258f9a412be7e73af65d2aac.porto-u-heading{text-align:center}<\/style><\/div>[vc_column_text css=&#8221;.vc_custom_1747920630465{padding-top: 10px !important;}&#8221; text_color=&#8221;#dbdbdb&#8221; text_typography=&#8221;{&#8220;family&#8220;:&#8220;Open Sans&#8220;,&#8220;variant&#8220;:&#8220;Default&#8220;,&#8220;font_size&#8220;:&#8220;&#8220;,&#8220;line_height&#8220;:&#8220;20px&#8220;,&#8220;letter_spacing&#8220;:&#8220;&#8220;,&#8220;text_transform&#8220;:&#8220;&#8220;}&#8221; css_params=&#8221;&#8221;]Vi skaper innovative programvarel\u00f8sninger som gj\u00f8r at bedrifter oppn\u00e5r konkurransefortrinn I sin virksomhet. Vi har som m\u00e5l \u00e5 v\u00e6re best I v\u00e5r bransje, basert p\u00e5 en \u00e5pen dialog, h\u00f8y kompetanse og bruk av nyeste teknologi og f\u00f8rsteklasses service.[\/vc_column_text][\/vc_column][vc_column width=&#8221;1\/2&#8243; css=&#8221;.vc_custom_1747911890811{padding-right: 40px !important;padding-left: 40px !important;}&#8221; conditional_render=&#8221;%5B%7B%22value_role%22%3A%22administrator%22%7D%5D&#8221; css_params=&#8221;&#8221;]<div class=\"porto-just-icon-wrapper porto-sicon-img porto-icon-pos-center porto-icon-739599a1f586473197e4d01c03c680cb  vc_custom_1747912095561\" style=\"font-size: 140px;\"><img loading=\"lazy\" decoding=\"async\" class=\"img-icon\" alt=\"\" src=\"https:\/\/www.delfi.com\/wp-content\/uploads\/2025\/05\/Vision1.png\" width=\"161\" height=\"161\" title=\"\"><\/div><div class=\"porto-u-heading  wpb_custom_1e29f559387ef9d0b092e5216f24e060 porto-u-55ca8359258f9a412be7e73af65d2aac \"><div class=\"porto-u-main-heading\"><h2   style=\"color:#50bcd1;\">V\u00e5r<\/h2><\/div><div class=\"porto-u-sub-heading\" style=\"color: #ffffff;\">Visjon<\/div><style>.porto-u-55ca8359258f9a412be7e73af65d2aac.porto-u-heading{text-align:center}<\/style><\/div>[vc_column_text css=&#8221;.vc_custom_1747920669970{padding-top: 10px !important;}&#8221; text_color=&#8221;#dbdbdb&#8221; text_typography=&#8221;{&#8220;family&#8220;:&#8220;Open Sans&#8220;,&#8220;variant&#8220;:&#8220;Default&#8220;,&#8220;font_size&#8220;:&#8220;&#8220;,&#8220;line_height&#8220;:&#8220;20px&#8220;,&#8220;letter_spacing&#8220;:&#8220;&#8220;,&#8220;text_transform&#8220;:&#8220;&#8220;}&#8221; css_params=&#8221;&#8221;]V\u00e5r visjon er enkel \u2013 vi \u00f8nsker \u00e5 v\u00e6re en av de ledende leverand\u00f8rene p\u00e5 markedet.<\/p>\n<p>Vi \u00f8nsker \u00e5 utvide v\u00e5r globale tilstedev\u00e6relse, forbli uavhengige og forbli stolte av v\u00e5re l\u00f8sninger. Til slutt \u00f8nsker vi at v\u00e5re kunder skal bli med oss p\u00e5 denne spennende reisen.[\/vc_column_text][\/vc_column][\/vc_row][vc_row][vc_column width=&#8221;1\/2&#8243;]<div class=\"porto-u-heading  wpb_custom_6ced11200e5c0e0f534b0fa34714fb45 porto-u-ad87e2eaf3f9c495180fe0156ddf3eb0 \"><div class=\"porto-u-main-heading\"><h2  >Visste du at v\u00e5re l\u00f8sninger er i bruk over hele verden?<\/h2><\/div><style>.porto-u-ad87e2eaf3f9c495180fe0156ddf3eb0.porto-u-heading{text-align:left}<\/style><\/div>[vc_column_text css=&#8221;&#8221; css_params=&#8221;&#8221;]Fra lengst nord i Norge til en jernbanestasjon i Vietnam og et lokalt supermarked i Italia \u2013 v\u00e5re l\u00f8sninger kan brukes hvor som helst og n\u00e5r som helst for at bedrifter kan styrke sin virksomhet med konkurransefortrinn.<\/p>\n<p>Vi har eksistert siden 1988, da startskuddet for Delfis reise gikk. Det hele begynte i Danmark med hovedfokus p\u00e5 strekkode- og datafangstl\u00f8sninger. Design og utvikling av programvarel\u00f8sninger har alltid v\u00e6rt en sentral del av Delfis DNA.<\/p>\n<p>I dag, over 30 \u00e5r senere, er produktutvalget utvidet, og Delfi er en global l\u00f8sningsleverand\u00f8r som spesialiserer seg p\u00e5 programvarel\u00f8sninger innen elektroniske hyllekantetiketter (ESL), h\u00e5ndholdte terminaler, POS- og skriverl\u00f8sninger. V\u00e5re l\u00f8sninger er tilgjengelig over hele verden, via v\u00e5re kontorer i Danmark, Sverige, Norge, Tyskland, Italia og Vietnam.<\/p>\n<p>Som privateid selskap er vi i stand til \u00e5 arbeide hurtig og reagere raskt uten \u00e5 kompromisse med v\u00e5re kunders behov.<\/p>\n<p>Hva er neste steg? La oss styrke din virksomhet.[\/vc_column_text][\/vc_column][vc_column width=&#8221;1\/2&#8243;][vc_single_image image=&#8221;43325&#8243; img_size=&#8221;full&#8221; alignment=&#8221;center&#8221; onclick=&#8221;custom_link&#8221; css=&#8221;&#8221; css_params=&#8221;&#8221; link=&#8221;https:\/\/youtu.be\/LXVH1PM2904&#8243;][\/vc_column][\/vc_row]<\/p>\n<\/div>","protected":false},"excerpt":{"rendered":"<p>Delfi Technologies, grunnlagt i 1988, er en europeisk l\u00f8sningsleverand\u00f8r som spesialiserer seg p\u00e5 programvarel\u00f8sninger innen elektroniske hylleetiketter (ESL), h\u00e5ndholdte terminaler, POS-l\u00f8sninger og skriverl\u00f8sninger.<\/p>\n","protected":false},"author":1,"featured_media":18199,"parent":0,"menu_order":0,"comment_status":"closed","ping_status":"closed","template":"","meta":{"_acf_changed":false,"cybocfi_hide_featured_image":"yes","footnotes":""},"class_list":["post-13514","page","type-page","status-publish","has-post-thumbnail","hentry"],"acf":[],"_links":{"self":[{"href":"https:\/\/www.delfi.com\/no\/wp-json\/wp\/v2\/pages\/13514","targetHints":{"allow":["GET"]}}],"collection":[{"href":"https:\/\/www.delfi.com\/no\/wp-json\/wp\/v2\/pages"}],"about":[{"href":"https:\/\/www.delfi.com\/no\/wp-json\/wp\/v2\/types\/page"}],"author":[{"embeddable":true,"href":"https:\/\/www.delfi.com\/no\/wp-json\/wp\/v2\/users\/1"}],"replies":[{"embeddable":true,"href":"https:\/\/www.delfi.com\/no\/wp-json\/wp\/v2\/comments?post=13514"}],"version-history":[{"count":4,"href":"https:\/\/www.delfi.com\/no\/wp-json\/wp\/v2\/pages\/13514\/revisions"}],"predecessor-version":[{"id":79064,"href":"https:\/\/www.delfi.com\/no\/wp-json\/wp\/v2\/pages\/13514\/revisions\/79064"}],"wp:featuredmedia":[{"embeddable":true,"href":"https:\/\/www.delfi.com\/no\/wp-json\/wp\/v2\/media\/18199"}],"wp:attachment":[{"href":"https:\/\/www.delfi.com\/no\/wp-json\/wp\/v2\/media?parent=13514"}],"curies":[{"name":"wp","href":"https:\/\/api.w.org\/{rel}","templated":true}]}}