{"id":14012,"date":"2023-07-18T10:52:18","date_gmt":"2023-07-18T08:52:18","guid":{"rendered":"https:\/\/www.delfi.com\/delfi-serviceavtale\/"},"modified":"2026-03-13T12:56:32","modified_gmt":"2026-03-13T11:56:32","slug":"delfi-serviceavtale","status":"publish","type":"page","link":"https:\/\/www.delfi.com\/no\/delfi-serviceavtale","title":{"rendered":"Delfi Serviceavtale"},"content":{"rendered":"<div class=\"wpb-content-wrapper\"><p>[vc_row][vc_column][vc_column_text css=&#8221;&#8221; css_params=&#8221;&#8221;]<\/p>\n<h1>Delfi Serviceavtale<\/h1>\n<p>[\/vc_column_text][\/vc_column][\/vc_row][vc_row][vc_column width=&#8221;1\/2&#8243;][vc_column_text]Delfi Technologies sin serviceavtale for h\u00e5ndterminaler dekker alle kostnader til reservedeler og eliminerer derfor uventede kostnader og ventetid. Du f\u00e5r alle fordelene med en rask service og samtidig sikrer du maksimal &#8216;oppetid&#8217; for din l\u00f8sning.<\/p>\n<p>Prisen p\u00e5 en serviceavtale avhenger av det valgte utstyret som skal dekkes.<\/p>\n<p>Delfi Serviceavtale kan kun bestilles innen 30 dager etter kj\u00f8pet.<\/p>\n<h2>Delfi\u00a0Service-program<\/h2>\n<p>Delfi Service Program gir deg en rekke alternativer for \u00e5 m\u00f8te dine serviceforventninger:[\/vc_column_text][\/vc_column][vc_column width=&#8221;1\/2&#8243;][vc_single_image image=&#8221;13909&#8243; img_size=&#8221;full&#8221; alignment=&#8221;right&#8221;][\/vc_column][\/vc_row]<\/p>\n<\/div>","protected":false},"excerpt":{"rendered":"<p>En Delfi Serviceavtale sikrer deg hjelp dersom en enhet feiler, slik at du kan minimere nedetid, sikre kontinuitet og evne til \u00e5 levere eller selge.<\/p>\n","protected":false},"author":3,"featured_media":13917,"parent":0,"menu_order":0,"comment_status":"closed","ping_status":"closed","template":"","meta":{"_acf_changed":false,"cybocfi_hide_featured_image":"yes","footnotes":""},"class_list":["post-14012","page","type-page","status-publish","has-post-thumbnail","hentry"],"acf":[],"_links":{"self":[{"href":"https:\/\/www.delfi.com\/no\/wp-json\/wp\/v2\/pages\/14012","targetHints":{"allow":["GET"]}}],"collection":[{"href":"https:\/\/www.delfi.com\/no\/wp-json\/wp\/v2\/pages"}],"about":[{"href":"https:\/\/www.delfi.com\/no\/wp-json\/wp\/v2\/types\/page"}],"author":[{"embeddable":true,"href":"https:\/\/www.delfi.com\/no\/wp-json\/wp\/v2\/users\/3"}],"replies":[{"embeddable":true,"href":"https:\/\/www.delfi.com\/no\/wp-json\/wp\/v2\/comments?post=14012"}],"version-history":[{"count":2,"href":"https:\/\/www.delfi.com\/no\/wp-json\/wp\/v2\/pages\/14012\/revisions"}],"predecessor-version":[{"id":79047,"href":"https:\/\/www.delfi.com\/no\/wp-json\/wp\/v2\/pages\/14012\/revisions\/79047"}],"wp:featuredmedia":[{"embeddable":true,"href":"https:\/\/www.delfi.com\/no\/wp-json\/wp\/v2\/media\/13917"}],"wp:attachment":[{"href":"https:\/\/www.delfi.com\/no\/wp-json\/wp\/v2\/media?parent=14012"}],"curies":[{"name":"wp","href":"https:\/\/api.w.org\/{rel}","templated":true}]}}