{"id":14015,"date":"2023-07-18T10:57:35","date_gmt":"2023-07-18T08:57:35","guid":{"rendered":"https:\/\/www.delfi.com\/soti-mobile-device-management\/"},"modified":"2026-03-13T12:59:30","modified_gmt":"2026-03-13T11:59:30","slug":"soti-mobile-device-management","status":"publish","type":"page","link":"https:\/\/www.delfi.com\/no\/soti-mobile-device-management","title":{"rendered":"SOTI &#8211; Mobile Device Management"},"content":{"rendered":"<div class=\"wpb-content-wrapper\"><p>[vc_row][vc_column][vc_column_text css=&#8221;&#8221; css_params=&#8221;&#8221;]<\/p>\n<h1>SOTI &#8211; Mobile Device Management<\/h1>\n<p>Delfi Technologies anbefaler SOTI MobiControl-programvare for alle Enterprise-installasjoner, da du f\u00e5r fordelene med sentralstyrt overv\u00e5king, programvareoppdateringer og fjernkontroll av alle enhetene dine, uansett om du har Android-, iOS- og\/eller Windows-enheter. SOTI er viden kjent og anerkjent som en av lederne innen Mobile Device Management (MDM), enten det er en gammel WinCE eller en ny Android-h\u00e5ndterminal, PDA, telefon eller datamaskin.<\/p>\n<p>Globalt har over 17 000 selskaper valgt SOTI for \u00e5 implementere sin strategi for mobile enheter, applikasjoner, innhold og tingenes internett. En bred innsikt i bransjen og teknologiske partnerskap gir SOTI en unik innsikt i trender og fremtidige l\u00f8sninger. SOTIs forpliktelse til utvikling sikrer at virksomheten din alltid er et skritt foran med l\u00f8sningene som garanterer deg uante muligheter.<\/p>\n<p>SOTI MobiControl kan brukes p\u00e5 b\u00e5de sm\u00e5 og store installasjoner, og kan installeres b\u00e5de p\u00e5 stedet eller den kan hostes som en skyl\u00f8sning.<\/p>\n<h2>Fordeler med en SOTI-l\u00f8sning<\/h2>\n<p>Det er en rekke fordeler ved \u00e5 velge en SOTI-l\u00f8sning gjennom Delfi Technologies, spesielt hvis du har flere mobile enheter og \u00f8nsker \u00e5 jobbe optimalt med programmer som alltid er oppdatert.<\/p>\n<p><strong>SOTI sikrer at du oppn\u00e5r full utnyttelse av investeringen din med f\u00f8lgende funksjoner: &nbsp;<\/strong><\/p>\n<ul>\n<li>St\u00f8tter de nyeste Windows\/Android\/iO-ene p\u00e5 enheter som mobiler, PDAer, nettbrett og b\u00e6rbare datamaskiner<\/li>\n<li>Alltid oppdatert programvare<\/li>\n<li>Egen visuell og programdesign &#8211; Lock down (sentral kontroll over programgrensesnitt p\u00e5 enheter samt mulighet for egen visuell design)<\/li>\n<li>Fjernkontroll av enhet(er)<\/li>\n<li>Sikkerhet mot virusangrep<\/li>\n<li>Geofjerding (GPS-skjerming &#8220;sikret omr\u00e5de&#8221; n\u00e5r du kommer utenfor et avgrenset omr\u00e5de, noe som gir st\u00f8rre sikkerhet)<\/li>\n<li>St\u00f8tter ulike nettlesere: Google Chrome, Internet Explore (9+) og Mozilla Firefox<\/li>\n<\/ul>\n<p>Hos Delfi Technologies har vi over en \u00e5rrekke bygget opp mye kunnskap og kompetanse innen SOTI, og vi er derfor klare til \u00e5 r\u00e5dgi og bygge en skreddersydd l\u00f8sning sammen med deg.<\/p>\n<p><strong>Kontakt oss for mer informasjon:<\/strong><\/p>\n<ul>\n<li>Salgsavdeling: Tlf.: +45 70 22 25 55, epost: info@delfi.com<\/li>\n<\/ul>\n<p>[\/vc_column_text][\/vc_column][\/vc_row][vc_row][vc_column][vc_video link=&#8221;https:\/\/youtu.be\/hML4hxs0oD0&#8243; align=&#8221;center&#8221;][\/vc_column][\/vc_row]<\/p>\n<\/div>","protected":false},"excerpt":{"rendered":"<p>Ha kontroll over Android enhetene sentralt med SOTI \u2013 en innovat\u00f8r og markedsleder for mobilitet og IoT administrasjon, uavhengig av om enheten er en PDA, telefon eller PC.<\/p>\n","protected":false},"author":3,"featured_media":13929,"parent":0,"menu_order":0,"comment_status":"closed","ping_status":"closed","template":"","meta":{"_acf_changed":false,"cybocfi_hide_featured_image":"yes","footnotes":""},"class_list":["post-14015","page","type-page","status-publish","has-post-thumbnail","hentry"],"acf":[],"_links":{"self":[{"href":"https:\/\/www.delfi.com\/no\/wp-json\/wp\/v2\/pages\/14015","targetHints":{"allow":["GET"]}}],"collection":[{"href":"https:\/\/www.delfi.com\/no\/wp-json\/wp\/v2\/pages"}],"about":[{"href":"https:\/\/www.delfi.com\/no\/wp-json\/wp\/v2\/types\/page"}],"author":[{"embeddable":true,"href":"https:\/\/www.delfi.com\/no\/wp-json\/wp\/v2\/users\/3"}],"replies":[{"embeddable":true,"href":"https:\/\/www.delfi.com\/no\/wp-json\/wp\/v2\/comments?post=14015"}],"version-history":[{"count":1,"href":"https:\/\/www.delfi.com\/no\/wp-json\/wp\/v2\/pages\/14015\/revisions"}],"predecessor-version":[{"id":79065,"href":"https:\/\/www.delfi.com\/no\/wp-json\/wp\/v2\/pages\/14015\/revisions\/79065"}],"wp:featuredmedia":[{"embeddable":true,"href":"https:\/\/www.delfi.com\/no\/wp-json\/wp\/v2\/media\/13929"}],"wp:attachment":[{"href":"https:\/\/www.delfi.com\/no\/wp-json\/wp\/v2\/media?parent=14015"}],"curies":[{"name":"wp","href":"https:\/\/api.w.org\/{rel}","templated":true}]}}