{"id":15730,"date":"2023-07-28T17:17:44","date_gmt":"2023-07-28T15:17:44","guid":{"rendered":"https:\/\/www.delfi.com\/filosofi-2\/"},"modified":"2026-03-13T12:57:05","modified_gmt":"2026-03-13T11:57:05","slug":"filosofi","status":"publish","type":"page","link":"https:\/\/www.delfi.com\/no\/filosofi","title":{"rendered":"Filosofi"},"content":{"rendered":"<div class=\"wpb-content-wrapper\"><p>[vc_row wrap_container=&#8221;yes&#8221; css=&#8221;.vc_custom_1544835925643{padding-top: 90px !important;padding-bottom: 50px !important;}&#8221;][vc_column offset=&#8221;vc_col-md-offset-1 vc_col-md-10&#8243;]<div class=\"porto-u-heading  wpb_custom_95aa9a11c17ad45cfabaf210d84ee7cc porto-u-55ca8359258f9a412be7e73af65d2aac \" data-appear-animation=\"fadeInUp\" data-appear-animation-delay=\"100\"><div class=\"porto-u-main-heading\"><h1   style=\"font-weight:700;margin-bottom: 30px;font-size:42px;line-height:42px;\">Vores filosofi - vi er Delfi<\/h1><\/div><div class=\"porto-u-sub-heading\" style=\"font-size:16.8px;line-height:32px;\">Vi styrker din virksomhet gjennom lidenskap og engasjement for \u00e5 skape l\u00f8sninger i verdensklasse.<\/div><style>.porto-u-55ca8359258f9a412be7e73af65d2aac.porto-u-heading{text-align:center}<\/style><\/div>[\/vc_column][\/vc_row][vc_row wrap_container=&#8221;yes&#8221; css=&#8221;.vc_custom_1544836035086{padding-bottom: 70px !important;}&#8221;][vc_column width=&#8221;1\/2&#8243; animation_delay=&#8221;400&#8243; el_class=&#8221;col-sm-6&#8243; offset=&#8221;vc_col-md-3&#8243; animation_type=&#8221;fadeInRight&#8221;]<div class=\"porto-sicon-box px-lg-1 px-xl-5  wpb_custom_6bd3ea43243bb56571d580d187f8d1d7 style_1 top-icon\"><div class=\"porto-sicon-top\"><div class=\"porto-just-icon-wrapper porto-icon none\" style=\"color:#00aace;font-size:42px;\"><i class=\"Simple-Line-Icons-people\"><\/i><\/div><\/div><div class=\"porto-sicon-header\"><h3 class=\"porto-sicon-title\" style=\"font-weight:700;font-size:21px;line-height:21px;\">Partnerskap<\/h3><\/div> <!-- header --><div class=\"porto-sicon-description\" style=\"\">Vi tror p\u00e5 langsiktige partnerskap. Et partnerskap best\u00e5r av to parter. Vi velger hverandre fordi vi har en felles forst\u00e5else av utfordringene og tror vi kan l\u00f8se dem sammen. V\u00e5rt m\u00e5l er \u00e5 skape den beste l\u00f8sningen og den beste servicen i fellesskap.<\/div> <!-- description --><\/div><!-- porto-sicon-box -->[\/vc_column][vc_column width=&#8221;1\/2&#8243; animation_delay=&#8221;200&#8243; el_class=&#8221;col-sm-6&#8243; offset=&#8221;vc_col-md-3&#8243; animation_type=&#8221;fadeInRight&#8221;]<div class=\"porto-sicon-box px-lg-1 px-xl-5  wpb_custom_6bd3ea43243bb56571d580d187f8d1d7 style_1 top-icon\"><div class=\"porto-sicon-top\"><div class=\"porto-just-icon-wrapper porto-icon none\" style=\"color:#00aace;font-size:42px;\"><i class=\"Simple-Line-Icons-graph\"><\/i><\/div><\/div><div class=\"porto-sicon-header\"><h3 class=\"porto-sicon-title\" style=\"font-weight:700;font-size:21px;line-height:21px;\">Skape verdi<\/h3><\/div> <!-- header --><div class=\"porto-sicon-description\" style=\"\">N\u00e5r du g\u00e5r sammen med Delfi, f\u00e5r du v\u00e5rt fulle engasjement. Vi bygger flotte l\u00f8sninger sammen og arbeider for \u00e5 skape felles verdi for oss begge. Vi forsikrer oss om at v\u00e5re partnere f\u00e5r st\u00f8rst mulig verdi av v\u00e5re l\u00f8sninger ved \u00e5 tilby profesjonell ekspertise.<\/div> <!-- description --><\/div><!-- porto-sicon-box -->[\/vc_column][vc_column width=&#8221;1\/2&#8243; animation_delay=&#8221;200&#8243; el_class=&#8221;col-sm-6&#8243; offset=&#8221;vc_col-md-3&#8243; animation_type=&#8221;fadeInLeft&#8221;]<div class=\"porto-sicon-box px-lg-1 px-xl-5  wpb_custom_6bd3ea43243bb56571d580d187f8d1d7 style_1 top-icon\"><div class=\"porto-sicon-top\"><div class=\"porto-just-icon-wrapper porto-icon none\" style=\"color:#00aace;font-size:42px;\"><i class=\"Simple-Line-Icons-settings\"><\/i><\/div><\/div><div class=\"porto-sicon-header\"><h3 class=\"porto-sicon-title\" style=\"font-weight:700;font-size:21px;line-height:21px;\">Innovasjon<\/h3><\/div> <!-- header --><div class=\"porto-sicon-description\" style=\"\">Vi elsker det vi gj\u00f8r, og vi mener vi er de beste i v\u00e5r bransje. Vi er nysgjerrige og investerer i forskning fordi vi ser fremtiden i v\u00e5re l\u00f8sninger. <\/div> <!-- description --><\/div><!-- porto-sicon-box -->[\/vc_column][vc_column width=&#8221;1\/2&#8243; animation_delay=&#8221;400&#8243; el_class=&#8221;col-sm-6&#8243; offset=&#8221;vc_col-md-3&#8243; animation_type=&#8221;fadeInLeft&#8221;]<div class=\"porto-sicon-box px-lg-1 px-xl-5  wpb_custom_6bd3ea43243bb56571d580d187f8d1d7 style_1 top-icon\"><div class=\"porto-sicon-top\"><div class=\"porto-just-icon-wrapper porto-icon none\" style=\"color:#00aace;font-size:42px;\"><i class=\"Simple-Line-Icons-book-open\"><\/i><\/div><\/div><div class=\"porto-sicon-header\"><h3 class=\"porto-sicon-title\" style=\"font-weight:700;font-size:21px;line-height:21px;\">Kunnskapsdeling<\/h3><\/div> <!-- header --><div class=\"porto-sicon-description\" style=\"\">Vi er glade for \u00e5 kunne dele v\u00e5r verdifulle kunnskap med v\u00e5re kunder ettersom vi anser at \u00e6rlighet og engasjement vil f\u00f8re oss til v\u00e5rt felles m\u00e5l.<\/div> <!-- description --><\/div><!-- porto-sicon-box -->[\/vc_column][\/vc_row][vc_row wrap_container=&#8221;yes&#8221; css=&#8221;.vc_custom_1544836035086{padding-bottom: 70px !important;}&#8221;][vc_column width=&#8221;1\/2&#8243; animation_delay=&#8221;400&#8243; el_class=&#8221;col-sm-6&#8243; offset=&#8221;vc_col-md-3&#8243; animation_type=&#8221;fadeInRight&#8221;]<div class=\"porto-sicon-box px-lg-1 px-xl-5  wpb_custom_6bd3ea43243bb56571d580d187f8d1d7 style_1 top-icon\"><div class=\"porto-sicon-top\"><div class=\"porto-just-icon-wrapper porto-icon none\" style=\"color:#00aace;font-size:42px;\"><i class=\"Simple-Line-Icons-bubbles\"><\/i><\/div><\/div><div class=\"porto-sicon-header\"><h3 class=\"porto-sicon-title\" style=\"font-weight:700;font-size:21px;line-height:21px;\">Ikke farvel - men p\u00e5 gjensyn<\/h3><\/div> <!-- header --><div class=\"porto-sicon-description\" style=\"\">Vi leverer ikke bare en pakke \u2013 vi leverer en l\u00f8sning og holder kontakten for \u00e5 opprettholde v\u00e5rt partnerskap.<\/div> <!-- description --><\/div><!-- porto-sicon-box -->[\/vc_column][vc_column width=&#8221;1\/2&#8243; animation_delay=&#8221;200&#8243; el_class=&#8221;col-sm-6&#8243; offset=&#8221;vc_col-md-3&#8243; animation_type=&#8221;fadeInRight&#8221;][\/vc_column][vc_column width=&#8221;1\/2&#8243; animation_delay=&#8221;200&#8243; el_class=&#8221;col-sm-6&#8243; offset=&#8221;vc_col-md-3&#8243; animation_type=&#8221;fadeInLeft&#8221;][\/vc_column][vc_column width=&#8221;1\/2&#8243; animation_delay=&#8221;400&#8243; el_class=&#8221;col-sm-6&#8243; offset=&#8221;vc_col-md-3&#8243; animation_type=&#8221;fadeInLeft&#8221;][\/vc_column][\/vc_row]<\/p>\n<\/div>","protected":false},"excerpt":{"rendered":"<p>Vi styrker din virksomhet \u2013 gjennom lidenskap og engasjement skaper vi l\u00f8sninger i verdensklasse. Partnerskap, verdiskaping, innovasjon, kunnskapsdeling og gjensyn er noe vi streber etter \u00e5 leve opp til.<\/p>\n","protected":false},"author":5,"featured_media":18179,"parent":0,"menu_order":0,"comment_status":"closed","ping_status":"closed","template":"","meta":{"_acf_changed":false,"cybocfi_hide_featured_image":"yes","footnotes":""},"class_list":["post-15730","page","type-page","status-publish","has-post-thumbnail","hentry"],"acf":[],"_links":{"self":[{"href":"https:\/\/www.delfi.com\/no\/wp-json\/wp\/v2\/pages\/15730","targetHints":{"allow":["GET"]}}],"collection":[{"href":"https:\/\/www.delfi.com\/no\/wp-json\/wp\/v2\/pages"}],"about":[{"href":"https:\/\/www.delfi.com\/no\/wp-json\/wp\/v2\/types\/page"}],"author":[{"embeddable":true,"href":"https:\/\/www.delfi.com\/no\/wp-json\/wp\/v2\/users\/5"}],"replies":[{"embeddable":true,"href":"https:\/\/www.delfi.com\/no\/wp-json\/wp\/v2\/comments?post=15730"}],"version-history":[{"count":1,"href":"https:\/\/www.delfi.com\/no\/wp-json\/wp\/v2\/pages\/15730\/revisions"}],"predecessor-version":[{"id":79051,"href":"https:\/\/www.delfi.com\/no\/wp-json\/wp\/v2\/pages\/15730\/revisions\/79051"}],"wp:featuredmedia":[{"embeddable":true,"href":"https:\/\/www.delfi.com\/no\/wp-json\/wp\/v2\/media\/18179"}],"wp:attachment":[{"href":"https:\/\/www.delfi.com\/no\/wp-json\/wp\/v2\/media?parent=15730"}],"curies":[{"name":"wp","href":"https:\/\/api.w.org\/{rel}","templated":true}]}}