{"id":16504,"date":"2023-08-01T15:41:52","date_gmt":"2023-08-01T13:41:52","guid":{"rendered":"https:\/\/www.delfi.com\/dynamic-communicator\/"},"modified":"2026-03-13T12:56:39","modified_gmt":"2026-03-13T11:56:39","slug":"dynamic-communicator","status":"publish","type":"page","link":"https:\/\/www.delfi.com\/no\/dynamic-communicator","title":{"rendered":"Dynamic Communicator"},"content":{"rendered":"<div class=\"wpb-content-wrapper\"><p>[vc_row][vc_column width=&#8221;1\/2&#8243;][vc_column_text css=&#8221;&#8221; css_params=&#8221;&#8221;]<\/p>\n<h1>Infrastrukturen med elektroniske hylleetiketter<\/h1>\n<p><strong>Dynamic Communicator med toveis kommunikasjon<\/strong><\/p>\n<p>Dynamic Communicator er navet i butikkens RF-infrastruktur (radiofrekvens) og er ansvarlig for \u00e5 administrere distribusjonen av data over hele butikknettverket av ESL-er. <a href=\"https:\/\/www.delfi.com\/no\/losninger\/breece-cloud\/\">Breece Cloud<\/a>-l\u00f8sningen er enkel \u00e5 implementere &#8211; du trenger bare en Communicator og <a href=\"https:\/\/www.delfi.com\/no\/losninger\/elektroniske-hylleetiketter\/\">elektroniske hylleetiketter<\/a> (ESL), noe som fjerner behovet for en butikkserver og eventuell butikkprogramvareinstallasjon.<\/p>\n<p>Dynamic Communicator, som kobler Cloud-l\u00f8sningen til de elektroniske hylleetikettene i butikkene dine, kj\u00f8rer over separate frekvenser til Wi-Fi, noe som gj\u00f8r den sikker, spenstig og interferensfri.<\/p>\n<p>Med full toveiskommunikasjon er de tr\u00e5dl\u00f8se kommunikatorene enkle \u00e5 installere i butikkene dine med en enkel brakett, drevet over Ethernet (PoE). Hvert system kan koble til opptil 200.000 skjermer p\u00e5 50.000 kvadratfot. Dette gj\u00f8r l\u00f8sningen v\u00e5r til den rimeligere og mer effektive m\u00e5ten \u00e5 f\u00e5 mest mulig ut av pris- og kampanjestrategiene dine.[\/vc_column_text][\/vc_column][vc_column width=&#8221;1\/2&#8243;][vc_single_image image=&#8221;16483&#8243; img_size=&#8221;large&#8221; animation_type=&#8221;bounce&#8221;][\/vc_column][\/vc_row][vc_row][vc_column][vc_message style=&#8221;square&#8221; message_box_color=&#8221;black&#8221; icon_fontawesome=&#8221;fas fa-check-circle&#8221;]<strong>Dine fordeler:<\/strong><\/p>\n<ul>\n<li>Omfattende dekning &#8211; \u00e9n antenne dekker et omr\u00e5de p\u00e5 opptil 4.500 m2<\/li>\n<li>Fullstendig skalerbar &#8211; \u00e9n antenne st\u00f8tter opptil 200.000 displayer<\/li>\n<li>H\u00f8y datahastighet betyr at etiketter kan oppdateres raskt<\/li>\n<li>Virkelig toveis kommunikasjon &#8211; reviderbar bekreftelse av displayoppdateringer og status<\/li>\n<li>Enkel installasjon &#8211; krever kun Ethernet tilkobling med PoE<\/li>\n<\/ul>\n<p>[\/vc_message][\/vc_column][\/vc_row][vc_row][vc_column][vc_column_text]<div class=\"porto-block\" data-id=\"28854\"><div class=\"container-fluid\"><style>.vc_custom_1758012834136{margin-bottom: -120px !important;padding-top: 25px !important;padding-bottom: 70px !important;background-image: url(https:\/\/www.delfi.com\/wp-content\/uploads\/2023\/11\/Kontakt-os-Banner-vs-storre-3.jpg?id=61681) !important;background-position: center !important;background-repeat: no-repeat !important;background-size: cover !important;}div.wpforms-container-full .wpforms-field-label {\r\n    color:#ffffff!important;\r\n}\r\ndiv.wpforms-container-full .wpforms-field-label-inline, .wp-core-ui div.wpforms-container-full .wpforms-field-label-inline {\r\n    color: #fff!important;\r\n}\r\ndiv.wpforms-container-full .wpforms-field-description, div.wpforms-container-full .wpforms-field-limit-text, .wp-core-ui div.wpforms-container-full .wpforms-field-description, .wp-core-ui div.wpforms-container-full .wpforms-field-limit-text {\r\n    color: #fff!important;\r\n}<\/style>[vc_row full_width=\"stretch_row\" content_placement=\"middle\" css=\".vc_custom_1758012834136{margin-bottom: -120px !important;padding-top: 25px !important;padding-bottom: 70px !important;background-image: url(https:\/\/www.delfi.com\/wp-content\/uploads\/2023\/11\/Kontakt-os-Banner-vs-storre-3.jpg?id=61681) !important;background-position: center !important;background-repeat: no-repeat !important;background-size: cover !important;}\" conditional_render=\"%5B%7B%22value_role%22%3A%22administrator%22%7D%5D\" css_params=\"\"][vc_column width=\"1\/2\" offset=\"vc_col-lg-6 vc_col-md-6\" conditional_render=\"%5B%7B%22value_role%22%3A%22administrator%22%7D%5D\"]<div class=\"porto-u-heading  wpb_custom_95aa9a11c17ad45cfabaf210d84ee7cc porto-u-ad87e2eaf3f9c495180fe0156ddf3eb0 \" data-appear-animation=\"fadeInRight\" data-appear-animation-delay=\"200\"><div class=\"porto-u-main-heading\"><h2   style=\"font-weight:700;color:#ffffff;font-size:38px;line-height:50px;\">Styrk virksomheten din med Delfi Technologies<\/h2><\/div><div class=\"porto-u-sub-heading\" style=\"font-weight:300;color: #ffffff;font-size:38px;line-height:50px;\"><span style=\"letter-spacing: -0.05em;\">Lurer du p\u00e5 mer?<br \/>\r\nKontakt oss i dag, s\u00e5 kommer vi tilbake til deg.<\/span><\/div><style>.porto-u-ad87e2eaf3f9c495180fe0156ddf3eb0.porto-u-heading{text-align:left}<\/style><\/div>[\/vc_column][vc_column width=\"1\/2\" animation_delay=\"400\" offset=\"vc_col-xl-6 vc_col-lg-6 vc_col-md-6\" animation_type=\"fadeInRight\" conditional_render=\"%5B%7B%22value_role%22%3A%22administrator%22%7D%5D\"]<style id=\"wpforms-css-vars-16559\">\n\t\t\t\t#wpforms-16559 {\n\t\t\t\t--wpforms-field-size-input-height: 43px;\n--wpforms-field-size-input-spacing: 15px;\n--wpforms-field-size-font-size: 16px;\n--wpforms-field-size-line-height: 19px;\n--wpforms-field-size-padding-h: 14px;\n--wpforms-field-size-checkbox-size: 16px;\n--wpforms-field-size-sublabel-spacing: 5px;\n--wpforms-field-size-icon-size: 1;\n--wpforms-label-size-font-size: 16px;\n--wpforms-label-size-line-height: 19px;\n--wpforms-label-size-sublabel-font-size: 14px;\n--wpforms-label-size-sublabel-line-height: 17px;\n--wpforms-button-size-font-size: 17px;\n--wpforms-button-size-height: 41px;\n--wpforms-button-size-padding-h: 15px;\n--wpforms-button-size-margin-top: 10px;\n--wpforms-container-shadow-size-box-shadow: none;\n\t\t\t}\n\t\t\t<\/style><div class=\"wpforms-container wpforms-container-full wpforms-render-modern\" id=\"wpforms-16559\"><form id=\"wpforms-form-16559\" class=\"wpforms-validate wpforms-form wpforms-ajax-form\" data-formid=\"16559\" method=\"post\" enctype=\"multipart\/form-data\" action=\"\/no\/wp-json\/wp\/v2\/pages\/16504\" data-token=\"bc9bcfd2c9d035188f126bf007f7b404\" data-token-time=\"1775458649\"><noscript class=\"wpforms-error-noscript\">Please enable JavaScript in your browser to complete this form.<\/noscript><div id=\"wpforms-error-noscript\" style=\"display: none;\">Please enable JavaScript in your browser to complete this form.<\/div><div class=\"wpforms-field-container\"><div id=\"wpforms-16559-field_0-container\" class=\"wpforms-field wpforms-field-name wpforms-one-half wpforms-first\" data-field-id=\"0\"><label class=\"wpforms-field-label\" for=\"wpforms-16559-field_0\">Fullt navn <span class=\"wpforms-required-label\" aria-hidden=\"true\">*<\/span><\/label><input type=\"text\" id=\"wpforms-16559-field_0\" class=\"wpforms-field-large wpforms-field-required\" name=\"wpforms[fields][0]\" aria-errormessage=\"wpforms-16559-field_0-error\" required><\/div><div id=\"wpforms-16559-field_1-container\" class=\"wpforms-field wpforms-field-email wpforms-one-half\" data-field-id=\"1\"><label class=\"wpforms-field-label\" for=\"wpforms-16559-field_1\">E-post <span class=\"wpforms-required-label\" aria-hidden=\"true\">*<\/span><\/label><input type=\"email\" id=\"wpforms-16559-field_1\" class=\"wpforms-field-large wpforms-field-required\" name=\"wpforms[fields][1]\" spellcheck=\"false\" aria-errormessage=\"wpforms-16559-field_1-error\" required><\/div><div id=\"wpforms-16559-field_3-container\" class=\"wpforms-field wpforms-field-text wpforms-one-half wpforms-first\" data-field-id=\"3\"><label class=\"wpforms-field-label\" for=\"wpforms-16559-field_3\">Telefon <span class=\"wpforms-required-label\" aria-hidden=\"true\">*<\/span><\/label><input type=\"text\" id=\"wpforms-16559-field_3\" class=\"wpforms-field-large wpforms-field-required\" name=\"wpforms[fields][3]\" aria-errormessage=\"wpforms-16559-field_3-error\" required><\/div><div id=\"wpforms-16559-field_6-container\" class=\"wpforms-field wpforms-field-text wpforms-one-half\" data-field-id=\"6\"><label class=\"wpforms-field-label\" for=\"wpforms-16559-field_6\">Post kode <span class=\"wpforms-required-label\" aria-hidden=\"true\">*<\/span><\/label><input type=\"text\" id=\"wpforms-16559-field_6\" class=\"wpforms-field-large wpforms-field-required\" name=\"wpforms[fields][6]\" aria-errormessage=\"wpforms-16559-field_6-error\" required><\/div><div id=\"wpforms-16559-field_13-container\" class=\"wpforms-field wpforms-field-text wpforms-one-half wpforms-first\" data-field-id=\"13\"><label class=\"wpforms-field-label\" for=\"wpforms-16559-field_13\">Land <span class=\"wpforms-required-label\" aria-hidden=\"true\">*<\/span><\/label><input type=\"text\" id=\"wpforms-16559-field_13\" class=\"wpforms-field-large wpforms-field-required\" name=\"wpforms[fields][13]\" aria-errormessage=\"wpforms-16559-field_13-error\" required><\/div><div id=\"wpforms-16559-field_4-container\" class=\"wpforms-field wpforms-field-text wpforms-one-half\" data-field-id=\"4\"><label class=\"wpforms-field-label\" for=\"wpforms-16559-field_4\">Selskap <span class=\"wpforms-required-label\" aria-hidden=\"true\">*<\/span><\/label><input type=\"text\" id=\"wpforms-16559-field_4\" class=\"wpforms-field-large wpforms-field-required\" name=\"wpforms[fields][4]\" aria-errormessage=\"wpforms-16559-field_4-error\" required><\/div><div id=\"wpforms-16559-field_2-container\" class=\"wpforms-field wpforms-field-textarea\" data-field-id=\"2\"><label class=\"wpforms-field-label\" for=\"wpforms-16559-field_2\">Beskjed <span class=\"wpforms-required-label\" aria-hidden=\"true\">*<\/span><\/label><textarea id=\"wpforms-16559-field_2\" class=\"wpforms-field-small wpforms-field-required\" name=\"wpforms[fields][2]\" aria-errormessage=\"wpforms-16559-field_2-error\" required><\/textarea><\/div><div id=\"wpforms-16559-field_14-container\" class=\"wpforms-field wpforms-field-gdpr-checkbox\" data-field-id=\"14\"><label class=\"wpforms-field-label\">GDPR <span class=\"wpforms-required-label\" aria-hidden=\"true\">*<\/span><\/label><ul id=\"wpforms-16559-field_14\" class=\"wpforms-field-required\"><li class=\"choice-1\"><input type=\"checkbox\" id=\"wpforms-16559-field_14_1\" name=\"wpforms[fields][14][]\" value=\"Jeg samtykker i at denne nettsiden lagrer min innsendte informasjon slik at de kan svare p\u00e5 foresp\u00f8rselen min.\" aria-errormessage=\"wpforms-16559-field_14_1-error\" aria-describedby=\"wpforms-16559-field_14-description\" required ><label class=\"wpforms-field-label-inline\" for=\"wpforms-16559-field_14_1\">Jeg samtykker i at denne nettsiden lagrer min innsendte informasjon slik at de kan svare p\u00e5 foresp\u00f8rselen min.<\/label><\/li><\/ul><div id=\"wpforms-16559-field_14-description\" class=\"wpforms-field-description\">Du kan lese mer om v\u00e5r behandling av dine personopplysninger og informasjonskapsler <a href=\"https:\/\/www.delfi.com\/no\/personvernregler\/\">her.<\/a><\/div><\/div><\/div><!-- .wpforms-field-container --><div class=\"wpforms-submit-container\" ><input type=\"hidden\" name=\"wpforms[id]\" value=\"16559\"><input type=\"hidden\" name=\"page_title\" value=\"\"><input type=\"hidden\" name=\"page_url\" value=\"https:\/\/www.delfi.com\/no\/wp-json\/wp\/v2\/pages\/16504\"><input type=\"hidden\" name=\"url_referer\" value=\"\"><button type=\"submit\" name=\"wpforms[submit]\" id=\"wpforms-submit-16559\" class=\"wpforms-submit\" data-alt-text=\"Sender...\" data-submit-text=\"Sende\" aria-live=\"assertive\" value=\"wpforms-submit\">Sende<\/button><img loading=\"lazy\" decoding=\"async\" src=\"https:\/\/www.delfi.com\/wp-content\/plugins\/wpforms\/assets\/images\/submit-spin.svg\" class=\"wpforms-submit-spinner\" style=\"display: none;\" width=\"26\" height=\"26\" alt=\"Loading\" title=\"\"><\/div><\/form><\/div>  <!-- .wpforms-container -->[\/vc_column][\/vc_row]<\/div><\/div>[\/vc_column_text][\/vc_column][\/vc_row]<\/p>\n<\/div>","protected":false},"excerpt":{"rendered":"<p>P\u00e5 hovedkontoret er alt du trenger en enkelt server og en datamaskin for \u00e5 lage i\u00f8ynefallende etikettmaler som kan sendes til alle elektroniske hylleetiketter i tilkoblede butikker i l\u00f8pet av sekunder. Programvaren en enkel \u00e5 bruke og er koblet til din sentrale ERP og andre datakilder. <\/p>\n","protected":false},"author":5,"featured_media":18167,"parent":0,"menu_order":0,"comment_status":"closed","ping_status":"closed","template":"","meta":{"_acf_changed":false,"cybocfi_hide_featured_image":"yes","footnotes":""},"class_list":["post-16504","page","type-page","status-publish","has-post-thumbnail","hentry"],"acf":[],"_links":{"self":[{"href":"https:\/\/www.delfi.com\/no\/wp-json\/wp\/v2\/pages\/16504","targetHints":{"allow":["GET"]}}],"collection":[{"href":"https:\/\/www.delfi.com\/no\/wp-json\/wp\/v2\/pages"}],"about":[{"href":"https:\/\/www.delfi.com\/no\/wp-json\/wp\/v2\/types\/page"}],"author":[{"embeddable":true,"href":"https:\/\/www.delfi.com\/no\/wp-json\/wp\/v2\/users\/5"}],"replies":[{"embeddable":true,"href":"https:\/\/www.delfi.com\/no\/wp-json\/wp\/v2\/comments?post=16504"}],"version-history":[{"count":2,"href":"https:\/\/www.delfi.com\/no\/wp-json\/wp\/v2\/pages\/16504\/revisions"}],"predecessor-version":[{"id":79049,"href":"https:\/\/www.delfi.com\/no\/wp-json\/wp\/v2\/pages\/16504\/revisions\/79049"}],"wp:featuredmedia":[{"embeddable":true,"href":"https:\/\/www.delfi.com\/no\/wp-json\/wp\/v2\/media\/18167"}],"wp:attachment":[{"href":"https:\/\/www.delfi.com\/no\/wp-json\/wp\/v2\/media?parent=16504"}],"curies":[{"name":"wp","href":"https:\/\/api.w.org\/{rel}","templated":true}]}}