{"id":19032,"date":"2023-07-18T13:15:54","date_gmt":"2023-07-18T11:15:54","guid":{"rendered":"https:\/\/www.delfi.com\/betaling-frakt-returer\/"},"modified":"2026-03-13T12:55:44","modified_gmt":"2026-03-13T11:55:44","slug":"betaling-frakt-returer","status":"publish","type":"page","link":"https:\/\/www.delfi.com\/no\/betaling-frakt-returer","title":{"rendered":"Betaling, Frakt og Returer"},"content":{"rendered":"<div class=\"wpb-content-wrapper\"><p>[vc_row][vc_column][vc_column_text css=&#8221;&#8221; css_params=&#8221;&#8221;]<\/p>\n<h1>Betaling, Frakt og Returer<\/h1>\n<h2>Betaling<\/h2>\n<p>Delfi Technologies A\/S har full rett til \u00e5 vurdere hvilket betalingsskjema kunden eller forhandleren er p\u00e5, med mindre annet er avtalt.<\/p>\n<p>Alle eksisterende kunder som er registrert i Delfi Technologies A\/S kundekatalog, vil beholde de tidligere avtalte betalingsvilk\u00e5rene.[\/vc_column_text][\/vc_column][\/vc_row][vc_row][vc_column width=&#8221;1\/2&#8243;][vc_column_text]<strong>Hos Delfi Technologies A\/S har du muligheten til \u00e5 betale med f\u00f8lgende betalingsmetoder:<\/strong><\/p>\n<ul>\n<li>Fakturabetaling<\/li>\n<li>MobilePay<\/li>\n<li>EAN-betaling (kun offentlige kunder)<\/li>\n<li>SS (Leverand\u00f8rservice)<\/li>\n<\/ul>\n<p><strong>Hvordan fungerer MobilePay?<\/strong><\/p>\n<p>N\u00e5 kan du bruke MobilePay for \u00e5 betale bestillingen din fra Delfi Technologies. Bare oppgi den 6-sifrede ordrenummeret, som befinner seg \u00f8verst til h\u00f8yre p\u00e5 ordrebekreftelsen.<\/p>\n<p><strong>Hvordan fungerer det?<\/strong><\/p>\n<ol>\n<li>Du vil motta en ordrebekreftelse fra Delfi Technologies.<\/li>\n<li>Du betaler via MobilePay til v\u00e5rt nummer: 25530 \u2013 <strong>husk \u00e5 oppgi ordrenummeret.<\/strong><\/li>\n<\/ol>\n<p>[\/vc_column_text][\/vc_column][vc_column width=&#8221;1\/2&#8243;][vc_single_image image=&#8221;14071&#8243; img_size=&#8221;full&#8221; alignment=&#8221;center&#8221;][\/vc_column][\/vc_row][vc_row][vc_column][vc_column_text]<\/p>\n<h4>Hvordan fungerer EAN-betaling med Delfi Technologies?<\/h4>\n<p>Hvis du er en offentlig kunde hos Delfi Technologies A\/S, har du muligheten til \u00e5 betale via elektronisk EAN-faktura. N\u00e5r du skal legge inn en bestilling, legger du bare til en EAN-nummer til bestillingen din. Deretter vil du motta fakturaen via v\u00e5rt Sproom-system.<\/p>\n<h4>SS \u2013 Leverand\u00f8rservice<\/h4>\n<p>Hos Delfi tilbyr vi ogs\u00e5 SS til de kundene som \u00f8nsker \u00e5 unng\u00e5 bryet med \u00e5 betale regninger. Med SS s\u00f8rger vi for at pengene trekkes \u2013 i samr\u00e5d med kunden.<\/p>\n<p>Med SS tilbyr vi ogs\u00e5 en litt lengre kreditt, vanligvis netto 14 dager.<\/p>\n<p>Hvis du vil lese mer om SS og\/eller registrere deg, m\u00e5 det gj\u00f8res via nettstedet v\u00e5rt: https:\/\/www.delfi.com\/ls<\/p>\n<p><em>For andre henvendelser, vennligst send en e-post til accounting@delfi.com.<\/em>[\/vc_column_text][vc_separator][\/vc_column][\/vc_row][vc_row][vc_column][vc_column_text]<\/p>\n<h2>Frakt<\/h2>\n<p>Delfi Technologies A\/S sender flertallet av pakkene med GLS Danmark. Varer som leveres med paller sendes med Dachser.<\/p>\n<p>N\u00e5r varene dine er sendt, sender vi deg en bekreftelse med et sporingsnummer som du kan bruke for \u00e5 spore pakken din til den n\u00e5r deg.<\/p>\n<p>Ordrer som best\u00e5r av varer vi har p\u00e5 lager, sendes samme dag hvis de bestilles f\u00f8r kl. 14:00.<\/p>\n<p>Hvis bestillingen best\u00e5r av varer som vi ikke har p\u00e5 lager, vil du motta en bekreftelse kl. 20:00 samme dag, n\u00e5r du kan forvente at de er p\u00e5 lager.<\/p>\n<h4>Fraktvilk\u00e5r (levering til Danmark og Sverige)<\/h4>\n<ul>\n<li>Gratis levering for bestillinger over DKK 1000,- \/ SEK 1.500,- mottatt via nettbutikken*<\/li>\n<li>For bestillinger under DKK 1000,- eller bestillinger som ikke er mottatt via nettbutikken, gjelder f\u00f8lgende:\n<ul>\n<li>Fraktgebyr p\u00e5 DKK 50,- i Danmark og SEK 138,- i Sverige per pakke opptil 20 kg etter volum\/pakke**<\/li>\n<li>H\u00e5ndteringsgebyr p\u00e5 DKK 100,- \/ SEK 150,- for bestillinger under DKK 500,- \/ SEK 750,-<\/li>\n<li>1\/2 paller innenfor Danmark har et fraktgebyr p\u00e5 DKK 380,- i Danmark \/ SEK 950,- i Sverige<\/li>\n<li>1\/1 paller innenfor Danmark har et fraktgebyr p\u00e5 DKK 530,- i Danmark \/ SEK 1.160,- i Sverige<\/li>\n<\/ul>\n<\/li>\n<\/ul>\n<p>*Delfi tilbyr gratis frakt, s\u00e5 lenge produktene ikke omfattes av spesialpriser\/rabatter, kampanjer og demoprodukter, osv.<\/p>\n<p>**P\u00e5 grunn av passende fraktbehandling kan det v\u00e6re n\u00f8dvendig \u00e5 dele volumet av pakken inn i flere pakker basert p\u00e5 Delfi Technologies&#8217; vurdering.<\/p>\n<p>Prisen for frakt til andre land belastes i henhold til et spesifikt tilbud, med mindre annet er avtalt.<\/p>\n<p>Delfi Technologies A\/S leverer og selger kun til bedrifter (Business to Business &#8211; B2B) med forutg\u00e5ende kontoregistrering og registrert CVR \/ momsnummer.[\/vc_column_text][\/vc_column][\/vc_row][vc_row][vc_column][vc_separator][\/vc_column][\/vc_row][vc_row][vc_column][vc_column_text]<\/p>\n<h2>Returer<\/h2>\n<p>Returer vil bare bli akseptert etter forh\u00e5ndsskreven samtykke fra selgeren.<\/p>\n<p>Kanselleringer av ordrer vil bare bli akseptert etter forh\u00e5ndsskreven samtykke fra selgeren, som for ikke-p\u00e5-lager-varer eller varer kj\u00f8pt for kj\u00f8peren.<\/p>\n<p>Eventuell kansellering av en ordre vil p\u00e5l\u00f8pe et gebyr p\u00e5 15 % av verdien av den \u00e5pne ordren.[\/vc_column_text][vc_btn title=&#8221;Se alle termer&#8221; shape=&#8221;rounded&#8221; color=&#8221;black&#8221; size=&#8221;lg&#8221; link=&#8221;url:https%3A%2F%2Fwww.delfi.com%2Fterms-condtions-sale-and-delivery|&#8221;][\/vc_column][\/vc_row]<\/p>\n<\/div>","protected":false},"excerpt":{"rendered":"<p>Delfi Technologies A\/S har full rett til \u00e5 vurdere hvilken betalingsordning kunden eller forhandleren er p\u00e5 med mindre annet er avtalt. Alle eksisterende kunder som er registrert i Delfi Technologies A\/S kundekatalog vil beholde betalingsbetingelsene som er avtalt tidligere.<\/p>\n","protected":false},"author":3,"featured_media":14071,"parent":0,"menu_order":0,"comment_status":"closed","ping_status":"closed","template":"","meta":{"_acf_changed":false,"cybocfi_hide_featured_image":"yes","footnotes":""},"class_list":["post-19032","page","type-page","status-publish","has-post-thumbnail","hentry"],"acf":[],"_links":{"self":[{"href":"https:\/\/www.delfi.com\/no\/wp-json\/wp\/v2\/pages\/19032","targetHints":{"allow":["GET"]}}],"collection":[{"href":"https:\/\/www.delfi.com\/no\/wp-json\/wp\/v2\/pages"}],"about":[{"href":"https:\/\/www.delfi.com\/no\/wp-json\/wp\/v2\/types\/page"}],"author":[{"embeddable":true,"href":"https:\/\/www.delfi.com\/no\/wp-json\/wp\/v2\/users\/3"}],"replies":[{"embeddable":true,"href":"https:\/\/www.delfi.com\/no\/wp-json\/wp\/v2\/comments?post=19032"}],"version-history":[{"count":3,"href":"https:\/\/www.delfi.com\/no\/wp-json\/wp\/v2\/pages\/19032\/revisions"}],"predecessor-version":[{"id":79041,"href":"https:\/\/www.delfi.com\/no\/wp-json\/wp\/v2\/pages\/19032\/revisions\/79041"}],"wp:featuredmedia":[{"embeddable":true,"href":"https:\/\/www.delfi.com\/no\/wp-json\/wp\/v2\/media\/14071"}],"wp:attachment":[{"href":"https:\/\/www.delfi.com\/no\/wp-json\/wp\/v2\/media?parent=19032"}],"curies":[{"name":"wp","href":"https:\/\/api.w.org\/{rel}","templated":true}]}}