{"id":19035,"date":"2023-07-20T07:32:34","date_gmt":"2023-07-20T05:32:34","guid":{"rendered":"https:\/\/www.delfi.com\/fns-verdensmaal\/"},"modified":"2026-03-20T14:06:15","modified_gmt":"2026-03-20T13:06:15","slug":"fns-verdensmaal","status":"publish","type":"page","link":"https:\/\/www.delfi.com\/no\/fns-verdensmaal","title":{"rendered":"FN&#8217;s Verdensm\u00e5l"},"content":{"rendered":"<div class=\"wpb-content-wrapper\"><p>[vc_row][vc_column][vc_column_text css=&#8221;&#8221; css_params=&#8221;&#8221;]<\/p>\n<h1>Slik arbeider vi med FNs 17 b\u00e6rekraftsm\u00e5l<\/h1>\n<p>FNs 17 b\u00e6rekraftsm\u00e5l er den hittil mest ambisi\u00f8se globale utviklingsagendaen med fokus p\u00e5 b\u00e6rekraft og transformasjon.<br \/>\nHer vedtok verdens stats- og regjeringssjefer 17 b\u00e6rekraftsm\u00e5l samt 169 delm\u00e5l for en b\u00e6rekraftig utvikling, som skal bidra til \u00e5 l\u00f8se fremtidens klimautfordringer.<\/p>\n<p>B\u00e6rekraftsm\u00e5lene forplikter alle FNs 193 medlemsland til \u00e5 skape en mer b\u00e6rekraftig verden ved \u00e5 avskaffe fattigdom og sult, redusere ulikhet, sikre god utdanning og bedre helse for alle, anstendige jobber og mer b\u00e6rekraftig \u00f8konomisk vekst. Dette er sannsynligvis v\u00e5r tids viktigste plan.[\/vc_column_text][\/vc_column][\/vc_row][vc_row][vc_column width=&#8221;1\/2&#8243;][vc_column_text]<\/p>\n<h2>Sammen kan vi gj\u00f8re en forskjell<\/h2>\n<p>Det er ingen tvil om at dersom det skal skapes utvikling og konkrete resultater, krever det en innsats fra alle. Mange virksomheter, ildsjeler og organisasjoner i Danmark er allerede godt i gang med \u00e5 sette b\u00e6rekraftige utviklingsspor med utgangspunkt i b\u00e6rekraftsm\u00e5lene \u2013 det gjelder ogs\u00e5 hos Delfi Technologies, men vi kan langt fra l\u00f8fte b\u00e6rekraftsm\u00e5lene alene.<\/p>\n<p>Men n\u00e5r vi setter klare m\u00e5l og prioriterer ressursene v\u00e5re deretter, er det mulig \u00e5 oppn\u00e5 resultater. Det krever innsats p\u00e5 et overordnet niv\u00e5 fra regjeringer, multinasjonale selskaper og verdensomspennende NGO-er \u2013 men ogs\u00e5 p\u00e5 mikroniv\u00e5 med kommunestyrer, mindre virksomheter og frivillige ildsjeler.<\/p>\n<p>Hos Delfi Technologies har vi valgt \u00e5 fokusere p\u00e5 et utvalg av de 17 b\u00e6rekraftsm\u00e5lene, der vi mener at vi kan gj\u00f8re en s\u00e6rlig forskjell. Innsatsen v\u00e5r omfatter for \u00f8yeblikket f\u00f8lgende b\u00e6rekraftsm\u00e5l:[\/vc_column_text][\/vc_column][vc_column width=&#8221;1\/2&#8243;][vc_single_image image=&#8221;14193&#8243; img_size=&#8221;full&#8221;][\/vc_column][\/vc_row][vc_row][vc_column][vc_separator][\/vc_column][\/vc_row][vc_row][vc_column width=&#8221;1\/2&#8243;][vc_single_image image=&#8221;14202&#8243; img_size=&#8221;full&#8221;][\/vc_column][vc_column width=&#8221;1\/2&#8243;][vc_column_text]<\/p>\n<h2>M\u00e5l 2: Utrydde sult<\/h2>\n<p><strong>Case: F\u00f8devareBanken \u2013 fra matsvinn til m\u00e5ltid<\/strong><br \/>\nGjennom samarbeidet v\u00e5rt med F\u00f8devareBanken om utvikling av en strekkodel\u00f8sning for elektronisk produktregistrering, st\u00f8tter vi FNs globale m\u00e5l som tar sikte p\u00e5 \u00e5 utrydde fattigdom, utrydde sult, skape mindre ulikhet, sikre ansvarlig forbruk og produksjon og gj\u00f8re en innsats for klimaet. Det er en god l\u00f8sning fordi den binder all logistikk sammen og bidrar til \u00e5 sikre produktets sporbarhet. Prosjektet skiller seg ut ved \u00e5 skape et h\u00f8yt niv\u00e5 av mattrygghet i forsyningskjeden, noe som bidrar til mindre matsvinn i Danmark.[\/vc_column_text][\/vc_column][\/vc_row][vc_row][vc_column][vc_column_text]Bare i 2019 ble det samlet inn og delt ut mer enn 1 350 tonn mat til sosialt utsatte i Danmark. Det ble til mer enn 3 375 000 m\u00e5ltider og har skapt en reduksjon i CO2-utslippene p\u00e5 1 806 tonn. (Kilde: <a href=\"https:\/\/foedevarebanken.dk\/\" target=\"_blank\" rel=\"noopener\">https:\/\/foedevarebanken.dk\/<\/a>).<\/p>\n<p>Et samarbeid med en rekke matvarebedrifter sikrer donasjon av overskuddsmat, som registreres elektronisk med en strekkodel\u00f8sning. Selve l\u00f8sningen kan enkelt skaleres til samarbeid med flere virksomheter \u2013 b\u00e5de nasjonalt i Danmark, men ogs\u00e5 i utlandet. Matvarenes strekkoder bidrar til \u00e5 sikre sporbarhet.<\/p>\n<p>Med strekkodel\u00f8sningen kan F\u00f8devareBanken alltid finne tilbake til n\u00f8yaktig hvor et spesifikt parti matvarer er blitt samlet inn, samt hvor det aktuelle partiet er blitt delt ut. Det unike ved l\u00f8sningen er at det er mulig \u00e5 sikre varesporbarhet gjennom hele prosessen og reagere raskt dersom det skulle oppst\u00e5 behov for \u00e5 tilbakekalle et parti matvarer. Samtidig arbeides det etter et &#8220;First in First Out&#8221;-prinsipp, slik at matvarene med kortest holdbarhet deles ut f\u00f8rst, og risikoen for svinn minimeres kontinuerlig. L\u00f8sningen er utviklet av Delfi Technologies i samarbeid med F\u00f8devareBanken.[\/vc_column_text][vc_btn title=&#8221;Les casestudien her&#8221; shape=&#8221;rounded&#8221; color=&#8221;black&#8221; size=&#8221;lg&#8221; link=&#8221;url:https%3A%2F%2Fwww.delfi.com%2Fno%2Freferanser%2Ffoedevarebanken%2Ffoedevarebanken-4|title:Fra%20matsvinn%20til%20m%C3%A5ltid%20med%20elektronisk%20sporing%20av%20varer|&#8221; css_params=&#8221;&#8221;][\/vc_column][\/vc_row][vc_row][vc_column][vc_separator][\/vc_column][\/vc_row][vc_row][vc_column width=&#8221;1\/2&#8243;][vc_single_image image=&#8221;14211&#8243; img_size=&#8221;full&#8221;][\/vc_column][vc_column width=&#8221;1\/2&#8243;][vc_column_text]<\/p>\n<h2>M\u00e5l 3: God helse og livskvalitet<\/h2>\n<p><strong>Case: Bedre pasientsikkerhet i Danmark<\/strong><br \/>\nVi er innovative i arbeidet v\u00e5rt med maskinvare- og programvarel\u00f8sninger til helsesektoren. Gjennom et samarbeid med de danske regionene utvikler vi strekkodel\u00f8sninger som bidrar til \u00e5 styrke pasientsikkerheten og lette arbeidet p\u00e5 regionenes sykehus.<\/p>\n<p>Programvarel\u00f8sningen, Delfi EasyScan, er utviklet av Delfi Technologies og best\u00e5r av strekkodeprogramvare, h\u00e5ndskannere og armb\u00e5ndsskrivere. Det er en sentralisert strekkodel\u00f8sning som gir nye teknologiske muligheter og samler ulike arbeidsfunksjoner i \u00e9n l\u00f8sning. Nye h\u00e5ndskannere vil bidra til \u00e5 forkorte arbeidsprosesser og skape bedre oversikt.[\/vc_column_text][vc_btn title=&#8221;Les casestudien her&#8221; shape=&#8221;rounded&#8221; color=&#8221;black&#8221; size=&#8221;lg&#8221; link=&#8221;url:https%3A%2F%2Fwww.delfi.com%2Fno%2Fnyheter%2Fregion-zealand-strengthens-patient-safety%2F|title:Region%20Sj%C3%A6lland%20styrker%20pasientsikkerheten|&#8221; css_params=&#8221;&#8221;][\/vc_column][\/vc_row][vc_row][vc_column][vc_column_text]I 2020 slo koronaviruset for alvor gjennom. I den forbindelse ble det etablert en rekke testsentre rundt omkring i Danmark. Her registreres testpersonens helsetrygdkort ved hjelp av <a href=\"https:\/\/shop.delfi.com\/en\/category\/barcode-scanners\/\" target=\"_blank\" rel=\"noopener\">h\u00e5ndskannere<\/a>, som Delfi Technologies blant annet leverer til Region Sj\u00e6lland og Region Hovedstaden.<\/p>\n<p>Skannerne er en spesiell antibakteriell modell, som egner seg s\u00e6rlig for helsevesenet og t\u00e5ler spesielle vilk\u00e5r som ekstra rengj\u00f8ring og desinfisering.[\/vc_column_text][vc_btn title=&#8221;Les casestudien her&#8221; shape=&#8221;rounded&#8221; color=&#8221;black&#8221; size=&#8221;lg&#8221; link=&#8221;url:https%3A%2F%2Fdelfi.com%2Fda%2Fnyheder%2Fdelfi-leverer-udstyr-til-corona-testcentre%2F|title:Fra%20matsvinn%20til%20m%C3%A5ltid%20med%20elektronisk%20sporing%20av%20varer|&#8221; css_params=&#8221;&#8221;][\/vc_column][\/vc_row][vc_row][vc_column][vc_separator][\/vc_column][\/vc_row][vc_row][vc_column][vc_column_text]<\/p>\n<h2>M\u00e5l 5: Likestilling mellom kj\u00f8nnene<\/h2>\n<p>&#8211; <em>Selv om IT- og tech-bransjen historisk sett har v\u00e6rt sv\u00e6rt mannsdominert, opplever vi en trend i Delfi Technologies der det kommer flere kvinner til i dag \u2013 b\u00e5de internt i virksomheten og i nettverket rundt oss. I ethvert ansettelsesforhold sikrer vi naturligvis ogs\u00e5 likestilling mellom kj\u00f8nnene, slik at menn og kvinner har de samme rettighetene og mulighetene <\/em>, <strong>sier Caroline Hagen, som er CMO i Delfi Technologies A\/S.<\/strong>[\/vc_column_text][\/vc_column][\/vc_row][vc_row][vc_column][vc_separator][\/vc_column][\/vc_row][vc_row][vc_column][vc_single_image image=&#8221;14240&#8243; img_size=&#8221;full&#8221; alignment=&#8221;center&#8221;][vc_column_text]<\/p>\n<h2>M\u00e5l 8: Anstendig arbeid og \u00f8konomisk vekst<\/h2>\n<p><em>\u2013 I arbeidet v\u00e5rt med \u00e5 sikre kundene v\u00e5re den nyeste teknologien, bidrar vi ogs\u00e5 med l\u00f8sninger som skaper h\u00f8yere produktivitet. Vi ser i \u00f8kende grad et \u00f8nske fra kundene v\u00e5re om \u00e5 gjennomf\u00f8re en teknologisk oppgradering som virkemiddel for \u00e5 skape \u00f8konomisk vekst, <\/em> <strong>forteller Palle Svendsen, som er CEO i Delfi Technologies A\/S.<\/strong><\/p>\n<h2>M\u00e5l 9: Industri, innovasjon og infrastruktur<\/h2>\n<p><em>\u2013 Hos Delfi Technologies legger vi stor vekt p\u00e5 innovasjon og ser p\u00e5 det som en avgj\u00f8rende drivkraft for teknologisk utvikling. V\u00e5r viktigste oppgave er \u00e5 ligge i forkant av utviklingen og skape innovative l\u00f8sninger som fremmer kundenes virksomhet og konkurranseevne, <\/em> <strong>sier Palle Svendsen.<\/strong>[\/vc_column_text][\/vc_column][\/vc_row][vc_row][vc_column][vc_separator][\/vc_column][\/vc_row][vc_row][vc_column][vc_single_image image=&#8221;14248&#8243; img_size=&#8221;full&#8221; alignment=&#8221;center&#8221;][\/vc_column][\/vc_row][vc_row][vc_column width=&#8221;1\/2&#8243;][vc_column_text]<\/p>\n<h2>M\u00e5l 12: Ansvarlig forbruk og produksjon<\/h2>\n<p><strong>Case: Digitalt verkt\u00f8y hjelper MENY i kampen mot matsvinn<\/strong><br \/>\nEt sentralt element i FNs 17 b\u00e6rekraftsm\u00e5l er bekjempelsen av matsvinn. Delm\u00e5l 12.3 lyder at innen 2030 skal det globale matsvinnet p\u00e5 detalj- og forbrukerniv\u00e5 per innbygger halveres, og matvaretap i produksjons- og forsyningskjeder skal reduseres.<\/p>\n<p>I dag er matsvinn et prioritert innsatsomr\u00e5de hos mange supermarkedkjeder. Sammen med Dagrofas flaggskipkjede, MENY, bruker vi et digitalt verkt\u00f8y for \u00e5 fjerne risikoen for at det i det hele tatt genereres matsvinn. Hos MENY handler det ikke bare om \u00e5 gi bort overskuddsmat til sosiale form\u00e5l, men i enda st\u00f8rre grad ogs\u00e5 om \u00e5 endre rutinene hos butikkpersonalet.<\/p>\n<p>Whywaste hedder det nye v\u00e6rkt\u00f8j, der har fundet vej til landets MENY-butikker, som et seri\u00f8st initiativ i kampen mod madspild og datovarer. Som en del av Whywaste-prosjektet er Delfi Technologies valgt som IT-leverand\u00f8r av <a href=\"https:\/\/shop.delfi.com\/en\/category\/handheld-terminals-and-accessories\/\" target=\"_blank\" rel=\"noopener\">h\u00e5ndterminaler<\/a> og mobile <a href=\"https:\/\/shop.delfi.com\/en\/category\/label-printers\/\" target=\"_blank\" rel=\"noopener\">etikettskrivere<\/a> til Dagrofa.[\/vc_column_text][vc_btn title=&#8221;Les casestudien her&#8221; shape=&#8221;rounded&#8221; color=&#8221;black&#8221; size=&#8221;lg&#8221; link=&#8221;url:https%3A%2F%2Fdelfi.com%2Fda%2Freferencer%2Fmeny-solroed%2F|title:Fra%20matsvinn%20til%20m%C3%A5ltid%20med%20elektronisk%20sporing%20av%20varer|&#8221;][\/vc_column][vc_column width=&#8221;1\/2&#8243;][vc_column_text]<\/p>\n<h2>M\u00e5l 13: Stoppe klimaendringene<\/h2>\n<p><strong>Case: Jensen Seeds \u2013 \u00f8kt sporbarhet i forsyningskjeden<\/strong><br \/>\nGjennom samarbeidet v\u00e5rt med Jensen Seeds sikrer vi en positiv innvirkning p\u00e5 b\u00e6rekraftsm\u00e5l 12 og 13.<\/p>\n<p>Det danske fr\u00f8firmaet Jensen Seeds leverer \u00e5rlig mer enn 10 000 tonn fr\u00f8 til sine kunder. Derfor er det helt avgj\u00f8rende at det ikke oppst\u00e5r feil i produksjonen og sorteringen av fr\u00f8ene. Her oppsto behovet for en RFID-l\u00f8sning for \u00e5 spore, lokalisere og identifisere prosessen fra dyrker til helautomatisk rensing, sortering og pakking.<\/p>\n<p>En vedvarende investering i innovasjon og infrastruktur er nemlig en avgj\u00f8rende drivkraft for \u00f8konomisk vekst og utvikling. Her er den teknologiske utviklingen n\u00f8kkelen til \u00e5 finne l\u00f8sninger p\u00e5 b\u00e5de \u00f8konomiske og milj\u00f8messige utfordringer.<\/p>\n<p>I arbeidet med kvalitetssikring var Jensen Seeds den f\u00f8rste fr\u00f8leverand\u00f8ren i verden som tok i bruk den tr\u00e5dl\u00f8se RFID-teknologien. I dag eies Jensen Seeds av DLF, som er et globalt fr\u00f8selskap som leverer fr\u00f8 til f\u00f4rgress samt privat og profesjonelt plen\u00adgress i mer enn 80 land verden over. Ogs\u00e5 her er Jensen Seeds en first mover, og mange andre produsenter ser derfor hit n\u00e5r de s\u00f8ker inspirasjon til prosessoptimalisering, bedre kontroll og \u00f8kt sporbarhet.[\/vc_column_text][vc_btn title=&#8221;Les casestudien her&#8221; shape=&#8221;rounded&#8221; color=&#8221;black&#8221; size=&#8221;lg&#8221; link=&#8221;url:https%3A%2F%2Fdelfi.com%2Fda%2Freferencer%2Fjensen-seeds%2F|title:Fra%20matsvinn%20til%20m%C3%A5ltid%20med%20elektronisk%20sporing%20av%20varer|&#8221;][\/vc_column][\/vc_row][vc_row][vc_column][vc_separator][\/vc_column][\/vc_row][vc_row][vc_column][vc_masonry_grid post_type=&#8221;ids&#8221; element_width=&#8221;12&#8243; item=&#8221;13350&#8243; grid_id=&#8221;vc_gid:1774011926997-50306d8c-4c79-9&#8243; include=&#8221;11352&#8243;][vc_masonry_grid post_type=&#8221;ids&#8221; element_width=&#8221;12&#8243; item=&#8221;13350&#8243; grid_id=&#8221;vc_gid:1774011926998-25ecbd36-c43d-5&#8243; include=&#8221;13656&#8243;][\/vc_column][\/vc_row]<\/p>\n<\/div>","protected":false},"excerpt":{"rendered":"<p>FNs 17 b\u00e6rekraftsm\u00e5l er den hittil mest ambisi\u00f8se globale utviklingsagendaen med fokus p\u00e5 b\u00e6rekraft og transformasjon.  <\/p>\n","protected":false},"author":3,"featured_media":14258,"parent":0,"menu_order":0,"comment_status":"closed","ping_status":"closed","template":"","meta":{"_acf_changed":false,"cybocfi_hide_featured_image":"","footnotes":""},"class_list":["post-19035","page","type-page","status-publish","has-post-thumbnail","hentry"],"acf":[],"_links":{"self":[{"href":"https:\/\/www.delfi.com\/no\/wp-json\/wp\/v2\/pages\/19035","targetHints":{"allow":["GET"]}}],"collection":[{"href":"https:\/\/www.delfi.com\/no\/wp-json\/wp\/v2\/pages"}],"about":[{"href":"https:\/\/www.delfi.com\/no\/wp-json\/wp\/v2\/types\/page"}],"author":[{"embeddable":true,"href":"https:\/\/www.delfi.com\/no\/wp-json\/wp\/v2\/users\/3"}],"replies":[{"embeddable":true,"href":"https:\/\/www.delfi.com\/no\/wp-json\/wp\/v2\/comments?post=19035"}],"version-history":[{"count":5,"href":"https:\/\/www.delfi.com\/no\/wp-json\/wp\/v2\/pages\/19035\/revisions"}],"predecessor-version":[{"id":79678,"href":"https:\/\/www.delfi.com\/no\/wp-json\/wp\/v2\/pages\/19035\/revisions\/79678"}],"wp:featuredmedia":[{"embeddable":true,"href":"https:\/\/www.delfi.com\/no\/wp-json\/wp\/v2\/media\/14258"}],"wp:attachment":[{"href":"https:\/\/www.delfi.com\/no\/wp-json\/wp\/v2\/media?parent=19035"}],"curies":[{"name":"wp","href":"https:\/\/api.w.org\/{rel}","templated":true}]}}