{"id":26483,"date":"2023-10-24T14:55:50","date_gmt":"2023-10-24T12:55:50","guid":{"rendered":"https:\/\/www.delfi.com\/breece-garantisjekk\/"},"modified":"2026-03-13T12:55:50","modified_gmt":"2026-03-13T11:55:50","slug":"breece-garantisjekk","status":"publish","type":"page","link":"https:\/\/www.delfi.com\/no\/breece-garantisjekk","title":{"rendered":"Breece garantisjekk"},"content":{"rendered":"<div class=\"wpb-content-wrapper\"><p>[vc_row][vc_column][vc_column_text css=&#8221;&#8221; css_params=&#8221;&#8221;]<\/p>\n<h1>Breece-garantisjekk<\/h1>\n<p>Sjekk om ESL-skjermen din er innenfor den gyldige produktgarantiperioden.<\/p>\n<p><strong>Skann skjermens serienummer<\/strong><br \/>\nS\u00f8k etter din ESL ved \u00e5 skrive eller skanne skjermens serienummer i feltet under &#8211; og trykk &#8220;Search&#8221;.<\/p>\n<p><strong>Last opp tekstfil<\/strong><br \/>\nMed knappen &#8220;Uploade file&#8221; kan du ogs\u00e5 laste opp en tekstfil (.txt) som inneholder en liste med mange serienumre p\u00e5 en gang (listen m\u00e5 inneholde ett serienummer per linje).<\/p>\n<p><strong>Last ned resultater<\/strong><br \/>\nS\u00f8keresultater kan lastes ned som en fil ved \u00e5 klikke p\u00e5 &#8220;Download&#8221;-knappen.[\/vc_column_text][\/vc_column][\/vc_row][vc_row][vc_column][vc_column_text]<iframe loading=\"lazy\" src=\"https:\/\/warranty.breecesystem.com\/\" width=\"1200\" height=\"1000\" frameborder=\"0\" scrolling=\"yes\"><\/iframe>[\/vc_column_text][\/vc_column][\/vc_row]<\/p>\n<\/div>","protected":false},"excerpt":{"rendered":"<p>[vc_row][vc_column][vc_column_text css=&#8221;&#8221; css_params=&#8221;&#8221;] Breece-garantisjekk Sjekk om ESL-skjermen din er innenfor den gyldige produktgarantiperioden. Skann skjermens serienummer S\u00f8k etter din ESL ved \u00e5 skrive eller skanne skjermens serienummer i feltet under &#8211; og trykk &#8220;Search&#8221;. Last opp tekstfil Med knappen &#8220;Uploade file&#8221; kan du ogs\u00e5 laste opp en tekstfil (.txt) som inneholder en liste med mange [&hellip;]<\/p>\n","protected":false},"author":5,"featured_media":0,"parent":0,"menu_order":0,"comment_status":"closed","ping_status":"closed","template":"","meta":{"_acf_changed":false,"cybocfi_hide_featured_image":"","footnotes":""},"class_list":["post-26483","page","type-page","status-publish","hentry"],"acf":[],"_links":{"self":[{"href":"https:\/\/www.delfi.com\/no\/wp-json\/wp\/v2\/pages\/26483","targetHints":{"allow":["GET"]}}],"collection":[{"href":"https:\/\/www.delfi.com\/no\/wp-json\/wp\/v2\/pages"}],"about":[{"href":"https:\/\/www.delfi.com\/no\/wp-json\/wp\/v2\/types\/page"}],"author":[{"embeddable":true,"href":"https:\/\/www.delfi.com\/no\/wp-json\/wp\/v2\/users\/5"}],"replies":[{"embeddable":true,"href":"https:\/\/www.delfi.com\/no\/wp-json\/wp\/v2\/comments?post=26483"}],"version-history":[{"count":1,"href":"https:\/\/www.delfi.com\/no\/wp-json\/wp\/v2\/pages\/26483\/revisions"}],"predecessor-version":[{"id":79042,"href":"https:\/\/www.delfi.com\/no\/wp-json\/wp\/v2\/pages\/26483\/revisions\/79042"}],"wp:attachment":[{"href":"https:\/\/www.delfi.com\/no\/wp-json\/wp\/v2\/media?parent=26483"}],"curies":[{"name":"wp","href":"https:\/\/api.w.org\/{rel}","templated":true}]}}