{"id":27423,"date":"2023-11-01T10:26:19","date_gmt":"2023-11-01T09:26:19","guid":{"rendered":"https:\/\/www.delfi.com\/cookiepolitik\/"},"modified":"2026-03-13T12:56:24","modified_gmt":"2026-03-13T11:56:24","slug":"retningslinjer-informasjonskapsler-delficom","status":"publish","type":"page","link":"https:\/\/www.delfi.com\/no\/retningslinjer-informasjonskapsler-delficom","title":{"rendered":"Cookie policy"},"content":{"rendered":"<div class=\"wpb-content-wrapper\"><p>[vc_row][vc_column][vc_column_text css=&#8221;&#8221; css_params=&#8221;&#8221;]<\/p>\n<h1>Cookie policy<\/h1>\n<p>Slik det er vanlig praksis med nesten alle profesjonelle nettsteder, bruker dette nettstedet informasjonskapsler (cookies), som er sm\u00e5 filer som lastes ned til datamaskinen for \u00e5 forbedre opplevelsen din. Denne siden beskriver hvilken informasjon de samler inn, hvordan vi bruker den, og hvorfor vi noen ganger har behov for \u00e5 lagre disse informasjonskapslene. Vi vil ogs\u00e5 beskrive hvordan du kan forhindre at disse informasjonskapslene lagres, men v\u00e6r oppmerksom p\u00e5 at&nbsp;dette kan redusere eller &#8220;\u00f8delegge&#8221; visse elementer I nettstedets funksjonalitet.<\/p>\n<p>For mer generell informasjon om informasjonskapsler kan du lese&nbsp;<a href=\"http:\/\/en.wikipedia.org\/wiki\/HTTP_cookie\" data-cke-saved-href=\"http:\/\/en.wikipedia.org\/wiki\/HTTP_cookie\" data-cke-saved- target=\"_blank\" rel=\"noopener\">wikipedia-artikkelen om http informasjonskapsler<\/a>.<\/p>\n<h2>Hvordan vi bruker informasjonskapsler<\/h2>\n<p>Vi bruker informasjonskapsler av en rekke \u00e5rsaker som er beskrevet nedenfor. Dessverre er det I de fleste tilfeller ingen industristandard for \u00e5 deaktivere informasjonskapsler uten helt \u00e5 deaktivere funksjonalitet og funksjoner som de tilf\u00f8rer nettstedet. Det anbefales at du lar alle informasjonskapsler v\u00e6re som de er hvis du ikke er sikker p\u00e5 om du trenger dem eller ikke, I tilfelle de brukes til \u00e5 levere en tjeneste du bruker.<\/p>\n<h2>Deaktivere informasjonskapsler<\/h2>\n<p>Du kan forhindre lagring av informasjonskapsler ved \u00e5 justere innstillingene for nettleseren din (se hjelp for nettleserens om hvordan du gj\u00f8r dette). V\u00e6r oppmerksom p\u00e5 at deaktivering av informasjonskapsler vil p\u00e5virke funksjonaliteten til dette og mange andre nettsteder du bes\u00f8ker. Deaktivering av informasjonskapsler vil vanligvis ogs\u00e5 f\u00f8re til deaktivering av enkelte funksjoner p\u00e5 dette nettstedet. Derfor anbefales det at du ikke deaktiverer informasjonskapsler..<\/p>\n<h2>Informasjonskapsler vi lagrer<\/h2>\n<p>Hvis du oppretter en konto hos oss, bruker vi informasjonskapsler for administrasjon av registreringsprosessen og generell administrasjon. Disse informasjonskapslene vil vanligvis bli slettet n\u00e5r du logger ut, men I noen tilfeller kan de bli v\u00e6rende igjen for \u00e5 huske innstillinger for nettsteder n\u00e5r du er logget ut.<\/p>\n<p>Vi bruker informasjonskapsler n\u00e5r du er logget inn, slik at vi kan huske dette. Dette hindrer deg I \u00e5 m\u00e5tte logge inn hver eneste gang du bes\u00f8ker en ny side. Disse informasjonskapslene blir vanligvis fjernet eller slettet n\u00e5r du logger deg ut for \u00e5 sikre at du bare kan f\u00e5 tilgang til begrensede funksjoner og omr\u00e5der n\u00e5r du er logget inn.<\/p>\n<p>Dette nettstedet tilbyr nyhetsbrev eller abonnementstjenester via e-post, og informasjonskapsler kan brukes til \u00e5 huske om du allerede er registrert, og om du vil vise visse meldinger som gjelder bare for abonnerende \/ ikke-abonnerende brukere.<\/p>\n<p>Fra tid til annen kan vi tilby brukerunders\u00f8kelser og sp\u00f8rreskjemaer for \u00e5 formidle spennende kunnskap og gi deg nyttige verkt\u00f8y, eller for \u00e5 forst\u00e5 brukerbasen v\u00e5r bedre. Disse unders\u00f8kelsene kan bruke informasjonskapsler til \u00e5 huske hvem som allerede har deltatt I en unders\u00f8kelse, eller gi deg n\u00f8yaktige resultater etter at du bytter sider.<\/p>\n<p>N\u00e5r du sender inn data gjennom et skjema slik som de som finnes p\u00e5 kontaktsider eller kommentarskjemaer, kan informasjonskapsler angis til \u00e5 huske dine brukeropplysninger ved fremtidig korrespondanse.<\/p>\n<p>For \u00e5 gi deg en best mulig opplevelse p\u00e5 dette omr\u00e5det tilbyr vi funksjonalitet for \u00e5 angi innstillinger om hvordan dette nettstedet kj\u00f8res n\u00e5r du bruker det. For \u00e5 huske dine preferanser m\u00e5 vi angi informasjonskapsler slik at informasjonen kan hentes opp n\u00e5r du er inne p\u00e5 en side som p\u00e5virkes av dine preferanser.<\/p>\n<h2>Informasjonskapsler fra tredjepart<\/h2>\n<p>I noen spesielle tilfeller bruker vi ogs\u00e5 informasjonskapsler fra klarerte tredjeparter. F\u00f8lgende avsnitt beskriver hvilke informasjonskapsler fra tredjepart du kan st\u00f8te p\u00e5 via dette nettstedet.<\/p>\n<p>Dette nettstedet bruker google analytics, som er en av de mest omfattende og p\u00e5litelige analysel\u00f8sningene p\u00e5 nettet for \u00e5 hjelpe oss \u00e5 forst\u00e5 hvordan du bruker nettstedet og m\u00e5ter vi kan forbedre opplevelsen din p\u00e5. Disse informasjonskapslene kan spore ulike ting, blant annet hvor lang tid du bruker p\u00e5 nettstedet og hvilke sider du bes\u00f8ker, slik at vi kan fortsette \u00e5 produsere engasjerende innhold.<\/p>\n<p>For mer informasjon om google analytics informasjonskapsler, se den offisielle side for google analytics.<\/p>\n<p>Tredjepartsanalyser brukes til \u00e5 spore og m\u00e5le bruken av dette omr\u00e5det, slik at vi kan fortsette \u00e5 produsere engasjerende innhold. Disse informasjonskapslene kan holde orden p\u00e5 blant annet hvor lang tid du bruker p\u00e5 nettstedet eller hvilke sider du bes\u00f8ker, noe som hjelper oss \u00e5 forst\u00e5 hvordan vi kan forbedre nettstedet for deg.<\/p>\n<p>Fra tid til annen tester vi ut nye funksjoner og foretar sm\u00e5 endringer I m\u00e5ten nettstedet leveres p\u00e5. N\u00e5r vi fortsatt tester nye funksjoner, kan disse informasjonskapslene brukes til \u00e5 sikre at du f\u00e5r en ensartet opplevelse mens du er p\u00e5 nettstedet samtidig som vi er sikre p\u00e5 at vi forst\u00e5r hvilke optimaliseringer v\u00e5re brukere setter mest pris p\u00e5.<\/p>\n<p>Vi bruker ogs\u00e5 knapper for og\/eller plugins for sosiale medier p\u00e5 dette nettstedet, noe som gj\u00f8r at du kan koble deg til ditt sosiale nettverk p\u00e5 ulike m\u00e5ter. For at disse skal virke vil f\u00f8lgende nettsteder for sosiale medier, inkludert facebook, linkedin og youtube lagre informasjonskapsler gjennom v\u00e5rt nettsted, og disse kan brukes til \u00e5 forbedre profilen din p\u00e5 deres nettsted eller bidra til at dataene oppbevares til ulike form\u00e5l som beskrevet I deres respektive retningslinjer for personvern.<\/p>\n<h2>Mer informasjon<\/h2>\n<p>Forh\u00e5pentligvis har dette avklart ting for deg, og som tidligere nevnt: hvis det er noe du er usikker p\u00e5 om du trenger eller ikke, er det vanligvis tryggere \u00e5 la informasjonskapsler v\u00e6re aktivert I tilfelle de virker sammen med en av funksjonene du bruker p\u00e5 nettstedet v\u00e5rt. Men hvis du fortsatt \u00f8nsker mer informasjon, kan du kontakte oss via en av v\u00e5re foretrukne kontaktmetoder.[\/vc_column_text][\/vc_column][\/vc_row]<\/p>\n<\/div>","protected":false},"excerpt":{"rendered":"<p>For \u00e5 forbedre opplevelsen din, som de fleste profesjonelle nettsteder, bruker vi informasjonskapsler. Se v\u00e5re retningslinjer for informasjonskapsler her.<\/p>\n","protected":false},"author":5,"featured_media":27416,"parent":0,"menu_order":0,"comment_status":"closed","ping_status":"closed","template":"","meta":{"_acf_changed":false,"cybocfi_hide_featured_image":"yes","footnotes":""},"class_list":["post-27423","page","type-page","status-publish","has-post-thumbnail","hentry"],"acf":[],"_links":{"self":[{"href":"https:\/\/www.delfi.com\/no\/wp-json\/wp\/v2\/pages\/27423","targetHints":{"allow":["GET"]}}],"collection":[{"href":"https:\/\/www.delfi.com\/no\/wp-json\/wp\/v2\/pages"}],"about":[{"href":"https:\/\/www.delfi.com\/no\/wp-json\/wp\/v2\/types\/page"}],"author":[{"embeddable":true,"href":"https:\/\/www.delfi.com\/no\/wp-json\/wp\/v2\/users\/5"}],"replies":[{"embeddable":true,"href":"https:\/\/www.delfi.com\/no\/wp-json\/wp\/v2\/comments?post=27423"}],"version-history":[{"count":1,"href":"https:\/\/www.delfi.com\/no\/wp-json\/wp\/v2\/pages\/27423\/revisions"}],"predecessor-version":[{"id":79045,"href":"https:\/\/www.delfi.com\/no\/wp-json\/wp\/v2\/pages\/27423\/revisions\/79045"}],"wp:featuredmedia":[{"embeddable":true,"href":"https:\/\/www.delfi.com\/no\/wp-json\/wp\/v2\/media\/27416"}],"wp:attachment":[{"href":"https:\/\/www.delfi.com\/no\/wp-json\/wp\/v2\/media?parent=27423"}],"curies":[{"name":"wp","href":"https:\/\/api.w.org\/{rel}","templated":true}]}}