{"id":30722,"date":"2023-12-05T11:59:37","date_gmt":"2023-12-05T10:59:37","guid":{"rendered":"https:\/\/www.delfi.com\/elektronisk-signatur\/"},"modified":"2026-03-13T12:56:58","modified_gmt":"2026-03-13T11:56:58","slug":"elektronisk-signatur","status":"publish","type":"page","link":"https:\/\/www.delfi.com\/no\/elektronisk-signatur","title":{"rendered":"Elektronisk signatur"},"content":{"rendered":"<div class=\"wpb-content-wrapper\"><p>[vc_row][vc_column][vc_column_text css=&#8221;&#8221; css_params=&#8221;&#8221;]<\/p>\n<h1>Elektronisk signatur<\/h1>\n<h2>Takk for din elektroniske signatur!<\/h2>\n<p>Informasjonen din vil n\u00e5 bli behandlet, og vi vil kontakte deg hvis ytterligere koordinering er n\u00f8dvendig.[\/vc_column_text][vc_column_text]<\/p>\n<h2>Trenger du hjelp?<\/h2>\n<p>Ikke n\u00f8l med \u00e5 kontakte oss for ytterligere hjelp eller sp\u00f8rsm\u00e5l.[\/vc_column_text][\/vc_column][\/vc_row][vc_row][vc_column][vc_btn title=&#8221;Finn kontaktinformasjon&#8221; color=&#8221;sky&#8221; link=&#8221;url:https%3A%2F%2Fwww.delfi.com%2Fno%2Fkontakt-oss%2F|title:Contact%20os&#8221;][vc_btn title=&#8221;G\u00e5 til st\u00f8tte&#8221; color=&#8221;sky&#8221; link=&#8221;url:https%3A%2F%2Fwww.delfi.com%2Fno%2Fstotte%2F|title:St%C3%B8tte&#8221;][\/vc_column][\/vc_row]<\/p>\n<\/div>","protected":false},"excerpt":{"rendered":"<p>[vc_row][vc_column][vc_column_text css=&#8221;&#8221; css_params=&#8221;&#8221;] Elektronisk signatur Takk for din elektroniske signatur! Informasjonen din vil n\u00e5 bli behandlet, og vi vil kontakte deg hvis ytterligere koordinering er n\u00f8dvendig.[\/vc_column_text][vc_column_text] Trenger du hjelp? Ikke n\u00f8l med \u00e5 kontakte oss for ytterligere hjelp eller sp\u00f8rsm\u00e5l.[\/vc_column_text][\/vc_column][\/vc_row][vc_row][vc_column][vc_btn title=&#8221;Finn kontaktinformasjon&#8221; color=&#8221;sky&#8221; link=&#8221;url:https%3A%2F%2Fwww.delfi.com%2Fno%2Fkontakt-oss%2F|title:Contact%20os&#8221;][vc_btn title=&#8221;G\u00e5 til st\u00f8tte&#8221; color=&#8221;sky&#8221; link=&#8221;url:https%3A%2F%2Fwww.delfi.com%2Fno%2Fstotte%2F|title:St%C3%B8tte&#8221;][\/vc_column][\/vc_row]<\/p>\n","protected":false},"author":5,"featured_media":0,"parent":0,"menu_order":0,"comment_status":"closed","ping_status":"closed","template":"","meta":{"_acf_changed":false,"cybocfi_hide_featured_image":"","footnotes":""},"class_list":["post-30722","page","type-page","status-publish","hentry"],"acf":[],"_links":{"self":[{"href":"https:\/\/www.delfi.com\/no\/wp-json\/wp\/v2\/pages\/30722","targetHints":{"allow":["GET"]}}],"collection":[{"href":"https:\/\/www.delfi.com\/no\/wp-json\/wp\/v2\/pages"}],"about":[{"href":"https:\/\/www.delfi.com\/no\/wp-json\/wp\/v2\/types\/page"}],"author":[{"embeddable":true,"href":"https:\/\/www.delfi.com\/no\/wp-json\/wp\/v2\/users\/5"}],"replies":[{"embeddable":true,"href":"https:\/\/www.delfi.com\/no\/wp-json\/wp\/v2\/comments?post=30722"}],"version-history":[{"count":1,"href":"https:\/\/www.delfi.com\/no\/wp-json\/wp\/v2\/pages\/30722\/revisions"}],"predecessor-version":[{"id":79050,"href":"https:\/\/www.delfi.com\/no\/wp-json\/wp\/v2\/pages\/30722\/revisions\/79050"}],"wp:attachment":[{"href":"https:\/\/www.delfi.com\/no\/wp-json\/wp\/v2\/media?parent=30722"}],"curies":[{"name":"wp","href":"https:\/\/api.w.org\/{rel}","templated":true}]}}