{"id":38555,"date":"2024-07-11T08:21:31","date_gmt":"2024-07-11T06:21:31","guid":{"rendered":"https:\/\/www.delfi.com\/privacy-policy\/"},"modified":"2026-03-13T12:59:53","modified_gmt":"2026-03-13T11:59:53","slug":"personvernregler","status":"publish","type":"page","link":"https:\/\/www.delfi.com\/no\/personvernregler","title":{"rendered":"Personvernregler"},"content":{"rendered":"<div class=\"wpb-content-wrapper\"><p>[vc_row][vc_column][vc_column_text css=&#8221;&#8221; css_params=&#8221;&#8221;]<\/p>\n<h1>Personvernregler<\/h1>\n<h2 class=\" bd-container-48 bd-tagstyles bd-bootstrap-tables bd-table-striped bd-table-hover\">COOKIE-POLICY<\/h2>\n<p>Som er vanlig praksis med nesten alle profesjonelle nettsteder, bruker dette nettstedet cookies, som er sm\u00e5 filer som lastes ned til datamaskinen din, for \u00e5 forbedre opplevelsen din. Denne siden beskriver hvilken informasjon de samler, hvordan vi bruker den og hvorfor vi noen ganger trenger \u00e5 lagre disse cookies. Vi vil ogs\u00e5 dele hvordan du kan forhindre at disse cookies lagres, men dette kan nedgradere eller \u2018\u00f8delegge\u2019 visse elementer av nettstedets funksjonalitet. For mer generell informasjon om cookies, se <a href=\"https:\/\/en.wikipedia.org\/wiki\/HTTP_cookie\" target=\"_blank\" rel=\"noopener noreferrer\">Wikipedia article on HTTP Cookies<\/a>.<\/p>\n<h2>EIERINFORMASJON<\/h2>\n<p>Nettstedet eies og publiseres av:<\/p>\n<p>Delfi Technologies A\/S<br \/>\nValdemarshaab 11<br \/>\nDK-4600 K\u00f8ge<br \/>\nTelefon: 70 222 555<br \/>\nE-post: <a href=\"mailto:info@delfi.com\">info@delfi.com<\/a><\/p>\n<h2>HVORDAN VI BRUKER COOKIES<\/h2>\n<p>Vi bruker cookies av ulike grunner som er detaljert nedenfor. Dessverre finnes det i de fleste tilfeller ingen standardalternativer for \u00e5 deaktivere cookies uten \u00e5 fullstendig deaktivere funksjonaliteten og funksjonene de tilf\u00f8rer dette nettstedet. Det anbefales at du lar alle cookies v\u00e6re aktivert hvis du ikke er sikker p\u00e5 om du trenger dem eller ikke, i tilfelle de brukes til \u00e5 tilby en tjeneste du bruker.<\/p>\n<h2>DEAKTIVERING AV COOKIES<\/h2>\n<p>Du kan forhindre innstilling av cookies ved \u00e5 justere innstillingene i nettleseren din (se nettleserens Hjelp for hvordan du gj\u00f8r dette). V\u00e6r oppmerksom p\u00e5 at deaktivering av cookies vil p\u00e5virke funksjonaliteten til dette og mange andre nettsteder du bes\u00f8ker. Deaktivering av cookies vil vanligvis ogs\u00e5 f\u00f8re til deaktivering av visse funksjoner og egenskaper p\u00e5 dette nettstedet. Derfor anbefales det at du ikke deaktiverer cookies.<\/p>\n<h2>COOKIES VI SETTER<\/h2>\n<p>Hvis du oppretter en konto hos oss, vil vi bruke cookies for administrasjon av registreringsprosessen og generell administrasjon. Disse cookies vil vanligvis bli slettet n\u00e5r du logger ut, men i noen tilfeller kan de forbli for \u00e5 huske dine nettstedpreferanser n\u00e5r du er logget ut.<\/p>\n<p>Vi bruker cookies n\u00e5r du er logget inn, slik at vi kan huske dette faktum. Dette forhindrer at du m\u00e5 logge inn hver gang du bes\u00f8ker en ny side. Disse cookies blir vanligvis fjernet eller slettet n\u00e5r du logger ut for \u00e5 sikre at du bare kan f\u00e5 tilgang til begrensede funksjoner og omr\u00e5der n\u00e5r du er logget inn.<\/p>\n<p>Dette nettstedet tilbyr nyhetsbrev- eller e-postabonnementstjenester, og cookies kan brukes til \u00e5 huske om du allerede er registrert og om du skal vise visse varsler som kanskje bare er gyldige for abonnenter\/ikke-abonnenter.<\/p>\n<p>Fra tid til annen tilbyr vi brukerunders\u00f8kelser og sp\u00f8rreskjemaer for \u00e5 gi deg interessante innsikter, nyttige verkt\u00f8y eller for \u00e5 forst\u00e5 v\u00e5r brukerbase mer n\u00f8yaktig. Disse unders\u00f8kelsene kan bruke cookies for \u00e5 huske hvem som allerede har deltatt i en unders\u00f8kelse eller for \u00e5 gi deg n\u00f8yaktige resultater etter at du har byttet side.<\/p>\n<p>N\u00e5r du sender inn data via et skjema, slik som de som finnes p\u00e5 kontaktsider eller kommentarskjemaer, kan cookies settes for \u00e5 huske dine brukeropplysninger for fremtidig korrespondanse.<\/p>\n<p>For \u00e5 gi deg en god opplevelse p\u00e5 dette nettstedet, tilbyr vi funksjonaliteten til \u00e5 sette dine preferanser for hvordan dette nettstedet fungerer n\u00e5r du bruker det. For \u00e5 huske dine preferanser m\u00e5 vi sette cookies slik at denne informasjonen kan hentes hver gang du interagerer med en side som p\u00e5virkes av dine preferanser.<\/p>\n<h2>TREDJEPARTS COOKIES<\/h2>\n<p>I noen spesielle tilfeller bruker vi ogs\u00e5 cookies levert av p\u00e5litelige tredjeparter. F\u00f8lgende seksjon beskriver hvilke tredjeparts cookies du kan st\u00f8te p\u00e5 gjennom dette nettstedet.<\/p>\n<p>Dette nettstedet bruker Google Analytics, som er en av de mest utbredte og p\u00e5litelige analysel\u00f8sningene p\u00e5 nettet, for \u00e5 hjelpe oss \u00e5 forst\u00e5 hvordan du bruker nettstedet og m\u00e5ter vi kan forbedre din opplevelse. Disse cookies kan spore ting som hvor lang tid du bruker p\u00e5 nettstedet og hvilke sider du bes\u00f8ker, slik at vi kan fortsette \u00e5 produsere engasjerende innhold.<\/p>\n<p>For mer informasjon om Google Analytics cookies, se den offisielle Google Analytics-siden.<\/p>\n<p>Tredjeparts analyser brukes for \u00e5 spore og m\u00e5le bruken av dette nettstedet slik at vi kan fortsette \u00e5 produsere engasjerende innhold. Disse cookies kan spore ting som hvor lang tid du bruker p\u00e5 nettstedet eller hvilke sider du bes\u00f8ker, noe som hjelper oss \u00e5 forst\u00e5 hvordan vi kan forbedre nettstedet for deg.<\/p>\n<p>Fra tid til annen tester vi nye funksjoner og gj\u00f8r subtile endringer i m\u00e5ten nettstedet leveres p\u00e5. N\u00e5r vi fortsatt tester nye funksjoner, kan disse cookies brukes for \u00e5 sikre at du f\u00e5r en konsistent opplevelse mens du er p\u00e5 nettstedet, samtidig som vi sikrer at vi forst\u00e5r hvilke optimaliseringer v\u00e5re brukere setter mest pris p\u00e5.<\/p>\n<p>Vi bruker ogs\u00e5 sosiale medier-knapper og\/eller plugins p\u00e5 dette nettstedet som lar deg koble til ditt sosiale nettverk p\u00e5 ulike m\u00e5ter. For at disse skal fungere, vil f\u00f8lgende sosiale mediesider inkludert; Facebook, LinkedIn, YouTube, sette cookies gjennom v\u00e5rt nettsted som kan brukes til \u00e5 forbedre din profil p\u00e5 deres nettsted eller bidra til dataene de har for ulike form\u00e5l beskrevet i deres respektive personvernregler.<\/p>\n<h2>SIKKERHET<\/h2>\n<p>Dine opplysninger er teknisk sikre hos oss, s\u00e5 ingenting vil bli misbrukt, publisert eller lekket til uautoriserte personer. Alle data overf\u00f8res over en sikker, kryptert forbindelse (SSL \/ HTTPS).<\/p>\n<h2>LAGRINGSPERIODE<\/h2>\n<p>Vi lagrer informasjonen i den tiden som er tillatt av gjeldende lovgivning. N\u00e5r informasjonen ikke lenger er n\u00f8dvendig, sletter vi den.<\/p>\n<h2>MER INFORMASJON<\/h2>\n<p>Forh\u00e5pentligvis har dette klargjort ting for deg, og som nevnt tidligere, hvis det er noe du ikke er sikker p\u00e5 om du trenger eller ikke, er det vanligvis tryggere \u00e5 la cookies v\u00e6re aktivert i tilfelle de samhandler med en av funksjonene du bruker p\u00e5 v\u00e5rt nettsted. Men hvis du fortsatt leter etter mer informasjon, kan du kontakte oss gjennom en av v\u00e5re foretrukne kontaktmetoder.[\/vc_column_text][\/vc_column][\/vc_row]<\/p>\n<\/div>","protected":false},"excerpt":{"rendered":"<p>Som er vanlig praksis med nesten alle profesjonelle nettsteder, bruker dette nettstedet cookies, som er sm\u00e5 filer som lastes ned til datamaskinen din, for \u00e5 forbedre opplevelsen din. Denne siden beskriver hvilken informasjon de samler, hvordan vi bruker den og hvorfor vi noen ganger trenger \u00e5 lagre disse cookies. Vi vil ogs\u00e5 dele hvordan du kan forhindre at disse cookies lagres, men dette kan nedgradere eller \u2018\u00f8delegge\u2019 visse elementer av nettstedets funksjonalitet. For mer generell informasjon om cookies, se Wikipedia-artikkelen om HTTP Cookies.<\/p>\n","protected":false},"author":3,"featured_media":0,"parent":0,"menu_order":5,"comment_status":"closed","ping_status":"closed","template":"","meta":{"_acf_changed":false,"cybocfi_hide_featured_image":"","footnotes":""},"class_list":["post-38555","page","type-page","status-publish","hentry"],"acf":[],"_links":{"self":[{"href":"https:\/\/www.delfi.com\/no\/wp-json\/wp\/v2\/pages\/38555","targetHints":{"allow":["GET"]}}],"collection":[{"href":"https:\/\/www.delfi.com\/no\/wp-json\/wp\/v2\/pages"}],"about":[{"href":"https:\/\/www.delfi.com\/no\/wp-json\/wp\/v2\/types\/page"}],"author":[{"embeddable":true,"href":"https:\/\/www.delfi.com\/no\/wp-json\/wp\/v2\/users\/3"}],"replies":[{"embeddable":true,"href":"https:\/\/www.delfi.com\/no\/wp-json\/wp\/v2\/comments?post=38555"}],"version-history":[{"count":1,"href":"https:\/\/www.delfi.com\/no\/wp-json\/wp\/v2\/pages\/38555\/revisions"}],"predecessor-version":[{"id":79067,"href":"https:\/\/www.delfi.com\/no\/wp-json\/wp\/v2\/pages\/38555\/revisions\/79067"}],"wp:attachment":[{"href":"https:\/\/www.delfi.com\/no\/wp-json\/wp\/v2\/media?parent=38555"}],"curies":[{"name":"wp","href":"https:\/\/api.w.org\/{rel}","templated":true}]}}