{"id":13523,"date":"2023-07-17T08:16:53","date_gmt":"2023-07-17T06:16:53","guid":{"rendered":"https:\/\/www.delfi.com\/om-delfi-technologies\/"},"modified":"2026-03-13T13:09:11","modified_gmt":"2026-03-13T12:09:11","slug":"om-oss","status":"publish","type":"page","link":"https:\/\/www.delfi.com\/sv\/om-oss","title":{"rendered":"Om oss"},"content":{"rendered":"<div class=\"wpb-content-wrapper\"><p>[vc_row css=&#8221;.vc_custom_1747909243136{padding-top: 100px !important;padding-bottom: 100px !important;}&#8221; conditional_render=&#8221;%5B%7B%22value_role%22%3A%22administrator%22%7D%5D&#8221; css_params=&#8221;&#8221;][vc_column width=&#8221;1\/6&#8243;][\/vc_column][vc_column width=&#8221;2\/3&#8243;]<div class=\"porto-u-heading  wpb_custom_67ea62e6d55af9a74aae18e50bf7ba20 porto-u-55ca8359258f9a412be7e73af65d2aac \"><div class=\"porto-u-main-heading\"><h1  >Vi digitaliserar detalj- och logistikl\u00f6sningar f\u00f6r f\u00f6retag i alla storlekar \u2014 fr\u00e5n lokala butiker till globala kedjor.<\/h1><\/div><div class=\"porto-u-sub-heading\" style=\"color: #bcbcbc;\">L\u00e5t oss se hur vi ocks\u00e5 kan hj\u00e4lpa dig att v\u00e4xa \u00e4nnu mer. Men f\u00f6rst, lite om vilka vi \u00e4r.<\/div><style>.porto-u-55ca8359258f9a412be7e73af65d2aac.porto-u-heading{text-align:center}<\/style><\/div>[\/vc_column][vc_column width=&#8221;1\/6&#8243;][\/vc_column][\/vc_row][vc_row][vc_column width=&#8221;1\/2&#8243; css=&#8221;.vc_custom_1747910315503{padding-top: 50px !important;}&#8221; conditional_render=&#8221;%5B%7B%22value_role%22%3A%22administrator%22%7D%5D&#8221; css_params=&#8221;&#8221;]<div class=\"porto-u-heading  wpb_custom_cb0d04cbb636c536e8f228a499661e38 porto-u-ad87e2eaf3f9c495180fe0156ddf3eb0 \"><div class=\"porto-u-main-heading\"><h2   style=\"color:#000000;margin-bottom: 30px;\">Vi \u00e4r Delfi Technologies \u2013 en europeisk l\u00f6sningsleverant\u00f6r, etablerad 1988, som har specialiserat sig p\u00e5 mjukvarul\u00f6sningar.<\/h2><\/div><div class=\"porto-u-sub-heading\" style=\"color: #000000;\">V\u00e5ra kunder representerar m\u00e5nga branscher s\u00e5som detaljhandel, lagerlokaler, h\u00e4lso- och sjukv\u00e5rd, f\u00e4lttj\u00e4nst och kontorsskyltar. Vi anv\u00e4nder v\u00e5ra kunskaper och f\u00e4rdigheter i alla l\u00f6sningar genom att ge dig den support, service och r\u00e5dgivning du beh\u00f6ver.<\/p>\n<p>Med l\u00f6sningar inom <a href=\"https:\/\/www.delfi.com\/sv\/losningar\/elektroniska-hyllkantsetiketter\/\">elektroniska hyllkanter<\/a>, <a href=\"https:\/\/www.delfi.com\/sv\/losningar\/streckkoder\/\">handterminaler<\/a>, <a href=\"https:\/\/www.delfi.com\/sv\/losningar\/pos\/\">kassal\u00f6sningar (POS)<\/a> och <a href=\"https:\/\/www.delfi.com\/sv\/losningar\/tryck\/\">utskriftsl\u00f6sningar<\/a> \u00e4r vi med och digitaliserar och effektiviserar arbetsfl\u00f6den i hela v\u00e4rdekedjan.<\/p>\n<div class=\"vc_row wpb_row row top-row wpb_custom_034b39d9bc6c6b310d69e39f0ccf274f\">\n<div class=\"vc_column_container col-md-12\">\n<div class=\"wpb_wrapper vc_column-inner\">\n<div class=\"wpb_text_column wpb_content_element wpb_custom_7c91d232724f73626cc933bd95b25ff0\">\n<div class=\"wpb_wrapper\">\n<p>V\u00e5ra l\u00f6sningar finns \u00f6ver hela v\u00e4rlden med kontor i Danmark, Sverige, Norge, Tyskland, Italien och Vietnam. M\u00e4nniskorna bakom linjen \u00e4r ryggraden i v\u00e5rt f\u00f6retag och orsaken till varf\u00f6r vi lyckats. Fler \u00e4n 150 specialister str\u00e4var varje dag efter att f\u00f6rnya v\u00e5ra l\u00f6sningar efter kundernas behov.<\/p><\/div>\n<\/div>\n<\/div>\n<\/div>\n<\/div>\n<p><\/div><style>.porto-u-ad87e2eaf3f9c495180fe0156ddf3eb0.porto-u-heading{text-align:left}<\/style><\/div>[\/vc_column][vc_column width=&#8221;1\/2&#8243;][vc_single_image image=&#8221;43338&#8243; img_size=&#8221;full&#8221; alignment=&#8221;right&#8221; css=&#8221;&#8221; css_params=&#8221;&#8221;][\/vc_column][\/vc_row][vc_row full_width_css=&#8221;stretch_row_css&#8221; css=&#8221;.vc_custom_1747917851847{margin-bottom: 50px !important;padding-top: 100px !important;padding-bottom: 50px !important;background-color: #31555c !important;}&#8221; conditional_render=&#8221;%5B%7B%22value_role%22%3A%22administrator%22%7D%5D&#8221; css_params=&#8221;&#8221;][vc_column width=&#8221;1\/2&#8243; css=&#8221;.vc_custom_1747911745395{padding-right: 40px !important;padding-left: 40px !important;}&#8221; conditional_render=&#8221;%5B%7B%22value_role%22%3A%22administrator%22%7D%5D&#8221; css_params=&#8221;&#8221;]<div class=\"porto-just-icon-wrapper porto-sicon-img porto-icon-pos-center porto-icon-739599a1f586473197e4d01c03c680cb  vc_custom_1747911516905\" style=\"font-size: 140px;\"><img loading=\"lazy\" decoding=\"async\" class=\"img-icon\" alt=\"\" src=\"https:\/\/www.delfi.com\/wp-content\/uploads\/2025\/05\/Mission.png\" width=\"161\" height=\"161\" title=\"\"><\/div><div class=\"porto-u-heading  wpb_custom_1e29f559387ef9d0b092e5216f24e060 porto-u-55ca8359258f9a412be7e73af65d2aac \"><div class=\"porto-u-main-heading\"><h2   style=\"color:#50bcd1;\">V\u00e5rt<\/h2><\/div><div class=\"porto-u-sub-heading\" style=\"color: #ffffff;\">Uppdrag<\/div><style>.porto-u-55ca8359258f9a412be7e73af65d2aac.porto-u-heading{text-align:center}<\/style><\/div>[vc_column_text css=&#8221;.vc_custom_1747921298211{padding-top: 10px !important;}&#8221; text_color=&#8221;#dbdbdb&#8221; text_typography=&#8221;{&#8220;family&#8220;:&#8220;Open Sans&#8220;,&#8220;variant&#8220;:&#8220;Default&#8220;,&#8220;font_size&#8220;:&#8220;&#8220;,&#8220;line_height&#8220;:&#8220;20px&#8220;,&#8220;letter_spacing&#8220;:&#8220;&#8220;,&#8220;text_transform&#8220;:&#8220;&#8220;}&#8221; css_params=&#8221;&#8221;]Vi skapar innovativa programvarul\u00f6sningar som g\u00f6r det m\u00f6jligt f\u00f6r f\u00f6retag att st\u00e4rka sin verksamhet med konkurrensf\u00f6rdelar. Vi str\u00e4var efter att vara de b\u00e4sta inom v\u00e5rt omr\u00e5de genom en \u00f6ppen dialog, h\u00f6g expertis, den senaste teknologin och utm\u00e4rkt service.[\/vc_column_text][\/vc_column][vc_column width=&#8221;1\/2&#8243; css=&#8221;.vc_custom_1747911890811{padding-right: 40px !important;padding-left: 40px !important;}&#8221; conditional_render=&#8221;%5B%7B%22value_role%22%3A%22administrator%22%7D%5D&#8221; css_params=&#8221;&#8221;]<div class=\"porto-just-icon-wrapper porto-sicon-img porto-icon-pos-center porto-icon-739599a1f586473197e4d01c03c680cb  vc_custom_1747912095561\" style=\"font-size: 140px;\"><img loading=\"lazy\" decoding=\"async\" class=\"img-icon\" alt=\"\" src=\"https:\/\/www.delfi.com\/wp-content\/uploads\/2025\/05\/Vision1.png\" width=\"161\" height=\"161\" title=\"\"><\/div><div class=\"porto-u-heading  wpb_custom_1e29f559387ef9d0b092e5216f24e060 porto-u-55ca8359258f9a412be7e73af65d2aac \"><div class=\"porto-u-main-heading\"><h2   style=\"color:#50bcd1;\">V\u00e5r<\/h2><\/div><div class=\"porto-u-sub-heading\" style=\"color: #ffffff;\">Vision<\/div><style>.porto-u-55ca8359258f9a412be7e73af65d2aac.porto-u-heading{text-align:center}<\/style><\/div>[vc_column_text css=&#8221;.vc_custom_1747921331430{padding-top: 10px !important;}&#8221; text_color=&#8221;#dbdbdb&#8221; text_typography=&#8221;{&#8220;family&#8220;:&#8220;Open Sans&#8220;,&#8220;variant&#8220;:&#8220;Default&#8220;,&#8220;font_size&#8220;:&#8220;&#8220;,&#8220;line_height&#8220;:&#8220;20px&#8220;,&#8220;letter_spacing&#8220;:&#8220;&#8220;,&#8220;text_transform&#8220;:&#8220;&#8220;}&#8221; css_params=&#8221;&#8221;]V\u00e5r vision \u00e4r enkel \u2013 vi vill vara en av de ledande leverant\u00f6rerna p\u00e5 marknaden. Vi vill expandera v\u00e5r globala n\u00e4rvaro, f\u00f6rbli oberoende och stolta \u00f6ver v\u00e5ra l\u00f6sningar. Vi vill helt enkelt ha med v\u00e5ra kunder p\u00e5 denna sp\u00e4nnande resa.[\/vc_column_text][\/vc_column][\/vc_row][vc_row][vc_column width=&#8221;1\/2&#8243;]<div class=\"porto-u-heading  wpb_custom_6ced11200e5c0e0f534b0fa34714fb45 porto-u-ad87e2eaf3f9c495180fe0156ddf3eb0 \"><div class=\"porto-u-main-heading\"><h2  >Visste du att v\u00e5ra l\u00f6sningar anv\u00e4nds \u00f6ver hela v\u00e4rlden?<\/h2><\/div><style>.porto-u-ad87e2eaf3f9c495180fe0156ddf3eb0.porto-u-heading{text-align:left}<\/style><\/div>[vc_column_text css=&#8221;&#8221; css_params=&#8221;&#8221;]Fr\u00e5n den nordligaste punkten i Norges till en t\u00e5gstation i Vietnam och ett lokalt snabbk\u00f6p i Italien \u2013 v\u00e5ra l\u00f6sningar kan anv\u00e4ndas var som helst, n\u00e4r som helst och hj\u00e4lper f\u00f6retag att st\u00e4rka sin verksamhet med konkurrensf\u00f6rdelar.<\/p>\n<p>Vi har funnits sedan 1988 n\u00e4r det f\u00f6rsta steget p\u00e5 Delfis sp\u00e4nnande resa togs. Allt b\u00f6rjade i Danmark, f\u00f6rst med prim\u00e4rt fokus p\u00e5 l\u00f6sningar f\u00f6r streckkoder och datainsamling. Design och utveckling av programvarul\u00f6sningar har alltid varit centralt i Delfis DNA.<\/p>\n<p>Idag, \u00f6ver 30 \u00e5r senare, har produktutbudet vuxit och Delfi \u00e4r en global l\u00f6sningsleverant\u00f6r, specialiserad p\u00e5 programvarul\u00f6sningar inom elektroniska hyllkantsetiketter (ESL), handh\u00e5llna terminaler, POS- och printl\u00f6sningar. V\u00e5ra l\u00f6sningar finns \u00f6ver hela v\u00e4rlden med kontor i Danmark, Sverige, Norge, Tyskland, Italien och Vietnam.<br \/>\nSom privat\u00e4gt f\u00f6retag kan vi arbeta snabbt och svara fort utan att kompromissa med v\u00e5ra kunders behov.<\/p>\n<p>Vad h\u00e4nder nu? Nu st\u00e4rker vi din verksamhet.[\/vc_column_text][\/vc_column][vc_column width=&#8221;1\/2&#8243;][vc_single_image image=&#8221;43340&#8243; img_size=&#8221;full&#8221; alignment=&#8221;center&#8221; onclick=&#8221;custom_link&#8221; css=&#8221;&#8221; css_params=&#8221;&#8221; link=&#8221;https:\/\/youtu.be\/LXVH1PM2904&#8243;][\/vc_column][\/vc_row]<\/p>\n<\/div>","protected":false},"excerpt":{"rendered":"<p>Delfi Technnologies, som grundades 1988, \u00e4r en europeisk l\u00f6sningsleverant\u00f6r, specialiserad p\u00e5 programvarul\u00f6sningar inom elektroniska hyllkantsetiketter (ESL), handh\u00e5llna terminaler, POS-l\u00f6sningar och printl\u00f6sningar.<\/p>\n","protected":false},"author":1,"featured_media":18200,"parent":0,"menu_order":0,"comment_status":"closed","ping_status":"closed","template":"","meta":{"_acf_changed":false,"cybocfi_hide_featured_image":"yes","footnotes":""},"class_list":["post-13523","page","type-page","status-publish","has-post-thumbnail","hentry"],"acf":[],"_links":{"self":[{"href":"https:\/\/www.delfi.com\/sv\/wp-json\/wp\/v2\/pages\/13523","targetHints":{"allow":["GET"]}}],"collection":[{"href":"https:\/\/www.delfi.com\/sv\/wp-json\/wp\/v2\/pages"}],"about":[{"href":"https:\/\/www.delfi.com\/sv\/wp-json\/wp\/v2\/types\/page"}],"author":[{"embeddable":true,"href":"https:\/\/www.delfi.com\/sv\/wp-json\/wp\/v2\/users\/1"}],"replies":[{"embeddable":true,"href":"https:\/\/www.delfi.com\/sv\/wp-json\/wp\/v2\/comments?post=13523"}],"version-history":[{"count":5,"href":"https:\/\/www.delfi.com\/sv\/wp-json\/wp\/v2\/pages\/13523\/revisions"}],"predecessor-version":[{"id":79087,"href":"https:\/\/www.delfi.com\/sv\/wp-json\/wp\/v2\/pages\/13523\/revisions\/79087"}],"wp:featuredmedia":[{"embeddable":true,"href":"https:\/\/www.delfi.com\/sv\/wp-json\/wp\/v2\/media\/18200"}],"wp:attachment":[{"href":"https:\/\/www.delfi.com\/sv\/wp-json\/wp\/v2\/media?parent=13523"}],"curies":[{"name":"wp","href":"https:\/\/api.w.org\/{rel}","templated":true}]}}