{"id":14032,"date":"2023-07-18T10:52:18","date_gmt":"2023-07-18T08:52:18","guid":{"rendered":"https:\/\/www.delfi.com\/delfi-serviceavtale\/"},"modified":"2026-03-13T13:08:38","modified_gmt":"2026-03-13T12:08:38","slug":"delfi-serviceavtale","status":"publish","type":"page","link":"https:\/\/www.delfi.com\/sv\/delfi-serviceavtale","title":{"rendered":"Delfi Serviceavtale"},"content":{"rendered":"<div class=\"wpb-content-wrapper\"><p>[vc_row][vc_column][vc_column_text css=&#8221;&#8221; css_params=&#8221;&#8221;]<\/p>\n<h1>Delfi Serviceavtale<\/h1>\n<p>[\/vc_column_text][\/vc_column][\/vc_row][vc_row][vc_column width=&#8221;1\/2&#8243;][vc_column_text]Delfi Technologies serviceavtal f\u00f6r handterminaler t\u00e4cker alla kostnader f\u00f6r reservdelar och eliminerar d\u00e4rf\u00f6r ov\u00e4ntade kostnader och v\u00e4ntetid. Du f\u00e5r alla f\u00f6rdelar med en snabb service och samtidigt s\u00e4kerst\u00e4ller du maximal &#8216;upptid&#8217; f\u00f6r din l\u00f6sning.<\/p>\n<p>Priset p\u00e5 ett serviceavtal beror p\u00e5 den valda utrustningen som ska t\u00e4ckas.<\/p>\n<p>Delfi Serviceavtal kan endast best\u00e4llas inom 30 dagar efter k\u00f6pet.<\/p>\n<h2>Delfi Service-program<\/h2>\n<p>Delfi Service Program ger dig ett antal alternativ f\u00f6r att uppfylla dina servicef\u00f6rv\u00e4ntningar:[\/vc_column_text][\/vc_column][vc_column width=&#8221;1\/2&#8243;][vc_single_image image=&#8221;13910&#8243; img_size=&#8221;full&#8221; alignment=&#8221;right&#8221;][\/vc_column][\/vc_row]<\/p>\n<\/div>","protected":false},"excerpt":{"rendered":"<p>En Delfi Serviceavtale sikrer deg hjelp dersom en enhet feiler, slik at du kan minimere nedetid, sikre kontinuitet og evne til \u00e5 levere eller selge.<\/p>\n","protected":false},"author":3,"featured_media":13918,"parent":0,"menu_order":0,"comment_status":"closed","ping_status":"closed","template":"","meta":{"_acf_changed":false,"cybocfi_hide_featured_image":"yes","footnotes":""},"class_list":["post-14032","page","type-page","status-publish","has-post-thumbnail","hentry"],"acf":[],"_links":{"self":[{"href":"https:\/\/www.delfi.com\/sv\/wp-json\/wp\/v2\/pages\/14032","targetHints":{"allow":["GET"]}}],"collection":[{"href":"https:\/\/www.delfi.com\/sv\/wp-json\/wp\/v2\/pages"}],"about":[{"href":"https:\/\/www.delfi.com\/sv\/wp-json\/wp\/v2\/types\/page"}],"author":[{"embeddable":true,"href":"https:\/\/www.delfi.com\/sv\/wp-json\/wp\/v2\/users\/3"}],"replies":[{"embeddable":true,"href":"https:\/\/www.delfi.com\/sv\/wp-json\/wp\/v2\/comments?post=14032"}],"version-history":[{"count":2,"href":"https:\/\/www.delfi.com\/sv\/wp-json\/wp\/v2\/pages\/14032\/revisions"}],"predecessor-version":[{"id":79081,"href":"https:\/\/www.delfi.com\/sv\/wp-json\/wp\/v2\/pages\/14032\/revisions\/79081"}],"wp:featuredmedia":[{"embeddable":true,"href":"https:\/\/www.delfi.com\/sv\/wp-json\/wp\/v2\/media\/13918"}],"wp:attachment":[{"href":"https:\/\/www.delfi.com\/sv\/wp-json\/wp\/v2\/media?parent=14032"}],"curies":[{"name":"wp","href":"https:\/\/api.w.org\/{rel}","templated":true}]}}