{"id":14047,"date":"2023-07-18T10:57:35","date_gmt":"2023-07-18T08:57:35","guid":{"rendered":"https:\/\/www.delfi.com\/soti-mobile-device-management\/"},"modified":"2026-03-13T13:09:41","modified_gmt":"2026-03-13T12:09:41","slug":"soti-mobile-device-management","status":"publish","type":"page","link":"https:\/\/www.delfi.com\/sv\/soti-mobile-device-management","title":{"rendered":"SOTI &#8211; Mobile Device Management"},"content":{"rendered":"<div class=\"wpb-content-wrapper\"><p>[vc_row][vc_column][vc_column_text css=&#8221;&#8221; css_params=&#8221;&#8221;]<\/p>\n<h1>SOTI &#8211; Mobile Device Management<\/h1>\n<p>Delfi Technologies rekommenderar SOTI MobiControl-mjukvara f\u00f6r alla Enterprise-installationer, eftersom du f\u00e5r f\u00f6rdelarna med centralt styrd \u00f6vervakning, mjukvaruuppdateringar och fj\u00e4rrkontroll av alla dina enheter, oavsett om du har Android-, iOS- och\/eller Windows-enheter. SOTI \u00e4r allm\u00e4nt k\u00e4nt och erk\u00e4nt som en av de ledande inom Mobile Device Management (MDM), oavsett om det \u00e4r en gammal WinCE eller en ny Android-handterminal, PDA, telefon eller dator.<\/p>\n<p>Globalt har \u00f6ver 17 000 f\u00f6retag valt SOTI f\u00f6r att implementera sin strategi f\u00f6r mobila enheter, applikationer, inneh\u00e5ll och Internet of Things. En bred inblick i branschen och tekniska partnerskap ger SOTI en unik inblick i trender och framtida l\u00f6sningar. SOTIs engagemang f\u00f6r utveckling s\u00e4kerst\u00e4ller att din verksamhet alltid ligger steget f\u00f6re med de l\u00f6sningar som garanterar dig oanade m\u00f6jligheter.<\/p>\n<p>SOTI MobiControl kan anv\u00e4ndas p\u00e5 b\u00e5de sm\u00e5 och stora installationer, och kan installeras b\u00e5de p\u00e5 plats eller som en molnl\u00f6sning.<\/p>\n<h2>F\u00f6rdelar med en SOTI-l\u00f6sning<\/h2>\n<p>Det finns en rad f\u00f6rdelar med att v\u00e4lja en SOTI-l\u00f6sning genom Delfi Technologies, speciellt om du har flera mobila enheter och vill arbeta optimalt med program som alltid \u00e4r uppdaterade.<\/p>\n<p><strong>SOTI s\u00e4kerst\u00e4ller att du f\u00e5r fullt utnyttjande av din investering med f\u00f6ljande funktioner: &nbsp;<\/strong><\/p>\n<ul>\n<li>St\u00f6der senaste Windows\/Android\/iOs p\u00e5 enheter som mobiler, handdatorer, surfplattor och b\u00e4rbara datorer<\/li>\n<li>Alltid uppdaterad programvara<\/li>\n<li>Egen visuell och programdesign &#8211; Lock down (central kontroll \u00f6ver programgr\u00e4nssnitt p\u00e5 enheter samt m\u00f6jlighet till egen visuell design)<\/li>\n<li>Fj\u00e4rrkontroll av enhet(er)<\/li>\n<li>S\u00e4kerhet mot virusattacker<\/li>\n<li>Geof\u00e4ngsel (GPS-sk\u00e4rmar &#8220;s\u00e4kert omr\u00e5de&#8221; n\u00e4r du kommer utanf\u00f6r ett avgr\u00e4nsat omr\u00e5de, vilket ger st\u00f6rre s\u00e4kerhet)<\/li>\n<li>St\u00f6der olika webbl\u00e4sare: Google Chrome, Internet Explore (9+) och Mozilla Firefox<\/li>\n<\/ul>\n<p>P\u00e5 Delfi Technologies har vi under ett antal \u00e5r byggt upp en stor kunskap och kompetens inom SOTI och vi \u00e4r d\u00e4rf\u00f6r redo att ge r\u00e5d och bygga en skr\u00e4ddarsydd l\u00f6sning tillsammans med dig.<\/p>\n<p><strong>Kontakta oss f\u00f6r mer information:<\/strong><\/p>\n<ul>\n<li>F\u00f6rs\u00e4ljningsavdelning: Tel.: +45 70 22 25 55, e-post: info@delfi.com<\/li>\n<\/ul>\n<p>[\/vc_column_text][\/vc_column][\/vc_row][vc_row][vc_column][vc_video link=&#8221;https:\/\/youtu.be\/hML4hxs0oD0&#8243; align=&#8221;center&#8221;][\/vc_column][\/vc_row]<\/p>\n<\/div>","protected":false},"excerpt":{"rendered":"<p>Ha kontroll over Android enhetene sentralt med SOTI \u2013 en innovat\u00f8r og markedsleder for mobilitet og IoT administrasjon, uavhengig av om enheten er en PDA, telefon eller PC.<\/p>\n","protected":false},"author":3,"featured_media":13930,"parent":0,"menu_order":0,"comment_status":"closed","ping_status":"closed","template":"","meta":{"_acf_changed":false,"cybocfi_hide_featured_image":"yes","footnotes":""},"class_list":["post-14047","page","type-page","status-publish","has-post-thumbnail","hentry"],"acf":[],"_links":{"self":[{"href":"https:\/\/www.delfi.com\/sv\/wp-json\/wp\/v2\/pages\/14047","targetHints":{"allow":["GET"]}}],"collection":[{"href":"https:\/\/www.delfi.com\/sv\/wp-json\/wp\/v2\/pages"}],"about":[{"href":"https:\/\/www.delfi.com\/sv\/wp-json\/wp\/v2\/types\/page"}],"author":[{"embeddable":true,"href":"https:\/\/www.delfi.com\/sv\/wp-json\/wp\/v2\/users\/3"}],"replies":[{"embeddable":true,"href":"https:\/\/www.delfi.com\/sv\/wp-json\/wp\/v2\/comments?post=14047"}],"version-history":[{"count":1,"href":"https:\/\/www.delfi.com\/sv\/wp-json\/wp\/v2\/pages\/14047\/revisions"}],"predecessor-version":[{"id":79088,"href":"https:\/\/www.delfi.com\/sv\/wp-json\/wp\/v2\/pages\/14047\/revisions\/79088"}],"wp:featuredmedia":[{"embeddable":true,"href":"https:\/\/www.delfi.com\/sv\/wp-json\/wp\/v2\/media\/13930"}],"wp:attachment":[{"href":"https:\/\/www.delfi.com\/sv\/wp-json\/wp\/v2\/media?parent=14047"}],"curies":[{"name":"wp","href":"https:\/\/api.w.org\/{rel}","templated":true}]}}