{"id":14085,"date":"2023-07-18T13:15:54","date_gmt":"2023-07-18T11:15:54","guid":{"rendered":"https:\/\/www.delfi.com\/betalning-leverans-varuretur\/"},"modified":"2026-03-13T13:08:10","modified_gmt":"2026-03-13T12:08:10","slug":"betalning-leverans-varuretur","status":"publish","type":"page","link":"https:\/\/www.delfi.com\/sv\/betalning-leverans-varuretur","title":{"rendered":"Betalning, Leverans &#038; Varuretur"},"content":{"rendered":"<div class=\"wpb-content-wrapper\"><p>[vc_row][vc_column][vc_column_text css=&#8221;&#8221; css_params=&#8221;&#8221;]<\/p>\n<h1>Betaling, Fragt &amp; Retur<\/h1>\n<h2>Betalning<\/h2>\n<p>Delfi Technologies A\/S har full r\u00e4tt att ta beslut om huruvida kunden skall uppr\u00e4ttas med f\u00f6rskottsbetalning eller faktura. Standard hos Delfi Technologies \u00e4r 30 dagars betaltid p\u00e5 fakturan f\u00f6r svenska kunder om inte annat \u00e4r avtalat. Alla kunder som \u00e4r registrerade i Delfi Technologies A\/S kundkartotek kommer att beh\u00e5lla de redan uppr\u00e4ttade betalningsvillkor som tidigare \u00e4r avtalat.<\/p>\n<p><strong>Hos Delfi Technologies A\/S har du m\u00f6jlighet att betala p\u00e5 f\u00f6ljande s\u00e4tt:<\/strong><\/p>\n<ul>\n<li>Fakturabetalning<\/li>\n<li>F\u00f6rskottsbetalning<\/li>\n<\/ul>\n<p>[\/vc_column_text][\/vc_column][\/vc_row][vc_row][vc_column][vc_separator][\/vc_column][\/vc_row][vc_row][vc_column][vc_column_text]<\/p>\n<h2>Leverans<\/h2>\n<p>Delfi Technologies A\/S skickar st\u00f6rsta delen av sina paket med GLS Danmark som transport\u00f6r. Vid pall transporter anv\u00e4nder vi oss av Dachser. N\u00e4r dina varor \u00e4r skickade, skickar vi dig en bekr\u00e4ftelse med ett sp\u00e5rbart nummer (tracking) d\u00e4r ni kan f\u00f6lja paketets v\u00e4g fram till leverans hos er.<\/p>\n<p>En order som best\u00e5r av varor som vi lagerh\u00e5ller skickas samma dag f\u00f6rutsatt att best\u00e4llning skett f\u00f6re klockan 14:00.<br \/>\nOm ordern best\u00e5r av varor som vi inte har p\u00e5 lager s\u00e5 f\u00e5r du en bekr\u00e4ftelse kl 20:00 samma dag med en estimering om n\u00e4r dina varor f\u00f6rv\u00e4ntas komma in p\u00e5 lagret.<\/p>\n<h4>Fraktvillkor (leverans till Danmark &amp; Svergie)<\/h4>\n<p>Det \u00e4r fri frakt p\u00e5 leveranser av ordrar \u00f6ver DKK 1000,- \/ SEK 1.500,- som inkommit via v\u00e5ran webshop*<\/p>\n<ul>\n<li>Vid order under DKK 1.000,- eller order som inte inkommit via v\u00e5ran webshop, g\u00e4ller f\u00f6ljande:<\/li>\n<li>Frakt tillkommer p\u00e5 DKK 50,- i Danmark och SEK 138,- i Sverige per paket upp till 20 kg beroende p\u00e5 volym\/kolli**<\/li>\n<li>Det tillkommer en hanteringskostnad p\u00e5 DKK 100,- \/ SEK 150 vid order under DKK 500,- \/ SEK 750,-<\/li>\n<li>Det tillkommer frakt f\u00f6r \u00bd pall till hela Danmark p\u00e5 DKK 380,- och Sverige p\u00e5 SEK 950,-<\/li>\n<li>Det tillkommer frakt f\u00f6r 1 hel pall till hela Danmark p\u00e5 DKK 530,- och Sverige p\u00e5 SEK 1.160,-<\/li>\n<\/ul>\n<p>Alle ovanst\u00e5ende priser \u00e4r exkl. moms.<\/p>\n<p>*Delfi erbjuder fraktfri leverans i det omf\u00e5ng att produkterna inte \u00e4r omfattade av specialpriser\/rabatter, kampanjer och demoprodukter etc.<\/p>\n<p>**F\u00f6r att frakthanteringen ska bli korrekt kan det vara n\u00f6dv\u00e4ndigt beroende p\u00e5 paketets volym att den delas upp i flera kollin, detta avg\u00f6r Delfi efter en utv\u00e4rdering n\u00e4r varorna skall packas inf\u00f6r leverans.<\/p>\n<p>Det l\u00e4ggs till frakt f\u00f6r leverans till andra l\u00e4nder enligt erbjudande med mindre annat \u00e4r avtalat.<\/p>\n<p>Delfi Technologies A\/S levererar och s\u00e4ljer endast Business to Business (B2B) efter att vi uppr\u00e4ttat er som kund och registrerat ert ORG\/VAT nummer.[\/vc_column_text][\/vc_column][\/vc_row][vc_row][vc_column][vc_separator][\/vc_column][\/vc_row][vc_row][vc_column][vc_column_text]<\/p>\n<h2>Varuretur<\/h2>\n<p>Varje eventuell varuretur kr\u00e4ver s\u00e4ljarens f\u00f6reg\u00e5ende samtycke.<\/p>\n<p>Annullering av best\u00e4llningar accepteras endast efter f\u00f6rhand skriftligt medgivande fr\u00e5n s\u00e4ljaren.<\/p>\n<p>Annullering av en best\u00e4llning kommer att l\u00e4ggas till en avgift p\u00e5 15% av v\u00e4rdet p\u00e5 den \u00f6ppna ordern.[\/vc_column_text][vc_btn title=&#8221;Se alla villkor&#8221; shape=&#8221;rounded&#8221; color=&#8221;black&#8221; size=&#8221;lg&#8221; link=&#8221;url:https%3A%2F%2Fdelfi.com%2Fsv%2Fvillkor-forsaljning-og-leverans%2F|title:Villkor%20f%C3%B6r%20f%C3%B6rs%C3%A4ljning%20og%20leverans&#8221;][\/vc_column][\/vc_row]<\/p>\n<\/div>","protected":false},"excerpt":{"rendered":"<p>Delfi Technologies A\/S har full r\u00e4tt att ta beslut om huruvida kunden skall uppr\u00e4ttas med f\u00f6rskottsbetalning eller faktura. Standard hos Delfi Technologies \u00e4r 30 dagars betaltid p\u00e5 fakturan f\u00f6r svenska kunder om inte annat \u00e4r avtalat. <\/p>\n","protected":false},"author":3,"featured_media":14072,"parent":0,"menu_order":0,"comment_status":"closed","ping_status":"closed","template":"","meta":{"_acf_changed":false,"cybocfi_hide_featured_image":"yes","footnotes":""},"class_list":["post-14085","page","type-page","status-publish","has-post-thumbnail","hentry"],"acf":[],"_links":{"self":[{"href":"https:\/\/www.delfi.com\/sv\/wp-json\/wp\/v2\/pages\/14085","targetHints":{"allow":["GET"]}}],"collection":[{"href":"https:\/\/www.delfi.com\/sv\/wp-json\/wp\/v2\/pages"}],"about":[{"href":"https:\/\/www.delfi.com\/sv\/wp-json\/wp\/v2\/types\/page"}],"author":[{"embeddable":true,"href":"https:\/\/www.delfi.com\/sv\/wp-json\/wp\/v2\/users\/3"}],"replies":[{"embeddable":true,"href":"https:\/\/www.delfi.com\/sv\/wp-json\/wp\/v2\/comments?post=14085"}],"version-history":[{"count":1,"href":"https:\/\/www.delfi.com\/sv\/wp-json\/wp\/v2\/pages\/14085\/revisions"}],"predecessor-version":[{"id":79074,"href":"https:\/\/www.delfi.com\/sv\/wp-json\/wp\/v2\/pages\/14085\/revisions\/79074"}],"wp:featuredmedia":[{"embeddable":true,"href":"https:\/\/www.delfi.com\/sv\/wp-json\/wp\/v2\/media\/14072"}],"wp:attachment":[{"href":"https:\/\/www.delfi.com\/sv\/wp-json\/wp\/v2\/media?parent=14085"}],"curies":[{"name":"wp","href":"https:\/\/api.w.org\/{rel}","templated":true}]}}