{"id":14347,"date":"2023-07-20T08:57:09","date_gmt":"2023-07-20T06:57:09","guid":{"rendered":"https:\/\/www.delfi.com\/kontakta-oss\/"},"modified":"2026-03-24T12:09:47","modified_gmt":"2026-03-24T11:09:47","slug":"kontakta-oss","status":"publish","type":"page","link":"https:\/\/www.delfi.com\/sv\/kontakta-oss","title":{"rendered":"Kontakta oss"},"content":{"rendered":"<div class=\"wpb-content-wrapper\"><p>[vc_row][vc_column][vc_column_text css=&#8221;&#8221; css_params=&#8221;&#8221;]<\/p>\n<h1>Kontakta oss<\/h1>\n<div class=\" bd-content-11 clearfix\">\n<div class=\"bd-container-inner\">\n<div class=\" bd-blog-11\">\n<div class=\"bd-container-inner\">\n<div class=\" bd-grid-7\">\n<div class=\"container-fluid\">\n<div class=\"separated-grid row\">\n<div class=\"separated-item-9 col-md-12 first-col last-row last-col\">\n<div class=\"bd-griditem-9\">\n<div class=\"ds-1col node node-delfi-landing node-promoted view-mode-full clearfix\">\n<div class=\"bd-postcontent-17\">\n<p>Vi vill g\u00e4rna att du h\u00f6r av dig. Tala om hur vi kan hj\u00e4lpa till. Kontakta en representant fr\u00e5n Delfi.<\/p>\n<\/div>\n<\/div>\n<\/div>\n<\/div>\n<\/div>\n<\/div>\n<\/div>\n<\/div>\n<\/div>\n<\/div>\n<\/div>\n<p>[\/vc_column_text][\/vc_column][\/vc_row][vc_row][vc_column][vc_tour type=&#8221;tabs-navigation&#8221;][vc_tab title=&#8221;Sverige&#8221; tab_id=&#8221;9f739061-6561-9&#8243;][vc_row_inner][vc_column_inner width=&#8221;1\/4&#8243;][vc_column_text]<\/p>\n<h2>Sverige<\/h2>\n<p><strong>Delfi Technologies AB<\/strong><br \/>\nStubboda 14<br \/>\n761 97 Norrt\u00e4lje<\/p>\n<p>Tlf.: +46 70 828 85 86<br \/>\nE-post: <a href=\"mailto:info-sverige@delfi.com\">info-sverige@delfi.com<\/a><br \/>\nE-post: <a href=\"mailto:order-sverige@delfi.com\">order-sverige@delfi.com<\/a>[\/vc_column_text][\/vc_column_inner][vc_column_inner width=&#8221;3\/4&#8243;][vc_gmaps link=&#8221;#E-8_JTNDaWZyYW1lJTIwc3JjJTNEJTIyaHR0cHMlM0ElMkYlMkZ3d3cuZ29vZ2xlLmNvbSUyRm1hcHMlMkZlbWJlZCUzRnBiJTNEJTIxMW0xOCUyMTFtMTIlMjExbTMlMjExZDIwMTIuNzU4NDA0MjIyOTI1MyUyMTJkMTguODU2MzU4Nzc3ODgxNjA2JTIxM2Q1OS43MDM1Nzg0NzQ3OTc2OTUlMjEybTMlMjExZjAlMjEyZjAlMjEzZjAlMjEzbTIlMjExaTEwMjQlMjEyaTc2OCUyMTRmMTMuMSUyMTNtMyUyMTFtMiUyMTFzMHg0NmY1NTk0NWIyZGRmOGRiJTI1M0EweDdhNzVhNDc4ODNhYmE0JTIxMnNTdHViYm9kYSUyNTIwMTQlMjUyQyUyNTIwNzYxJTI1MjA5MiUyNTIwTm9ycnQlMjVDMyUyNUE0bGplJTI1MkMlMjUyMFN2ZXJpZ2UlMjE1ZTAlMjEzbTIlMjExc2RhJTIxMnNnbCUyMTR2MTY5Nzk2MzI2OTI4OCUyMTVtMiUyMTFzZGElMjEyc2dsJTIyJTIwd2lkdGglM0QlMjI2MDAlMjIlMjBoZWlnaHQlM0QlMjI0NTAlMjIlMjBzdHlsZSUzRCUyMmJvcmRlciUzQTAlM0IlMjIlMjBhbGxvd2Z1bGxzY3JlZW4lM0QlMjIlMjIlMjBsb2FkaW5nJTNEJTIybGF6eSUyMiUyMHJlZmVycmVycG9saWN5JTNEJTIybm8tcmVmZXJyZXItd2hlbi1kb3duZ3JhZGUlMjIlM0UlM0MlMkZpZnJhbWUlM0U=&#8221;][\/vc_column_inner][\/vc_row_inner][\/vc_tab][vc_tab title=&#8221;Danmark&#8221; tab_id=&#8221;5b75d8a0-7fdd-4&#8243;][vc_row_inner][vc_column_inner width=&#8221;1\/4&#8243;][vc_column_text]<\/p>\n<h2>Danmark<\/h2>\n<p><strong>Delfi Technologies A\/S<\/strong><br \/>\nValdemarshaab 11<br \/>\nDK-4600 K\u00f8ge<\/p>\n<p>Tlf.: +45 70 222 555<br \/>\nE-post: <a href=\"mailto:info@delfi.com\">info@delfi.com<\/a><br \/>\nBokf\u00f6ring: <a href=\"mailto:accounting@delfi.com\">accounting@delfi.com<\/a>[\/vc_column_text][\/vc_column_inner][vc_column_inner width=&#8221;3\/4&#8243;][vc_gmaps link=&#8221;#E-8_JTNDaWZyYW1lJTIwc3JjJTNEJTIyaHR0cHMlM0ElMkYlMkZ3d3cuZ29vZ2xlLmNvbSUyRm1hcHMlMkZlbWJlZCUzRnBiJTNEJTIxMW0xOCUyMTFtMTIlMjExbTMlMjExZDI4Mi42Mzk3ODk2NDk4NTc5JTIxMmQxMi4xOTMxODUyMzY4NTg1NCUyMTNkNTUuNDc4MDM1NTkyNjg5MTklMjEybTMlMjExZjAlMjEyZjAlMjEzZjAlMjEzbTIlMjExaTEwMjQlMjEyaTc2OCUyMTRmMTMuMSUyMTNtMyUyMTFtMiUyMTFzMHg0NjUyZjExYzU4YzFlYmU1JTI1M0EweGZjNzE1NDQzYzI5ZGQxYzQlMjEyc0RlbGZpJTI1MjBUZWNobm9sb2dpZXMlMjUyMEElMjUyRlMlMjE1ZTAlMjEzbTIlMjExc2RhJTIxMnNkayUyMTR2MTY4OTg0MjA4NTgyOSUyMTVtMiUyMTFzZGElMjEyc2RrJTIyJTIwd2lkdGglM0QlMjI3MDAlMjIlMjBoZWlnaHQlM0QlMjIzMDAlMjIlMjBzdHlsZSUzRCUyMmJvcmRlciUzQTAlM0IlMjIlMjBhbGxvd2Z1bGxzY3JlZW4lM0QlMjIlMjIlMjBsb2FkaW5nJTNEJTIybGF6eSUyMiUyMHJlZmVycmVycG9saWN5JTNEJTIybm8tcmVmZXJyZXItd2hlbi1kb3duZ3JhZGUlMjIlM0UlM0MlMkZpZnJhbWUlM0U=&#8221;][\/vc_column_inner][\/vc_row_inner][\/vc_tab][vc_tab title=&#8221;Norge&#8221; tab_id=&#8221;1691056875267-2-0&#8243;][vc_row_inner][vc_column_inner width=&#8221;1\/4&#8243;][vc_column_text css=&#8221;&#8221; css_params=&#8221;&#8221;]<\/p>\n<h2>Norge<\/h2>\n<p><strong>Delfi Technologies AS<\/strong><br \/>\nFjellsdalen 3<br \/>\nN-5155 B\u00f8nes<\/p>\n<p>Tlf.: +47 93 45 77 35<br \/>\nE-post: <a href=\"mailto:info@delfi.com\">info@delfi.com<\/a>[\/vc_column_text][\/vc_column_inner][vc_column_inner width=&#8221;3\/4&#8243;][vc_gmaps link=&#8221;#E-8_JTNDaWZyYW1lJTIwc3JjJTNEJTIyaHR0cHMlM0ElMkYlMkZ3d3cuZ29vZ2xlLmNvbSUyRm1hcHMlMkZlbWJlZCUzRnBiJTNEJTIxMW0xOCUyMTFtMTIlMjExbTMlMjExZDExNzQuMjQ4Mjk1MDA0MTQyNCUyMTJkNS4yOTUzODQ0MzE0ODE2NTUlMjEzZDYwLjMzMjE5NDk5MjE2MDg2NSUyMTJtMyUyMTFmMCUyMTJmMCUyMTNmMCUyMTNtMiUyMTFpMTAyNCUyMTJpNzY4JTIxNGYxMy4xJTIxM20zJTIxMW0yJTIxMXMweDQ2M2NmYTJjMmM1YmJiNmQlMjUzQTB4MTE5MTBmODhmZDlkMzQ4NiUyMTJzRmplbGxzZGFsZW4lMjUyMDMlMjUyQyUyNTIwNTE1NSUyNTIwQiUyNUMzJTI1QjhuZXMlMjUyQyUyNTIwTm9yZ2UlMjE1ZTAlMjEzbTIlMjExc2RhJTIxMnNkayUyMTR2MTc3NDM0ODMzOTU3NSUyMTVtMiUyMTFzZGElMjEyc2RrJTIyJTIwd2lkdGglM0QlMjI2MDAlMjIlMjBoZWlnaHQlM0QlMjIzMDAlMjIlMjBzdHlsZSUzRCUyMmJvcmRlciUzQTAlM0IlMjIlMjBhbGxvd2Z1bGxzY3JlZW4lM0QlMjIlMjIlMjBsb2FkaW5nJTNEJTIybGF6eSUyMiUyMHJlZmVycmVycG9saWN5JTNEJTIybm8tcmVmZXJyZXItd2hlbi1kb3duZ3JhZGUlMjIlM0UlM0MlMkZpZnJhbWUlM0U=&#8221; css=&#8221;&#8221; css_params=&#8221;&#8221;][\/vc_column_inner][\/vc_row_inner][\/vc_tab][vc_tab title=&#8221;Tyskland&#8221; tab_id=&#8221;1691056875921-3-7&#8243;][vc_row_inner css=&#8221;.vc_custom_1697111144143{margin-bottom: 2em !important;}&#8221;][vc_column_inner width=&#8221;1\/4&#8243;][vc_column_text]<\/p>\n<h2>Norra Tyskland<\/h2>\n<p><strong>Delfi Technologies GmbH<\/strong><br \/>\nDorfstrasse 7-9<br \/>\nD-24232 Sch\u00f6nkirchen<\/p>\n<p>Tlf.: +49 431\/382175-0<br \/>\nE-post: <a href=\"mailto:info@delfi.com\">info@delfi.com<\/a>[\/vc_column_text][\/vc_column_inner][vc_column_inner width=&#8221;3\/4&#8243;][vc_gmaps link=&#8221;#E-8_JTNDaWZyYW1lJTIwc3JjJTNEJTIyaHR0cHMlM0ElMkYlMkZ3d3cuZ29vZ2xlLmNvbSUyRm1hcHMlMkZlbWJlZCUzRnBiJTNEJTIxMW0xOCUyMTFtMTIlMjExbTMlMjExZDIzMjYuMjUwNjkwOTQ0Njc4NCUyMTJkMTAuMjIyNDUyOTc3NjU5NzE0JTIxM2Q1NC4zMzQ4NzcxMDAzMDEyMDYlMjEybTMlMjExZjAlMjEyZjAlMjEzZjAlMjEzbTIlMjExaTEwMjQlMjEyaTc2OCUyMTRmMTMuMSUyMTNtMyUyMTFtMiUyMTFzMHg0N2IyNTgwMjNlODk4NGNmJTI1M0EweDI0ODFhNWI5NmU5MmM4MjAlMjEyc0RlbGZpJTI1MjBUZWNobm9sb2dpZXMlMjUyMEdtYkglMjE1ZTAlMjEzbTIlMjExc2RhJTIxMnNkayUyMTR2MTY4OTg0Mjg2NDA2NCUyMTVtMiUyMTFzZGElMjEyc2RrJTIyJTIwd2lkdGglM0QlMjI2MDAlMjIlMjBoZWlnaHQlM0QlMjIzMDAlMjIlMjBzdHlsZSUzRCUyMmJvcmRlciUzQTAlM0IlMjIlMjBhbGxvd2Z1bGxzY3JlZW4lM0QlMjIlMjIlMjBsb2FkaW5nJTNEJTIybGF6eSUyMiUyMHJlZmVycmVycG9saWN5JTNEJTIybm8tcmVmZXJyZXItd2hlbi1kb3duZ3JhZGUlMjIlM0UlM0MlMkZpZnJhbWUlM0U=&#8221;][\/vc_column_inner][\/vc_row_inner][vc_row_inner][vc_column_inner width=&#8221;1\/4&#8243;][vc_column_text]<\/p>\n<h2>Sodra Tyskland<\/h2>\n<p><strong>Delfi Technologies GmbH<\/strong><br \/>\nAm Hermannsberg 38<br \/>\n97837 Erlenbach b. Marktheidenfeld<\/p>\n<p>Tlf.: +49 431\/382175-0<br \/>\nE-post: <a href=\"mailto:info@delfi.com\">info@delfi.com<\/a>[\/vc_column_text][\/vc_column_inner][vc_column_inner width=&#8221;3\/4&#8243;][vc_gmaps link=&#8221;#E-8_JTNDaWZyYW1lJTIwc3JjJTNEJTIyaHR0cHMlM0ElMkYlMkZ3d3cuZ29vZ2xlLmNvbSUyRm1hcHMlMkZlbWJlZCUzRnBiJTNEJTIxMW0xOCUyMTFtMTIlMjExbTMlMjExZDI1NzQuMzQ4NTIyMjcxNDc3JTIxMmQ5LjYzMDQwNDY3NzUxMjE2NiUyMTNkNDkuODE3MTE0NDMyNzYxMzY1JTIxMm0zJTIxMWYwJTIxMmYwJTIxM2YwJTIxM20yJTIxMWkxMDI0JTIxMmk3NjglMjE0ZjEzLjElMjEzbTMlMjExbTIlMjExczB4NDdhMmJiMzVhMmE4NTYyZCUyNTNBMHg3ZThlOWEwYjFiNmE3MjIyJTIxMnNEZWxmaSUyNTIwVGVjaG5vbG9naWVzJTI1MjBHbWJIJTIxNWUwJTIxM20yJTIxMXNkYSUyMTJzZGslMjE0djE2ODk4NDI5MzkzMDIlMjE1bTIlMjExc2RhJTIxMnNkayUyMiUyMHdpZHRoJTNEJTIyNjAwJTIyJTIwaGVpZ2h0JTNEJTIyMzAwJTIyJTIwc3R5bGUlM0QlMjJib3JkZXIlM0EwJTNCJTIyJTIwYWxsb3dmdWxsc2NyZWVuJTNEJTIyJTIyJTIwbG9hZGluZyUzRCUyMmxhenklMjIlMjByZWZlcnJlcnBvbGljeSUzRCUyMm5vLXJlZmVycmVyLXdoZW4tZG93bmdyYWRlJTIyJTNFJTNDJTJGaWZyYW1lJTNF&#8221;][\/vc_column_inner][\/vc_row_inner][\/vc_tab][vc_tab title=&#8221;Italien&#8221; tab_id=&#8221;1691056876481-4-10&#8243;][vc_row_inner][vc_column_inner width=&#8221;1\/4&#8243;][vc_column_text css=&#8221;&#8221; css_params=&#8221;&#8221;]<\/p>\n<h2>Italien<\/h2>\n<p><strong>Delfi Technologies S.R.L.<\/strong><br \/>\nVia dell\u2019 Industria, 35<br \/>\n\u200b40138 Bologna<\/p>\n<p>Tlf.: +39 08 62 060 555<br \/>\nE-post: <a href=\"mailto:info@delfi.com\">info@delfi.com<\/a><\/p>\n<p>Facebook: <a href=\"https:\/\/www.facebook.com\/delfitechitalia\/\" target=\"_blank\" rel=\"noopener\">facebook.com\/delfitechitalia\/<\/a>[\/vc_column_text][\/vc_column_inner][vc_column_inner width=&#8221;3\/4&#8243;][vc_gmaps link=&#8221;#E-8_JTNDaWZyYW1lJTIwc3JjJTNEJTIyaHR0cHMlM0ElMkYlMkZ3d3cuZ29vZ2xlLmNvbSUyRm1hcHMlMkZlbWJlZCUzRnBiJTNEJTIxMW0xOCUyMTFtMTIlMjExbTMlMjExZDI4NDUuNTA0MzkwMTYzNzglMjEyZDExLjQwMjA0MDk3NzM1MzI4MiUyMTNkNDQuNTA0ODIxMDk2OTM0NjA2JTIxMm0zJTIxMWYwJTIxMmYwJTIxM2YwJTIxM20yJTIxMWkxMDI0JTIxMmk3NjglMjE0ZjEzLjElMjEzbTMlMjExbTIlMjExczB4NDc3ZTJkNTU5MTAyZTg0MyUyNTNBMHg1MDM1NGUwMDU4NzlhODkwJTIxMnNEZWxmaSUyNTIwVGVjaG5vbG9naWVzJTI1MjBTcmwlMjUyMEl0YWxpYSUyMTVlMCUyMTNtMiUyMTFzZGElMjEyc2RrJTIxNHYxNjg5ODQzMDczMDk5JTIxNW0yJTIxMXNkYSUyMTJzZGslMjIlMjB3aWR0aCUzRCUyMjYwMCUyMiUyMGhlaWdodCUzRCUyMjMwMCUyMiUyMHN0eWxlJTNEJTIyYm9yZGVyJTNBMCUzQiUyMiUyMGFsbG93ZnVsbHNjcmVlbiUzRCUyMiUyMiUyMGxvYWRpbmclM0QlMjJsYXp5JTIyJTIwcmVmZXJyZXJwb2xpY3klM0QlMjJuby1yZWZlcnJlci13aGVuLWRvd25ncmFkZSUyMiUzRSUzQyUyRmlmcmFtZSUzRQ==&#8221;][\/vc_column_inner][\/vc_row_inner][\/vc_tab][vc_tab title=&#8221;Vietnam&#8221; tab_id=&#8221;1691056876997-5-2&#8243;][vc_row_inner][vc_column_inner width=&#8221;1\/4&#8243;][vc_column_text]<\/p>\n<h2>Vietnam<\/h2>\n<p><strong>Delfi Technologies Ltd.<\/strong><br \/>\n38 Phan \u0110\u00ecnh Gi\u00f3t<br \/>\nPh\u01b0\u1eddng 2, T\u00e2n B\u00ecnh District<br \/>\nH\u1ed3 Ch\u00ed Minh<\/p>\n<p>Tlf.: +848 3991 9084<br \/>\nE-post: <a href=\"mailto:info@delfi.com.vn\">info@delfi.com.vn<\/a>[\/vc_column_text][\/vc_column_inner][vc_column_inner width=&#8221;3\/4&#8243;][vc_gmaps link=&#8221;#E-8_JTNDaWZyYW1lJTIwc3JjJTNEJTIyaHR0cHMlM0ElMkYlMkZ3d3cuZ29vZ2xlLmNvbSUyRm1hcHMlMkZlbWJlZCUzRnBiJTNEJTIxMW0xOCUyMTFtMTIlMjExbTMlMjExZDM5MTkuMDc4ODc2MDE5MTc3JTIxMmQxMDYuNjYyMTQ3ODc2Nzg3OTclMjEzZDEwLjgwNTI3MDg1ODY1NzQ5MiUyMTJtMyUyMTFmMCUyMTJmMCUyMTNmMCUyMTNtMiUyMTFpMTAyNCUyMTJpNzY4JTIxNGYxMy4xJTIxM20zJTIxMW0yJTIxMXMweDMxNzUyOTI0ZDMxMzZiOWIlMjUzQTB4NTYzNDA5MDkxNjYzZjc5YyUyMTJ6UjBuaHVxSkpJRkJJdzRGUUlFM0RneUJXNGJxZ1EwZ2dMU0JEdzdSdVp5QlVlU0JVVGtoSUlFUmxiR1pwSUZSbFkyaHViMnh2WjJsbGN3JTIxNWUwJTIxM20yJTIxMXNkYSUyMTJzZGslMjE0djE2ODk4NDMyODAxMDclMjE1bTIlMjExc2RhJTIxMnNkayUyMiUyMHdpZHRoJTNEJTIyNjAwJTIyJTIwaGVpZ2h0JTNEJTIyMzAwJTIyJTIwc3R5bGUlM0QlMjJib3JkZXIlM0EwJTNCJTIyJTIwYWxsb3dmdWxsc2NyZWVuJTNEJTIyJTIyJTIwbG9hZGluZyUzRCUyMmxhenklMjIlMjByZWZlcnJlcnBvbGljeSUzRCUyMm5vLXJlZmVycmVyLXdoZW4tZG93bmdyYWRlJTIyJTNFJTNDJTJGaWZyYW1lJTNF&#8221;][\/vc_column_inner][\/vc_row_inner][\/vc_tab][\/vc_tour][\/vc_column][\/vc_row][vc_row][vc_column]<style id=\"wpforms-css-vars-16559\">\n\t\t\t\t#wpforms-16559 {\n\t\t\t\t--wpforms-field-size-input-height: 43px;\n--wpforms-field-size-input-spacing: 15px;\n--wpforms-field-size-font-size: 16px;\n--wpforms-field-size-line-height: 19px;\n--wpforms-field-size-padding-h: 14px;\n--wpforms-field-size-checkbox-size: 16px;\n--wpforms-field-size-sublabel-spacing: 5px;\n--wpforms-field-size-icon-size: 1;\n--wpforms-label-size-font-size: 16px;\n--wpforms-label-size-line-height: 19px;\n--wpforms-label-size-sublabel-font-size: 14px;\n--wpforms-label-size-sublabel-line-height: 17px;\n--wpforms-button-size-font-size: 17px;\n--wpforms-button-size-height: 41px;\n--wpforms-button-size-padding-h: 15px;\n--wpforms-button-size-margin-top: 10px;\n--wpforms-container-shadow-size-box-shadow: none;\n\t\t\t}\n\t\t\t<\/style><div class=\"wpforms-container wpforms-container-full wpforms-render-modern\" id=\"wpforms-16559\"><form id=\"wpforms-form-16559\" class=\"wpforms-validate wpforms-form wpforms-ajax-form\" data-formid=\"16559\" method=\"post\" enctype=\"multipart\/form-data\" action=\"\/sv\/wp-json\/wp\/v2\/pages\/14347\" data-token=\"3e6f0ee30a66366b6c0f0975d126b14a\" data-token-time=\"1776160537\"><noscript class=\"wpforms-error-noscript\">Aktivera JavaScript i din webbl\u00e4sare f\u00f6r att fylla i formul\u00e4ret.<\/noscript><div id=\"wpforms-error-noscript\" style=\"display: none;\">Aktivera JavaScript i din webbl\u00e4sare f\u00f6r att fylla i formul\u00e4ret.<\/div><div class=\"wpforms-field-container\"><div id=\"wpforms-16559-field_0-container\" class=\"wpforms-field wpforms-field-name wpforms-one-half wpforms-first\" data-field-id=\"0\"><label class=\"wpforms-field-label\" for=\"wpforms-16559-field_0\">Fullt navn <span class=\"wpforms-required-label\" aria-hidden=\"true\">*<\/span><\/label><input type=\"text\" id=\"wpforms-16559-field_0\" class=\"wpforms-field-large wpforms-field-required\" name=\"wpforms[fields][0]\" aria-errormessage=\"wpforms-16559-field_0-error\" required><\/div><div id=\"wpforms-16559-field_1-container\" class=\"wpforms-field wpforms-field-email wpforms-one-half\" data-field-id=\"1\"><label class=\"wpforms-field-label\" for=\"wpforms-16559-field_1\">E-post <span class=\"wpforms-required-label\" aria-hidden=\"true\">*<\/span><\/label><input type=\"email\" id=\"wpforms-16559-field_1\" class=\"wpforms-field-large wpforms-field-required\" name=\"wpforms[fields][1]\" spellcheck=\"false\" aria-errormessage=\"wpforms-16559-field_1-error\" required><\/div><div id=\"wpforms-16559-field_3-container\" class=\"wpforms-field wpforms-field-text wpforms-one-half wpforms-first\" data-field-id=\"3\"><label class=\"wpforms-field-label\" for=\"wpforms-16559-field_3\">Telefon <span class=\"wpforms-required-label\" aria-hidden=\"true\">*<\/span><\/label><input type=\"text\" id=\"wpforms-16559-field_3\" class=\"wpforms-field-large wpforms-field-required\" name=\"wpforms[fields][3]\" aria-errormessage=\"wpforms-16559-field_3-error\" required><\/div><div id=\"wpforms-16559-field_6-container\" class=\"wpforms-field wpforms-field-text wpforms-one-half\" data-field-id=\"6\"><label class=\"wpforms-field-label\" for=\"wpforms-16559-field_6\">Postnummer <span class=\"wpforms-required-label\" aria-hidden=\"true\">*<\/span><\/label><input type=\"text\" id=\"wpforms-16559-field_6\" class=\"wpforms-field-large wpforms-field-required\" name=\"wpforms[fields][6]\" aria-errormessage=\"wpforms-16559-field_6-error\" required><\/div><div id=\"wpforms-16559-field_13-container\" class=\"wpforms-field wpforms-field-text wpforms-one-half wpforms-first\" data-field-id=\"13\"><label class=\"wpforms-field-label\" for=\"wpforms-16559-field_13\">Land <span class=\"wpforms-required-label\" aria-hidden=\"true\">*<\/span><\/label><input type=\"text\" id=\"wpforms-16559-field_13\" class=\"wpforms-field-large wpforms-field-required\" name=\"wpforms[fields][13]\" aria-errormessage=\"wpforms-16559-field_13-error\" required><\/div><div id=\"wpforms-16559-field_4-container\" class=\"wpforms-field wpforms-field-text wpforms-one-half\" data-field-id=\"4\"><label class=\"wpforms-field-label\" for=\"wpforms-16559-field_4\">Selskap <span class=\"wpforms-required-label\" aria-hidden=\"true\">*<\/span><\/label><input type=\"text\" id=\"wpforms-16559-field_4\" class=\"wpforms-field-large wpforms-field-required\" name=\"wpforms[fields][4]\" aria-errormessage=\"wpforms-16559-field_4-error\" required><\/div><div id=\"wpforms-16559-field_2-container\" class=\"wpforms-field wpforms-field-textarea\" data-field-id=\"2\"><label class=\"wpforms-field-label\" for=\"wpforms-16559-field_2\">Beskjed <span class=\"wpforms-required-label\" aria-hidden=\"true\">*<\/span><\/label><textarea id=\"wpforms-16559-field_2\" class=\"wpforms-field-small wpforms-field-required\" name=\"wpforms[fields][2]\" aria-errormessage=\"wpforms-16559-field_2-error\" required><\/textarea><\/div><div id=\"wpforms-16559-field_14-container\" class=\"wpforms-field wpforms-field-gdpr-checkbox\" data-field-id=\"14\"><label class=\"wpforms-field-label\">GDPR <span class=\"wpforms-required-label\" aria-hidden=\"true\">*<\/span><\/label><ul id=\"wpforms-16559-field_14\" class=\"wpforms-field-required\"><li class=\"choice-1\"><input type=\"checkbox\" id=\"wpforms-16559-field_14_1\" name=\"wpforms[fields][14][]\" value=\"Jag samtycker till att denna webbplats lagrar min inl\u00e4mnade information s\u00e5 att de kan svara p\u00e5 min f\u00f6rfr\u00e5gan.\" aria-errormessage=\"wpforms-16559-field_14_1-error\" aria-describedby=\"wpforms-16559-field_14-description\" required ><label class=\"wpforms-field-label-inline\" for=\"wpforms-16559-field_14_1\">Jag samtycker till att denna webbplats lagrar min inl\u00e4mnade information s\u00e5 att de kan svara p\u00e5 min f\u00f6rfr\u00e5gan.<\/label><\/li><\/ul><div id=\"wpforms-16559-field_14-description\" class=\"wpforms-field-description\">Du kan l\u00e4sa mer om v\u00e5r behandling av dina personuppgifter och cookies <a href=\"https:\/\/www.delfi.com\/sv\/integritetspolicy\/\">h\u00e4r.<\/a><\/div><\/div><\/div><!-- .wpforms-field-container --><div class=\"wpforms-submit-container\" ><input type=\"hidden\" name=\"wpforms[id]\" value=\"16559\"><input type=\"hidden\" name=\"page_title\" value=\"\"><input type=\"hidden\" name=\"page_url\" value=\"https:\/\/www.delfi.com\/sv\/wp-json\/wp\/v2\/pages\/14347\"><input type=\"hidden\" name=\"url_referer\" value=\"\"><button type=\"submit\" name=\"wpforms[submit]\" id=\"wpforms-submit-16559\" class=\"wpforms-submit\" data-alt-text=\"Sender...\" data-submit-text=\"Sende\" aria-live=\"assertive\" value=\"wpforms-submit\">Sende<\/button><img loading=\"lazy\" decoding=\"async\" src=\"https:\/\/www.delfi.com\/wp-content\/plugins\/wpforms\/assets\/images\/submit-spin.svg\" class=\"wpforms-submit-spinner\" style=\"display: none;\" width=\"26\" height=\"26\" alt=\"Laddar\" title=\"\"><\/div><\/form><\/div>  <!-- .wpforms-container -->[\/vc_column][\/vc_row]<\/p>\n<\/div>","protected":false},"excerpt":{"rendered":"<p>Vi vill g\u00e4rna att du h\u00f6r av dig. Tala om hur vi kan hj\u00e4lpa till. Kontakta en representant fr\u00e5n Delfi.<\/p>\n","protected":false},"author":3,"featured_media":14332,"parent":0,"menu_order":0,"comment_status":"closed","ping_status":"closed","template":"","meta":{"_acf_changed":false,"cybocfi_hide_featured_image":"yes","footnotes":""},"class_list":["post-14347","page","type-page","status-publish","has-post-thumbnail","hentry"],"acf":[],"_links":{"self":[{"href":"https:\/\/www.delfi.com\/sv\/wp-json\/wp\/v2\/pages\/14347","targetHints":{"allow":["GET"]}}],"collection":[{"href":"https:\/\/www.delfi.com\/sv\/wp-json\/wp\/v2\/pages"}],"about":[{"href":"https:\/\/www.delfi.com\/sv\/wp-json\/wp\/v2\/types\/page"}],"author":[{"embeddable":true,"href":"https:\/\/www.delfi.com\/sv\/wp-json\/wp\/v2\/users\/3"}],"replies":[{"embeddable":true,"href":"https:\/\/www.delfi.com\/sv\/wp-json\/wp\/v2\/comments?post=14347"}],"version-history":[{"count":2,"href":"https:\/\/www.delfi.com\/sv\/wp-json\/wp\/v2\/pages\/14347\/revisions"}],"predecessor-version":[{"id":79708,"href":"https:\/\/www.delfi.com\/sv\/wp-json\/wp\/v2\/pages\/14347\/revisions\/79708"}],"wp:featuredmedia":[{"embeddable":true,"href":"https:\/\/www.delfi.com\/sv\/wp-json\/wp\/v2\/media\/14332"}],"wp:attachment":[{"href":"https:\/\/www.delfi.com\/sv\/wp-json\/wp\/v2\/media?parent=14347"}],"curies":[{"name":"wp","href":"https:\/\/api.w.org\/{rel}","templated":true}]}}