{"id":14628,"date":"2023-07-20T13:35:25","date_gmt":"2023-07-20T11:35:25","guid":{"rendered":"https:\/\/www.delfi.com\/support\/"},"modified":"2026-03-13T13:09:50","modified_gmt":"2026-03-13T12:09:50","slug":"support","status":"publish","type":"page","link":"https:\/\/www.delfi.com\/sv\/support","title":{"rendered":"Support"},"content":{"rendered":"<div class=\"wpb-content-wrapper\"><p>[vc_row full_width=&#8221;stretch_row_content_no_spaces&#8221; disable_element=&#8221;yes&#8221;][vc_column]<div id='wrap_map_69d36ff636494' class='porto-map-wrapper porto-adjust-bottom-margin ' style='height:400px;'><div id='map_69d36ff636494' data-map_override='0' class='porto_google_map' style='width:100%;height:400px;'><\/div><\/div><script>\r\n( function() {\r\n\tvar porto_init_map = function() {\r\n\t\t( function( $ ) {\r\n\t\t\t'use strict';\r\n\t\t\tif (typeof google == 'undefined') {\r\n\t\t\t\treturn;\r\n\t\t\t}\r\n\t\t\tvar map_map_69d36ff636494 = null;\r\n\t\t\tvar coordinate_map_69d36ff636494;\r\n\t\t\ttry {\r\n\t\t\t\tcoordinate_map_69d36ff636494=new google.maps.LatLng(40.75198, -73.96978);\r\n\t\t\t\tvar isDraggable = $(document).width() > 640 ? true : true;\r\n\t\t\t\tvar mapOptions = {\r\n\t\t\t\t\tzoom: 16,\r\n\t\t\t\t\tcenter: coordinate_map_69d36ff636494,\r\n\t\t\t\t\tscaleControl: true,\r\n\t\t\t\t\tstreetViewControl: true,\r\n\t\t\t\t\tmapTypeControl: true,\r\n\t\t\t\t\tpanControl: true,\r\n\t\t\t\t\tzoomControl: true,\r\n\t\t\t\t\tscrollwheel: false,\r\n\t\t\t\t\tdraggable: isDraggable,\r\n\t\t\t\t\tzoomControlOptions: {\r\n\t\t\t\t\t\tposition: google.maps.ControlPosition.RIGHT_BOTTOM\r\n\t\t\t\t\t},mapTypeId: google.maps.MapTypeId.ROADMAP,};var map_map_69d36ff636494 = new google.maps.Map(document.getElementById('map_69d36ff636494'),mapOptions);\r\n\t\t\t\t\t\tvar x = 'off';\r\n\t\t\t\t\t\tvar marker_map_69d36ff636494 = new google.maps.Marker({\r\n\t\t\t\t\t\tposition: new google.maps.LatLng(40.75198, -73.96978),\r\n\t\t\t\t\t\tanimation:  google.maps.Animation.DROP,\r\n\t\t\t\t\t\tmap: map_map_69d36ff636494,\r\n\t\t\t\t\t\ticon: ''\r\n\t\t\t\t\t});\r\n\t\t\t\t\tgoogle.maps.event.addListener(marker_map_69d36ff636494, 'click', toggleBounce);var infowindow = new google.maps.InfoWindow();\r\n\t\t\t\t\t\t\tinfowindow.setContent('<div class=\"map_info_text\" style=\\'color:#000;\\'><strong>New York Office<\/strong><\/p> <div>New York, NY 10017<\/div> <p><\/div>');infowindow.open(map_map_69d36ff636494,marker_map_69d36ff636494);google.maps.event.addListener(marker_map_69d36ff636494, 'click', function() {\r\n\t\t\t\t\t\t\t\tinfowindow.open(map_map_69d36ff636494,marker_map_69d36ff636494);\r\n\t\t\t\t\t\t\t});}\r\n\t\t\tcatch(e){};\r\n\t\t\tgoogle.maps.event.trigger(map_map_69d36ff636494, 'resize');\r\n\t\t\t$(window).on('resize', function(){\r\n\t\t\t\tgoogle.maps.event.trigger(map_map_69d36ff636494, 'resize');\r\n\t\t\t\tif(map_map_69d36ff636494!=null) {\r\n\t\t\t\t\tmap_map_69d36ff636494.setCenter(coordinate_map_69d36ff636494);\r\n\t\t\t\t}\r\n\t\t\t});\r\n\t\t\t$('.ui-tabs').on('tabsactivate', function(event, ui) {\r\n\t\t\t   if($(this).find('.porto-map-wrapper').length > 0)\r\n\t\t\t\t{\r\n\t\t\t\t\tsetTimeout(function(){\r\n\t\t\t\t\t\t$(window).trigger('resize');\r\n\t\t\t\t\t},200);\r\n\t\t\t\t}\r\n\t\t\t});\r\n\t\t\t$('.ui-accordion').on('accordionactivate', function(event, ui) {\r\n\t\t\t\tif($(this).find('.porto-map-wrapper').length > 0) {\r\n\t\t\t\t\tsetTimeout(function(){\r\n\t\t\t\t\t\t$(window).trigger('resize');\r\n\t\t\t\t\t},200);\r\n\t\t\t\t}\r\n\t\t\t});\r\n\t\t\t$(document).on('onPortoModalPopupOpen', function(){\r\n\t\t\t\tif($(map_map_69d36ff636494).parents('.porto_modal-content')) {\r\n\t\t\t\t\tsetTimeout(function(){\r\n\t\t\t\t\t\t$(window).trigger('resize');\r\n\t\t\t\t\t},200);\r\n\t\t\t\t}\r\n\t\t\t});\r\n\t\t\tfunction toggleBounce() {\r\n\t\t\t\tif (marker_map_69d36ff636494.getAnimation() != null) {\r\n\t\t\t\t\tmarker_map_69d36ff636494.setAnimation(null);\r\n\t\t\t\t} else {\r\n\t\t\t\t\tmarker_map_69d36ff636494.setAnimation(google.maps.Animation.BOUNCE);\r\n\t\t\t\t}\r\n\t\t\t}\r\n\t\t} )( window.jQuery );\r\n\t};\r\n\r\n\tif ( window.jQuery ) {\r\n\t\tjQuery( document ).ready(function() {\r\n\t\t\tporto_init_map();\r\n\t\t} );\r\n\t} else {\r\n\t\tdocument.addEventListener( 'DOMContentLoaded', porto_init_map );\r\n\t}\r\n\r\n\twindow.addEventListener( 'load', function() {\r\n\t\tsetTimeout( function() {\r\n\t\t\tjQuery( window ).trigger( 'resize' );\r\n\t\t}, 200 );\r\n\t} );\r\n} )();\r\n<\/script>[\/vc_column][\/vc_row][vc_row wrap_container=&#8221;yes&#8221; el_class=&#8221;m-b-xl&#8221;][vc_column][vc_custom_heading text=&#8221;<strong>Support<\/strong>&#8221; font_container=&#8221;tag:h3|font_size:30|text_align:left&#8221; use_theme_fonts=&#8221;yes&#8221; skin=&#8221;primary&#8221; el_class=&#8221;m-t&#8221;][vc_column_text css=&#8221;&#8221; css_params=&#8221;&#8221;]<\/p>\n<h1>Vi er altid klar til at hj\u00e6lpe dig med at f\u00e5 det bedste ud af din Delfi oplevelse. Hvad har du brug for hj\u00e6lp med?<\/h1>\n<p>[\/vc_column_text][vc_separator color=&#8221;custom&#8221; gradient=&#8221;yes&#8221;][\/vc_column][\/vc_row][vc_row wrap_container=&#8221;yes&#8221; equal_height=&#8221;yes&#8221; el_class=&#8221;m-b-xl&#8221;][vc_column width=&#8221;2\/3&#8243;][vc_custom_heading text=&#8221;<strong> Kassel\u00f8sninger (POS), h\u00e5ndterminaler, printl\u00f8sninger og andre foresp\u00f8rgsler <\/strong>&#8221; use_theme_fonts=&#8221;yes&#8221; skin=&#8221;primary&#8221;]<div class=\"porto-sicon-box  wpb_custom_991192e517ba80822b25b68bbbc51b14 style_1 default-icon\"><div class=\"porto-sicon-default\"><div class=\"porto-just-icon-wrapper porto-icon circle\" style=\"color:#ffffff;background:#0088cc;font-size:14px;\"><i class=\"fas fa-question\"><\/i><\/div><\/div><div class=\"porto-sicon-header\"><h3 class=\"porto-sicon-title\" style=\"font-size:14px;color:#777777;\"><strong>Support portal<\/strong><\/h3><p>Her kan du f\u00e5 svar p\u00e5 de mest almindelige sp\u00f8rgsm\u00e5l og tracke supportsager.<\/p><\/div> <!-- header --><\/div><!-- porto-sicon-box --><div class=\"porto-sicon-box  wpb_custom_991192e517ba80822b25b68bbbc51b14 style_1 default-icon\"><div class=\"porto-sicon-default\"><div class=\"porto-just-icon-wrapper porto-icon circle\" style=\"color:#ffffff;background:#0088cc;font-size:14px;\"><i class=\"fas fa-phone\"><\/i><\/div><\/div><div class=\"porto-sicon-header\"><h3 class=\"porto-sicon-title\" style=\"font-size:14px;color:#777777;\"><strong>Telefonsupport:<\/strong> +45 78 768 555.<\/h3><p>Ring til os hvis du har brug for hj\u00e6lp. Kontakt os p\u00e5 telefon.<\/p><\/div> <!-- header --><\/div><!-- porto-sicon-box -->[vc_btn title=&#8221;Support portal&#8221; shape=&#8221;square&#8221; color=&#8221;primary&#8221; size=&#8221;lg&#8221; align=&#8221;left&#8221; link=&#8221;url:https%3A%2F%2Fsupport.delfi.com%2Fda%2Fsupport%2Fhome|target:_blank|&#8221; css=&#8221;.vc_custom_1601031699235{padding-left: 45px !important;}&#8221;][vc_separator color=&#8221;custom&#8221; gradient=&#8221;yes&#8221;][vc_custom_heading text=&#8221;Elektroniske hyldeforkanter&#8221; use_theme_fonts=&#8221;yes&#8221; skin=&#8221;primary&#8221;]<div class=\"porto-sicon-box  wpb_custom_991192e517ba80822b25b68bbbc51b14 style_1 default-icon\"><div class=\"porto-sicon-default\"><div class=\"porto-just-icon-wrapper porto-icon circle\" style=\"color:#ffffff;background:#0088cc;font-size:14px;\"><i class=\"fas fa-question\"><\/i><\/div><\/div><div class=\"porto-sicon-header\"><h3 class=\"porto-sicon-title\" style=\"font-size:14px;color:#777777;\"><strong>Support portal<\/strong><\/h3><p>Her kan du f\u00e5 svar p\u00e5 de mest almindelige sp\u00f8rgsm\u00e5l og tracke supportsager.<\/p><\/div> <!-- header --><\/div><!-- porto-sicon-box --><div class=\"porto-sicon-box  wpb_custom_991192e517ba80822b25b68bbbc51b14 style_1 default-icon\"><div class=\"porto-sicon-default\"><div class=\"porto-just-icon-wrapper porto-icon circle\" style=\"color:#ffffff;background:#0088cc;font-size:14px;\"><i class=\"fas fa-phone\"><\/i><\/div><\/div><div class=\"porto-sicon-header\"><h3 class=\"porto-sicon-title\" style=\"font-size:14px;color:#777777;\"><strong>Telefonsupport<\/strong> +45 70 233 677.<\/h3><p>Ring til os hvis du har brug for hj\u00e6lp. Kontakt os p\u00e5 telefon.<\/p><\/div> <!-- header --><\/div><!-- porto-sicon-box -->[vc_btn title=&#8221;Support portal&#8221; shape=&#8221;square&#8221; color=&#8221;primary&#8221; size=&#8221;lg&#8221; align=&#8221;left&#8221; link=&#8221;url:https%3A%2F%2Fsupport.breecesystem.com%2Fen%2Fsupport%2Fhome|target:_blank&#8221; css=&#8221;.vc_custom_1699355266265{padding-left: 45px !important;}&#8221;][\/vc_column][vc_column width=&#8221;1\/3&#8243;][vc_custom_heading text=&#8221;Vi supporterer f\u00f8lgende m\u00e6rker:&#8221; use_theme_fonts=&#8221;yes&#8221; skin=&#8221;primary&#8221;][vc_column_text]<\/p>\n<ul>\n<li>Bixolon<\/li>\n<li>Bluebird<\/li>\n<li>Citizen<\/li>\n<li>Datalogic<\/li>\n<li>Elo<\/li>\n<li>Epson<\/li>\n<li>Evolis<\/li>\n<li>Honeywell<\/li>\n<li>ICD<\/li>\n<li>Ivanti<\/li>\n<li>Labelmate<\/li>\n<li>Motorola<\/li>\n<li>Opticon<\/li>\n<li>Point Mobile<\/li>\n<li>PrehKey Tech<\/li>\n<li>Seagull Scientific<\/li>\n<li>Symbol<\/li>\n<li>Zebra<\/li>\n<\/ul>\n<p>[\/vc_column_text][vc_column_text]For support af \u00f8vrige m\u00e6rker, henviser vi til producenten.[\/vc_column_text][\/vc_column][\/vc_row]<\/p>\n<\/div>","protected":false},"excerpt":{"rendered":"<p>Vi \u00e4r h\u00e4r f\u00f6r att hj\u00e4lpa dig. Hj\u00e4lper dig f\u00e5 ut det mesta av din delfi-upplevelse. Vad beh\u00f6ver du hj\u00e4lp med?<\/p>\n","protected":false},"author":3,"featured_media":18253,"parent":0,"menu_order":0,"comment_status":"closed","ping_status":"closed","template":"","meta":{"_acf_changed":false,"cybocfi_hide_featured_image":"yes","footnotes":""},"class_list":["post-14628","page","type-page","status-publish","has-post-thumbnail","hentry"],"acf":[],"_links":{"self":[{"href":"https:\/\/www.delfi.com\/sv\/wp-json\/wp\/v2\/pages\/14628","targetHints":{"allow":["GET"]}}],"collection":[{"href":"https:\/\/www.delfi.com\/sv\/wp-json\/wp\/v2\/pages"}],"about":[{"href":"https:\/\/www.delfi.com\/sv\/wp-json\/wp\/v2\/types\/page"}],"author":[{"embeddable":true,"href":"https:\/\/www.delfi.com\/sv\/wp-json\/wp\/v2\/users\/3"}],"replies":[{"embeddable":true,"href":"https:\/\/www.delfi.com\/sv\/wp-json\/wp\/v2\/comments?post=14628"}],"version-history":[{"count":1,"href":"https:\/\/www.delfi.com\/sv\/wp-json\/wp\/v2\/pages\/14628\/revisions"}],"predecessor-version":[{"id":79089,"href":"https:\/\/www.delfi.com\/sv\/wp-json\/wp\/v2\/pages\/14628\/revisions\/79089"}],"wp:featuredmedia":[{"embeddable":true,"href":"https:\/\/www.delfi.com\/sv\/wp-json\/wp\/v2\/media\/18253"}],"wp:attachment":[{"href":"https:\/\/www.delfi.com\/sv\/wp-json\/wp\/v2\/media?parent=14628"}],"curies":[{"name":"wp","href":"https:\/\/api.w.org\/{rel}","templated":true}]}}