{"id":15733,"date":"2023-07-28T17:17:44","date_gmt":"2023-07-28T15:17:44","guid":{"rendered":"https:\/\/www.delfi.com\/filosofi\/"},"modified":"2026-03-13T13:08:52","modified_gmt":"2026-03-13T12:08:52","slug":"filosofi","status":"publish","type":"page","link":"https:\/\/www.delfi.com\/sv\/filosofi","title":{"rendered":"Filosofi"},"content":{"rendered":"<div class=\"wpb-content-wrapper\"><p>[vc_row wrap_container=&#8221;yes&#8221; css=&#8221;.vc_custom_1544835925643{padding-top: 90px !important;padding-bottom: 50px !important;}&#8221;][vc_column offset=&#8221;vc_col-md-offset-1 vc_col-md-10&#8243;]<div class=\"porto-u-heading  wpb_custom_95aa9a11c17ad45cfabaf210d84ee7cc porto-u-55ca8359258f9a412be7e73af65d2aac \" data-appear-animation=\"fadeInUp\" data-appear-animation-delay=\"100\"><div class=\"porto-u-main-heading\"><h1   style=\"font-weight:700;margin-bottom: 30px;font-size:42px;line-height:42px;\">Filosofi<\/h1><\/div><div class=\"porto-u-sub-heading\" style=\"font-size:16.8px;line-height:32px;\">Vi st\u00e4rker din verksamhet med passion och engagemang med v\u00e5ra l\u00f6sningar i v\u00e4rldsklass.<\/div><style>.porto-u-55ca8359258f9a412be7e73af65d2aac.porto-u-heading{text-align:center}<\/style><\/div>[\/vc_column][\/vc_row][vc_row wrap_container=&#8221;yes&#8221; css=&#8221;.vc_custom_1544836035086{padding-bottom: 70px !important;}&#8221;][vc_column width=&#8221;1\/2&#8243; animation_delay=&#8221;400&#8243; el_class=&#8221;col-sm-6&#8243; offset=&#8221;vc_col-md-3&#8243; animation_type=&#8221;fadeInRight&#8221;]<div class=\"porto-sicon-box px-lg-1 px-xl-5  wpb_custom_6bd3ea43243bb56571d580d187f8d1d7 style_1 top-icon\"><div class=\"porto-sicon-top\"><div class=\"porto-just-icon-wrapper porto-icon none\" style=\"color:#00aace;font-size:42px;\"><i class=\"Simple-Line-Icons-people\"><\/i><\/div><\/div><div class=\"porto-sicon-header\"><h3 class=\"porto-sicon-title\" style=\"font-weight:700;font-size:21px;line-height:21px;\">Partnerskap<\/h3><\/div> <!-- header --><div class=\"porto-sicon-description\" style=\"\">Vi tror p\u00e5 l\u00e5ngsiktiga partnerskap. Ett partnerskap best\u00e5r av tv\u00e5 parter. Vi v\u00e4ljer varandra eftersom vi har en gemensam syn p\u00e5 utmaningen och vi tror att vi kan l\u00f6sa den tillsammans. V\u00e5rt m\u00e5l \u00e4r att skapa den b\u00e4sta l\u00f6sningen och servicen tillsammans.<\/div> <!-- description --><\/div><!-- porto-sicon-box -->[\/vc_column][vc_column width=&#8221;1\/2&#8243; animation_delay=&#8221;200&#8243; el_class=&#8221;col-sm-6&#8243; offset=&#8221;vc_col-md-3&#8243; animation_type=&#8221;fadeInRight&#8221;]<div class=\"porto-sicon-box px-lg-1 px-xl-5  wpb_custom_6bd3ea43243bb56571d580d187f8d1d7 style_1 top-icon\"><div class=\"porto-sicon-top\"><div class=\"porto-just-icon-wrapper porto-icon none\" style=\"color:#00aace;font-size:42px;\"><i class=\"Simple-Line-Icons-graph\"><\/i><\/div><\/div><div class=\"porto-sicon-header\"><h3 class=\"porto-sicon-title\" style=\"font-weight:700;font-size:21px;line-height:21px;\">V\u00e4rdeskapande<\/h3><\/div> <!-- header --><div class=\"porto-sicon-description\" style=\"\">N\u00e4r du sl\u00e5r dig ihop med delfi f\u00e5r du v\u00e5rt fulla engagemang. Vi bygger fantastiska l\u00f6sningar tillsammans och str\u00e4var efter att skapa ett gemensamt v\u00e4rde f\u00f6r oss b\u00e5da. Vi f\u00f6rs\u00e4krar att v\u00e5ra partner f\u00e5r h\u00f6gsta m\u00f6jliga v\u00e4rde fr\u00e5n v\u00e5ra l\u00f6sningar genom v\u00e5r professionella expertis.<\/div> <!-- description --><\/div><!-- porto-sicon-box -->[\/vc_column][vc_column width=&#8221;1\/2&#8243; animation_delay=&#8221;200&#8243; el_class=&#8221;col-sm-6&#8243; offset=&#8221;vc_col-md-3&#8243; animation_type=&#8221;fadeInLeft&#8221;]<div class=\"porto-sicon-box px-lg-1 px-xl-5  wpb_custom_6bd3ea43243bb56571d580d187f8d1d7 style_1 top-icon\"><div class=\"porto-sicon-top\"><div class=\"porto-just-icon-wrapper porto-icon none\" style=\"color:#00aace;font-size:42px;\"><i class=\"Simple-Line-Icons-settings\"><\/i><\/div><\/div><div class=\"porto-sicon-header\"><h3 class=\"porto-sicon-title\" style=\"font-weight:700;font-size:21px;line-height:21px;\">Innovation<\/h3><\/div> <!-- header --><div class=\"porto-sicon-description\" style=\"\">Vi \u00e4lskar det vi g\u00f6r och vi tror att vi \u00e4r de b\u00e4sta inom v\u00e5rt omr\u00e5de. Vi \u00e4r nyfikna och investerar I forskning eftersom vi ser framtiden I v\u00e5ra l\u00f6sningar. <\/div> <!-- description --><\/div><!-- porto-sicon-box -->[\/vc_column][vc_column width=&#8221;1\/2&#8243; animation_delay=&#8221;400&#8243; el_class=&#8221;col-sm-6&#8243; offset=&#8221;vc_col-md-3&#8243; animation_type=&#8221;fadeInLeft&#8221;]<div class=\"porto-sicon-box px-lg-1 px-xl-5  wpb_custom_6bd3ea43243bb56571d580d187f8d1d7 style_1 top-icon\"><div class=\"porto-sicon-top\"><div class=\"porto-just-icon-wrapper porto-icon none\" style=\"color:#00aace;font-size:42px;\"><i class=\"Simple-Line-Icons-book-open\"><\/i><\/div><\/div><div class=\"porto-sicon-header\"><h3 class=\"porto-sicon-title\" style=\"font-weight:700;font-size:21px;line-height:21px;\">Dela kunskap<\/h3><\/div> <!-- header --><div class=\"porto-sicon-description\" style=\"\">Vi vill g\u00e4rna dela v\u00e5r v\u00e4rdefulla kunskap med v\u00e5ra kunder och tror att \u00e4rlighet och engagemang kommer att leda oss mot v\u00e5rt gemensamma m\u00e5l.<\/div> <!-- description --><\/div><!-- porto-sicon-box -->[\/vc_column][\/vc_row][vc_row wrap_container=&#8221;yes&#8221; css=&#8221;.vc_custom_1544836035086{padding-bottom: 70px !important;}&#8221;][vc_column width=&#8221;1\/2&#8243; animation_delay=&#8221;400&#8243; el_class=&#8221;col-sm-6&#8243; offset=&#8221;vc_col-md-3&#8243; animation_type=&#8221;fadeInRight&#8221;]<div class=\"porto-sicon-box px-lg-1 px-xl-5  wpb_custom_6bd3ea43243bb56571d580d187f8d1d7 style_1 top-icon\"><div class=\"porto-sicon-top\"><div class=\"porto-just-icon-wrapper porto-icon none\" style=\"color:#00aace;font-size:42px;\"><i class=\"Simple-Line-Icons-bubbles\"><\/i><\/div><\/div><div class=\"porto-sicon-header\"><h3 class=\"porto-sicon-title\" style=\"font-weight:700;font-size:21px;line-height:21px;\">Inte hejd\u00e5, bara vi ses sen<\/h3><\/div> <!-- header --><div class=\"porto-sicon-description\" style=\"\">Vi levererar inte bara ett paket utan en l\u00f6sning, och h\u00e5ller kontakt f\u00f6r att bibeh\u00e5lla v\u00e5rt partnerskap.<\/div> <!-- description --><\/div><!-- porto-sicon-box -->[\/vc_column][vc_column width=&#8221;1\/2&#8243; animation_delay=&#8221;200&#8243; el_class=&#8221;col-sm-6&#8243; offset=&#8221;vc_col-md-3&#8243; animation_type=&#8221;fadeInRight&#8221;][\/vc_column][vc_column width=&#8221;1\/2&#8243; animation_delay=&#8221;200&#8243; el_class=&#8221;col-sm-6&#8243; offset=&#8221;vc_col-md-3&#8243; animation_type=&#8221;fadeInLeft&#8221;][\/vc_column][vc_column width=&#8221;1\/2&#8243; animation_delay=&#8221;400&#8243; el_class=&#8221;col-sm-6&#8243; offset=&#8221;vc_col-md-3&#8243; animation_type=&#8221;fadeInLeft&#8221;][\/vc_column][\/vc_row]<\/p>\n<\/div>","protected":false},"excerpt":{"rendered":"<p>Vi st\u00e4rker din verksamhet \u2013 genom passion och engagemang skapar vi l\u00f6sningar i v\u00e4rldsklass. Partnerskap, v\u00e4rdeskapande, innovation, kunskapsdelning och \u00e5terbes\u00f6k \u00e4r n\u00e5got vi str\u00e4var efter att leva upp till.<\/p>\n","protected":false},"author":5,"featured_media":18180,"parent":0,"menu_order":0,"comment_status":"closed","ping_status":"closed","template":"","meta":{"_acf_changed":false,"cybocfi_hide_featured_image":"yes","footnotes":""},"class_list":["post-15733","page","type-page","status-publish","has-post-thumbnail","hentry"],"acf":[],"_links":{"self":[{"href":"https:\/\/www.delfi.com\/sv\/wp-json\/wp\/v2\/pages\/15733","targetHints":{"allow":["GET"]}}],"collection":[{"href":"https:\/\/www.delfi.com\/sv\/wp-json\/wp\/v2\/pages"}],"about":[{"href":"https:\/\/www.delfi.com\/sv\/wp-json\/wp\/v2\/types\/page"}],"author":[{"embeddable":true,"href":"https:\/\/www.delfi.com\/sv\/wp-json\/wp\/v2\/users\/5"}],"replies":[{"embeddable":true,"href":"https:\/\/www.delfi.com\/sv\/wp-json\/wp\/v2\/comments?post=15733"}],"version-history":[{"count":1,"href":"https:\/\/www.delfi.com\/sv\/wp-json\/wp\/v2\/pages\/15733\/revisions"}],"predecessor-version":[{"id":79084,"href":"https:\/\/www.delfi.com\/sv\/wp-json\/wp\/v2\/pages\/15733\/revisions\/79084"}],"wp:featuredmedia":[{"embeddable":true,"href":"https:\/\/www.delfi.com\/sv\/wp-json\/wp\/v2\/media\/18180"}],"wp:attachment":[{"href":"https:\/\/www.delfi.com\/sv\/wp-json\/wp\/v2\/media?parent=15733"}],"curies":[{"name":"wp","href":"https:\/\/api.w.org\/{rel}","templated":true}]}}