{"id":16507,"date":"2023-08-01T15:41:52","date_gmt":"2023-08-01T13:41:52","guid":{"rendered":"https:\/\/www.delfi.com\/dynamic-communicator\/"},"modified":"2026-03-13T13:08:46","modified_gmt":"2026-03-13T12:08:46","slug":"dynamic-communicator","status":"publish","type":"page","link":"https:\/\/www.delfi.com\/sv\/dynamic-communicator","title":{"rendered":"Dynamic Communicator"},"content":{"rendered":"<div class=\"wpb-content-wrapper\"><p>[vc_row][vc_column width=&#8221;1\/2&#8243;][vc_column_text css=&#8221;&#8221; css_params=&#8221;&#8221;]<\/p>\n<h1>Infrastrukturen med elektroniska hyllkantsetiketter<\/h1>\n<p><strong>Dynamic Communicator med&nbsp;tv\u00e5v\u00e4gskommunikation<\/strong><\/p>\n<p>Dynamic Communicator \u00e4r navet i butikens RF-infrastruktur (radiofrekvens) och \u00e4r ansvarig f\u00f6r att hantera distributionen av data \u00f6ver hela butiksn\u00e4tverket av ESL. <a href=\"https:\/\/www.delfi.com\/sv\/losningar\/breece-cloud\/\">Breece Cloud<\/a>-l\u00f6sningen \u00e4r enkel att implementera &#8211; du beh\u00f6ver bara en Communicator och de <a href=\"https:\/\/www.delfi.com\/sv\/losningar\/elektroniska-hyllkantsetiketter\/\">elektroniska hylletiketterna (ESL)<\/a>, vilket tar bort behovet av en server i butik och eventuell installation av programvara i butik.<\/p>\n<p>Dynamic Communicator, som l\u00e4nkar molnl\u00f6sningen till de elektroniska hylletiketterna i dina butiker, k\u00f6rs \u00f6ver separata frekvenser till Wi-Fi vilket g\u00f6r den s\u00e4ker, motst\u00e5ndskraftig och st\u00f6rningsfri.<\/p>\n<p>Med full tv\u00e5v\u00e4gskommunikation \u00e4r de tr\u00e5dl\u00f6sa kommunikatorerna l\u00e4tta att installera i dina butiker med ett enkelt f\u00e4ste, powered over Ethernet (PoE). Varje system kan ansluta upp till 200.000 bildsk\u00e4rmar p\u00e5 50.000 kvadratfot. Detta g\u00f6r v\u00e5r l\u00f6sning till det billigare och mer presterande s\u00e4ttet att f\u00e5 ut s\u00e5 mycket som m\u00f6jligt av dina pris- och marknadsf\u00f6ringsstrategier.[\/vc_column_text][\/vc_column][vc_column width=&#8221;1\/2&#8243;][vc_single_image image=&#8221;16484&#8243; img_size=&#8221;large&#8221; animation_type=&#8221;bounce&#8221;][\/vc_column][\/vc_row][vc_row][vc_column][vc_message style=&#8221;square&#8221; message_box_color=&#8221;black&#8221; icon_fontawesome=&#8221;fas fa-check-circle&#8221;]<strong>F\u00f6rdelar f\u00f6r dig:<\/strong><\/p>\n<ul>\n<li>Bra t\u00e4ckning &#8211; en kommunikationsenhet n\u00e5r \u00f6ver 4.500 m2<\/li>\n<li>Fullst\u00e4ndigt skalbar &#8211; en kommunikationsenhet st\u00f6djer upp till 200.000 displayer<\/li>\n<li>H\u00f6g datahastighet inneb\u00e4r att etiketterna kan uppdateras snabbt<\/li>\n<li>Riktig tv\u00e5v\u00e4gskommunikation \u2013 granskningsbar bekr\u00e4ftelse p\u00e5 displayuppdateringar och h\u00e4lsostatus<\/li>\n<li>Enkel installation &#8211; kr\u00e4ver bara str\u00f6mf\u00f6rs\u00f6rjning fr\u00e5n en Ethernet-anslutning (PoE) (PoE)<\/li>\n<\/ul>\n<p>[\/vc_message][\/vc_column][\/vc_row][vc_row][vc_column][vc_column_text]<div class=\"porto-block\" data-id=\"28858\"><div class=\"container-fluid\"><style>.vc_custom_1758012929430{margin-bottom: -120px !important;padding-top: 25px !important;padding-bottom: 70px !important;background-image: url(https:\/\/www.delfi.com\/wp-content\/uploads\/2023\/11\/Kontakt-os-Banner-vs-storre-4.jpg?id=61683) !important;background-position: center !important;background-repeat: no-repeat !important;background-size: cover !important;}div.wpforms-container-full .wpforms-field-label {\r\n    color:#ffffff!important;\r\n}\r\ndiv.wpforms-container-full .wpforms-field-label-inline, .wp-core-ui div.wpforms-container-full .wpforms-field-label-inline {\r\n    color: #fff!important;\r\n}\r\ndiv.wpforms-container-full .wpforms-field-description, div.wpforms-container-full .wpforms-field-limit-text, .wp-core-ui div.wpforms-container-full .wpforms-field-description, .wp-core-ui div.wpforms-container-full .wpforms-field-limit-text {\r\n    color: #fff!important;\r\n}<\/style>[vc_row full_width=\"stretch_row\" content_placement=\"middle\" css=\".vc_custom_1758012929430{margin-bottom: -120px !important;padding-top: 25px !important;padding-bottom: 70px !important;background-image: url(https:\/\/www.delfi.com\/wp-content\/uploads\/2023\/11\/Kontakt-os-Banner-vs-storre-4.jpg?id=61683) !important;background-position: center !important;background-repeat: no-repeat !important;background-size: cover !important;}\" conditional_render=\"%5B%7B%22value_role%22%3A%22administrator%22%7D%5D\" css_params=\"\"][vc_column width=\"1\/2\" offset=\"vc_col-lg-6 vc_col-md-6\" conditional_render=\"%5B%7B%22value_role%22%3A%22administrator%22%7D%5D\"]<div class=\"porto-u-heading  wpb_custom_95aa9a11c17ad45cfabaf210d84ee7cc porto-u-ad87e2eaf3f9c495180fe0156ddf3eb0 \" data-appear-animation=\"fadeInRight\" data-appear-animation-delay=\"200\"><div class=\"porto-u-main-heading\"><h2   style=\"font-weight:700;color:#ffffff;font-size:38px;line-height:50px;\">St\u00e4rk din verksamhet med Delfi Technologies<\/h2><\/div><div class=\"porto-u-sub-heading\" style=\"font-weight:300;color: #ffffff;font-size:38px;line-height:50px;\"><span style=\"letter-spacing: -0.05em;\">Nyfiken p\u00e5 mer?<br \/>\r\nKontakta oss idag s\u00e5 \u00e5terkommer vi till dig.\u00a0<\/span><\/div><style>.porto-u-ad87e2eaf3f9c495180fe0156ddf3eb0.porto-u-heading{text-align:left}<\/style><\/div>[\/vc_column][vc_column width=\"1\/2\" animation_delay=\"400\" offset=\"vc_col-xl-6 vc_col-lg-6 vc_col-md-6\" animation_type=\"fadeInRight\" conditional_render=\"%5B%7B%22value_role%22%3A%22administrator%22%7D%5D\"]<style id=\"wpforms-css-vars-16559\">\n\t\t\t\t#wpforms-16559 {\n\t\t\t\t--wpforms-field-size-input-height: 43px;\n--wpforms-field-size-input-spacing: 15px;\n--wpforms-field-size-font-size: 16px;\n--wpforms-field-size-line-height: 19px;\n--wpforms-field-size-padding-h: 14px;\n--wpforms-field-size-checkbox-size: 16px;\n--wpforms-field-size-sublabel-spacing: 5px;\n--wpforms-field-size-icon-size: 1;\n--wpforms-label-size-font-size: 16px;\n--wpforms-label-size-line-height: 19px;\n--wpforms-label-size-sublabel-font-size: 14px;\n--wpforms-label-size-sublabel-line-height: 17px;\n--wpforms-button-size-font-size: 17px;\n--wpforms-button-size-height: 41px;\n--wpforms-button-size-padding-h: 15px;\n--wpforms-button-size-margin-top: 10px;\n--wpforms-container-shadow-size-box-shadow: none;\n\t\t\t}\n\t\t\t<\/style><div class=\"wpforms-container wpforms-container-full wpforms-render-modern\" id=\"wpforms-16559\"><form id=\"wpforms-form-16559\" class=\"wpforms-validate wpforms-form wpforms-ajax-form\" data-formid=\"16559\" method=\"post\" enctype=\"multipart\/form-data\" action=\"\/sv\/wp-json\/wp\/v2\/pages\/16507\" data-token=\"3002514f49980ed230362d2a513de9a5\" data-token-time=\"1776579543\"><noscript class=\"wpforms-error-noscript\">Aktivera JavaScript i din webbl\u00e4sare f\u00f6r att fylla i formul\u00e4ret.<\/noscript><div id=\"wpforms-error-noscript\" style=\"display: none;\">Aktivera JavaScript i din webbl\u00e4sare f\u00f6r att fylla i formul\u00e4ret.<\/div><div class=\"wpforms-field-container\"><div id=\"wpforms-16559-field_0-container\" class=\"wpforms-field wpforms-field-name wpforms-one-half wpforms-first\" data-field-id=\"0\"><label class=\"wpforms-field-label\" for=\"wpforms-16559-field_0\">Fullt navn <span class=\"wpforms-required-label\" aria-hidden=\"true\">*<\/span><\/label><input type=\"text\" id=\"wpforms-16559-field_0\" class=\"wpforms-field-large wpforms-field-required\" name=\"wpforms[fields][0]\" aria-errormessage=\"wpforms-16559-field_0-error\" required><\/div><div id=\"wpforms-16559-field_1-container\" class=\"wpforms-field wpforms-field-email wpforms-one-half\" data-field-id=\"1\"><label class=\"wpforms-field-label\" for=\"wpforms-16559-field_1\">E-post <span class=\"wpforms-required-label\" aria-hidden=\"true\">*<\/span><\/label><input type=\"email\" id=\"wpforms-16559-field_1\" class=\"wpforms-field-large wpforms-field-required\" name=\"wpforms[fields][1]\" spellcheck=\"false\" aria-errormessage=\"wpforms-16559-field_1-error\" required><\/div><div id=\"wpforms-16559-field_3-container\" class=\"wpforms-field wpforms-field-text wpforms-one-half wpforms-first\" data-field-id=\"3\"><label class=\"wpforms-field-label\" for=\"wpforms-16559-field_3\">Telefon <span class=\"wpforms-required-label\" aria-hidden=\"true\">*<\/span><\/label><input type=\"text\" id=\"wpforms-16559-field_3\" class=\"wpforms-field-large wpforms-field-required\" name=\"wpforms[fields][3]\" aria-errormessage=\"wpforms-16559-field_3-error\" required><\/div><div id=\"wpforms-16559-field_6-container\" class=\"wpforms-field wpforms-field-text wpforms-one-half\" data-field-id=\"6\"><label class=\"wpforms-field-label\" for=\"wpforms-16559-field_6\">Postnummer <span class=\"wpforms-required-label\" aria-hidden=\"true\">*<\/span><\/label><input type=\"text\" id=\"wpforms-16559-field_6\" class=\"wpforms-field-large wpforms-field-required\" name=\"wpforms[fields][6]\" aria-errormessage=\"wpforms-16559-field_6-error\" required><\/div><div id=\"wpforms-16559-field_13-container\" class=\"wpforms-field wpforms-field-text wpforms-one-half wpforms-first\" data-field-id=\"13\"><label class=\"wpforms-field-label\" for=\"wpforms-16559-field_13\">Land <span class=\"wpforms-required-label\" aria-hidden=\"true\">*<\/span><\/label><input type=\"text\" id=\"wpforms-16559-field_13\" class=\"wpforms-field-large wpforms-field-required\" name=\"wpforms[fields][13]\" aria-errormessage=\"wpforms-16559-field_13-error\" required><\/div><div id=\"wpforms-16559-field_4-container\" class=\"wpforms-field wpforms-field-text wpforms-one-half\" data-field-id=\"4\"><label class=\"wpforms-field-label\" for=\"wpforms-16559-field_4\">Selskap <span class=\"wpforms-required-label\" aria-hidden=\"true\">*<\/span><\/label><input type=\"text\" id=\"wpforms-16559-field_4\" class=\"wpforms-field-large wpforms-field-required\" name=\"wpforms[fields][4]\" aria-errormessage=\"wpforms-16559-field_4-error\" required><\/div><div id=\"wpforms-16559-field_2-container\" class=\"wpforms-field wpforms-field-textarea\" data-field-id=\"2\"><label class=\"wpforms-field-label\" for=\"wpforms-16559-field_2\">Beskjed <span class=\"wpforms-required-label\" aria-hidden=\"true\">*<\/span><\/label><textarea id=\"wpforms-16559-field_2\" class=\"wpforms-field-small wpforms-field-required\" name=\"wpforms[fields][2]\" aria-errormessage=\"wpforms-16559-field_2-error\" required><\/textarea><\/div><div id=\"wpforms-16559-field_14-container\" class=\"wpforms-field wpforms-field-gdpr-checkbox\" data-field-id=\"14\"><label class=\"wpforms-field-label\">GDPR <span class=\"wpforms-required-label\" aria-hidden=\"true\">*<\/span><\/label><ul id=\"wpforms-16559-field_14\" class=\"wpforms-field-required\"><li class=\"choice-1\"><input type=\"checkbox\" id=\"wpforms-16559-field_14_1\" name=\"wpforms[fields][14][]\" value=\"Jag samtycker till att denna webbplats lagrar min inl\u00e4mnade information s\u00e5 att de kan svara p\u00e5 min f\u00f6rfr\u00e5gan.\" aria-errormessage=\"wpforms-16559-field_14_1-error\" aria-describedby=\"wpforms-16559-field_14-description\" required ><label class=\"wpforms-field-label-inline\" for=\"wpforms-16559-field_14_1\">Jag samtycker till att denna webbplats lagrar min inl\u00e4mnade information s\u00e5 att de kan svara p\u00e5 min f\u00f6rfr\u00e5gan.<\/label><\/li><\/ul><div id=\"wpforms-16559-field_14-description\" class=\"wpforms-field-description\">Du kan l\u00e4sa mer om v\u00e5r behandling av dina personuppgifter och cookies <a href=\"https:\/\/www.delfi.com\/sv\/integritetspolicy\/\">h\u00e4r.<\/a><\/div><\/div><\/div><!-- .wpforms-field-container --><div class=\"wpforms-submit-container\" ><input type=\"hidden\" name=\"wpforms[id]\" value=\"16559\"><input type=\"hidden\" name=\"page_title\" value=\"\"><input type=\"hidden\" name=\"page_url\" value=\"https:\/\/www.delfi.com\/sv\/wp-json\/wp\/v2\/pages\/16507\"><input type=\"hidden\" name=\"url_referer\" value=\"\"><button type=\"submit\" name=\"wpforms[submit]\" id=\"wpforms-submit-16559\" class=\"wpforms-submit\" data-alt-text=\"Sender...\" data-submit-text=\"Sende\" aria-live=\"assertive\" value=\"wpforms-submit\">Sende<\/button><img loading=\"lazy\" decoding=\"async\" src=\"https:\/\/www.delfi.com\/wp-content\/plugins\/wpforms\/assets\/images\/submit-spin.svg\" class=\"wpforms-submit-spinner\" style=\"display: none;\" width=\"26\" height=\"26\" alt=\"Laddar\" title=\"\"><\/div><\/form><\/div>  <!-- .wpforms-container -->[\/vc_column][\/vc_row]<\/div><\/div>[\/vc_column_text][\/vc_column][\/vc_row]<\/p>\n<\/div>","protected":false},"excerpt":{"rendered":"<p>Det enda du beh\u00f6ver p\u00e5 ditt huvudkontor \u00e4r en server och en PC f\u00f6r att skapa i\u00f6gonfallande etikettmallar som kan skickas till vilken hyllkant som helst i vilken ansluten butik som helst p\u00e5 n\u00e5gra sekunder. Programvaran \u00e4r enkel att anv\u00e4nda och ansluta till ditt centrala ERP-system och andra datak\u00e4llor.<\/p>\n","protected":false},"author":5,"featured_media":18168,"parent":0,"menu_order":0,"comment_status":"closed","ping_status":"closed","template":"","meta":{"_acf_changed":false,"cybocfi_hide_featured_image":"yes","footnotes":""},"class_list":["post-16507","page","type-page","status-publish","has-post-thumbnail","hentry"],"acf":[],"_links":{"self":[{"href":"https:\/\/www.delfi.com\/sv\/wp-json\/wp\/v2\/pages\/16507","targetHints":{"allow":["GET"]}}],"collection":[{"href":"https:\/\/www.delfi.com\/sv\/wp-json\/wp\/v2\/pages"}],"about":[{"href":"https:\/\/www.delfi.com\/sv\/wp-json\/wp\/v2\/types\/page"}],"author":[{"embeddable":true,"href":"https:\/\/www.delfi.com\/sv\/wp-json\/wp\/v2\/users\/5"}],"replies":[{"embeddable":true,"href":"https:\/\/www.delfi.com\/sv\/wp-json\/wp\/v2\/comments?post=16507"}],"version-history":[{"count":2,"href":"https:\/\/www.delfi.com\/sv\/wp-json\/wp\/v2\/pages\/16507\/revisions"}],"predecessor-version":[{"id":79083,"href":"https:\/\/www.delfi.com\/sv\/wp-json\/wp\/v2\/pages\/16507\/revisions\/79083"}],"wp:featuredmedia":[{"embeddable":true,"href":"https:\/\/www.delfi.com\/sv\/wp-json\/wp\/v2\/media\/18168"}],"wp:attachment":[{"href":"https:\/\/www.delfi.com\/sv\/wp-json\/wp\/v2\/media?parent=16507"}],"curies":[{"name":"wp","href":"https:\/\/api.w.org\/{rel}","templated":true}]}}