{"id":16760,"date":"2023-08-03T11:10:21","date_gmt":"2023-08-03T09:10:21","guid":{"rendered":"https:\/\/www.delfi.com\/nyhetsbrev\/"},"modified":"2026-03-13T13:09:05","modified_gmt":"2026-03-13T12:09:05","slug":"nyhetsbrev","status":"publish","type":"page","link":"https:\/\/www.delfi.com\/sv\/nyhetsbrev","title":{"rendered":"Nyhetsbrev"},"content":{"rendered":"<div class=\"wpb-content-wrapper\"><p>[vc_row][vc_column][vc_column_text css=&#8221;.vc_custom_1773403742300{margin-bottom: -20px !important;}&#8221; css_params=&#8221;&#8221;]<\/p>\n<h1>Registrera dig f\u00f6r nyheter fr\u00e5n Delfi Technologies<\/h1>\n<p>Nyhetsbrev fr\u00e5n Delfi Technologies kan inneh\u00e5lla produktnyheter, inbjudningar, erbjudanden och artiklar f\u00f6r inspiration. Du kan n\u00e4r som helst avregistrera dig igen via l\u00e4nk i nyhetsbrevet eller genom att skriva till info@delfi.com. Nedan kan du \u00e4ven v\u00e4lja de intresseomr\u00e5den som du \u00e4r mest intresserad av.[\/vc_column_text]<style id=\"wpforms-css-vars-16572\">\n\t\t\t\t#wpforms-16572 {\n\t\t\t\t\n\t\t\t}\n\t\t\t<\/style><div class=\"wpforms-container wpforms-container-full wpforms-render-modern\" id=\"wpforms-16572\"><form id=\"wpforms-form-16572\" class=\"wpforms-validate wpforms-form wpforms-ajax-form\" data-formid=\"16572\" method=\"post\" enctype=\"multipart\/form-data\" action=\"\/sv\/wp-json\/wp\/v2\/pages\/16760\" data-token=\"808cee3216be07ed6a0e126012f6a1e1\" data-token-time=\"1777184159\"><noscript class=\"wpforms-error-noscript\">Aktivera JavaScript i din webbl\u00e4sare f\u00f6r att fylla i formul\u00e4ret.<\/noscript><div id=\"wpforms-error-noscript\" style=\"display: none;\">Aktivera JavaScript i din webbl\u00e4sare f\u00f6r att fylla i formul\u00e4ret.<\/div><div class=\"wpforms-field-container\"><div id=\"wpforms-16572-field_1-container\" class=\"wpforms-field wpforms-field-name\" data-field-id=\"1\"><fieldset><legend class=\"wpforms-field-label\">namn <span class=\"wpforms-required-label\" aria-hidden=\"true\">*<\/span><\/legend><div class=\"wpforms-field-row wpforms-field-large\"><div class=\"wpforms-field-row-block wpforms-first wpforms-one-half\"><input type=\"text\" id=\"wpforms-16572-field_1\" class=\"wpforms-field-name-first wpforms-field-required\" name=\"wpforms[fields][1][first]\" placeholder=\"F\u00f6rst\" aria-errormessage=\"wpforms-16572-field_1-error\" required><label for=\"wpforms-16572-field_1\" class=\"wpforms-field-sublabel after wpforms-sublabel-hide\">F\u00f6rst<\/label><\/div><div class=\"wpforms-field-row-block wpforms-one-half\"><input type=\"text\" id=\"wpforms-16572-field_1-last\" class=\"wpforms-field-name-last wpforms-field-required\" name=\"wpforms[fields][1][last]\" placeholder=\"Sista\" aria-errormessage=\"wpforms-16572-field_1-last-error\" required><label for=\"wpforms-16572-field_1-last\" class=\"wpforms-field-sublabel after wpforms-sublabel-hide\">Sista<\/label><\/div><\/div><\/fieldset><\/div><div id=\"wpforms-16572-field_2-container\" class=\"wpforms-field wpforms-field-email wpforms-two-thirds wpforms-first\" data-field-id=\"2\"><label class=\"wpforms-field-label\" for=\"wpforms-16572-field_2\">E-post <span class=\"wpforms-required-label\" aria-hidden=\"true\">*<\/span><\/label><input type=\"email\" id=\"wpforms-16572-field_2\" class=\"wpforms-field-large wpforms-field-required\" name=\"wpforms[fields][2]\" spellcheck=\"false\" aria-errormessage=\"wpforms-16572-field_2-error\" required><\/div><div id=\"wpforms-16572-field_4-container\" class=\"wpforms-field wpforms-field-select wpforms-one-third wpforms-field-select-style-classic\" data-field-id=\"4\"><label class=\"wpforms-field-label\" for=\"wpforms-16572-field_4\">Spr\u00e5k <span class=\"wpforms-required-label\" aria-hidden=\"true\">*<\/span><\/label><select id=\"wpforms-16572-field_4\" class=\"wpforms-field-large wpforms-field-required\" name=\"wpforms[fields][4]\" required=\"required\"><option value=\"Danska\"  class=\"choice-1 depth-1\"  >Danska<\/option><option value=\"Engelska\"  class=\"choice-2 depth-1\"  >Engelska<\/option><option value=\"Svenska\"  class=\"choice-4 depth-1\"  >Svenska<\/option><option value=\"Norska\"  class=\"choice-5 depth-1\"  >Norska<\/option><option value=\"Italienska\"  class=\"choice-6 depth-1\"  >Italienska<\/option><option value=\"Tyska\"  class=\"choice-7 depth-1\"  >Tyska<\/option><\/select><\/div><div id=\"wpforms-16572-field_5-container\" class=\"wpforms-field wpforms-field-gdpr-checkbox\" data-field-id=\"5\"><label class=\"wpforms-field-label\">GDPR <span class=\"wpforms-required-label\" aria-hidden=\"true\">*<\/span><\/label><ul id=\"wpforms-16572-field_5\" class=\"wpforms-field-required\"><li class=\"choice-1\"><input type=\"checkbox\" id=\"wpforms-16572-field_5_1\" name=\"wpforms[fields][5][]\" value=\"Jag accepterar att prenumerera p\u00e5 Delfi Technologies nyhetsbrev.\" aria-errormessage=\"wpforms-16572-field_5_1-error\" aria-describedby=\"wpforms-16572-field_5-description\" required ><label class=\"wpforms-field-label-inline\" for=\"wpforms-16572-field_5_1\">Jag accepterar att prenumerera p\u00e5 Delfi Technologies nyhetsbrev.<\/label><\/li><\/ul><div id=\"wpforms-16572-field_5-description\" class=\"wpforms-field-description\">Nyhetsbrev fr\u00e5n Delfi Technologies kan inneh\u00e5lla produktnyheter, inbjudningar, erbjudanden och inspirerande artiklar. Du kan alltid avregistrera dig via en l\u00e4nk i nyhetsbrevet eller genom att skriva till info@delfi.com.<\/div><\/div><\/div><!-- .wpforms-field-container --><div class=\"wpforms-submit-container\" ><input type=\"hidden\" name=\"wpforms[id]\" value=\"16572\"><input type=\"hidden\" name=\"page_title\" value=\"\"><input type=\"hidden\" name=\"page_url\" value=\"https:\/\/www.delfi.com\/sv\/wp-json\/wp\/v2\/pages\/16760\"><input type=\"hidden\" name=\"url_referer\" value=\"\"><button type=\"submit\" name=\"wpforms[submit]\" id=\"wpforms-submit-16572\" class=\"wpforms-submit\" data-alt-text=\"S\u00e4ndning...\" data-submit-text=\"Skicka in\" aria-live=\"assertive\" value=\"wpforms-submit\">Skicka in<\/button><img loading=\"lazy\" decoding=\"async\" src=\"https:\/\/www.delfi.com\/wp-content\/plugins\/wpforms\/assets\/images\/submit-spin.svg\" class=\"wpforms-submit-spinner\" style=\"display: none;\" width=\"26\" height=\"26\" alt=\"Laddar\" title=\"\"><\/div><\/form><\/div>  <!-- .wpforms-container -->[\/vc_column][\/vc_row]<\/p>\n<\/div>","protected":false},"excerpt":{"rendered":"<p>Nyhetsbrev fr\u00e5n Delfi Technologies kan inneh\u00e5lla produktnyheter, inbjudningar, erbjudanden och artiklar f\u00f6r inspiration. Du kan n\u00e4r som helst avregistrera dig igen via l\u00e4nk i nyhetsbrevet eller genom att skriva till info@delfi.com. Nedan kan du \u00e4ven v\u00e4lja de intresseomr\u00e5den som du \u00e4r mest intresserad av.<\/p>\n","protected":false},"author":1,"featured_media":18299,"parent":0,"menu_order":0,"comment_status":"closed","ping_status":"closed","template":"","meta":{"_acf_changed":false,"cybocfi_hide_featured_image":"yes","footnotes":""},"class_list":["post-16760","page","type-page","status-publish","has-post-thumbnail","hentry"],"acf":[],"_links":{"self":[{"href":"https:\/\/www.delfi.com\/sv\/wp-json\/wp\/v2\/pages\/16760","targetHints":{"allow":["GET"]}}],"collection":[{"href":"https:\/\/www.delfi.com\/sv\/wp-json\/wp\/v2\/pages"}],"about":[{"href":"https:\/\/www.delfi.com\/sv\/wp-json\/wp\/v2\/types\/page"}],"author":[{"embeddable":true,"href":"https:\/\/www.delfi.com\/sv\/wp-json\/wp\/v2\/users\/1"}],"replies":[{"embeddable":true,"href":"https:\/\/www.delfi.com\/sv\/wp-json\/wp\/v2\/comments?post=16760"}],"version-history":[{"count":1,"href":"https:\/\/www.delfi.com\/sv\/wp-json\/wp\/v2\/pages\/16760\/revisions"}],"predecessor-version":[{"id":79086,"href":"https:\/\/www.delfi.com\/sv\/wp-json\/wp\/v2\/pages\/16760\/revisions\/79086"}],"wp:featuredmedia":[{"embeddable":true,"href":"https:\/\/www.delfi.com\/sv\/wp-json\/wp\/v2\/media\/18299"}],"wp:attachment":[{"href":"https:\/\/www.delfi.com\/sv\/wp-json\/wp\/v2\/media?parent=16760"}],"curies":[{"name":"wp","href":"https:\/\/api.w.org\/{rel}","templated":true}]}}